




















{"id":14001,"date":"2022-12-29T08:03:14","date_gmt":"2022-12-29T08:03:14","guid":{"rendered":"https:\/\/www.meler.eu\/?page_id=14001"},"modified":"2023-02-08T16:10:23","modified_gmt":"2023-02-08T16:10:23","slug":"aviso-legal","status":"publish","type":"page","link":"https:\/\/www.meler.cn\/es\/aviso-legal\/","title":{"rendered":"Aviso legal"},"content":{"rendered":"<p>[vc_row row_spacing=\u00bbtop-spacing bottom-spacing\u00bb][vc_column width=\u00bb1\/1&#8243;][text]<\/p>\n<h2>01.-DATOS IDENTIFICATIVOS DEL TITULAR<\/h2>\n<p>De conformidad con lo dispuesto en el art\u00edculo 10 de la Ley 34\/2002, de 11 de julio, de servicios de la sociedad de la informaci\u00f3n y de comercio electr\u00f3nico, se informa al usuario de que el titular del presente Sitio Web es la compa\u00f1\u00eda mercantil Focke Meler Gluing Solutions, S.A.. domiciliada en Pol. Arazuri-Orkoien, calle B, n\u00ba\u00a03A. E-31170 \u2022 Arazuri (Navarra), y con N.I.F. n\u00famero A31248636, inscrita en el Registro Mercantil de Navarra al tomo 1730, folio 215, hoja NA 6088.<\/p>\n<h2>02.-CONTACTO<\/h2>\n<p>Para cualquier cuesti\u00f3n pueden ponerse en contacto con Focke Meler Gluing Solutions, S.A. a trav\u00e9s del n\u00famero de tel\u00e9fono 948 351 110 o bien dirigiendo su solicitud a la direcci\u00f3n de correo electr\u00f3nico <a href=\"mailto:info@meler.cn\">info@meler.cn<\/a>.[\/text][\/vc_column][\/vc_row]<\/p>\n","protected":false},"excerpt":{"rendered":"<p>[vc_row row_spacing=\u00bbtop-spacing bottom-spacing\u00bb][vc_column width=\u00bb1\/1&#8243;][text] 01.-DATOS IDENTIFICATIVOS DEL TITULAR De conformidad con lo dispuesto en el art\u00edculo 10 de la Ley 34\/2002, de 11 de julio, de servicios de la sociedad de la informaci\u00f3n y de comercio electr\u00f3nico, se informa al usuario de que el titular del presente Sitio Web es la compa\u00f1\u00eda mercantil Focke Meler [&hellip;]<\/p>\n","protected":false},"author":1,"featured_media":21536,"parent":0,"menu_order":249,"comment_status":"closed","ping_status":"closed","template":"template-content-min.php","meta":[],"yoast_head":"<!-- This site is optimized with the Yoast SEO plugin v20.3 - https:\/\/yoast.com\/wordpress\/plugins\/seo\/ -->\n<title>Aviso legal - Meler<\/title>\n<meta name=\"robots\" content=\"index, follow, max-snippet:-1, max-image-preview:large, max-video-preview:-1\" \/>\n<link rel=\"canonical\" href=\"https:\/\/www.meler.cn\/es\/aviso-legal\/\" \/>\n<meta property=\"og:locale\" content=\"es_ES\" \/>\n<meta property=\"og:type\" content=\"article\" \/>\n<meta property=\"og:title\" content=\"Aviso legal - Meler\" \/>\n<meta property=\"og:description\" content=\"[vc_row row_spacing=\u00bbtop-spacing bottom-spacing\u00bb][vc_column width=\u00bb1\/1&#8243;][text] 01.-DATOS IDENTIFICATIVOS DEL TITULAR De conformidad con lo dispuesto en el art\u00edculo 10 de la Ley 34\/2002, de 11 de julio, de servicios de la sociedad de la informaci\u00f3n y de comercio electr\u00f3nico, se informa al usuario de que el titular del presente Sitio Web es la compa\u00f1\u00eda mercantil Focke Meler [&hellip;]\" \/>\n<meta property=\"og:url\" content=\"https:\/\/www.meler.cn\/es\/aviso-legal\/\" \/>\n<meta property=\"og:site_name\" content=\"Meler\" \/>\n<meta property=\"article:modified_time\" content=\"2023-02-08T16:10:23+00:00\" \/>\n<meta property=\"og:image\" content=\"https:\/\/20097.ttandemdigital.com\/media\/header-aviso-legal-meler.png\" \/>\n\t<meta property=\"og:image:width\" content=\"1920\" \/>\n\t<meta property=\"og:image:height\" content=\"552\" \/>\n\t<meta property=\"og:image:type\" content=\"image\/png\" \/>\n<meta name=\"twitter:card\" content=\"summary_large_image\" \/>\n<meta name=\"twitter:label1\" content=\"Tiempo de lectura\" \/>\n\t<meta name=\"twitter:data1\" content=\"1 minuto\" \/>\n<script type=\"application\/ld+json\" class=\"yoast-schema-graph\">{\"@context\":\"https:\/\/schema.org\",\"@graph\":[{\"@type\":\"WebPage\",\"@id\":\"https:\/\/www.meler.cn\/es\/aviso-legal\/\",\"url\":\"https:\/\/www.meler.cn\/es\/aviso-legal\/\",\"name\":\"Aviso legal - Meler\",\"isPartOf\":{\"@id\":\"https:\/\/www.meler.cn\/es\/#website\"},\"datePublished\":\"2022-12-29T08:03:14+00:00\",\"dateModified\":\"2023-02-08T16:10:23+00:00\",\"breadcrumb\":{\"@id\":\"https:\/\/www.meler.cn\/es\/aviso-legal\/#breadcrumb\"},\"inLanguage\":\"es\",\"potentialAction\":[{\"@type\":\"ReadAction\",\"target\":[\"https:\/\/www.meler.cn\/es\/aviso-legal\/\"]}]},{\"@type\":\"BreadcrumbList\",\"@id\":\"https:\/\/www.meler.cn\/es\/aviso-legal\/#breadcrumb\",\"itemListElement\":[{\"@type\":\"ListItem\",\"position\":1,\"name\":\"Portada\",\"item\":\"https:\/\/www.meler.cn\/es\/\"},{\"@type\":\"ListItem\",\"position\":2,\"name\":\"Aviso legal\"}]},{\"@type\":\"WebSite\",\"@id\":\"https:\/\/www.meler.cn\/es\/#website\",\"url\":\"https:\/\/www.meler.cn\/es\/\",\"name\":\"Meler\",\"description\":\"Just another WordPress site\",\"potentialAction\":[{\"@type\":\"SearchAction\",\"target\":{\"@type\":\"EntryPoint\",\"urlTemplate\":\"https:\/\/www.meler.cn\/es\/?s={search_term_string}\"},\"query-input\":\"required name=search_term_string\"}],\"inLanguage\":\"es\"}]}<\/script>\n<!-- \/ Yoast SEO plugin. -->","yoast_head_json":{"title":"Aviso legal - Meler","robots":{"index":"index","follow":"follow","max-snippet":"max-snippet:-1","max-image-preview":"max-image-preview:large","max-video-preview":"max-video-preview:-1"},"canonical":"https:\/\/www.meler.cn\/es\/aviso-legal\/","og_locale":"es_ES","og_type":"article","og_title":"Aviso legal - Meler","og_description":"[vc_row row_spacing=\u00bbtop-spacing bottom-spacing\u00bb][vc_column width=\u00bb1\/1&#8243;][text] 01.-DATOS IDENTIFICATIVOS DEL TITULAR De conformidad con lo dispuesto en el art\u00edculo 10 de la Ley 34\/2002, de 11 de julio, de servicios de la sociedad de la informaci\u00f3n y de comercio electr\u00f3nico, se informa al usuario de que el titular del presente Sitio Web es la compa\u00f1\u00eda mercantil Focke Meler [&hellip;]","og_url":"https:\/\/www.meler.cn\/es\/aviso-legal\/","og_site_name":"Meler","article_modified_time":"2023-02-08T16:10:23+00:00","og_image":[{"width":1920,"height":552,"url":"https:\/\/20097.ttandemdigital.com\/media\/header-aviso-legal-meler.png","type":"image\/png"}],"twitter_card":"summary_large_image","twitter_misc":{"Tiempo de lectura":"1 minuto"},"schema":{"@context":"https:\/\/schema.org","@graph":[{"@type":"WebPage","@id":"https:\/\/www.meler.cn\/es\/aviso-legal\/","url":"https:\/\/www.meler.cn\/es\/aviso-legal\/","name":"Aviso legal - Meler","isPartOf":{"@id":"https:\/\/www.meler.cn\/es\/#website"},"datePublished":"2022-12-29T08:03:14+00:00","dateModified":"2023-02-08T16:10:23+00:00","breadcrumb":{"@id":"https:\/\/www.meler.cn\/es\/aviso-legal\/#breadcrumb"},"inLanguage":"es","potentialAction":[{"@type":"ReadAction","target":["https:\/\/www.meler.cn\/es\/aviso-legal\/"]}]},{"@type":"BreadcrumbList","@id":"https:\/\/www.meler.cn\/es\/aviso-legal\/#breadcrumb","itemListElement":[{"@type":"ListItem","position":1,"name":"Portada","item":"https:\/\/www.meler.cn\/es\/"},{"@type":"ListItem","position":2,"name":"Aviso legal"}]},{"@type":"WebSite","@id":"https:\/\/www.meler.cn\/es\/#website","url":"https:\/\/www.meler.cn\/es\/","name":"Meler","description":"Just another WordPress site","potentialAction":[{"@type":"SearchAction","target":{"@type":"EntryPoint","urlTemplate":"https:\/\/www.meler.cn\/es\/?s={search_term_string}"},"query-input":"required name=search_term_string"}],"inLanguage":"es"}]}},"_links":{"self":[{"href":"https:\/\/www.meler.cn\/es\/wp-json\/wp\/v2\/pages\/14001"}],"collection":[{"href":"https:\/\/www.meler.cn\/es\/wp-json\/wp\/v2\/pages"}],"about":[{"href":"https:\/\/www.meler.cn\/es\/wp-json\/wp\/v2\/types\/page"}],"author":[{"embeddable":true,"href":"https:\/\/www.meler.cn\/es\/wp-json\/wp\/v2\/users\/1"}],"replies":[{"embeddable":true,"href":"https:\/\/www.meler.cn\/es\/wp-json\/wp\/v2\/comments?post=14001"}],"version-history":[{"count":4,"href":"https:\/\/www.meler.cn\/es\/wp-json\/wp\/v2\/pages\/14001\/revisions"}],"predecessor-version":[{"id":14003,"href":"https:\/\/www.meler.cn\/es\/wp-json\/wp\/v2\/pages\/14001\/revisions\/14003"}],"wp:featuredmedia":[{"embeddable":true,"href":"https:\/\/www.meler.cn\/es\/wp-json\/wp\/v2\/media\/21536"}],"wp:attachment":[{"href":"https:\/\/www.meler.cn\/es\/wp-json\/wp\/v2\/media?parent=14001"}],"curies":[{"name":"wp","href":"https:\/\/api.w.org\/{rel}","templated":true}]}}