




















{"id":12253,"date":"2022-12-01T08:26:45","date_gmt":"2022-12-01T08:26:45","guid":{"rendered":"https:\/\/www.meler.eu\/?page_id=12253"},"modified":"2024-06-19T15:49:38","modified_gmt":"2024-06-19T15:49:38","slug":"sistemas-hot-melt-para-productos-non-woven","status":"publish","type":"page","link":"https:\/\/www.meler.cn\/es\/industrias\/sistemas-hot-melt-para-productos-non-woven\/","title":{"rendered":"Sistemas hot melt para productos non woven"},"content":{"rendered":"<p>[vc_row bg_image_position=\u00bb0 100%\u00bb row_spacing=\u00bbtop-spacing-med bottom-spacing-0&#8243; row_vertical_align=\u00bbvalign-middle\u00bb el_class=\u00bbreverse-column-mobile\u00bb][vc_column row_spacing_h=\u00bbleft-spacing\u00bb width=\u00bb1\/1&#8243;][text]<\/p>\n<p class=\"txt-center style-01 summary\">\u00bfQU\u00c9 NECESITA HOY LA INDUSTRIA NON WOVEN?<\/p>\n<h2 class=\"style-01 txt-width txt-center\"><strong>qu\u00e9 soluciones ofrece Meler<\/strong><\/h2>\n<p>[\/text][\/vc_column][\/vc_row][vc_row row_spacing=\u00bbspacing-v-none\u00bb][vc_column width=\u00bb1\/1&#8243;][ttdirectory_definition_list_container][ttdirectory_definition_list_item term=\u00bbSoluciones para todo tipo de procesos\u00bb definition=\u00bbSistemas manuales o autom\u00e1ticos adaptados al trabajo del operario\u00bb][ttdirectory_definition_list_item term=\u00bbDise\u00f1o a medida\u00bb definition=\u00bbKnow-how especialista en hot melt al servicio de tu negocio\u00bb][ttdirectory_definition_list_item term=\u00bbEficiencia energ\u00e9tica\u00bb definition=\u00bbLos sistemas de Meler son altamente eficientes ofreciendo hasta un 60% de consumo energ\u00e9tico y un 50% consumo de aire menor que la competencia\u00bb][ttdirectory_definition_list_item term=\u00bbDurabilidad\u00bb definition=\u00bbComponentes con larga vida \u00fatil\u00bb][ttdirectory_definition_list_item term=\u00bbReducci\u00f3n de los costes de mantenimiento\u00bb definition=\u00bbMeler es una empresa orientada al usuario que dise\u00f1a con tecnolog\u00eda Easy-Clean y ofrece Total Access\u00bb][\/ttdirectory_definition_list_container][\/vc_column][\/vc_row][vc_row row_layout=\u00bbfull\u00bb el_class=\u00bbbg-line-left\u00bb][vc_column width=\u00bb1\/1&#8243;][vc_row_inner row_layout=\u00bbfull\u00bb][vc_column_inner][ttdirectory_pages carousel_columns=\u00bbInfinito\u00bb][item]<\/p>\n<h2 class=\"style-02\">Aplicaciones<\/h2>\n<p>[\/item][pageModule page_item=\u00bb15201&#8243;][pageModule page_item=\u00bb15208&#8243;][pageModule page_item=\u00bb15215&#8243;][pageModule page_item=\u00bb15222&#8243;][\/ttdirectory_pages][\/vc_column_inner][\/vc_row_inner][\/vc_column][\/vc_row][vc_row bg_image_position=\u00bb0 100%\u00bb row_bg_color=\u00bbbg-03&#8243; row_spacing=\u00bbtop-spacing bottom-spacing\u00bb el_class=\u00bbremove-bg-mobile\u00bb][vc_column width=\u00bb1\/1&#8243;][vc_row_inner row_spacing=\u00bbspacing-v-0&#8243;][vc_column_inner el_class=\u00bbsticky-content\u00bb width=\u00bb1\/2&#8243;][text]<\/p>\n<p class=\"summary txt-width\">Sistemas completos para tu forma de trabajo<\/p>\n<p><a class=\"button\" href=\"https:\/\/www.meler.cn\/es\/contacto\/\">Cons\u00faltanos tus dudas<\/a>[\/text][\/vc_column_inner][vc_column_inner width=\u00bb1\/2&#8243; equal_height=\u00bbequalBox\u00bb][text]<\/p>\n<ol class=\"style-01\">\n<li><strong>APLICACI\u00d3N <\/strong>\n<ul class=\"style-01 style-03\">\n<li>Aplicadores de espirolado, cabezales y multim\u00f3dulos<\/li>\n<li>Aplicadores ergon\u00f3micos para procesos manuales (Raptor Handy-Premio Dise\u00f1o Red Dot 2022)<\/li>\n<li>Aplicadores y m\u00f3dulos de precisi\u00f3n<\/li>\n<\/ul>\n<\/li>\n<li><strong><strong>FUSI\u00d3N<br \/>\n<\/strong><\/strong><\/p>\n<ul class=\"style-01 style-03\">\n<li>Fusores para altos consumos de adhesivo<\/li>\n<li>M\u00ednimo consumo energ\u00e9tico<\/li>\n<li>Equipamiento para aplicaci\u00f3n de adhesivos espec\u00edficos para la industria<\/li>\n<\/ul>\n<\/li>\n<li><strong><strong>TRANSPORTE<br \/>\n<\/strong><\/strong><\/p>\n<ul class=\"style-01 style-03\">\n<li>M\u00e1ximo cuidado del adhesivo<\/li>\n<li>11 modelos<\/li>\n<li>Bajo mantenimiento<\/li>\n<\/ul>\n<\/li>\n<\/ol>\n<p>[\/text][\/vc_column_inner][\/vc_row_inner][\/vc_column][\/vc_row][vc_row row_layout=\u00bbfull\u00bb row_spacing=\u00bbspacing-v-none\u00bb][vc_column width=\u00bb1\/1&#8243;][CtaModule cta_item=\u00bb15516&#8243;][\/vc_column][\/vc_row][vc_row row_spacing=\u00bbtop-spacing-med bottom-spacing-med\u00bb][vc_column width=\u00bb1\/1&#8243;][text]<\/p>\n<h2 class=\"txt-center style-01\">Nuestros productos<\/h2>\n<p>[\/text][vc_tta_tabs][vc_tta_section title=\u00bbFusores\u00bb tab_id=\u00bb1672398287839-e7ca709f-fefa\u00bb][ttdirectory_products carousel_columns=\u00bb4&#8243; style=\u00bb1&#8243;][ttdirectory_product_melters post_melter=\u00bb12238&#8243;][ttdirectory_product_melters post_melter=\u00bb14846&#8243;][ttdirectory_product_melters post_melter=\u00bb14850&#8243;][ttdirectory_product_melters post_melter=\u00bb14851&#8243;][\/ttdirectory_products][\/vc_tta_section][vc_tta_section title=\u00bbAplicadores\u00bb tab_id=\u00bb1672845475989-ea970bea-c5c6&#8243;][ttdirectory_products carousel_columns=\u00bb4&#8243; style=\u00bb1&#8243;][ttdirectory_product_applicators post_applicator=\u00bb15435&#8243;][ttdirectory_product_applicators post_applicator=\u00bb15440&#8243;][ttdirectory_product_applicators post_applicator=\u00bb11551&#8243;][ttdirectory_product_applicators post_applicator=\u00bb11320&#8243;][ttdirectory_product_applicators post_applicator=\u00bb15431&#8243;][ttdirectory_product_applicators post_applicator=\u00bb15438&#8243;][\/ttdirectory_products][\/vc_tta_section][\/vc_tta_tabs][\/vc_column][\/vc_row][vc_row row_layout=\u00bbfull\u00bb row_spacing=\u00bbspacing-v-none\u00bb][vc_column width=\u00bb1\/1&#8243;][CtaModule cta_item=\u00bb14808&#8243;][\/vc_column][\/vc_row][vc_row row_layout=\u00bbfull\u00bb row_spacing=\u00bbspacing-v-none\u00bb][vc_column width=\u00bb1\/1&#8243;][CtaModule cta_item=\u00bb30384&#8243;][\/vc_column][\/vc_row]<\/p>\n","protected":false},"excerpt":{"rendered":"<p>M\u00e1s de 40 a\u00f1os aplicando adhesivos para la fabricaci\u00f3n de art\u00edculos higi\u00e9nicos, m\u00e9dicos, desechables y otros productos sanitarios.<\/p>\n","protected":false},"author":2,"featured_media":16328,"parent":12018,"menu_order":241,"comment_status":"closed","ping_status":"closed","template":"","meta":[],"yoast_head":"<!-- This site is optimized with the Yoast SEO plugin v20.3 - https:\/\/yoast.com\/wordpress\/plugins\/seo\/ -->\n<title>Sistemas hot melt para productos non woven - Meler<\/title>\n<meta name=\"robots\" content=\"index, follow, max-snippet:-1, max-image-preview:large, max-video-preview:-1\" \/>\n<link rel=\"canonical\" href=\"https:\/\/www.meler.cn\/es\/industrias\/sistemas-hot-melt-para-productos-non-woven\/\" \/>\n<meta property=\"og:locale\" content=\"es_ES\" \/>\n<meta property=\"og:type\" content=\"article\" \/>\n<meta property=\"og:title\" content=\"Sistemas hot melt para productos non woven - Meler\" \/>\n<meta property=\"og:description\" content=\"M\u00e1s de 40 a\u00f1os aplicando adhesivos para la fabricaci\u00f3n de art\u00edculos higi\u00e9nicos, m\u00e9dicos, desechables y otros productos sanitarios.\" \/>\n<meta property=\"og:url\" content=\"https:\/\/www.meler.cn\/es\/industrias\/sistemas-hot-melt-para-productos-non-woven\/\" \/>\n<meta property=\"og:site_name\" content=\"Meler\" \/>\n<meta property=\"article:modified_time\" content=\"2024-06-19T15:49:38+00:00\" \/>\n<meta property=\"og:image\" content=\"https:\/\/20097.ttandemdigital.com\/media\/header-industrias-no-woven-meler.png\" \/>\n\t<meta property=\"og:image:width\" content=\"1920\" \/>\n\t<meta property=\"og:image:height\" content=\"780\" \/>\n\t<meta property=\"og:image:type\" content=\"image\/png\" \/>\n<meta name=\"twitter:card\" content=\"summary_large_image\" \/>\n<meta name=\"twitter:label1\" content=\"Tiempo de lectura\" \/>\n\t<meta name=\"twitter:data1\" content=\"2 minutos\" \/>\n<script type=\"application\/ld+json\" class=\"yoast-schema-graph\">{\"@context\":\"https:\/\/schema.org\",\"@graph\":[{\"@type\":\"WebPage\",\"@id\":\"https:\/\/www.meler.cn\/es\/industrias\/sistemas-hot-melt-para-productos-non-woven\/\",\"url\":\"https:\/\/www.meler.cn\/es\/industrias\/sistemas-hot-melt-para-productos-non-woven\/\",\"name\":\"Sistemas hot melt para productos non woven - Meler\",\"isPartOf\":{\"@id\":\"https:\/\/www.meler.cn\/es\/#website\"},\"datePublished\":\"2022-12-01T08:26:45+00:00\",\"dateModified\":\"2024-06-19T15:49:38+00:00\",\"breadcrumb\":{\"@id\":\"https:\/\/www.meler.cn\/es\/industrias\/sistemas-hot-melt-para-productos-non-woven\/#breadcrumb\"},\"inLanguage\":\"es\",\"potentialAction\":[{\"@type\":\"ReadAction\",\"target\":[\"https:\/\/www.meler.cn\/es\/industrias\/sistemas-hot-melt-para-productos-non-woven\/\"]}]},{\"@type\":\"BreadcrumbList\",\"@id\":\"https:\/\/www.meler.cn\/es\/industrias\/sistemas-hot-melt-para-productos-non-woven\/#breadcrumb\",\"itemListElement\":[{\"@type\":\"ListItem\",\"position\":1,\"name\":\"Portada\",\"item\":\"https:\/\/www.meler.cn\/es\/\"},{\"@type\":\"ListItem\",\"position\":2,\"name\":\"Industrias\",\"item\":\"https:\/\/20097.ttandemdigital.com\/es\/industrias\/\"},{\"@type\":\"ListItem\",\"position\":3,\"name\":\"Sistemas hot melt para productos non woven\"}]},{\"@type\":\"WebSite\",\"@id\":\"https:\/\/www.meler.cn\/es\/#website\",\"url\":\"https:\/\/www.meler.cn\/es\/\",\"name\":\"Meler\",\"description\":\"Just another WordPress site\",\"potentialAction\":[{\"@type\":\"SearchAction\",\"target\":{\"@type\":\"EntryPoint\",\"urlTemplate\":\"https:\/\/www.meler.cn\/es\/?s={search_term_string}\"},\"query-input\":\"required name=search_term_string\"}],\"inLanguage\":\"es\"}]}<\/script>\n<!-- \/ Yoast SEO plugin. -->","yoast_head_json":{"title":"Sistemas hot melt para productos non woven - Meler","robots":{"index":"index","follow":"follow","max-snippet":"max-snippet:-1","max-image-preview":"max-image-preview:large","max-video-preview":"max-video-preview:-1"},"canonical":"https:\/\/www.meler.cn\/es\/industrias\/sistemas-hot-melt-para-productos-non-woven\/","og_locale":"es_ES","og_type":"article","og_title":"Sistemas hot melt para productos non woven - Meler","og_description":"M\u00e1s de 40 a\u00f1os aplicando adhesivos para la fabricaci\u00f3n de art\u00edculos higi\u00e9nicos, m\u00e9dicos, desechables y otros productos sanitarios.","og_url":"https:\/\/www.meler.cn\/es\/industrias\/sistemas-hot-melt-para-productos-non-woven\/","og_site_name":"Meler","article_modified_time":"2024-06-19T15:49:38+00:00","og_image":[{"width":1920,"height":780,"url":"https:\/\/20097.ttandemdigital.com\/media\/header-industrias-no-woven-meler.png","type":"image\/png"}],"twitter_card":"summary_large_image","twitter_misc":{"Tiempo de lectura":"2 minutos"},"schema":{"@context":"https:\/\/schema.org","@graph":[{"@type":"WebPage","@id":"https:\/\/www.meler.cn\/es\/industrias\/sistemas-hot-melt-para-productos-non-woven\/","url":"https:\/\/www.meler.cn\/es\/industrias\/sistemas-hot-melt-para-productos-non-woven\/","name":"Sistemas hot melt para productos non woven - Meler","isPartOf":{"@id":"https:\/\/www.meler.cn\/es\/#website"},"datePublished":"2022-12-01T08:26:45+00:00","dateModified":"2024-06-19T15:49:38+00:00","breadcrumb":{"@id":"https:\/\/www.meler.cn\/es\/industrias\/sistemas-hot-melt-para-productos-non-woven\/#breadcrumb"},"inLanguage":"es","potentialAction":[{"@type":"ReadAction","target":["https:\/\/www.meler.cn\/es\/industrias\/sistemas-hot-melt-para-productos-non-woven\/"]}]},{"@type":"BreadcrumbList","@id":"https:\/\/www.meler.cn\/es\/industrias\/sistemas-hot-melt-para-productos-non-woven\/#breadcrumb","itemListElement":[{"@type":"ListItem","position":1,"name":"Portada","item":"https:\/\/www.meler.cn\/es\/"},{"@type":"ListItem","position":2,"name":"Industrias","item":"https:\/\/20097.ttandemdigital.com\/es\/industrias\/"},{"@type":"ListItem","position":3,"name":"Sistemas hot melt para productos non woven"}]},{"@type":"WebSite","@id":"https:\/\/www.meler.cn\/es\/#website","url":"https:\/\/www.meler.cn\/es\/","name":"Meler","description":"Just another WordPress site","potentialAction":[{"@type":"SearchAction","target":{"@type":"EntryPoint","urlTemplate":"https:\/\/www.meler.cn\/es\/?s={search_term_string}"},"query-input":"required name=search_term_string"}],"inLanguage":"es"}]}},"_links":{"self":[{"href":"https:\/\/www.meler.cn\/es\/wp-json\/wp\/v2\/pages\/12253"}],"collection":[{"href":"https:\/\/www.meler.cn\/es\/wp-json\/wp\/v2\/pages"}],"about":[{"href":"https:\/\/www.meler.cn\/es\/wp-json\/wp\/v2\/types\/page"}],"author":[{"embeddable":true,"href":"https:\/\/www.meler.cn\/es\/wp-json\/wp\/v2\/users\/2"}],"replies":[{"embeddable":true,"href":"https:\/\/www.meler.cn\/es\/wp-json\/wp\/v2\/comments?post=12253"}],"version-history":[{"count":17,"href":"https:\/\/www.meler.cn\/es\/wp-json\/wp\/v2\/pages\/12253\/revisions"}],"predecessor-version":[{"id":20527,"href":"https:\/\/www.meler.cn\/es\/wp-json\/wp\/v2\/pages\/12253\/revisions\/20527"}],"up":[{"embeddable":true,"href":"https:\/\/www.meler.cn\/es\/wp-json\/wp\/v2\/pages\/12018"}],"wp:featuredmedia":[{"embeddable":true,"href":"https:\/\/www.meler.cn\/es\/wp-json\/wp\/v2\/media\/16328"}],"wp:attachment":[{"href":"https:\/\/www.meler.cn\/es\/wp-json\/wp\/v2\/media?parent=12253"}],"curies":[{"name":"wp","href":"https:\/\/api.w.org\/{rel}","templated":true}]}}