




















{"id":12247,"date":"2022-12-01T08:25:34","date_gmt":"2022-12-01T08:25:34","guid":{"rendered":"https:\/\/www.meler.eu\/?page_id=12247"},"modified":"2024-06-20T11:31:49","modified_gmt":"2024-06-20T11:31:49","slug":"madera-y-mobiliario","status":"publish","type":"page","link":"https:\/\/www.meler.cn\/es\/industrias\/madera-y-mobiliario\/","title":{"rendered":"Hot melt en la industria de la madera"},"content":{"rendered":"<p>[vc_row bg_image_position=\u00bb0 100%\u00bb row_spacing=\u00bbtop-spacing-med bottom-spacing-0&#8243; row_vertical_align=\u00bbvalign-middle\u00bb el_class=\u00bbreverse-column-mobile\u00bb][vc_column row_spacing_h=\u00bbleft-spacing\u00bb width=\u00bb1\/1&#8243;][text]<\/p>\n<p class=\"txt-center style-01 summary\">\u00bfQU\u00c9 NECESITA HOY LA INDUSTRIA DE LA MADERA?<\/p>\n<h2 class=\"style-01 txt-width txt-center\"><strong>qu\u00e9 soluciones ofrece Meler<\/strong><\/h2>\n<p>[\/text][\/vc_column][\/vc_row][vc_row row_spacing=\u00bbspacing-v-none\u00bb][vc_column width=\u00bb1\/1&#8243;][ttdirectory_definition_list_container][ttdirectory_definition_list_item term=\u00bbSencillez de manejo\u00bb definition=\u00bbSoluciones dise\u00f1adas para facilitar el d\u00eda a d\u00eda del operario\u00bb][ttdirectory_definition_list_item term=\u00bbFlexibilidad\u00bb definition=\u00bbSistemas adaptables a los diferentes formatos y sustratos\u00bb][ttdirectory_definition_list_item term=\u00bbEficiencia energ\u00e9tica\u00bb definition=\u00bbLos fusores de Meler ofrecen la m\u00e1xima eficiencia energ\u00e9tica del mercado\u00bb][ttdirectory_definition_list_item term=\u00bbMinimizar las paradas de l\u00ednea\u00bb definition=\u00bbDise\u00f1o de soluciones con tecnolog\u00eda Easy-Clean y Total Access\u00bb][ttdirectory_definition_list_item term=\u00bbAlta productividad\u00bb definition=\u00bbCiclos de producci\u00f3n de hasta 40m\/min\u00bb][\/ttdirectory_definition_list_container][\/vc_column][\/vc_row][vc_row row_layout=\u00bbfull\u00bb el_class=\u00bbbg-line-left\u00bb][vc_column width=\u00bb1\/1&#8243;][vc_row_inner row_layout=\u00bbfull\u00bb][vc_column_inner][ttdirectory_pages carousel_columns=\u00bbInfinito\u00bb][item]<\/p>\n<h2 class=\"style-02\">Aplicaciones<\/h2>\n<p>[\/item][pageModule page_item=\u00bb15060&#8243;][pageModule page_item=\u00bb15062&#8243;][pageModule page_item=\u00bb15064&#8243;][pageModule page_item=\u00bb15066&#8243;][\/ttdirectory_pages][\/vc_column_inner][\/vc_row_inner][\/vc_column][\/vc_row][vc_row bg_image_position=\u00bb0 100%\u00bb row_bg_color=\u00bbbg-03&#8243; row_spacing=\u00bbtop-spacing bottom-spacing\u00bb el_class=\u00bbremove-bg-mobile\u00bb][vc_column width=\u00bb1\/1&#8243;][vc_row_inner row_spacing=\u00bbspacing-v-0&#8243;][vc_column_inner el_class=\u00bbsticky-content\u00bb width=\u00bb1\/2&#8243;][text]<\/p>\n<p class=\"summary txt-width\">Sistemas completos para optimizar tu linea de producci\u00f3n<\/p>\n<p><a class=\"button\" href=\"https:\/\/www.meler.cn\/es\/contacto\/\">Cons\u00faltanos tus dudas<\/a>[\/text][\/vc_column_inner][vc_column_inner width=\u00bb1\/2&#8243; equal_height=\u00bbequalBox\u00bb][text]<\/p>\n<ol class=\"style-01\">\n<li><strong>APLICACI\u00d3N <\/strong>\n<ul class=\"style-01 style-03\">\n<li>Know-how especialista con adhesivos PUR, EVA<\/li>\n<li>Facilidad para cambios de formato<\/li>\n<li>Aplicadores espec\u00edficos para aplicaciones de laminado de cantos<\/li>\n<\/ul>\n<\/li>\n<li><strong><strong>FUSI\u00d3N<br \/>\n<\/strong><\/strong><\/p>\n<ul class=\"style-01 style-03\">\n<li>Fusores para altos consumos de adhesivo<\/li>\n<li>M\u00ednimo consumo energ\u00e9tico<\/li>\n<li>Equipamiento para aplicaci\u00f3n en FOAM<\/li>\n<\/ul>\n<\/li>\n<li><strong><strong>TRANSPORTE<br \/>\n<\/strong><\/strong><\/p>\n<ul class=\"style-01 style-03\">\n<li>M\u00e1ximo cuidado del adhesivo<\/li>\n<li>11 modelos<\/li>\n<li>Bajo mantenimiento<\/li>\n<li>Soluciones para l\u00edneas de fabricaci\u00f3n robotizadas<\/li>\n<\/ul>\n<\/li>\n<\/ol>\n<p>[\/text][\/vc_column_inner][\/vc_row_inner][\/vc_column][\/vc_row][vc_row row_layout=\u00bbfull\u00bb row_spacing=\u00bbspacing-v-0&#8243;][vc_column width=\u00bb1\/1&#8243;][CtaModule cta_item=\u00bb15111&#8243;][\/vc_column][\/vc_row][vc_row row_spacing=\u00bbtop-spacing-med bottom-spacing-med\u00bb][vc_column width=\u00bb1\/1&#8243;][text]<\/p>\n<h2 class=\"txt-center style-01\">Nuestros productos<\/h2>\n<p>[\/text][vc_tta_tabs][vc_tta_section title=\u00bbFusores\u00bb tab_id=\u00bb1672398287839-e7ca709f-fefa\u00bb][ttdirectory_products carousel_columns=\u00bb4&#8243; style=\u00bb1&#8243;][ttdirectory_product_melters post_melter=\u00bb12238&#8243;][ttdirectory_product_melters post_melter=\u00bb12255&#8243;][ttdirectory_product_melters post_melter=\u00bb13966&#8243;][ttdirectory_product_melters post_melter=\u00bb12762&#8243;][ttdirectory_product_melters post_melter=\u00bb12707&#8243;][ttdirectory_product_melters post_melter=\u00bb14939&#8243;][ttdirectory_product_melters post_melter=\u00bb15427&#8243;][ttdirectory_product_melters post_melter=\u00bb14846&#8243;][ttdirectory_product_melters post_melter=\u00bb13973&#8243;][ttdirectory_product_melters post_melter=\u00bb14849&#8243;][ttdirectory_product_melters post_melter=\u00bb15119&#8243;][ttdirectory_product_melters post_melter=\u00bb14850&#8243;][ttdirectory_product_melters post_melter=\u00bb14851&#8243;][ttdirectory_product_melters post_melter=\u00bb14852&#8243;][ttdirectory_product_melters post_melter=\u00bb14853&#8243;][ttdirectory_product_melters post_melter=\u00bb15125&#8243;][ttdirectory_product_melters post_melter=\u00bb15127&#8243;][\/ttdirectory_products][\/vc_tta_section][vc_tta_section title=\u00bbAplicadores\u00bb tab_id=\u00bb1672845475989-ea970bea-c5c6&#8243;][ttdirectory_products carousel_columns=\u00bb4&#8243; style=\u00bb1&#8243;][ttdirectory_product_applicators post_applicator=\u00bb15476&#8243;][ttdirectory_product_applicators post_applicator=\u00bb11551&#8243;][ttdirectory_product_applicators post_applicator=\u00bb15435&#8243;][ttdirectory_product_applicators post_applicator=\u00bb11320&#8243;][ttdirectory_product_applicators post_applicator=\u00bb15431&#8243;][ttdirectory_product_applicators post_applicator=\u00bb15440&#8243;][ttdirectory_product_applicators post_applicator=\u00bb15473&#8243;][ttdirectory_product_applicators post_applicator=\u00bb11558&#8243;][ttdirectory_product_applicators post_applicator=\u00bb15438&#8243;][\/ttdirectory_products][\/vc_tta_section][\/vc_tta_tabs][\/vc_column][\/vc_row][vc_row row_layout=\u00bbfull\u00bb row_spacing=\u00bbspacing-v-none\u00bb][vc_column width=\u00bb1\/1&#8243;][CtaModule cta_item=\u00bb14808&#8243;][\/vc_column][\/vc_row][vc_row row_layout=\u00bbfull\u00bb row_spacing=\u00bbspacing-v-none\u00bb][vc_column width=\u00bb1\/1&#8243;][CtaModule cta_item=\u00bb30384&#8243;][\/vc_column][\/vc_row]<\/p>\n","protected":false},"excerpt":{"rendered":"<p>Sistemas de aplicaci\u00f3n de adhesivo para la fabricaci\u00f3n de muebles<\/p>\n","protected":false},"author":2,"featured_media":14700,"parent":12018,"menu_order":216,"comment_status":"closed","ping_status":"closed","template":"","meta":[],"yoast_head":"<!-- This site is optimized with the Yoast SEO plugin v20.3 - https:\/\/yoast.com\/wordpress\/plugins\/seo\/ -->\n<title>Sistemas de aplicaci\u00f3n hot melt en la industria de la madera y de muebles - Meler<\/title>\n<meta name=\"description\" content=\"Aplicaci\u00f3n Meler de adhesivo hot melt para la fabricaci\u00f3n de muebles y la industria de la madera\" \/>\n<meta name=\"robots\" content=\"index, follow, max-snippet:-1, max-image-preview:large, max-video-preview:-1\" \/>\n<link rel=\"canonical\" href=\"https:\/\/www.meler.cn\/es\/industrias\/madera-y-mobiliario\/\" \/>\n<meta property=\"og:locale\" content=\"es_ES\" \/>\n<meta property=\"og:type\" content=\"article\" \/>\n<meta property=\"og:title\" content=\"Sistemas de aplicaci\u00f3n hot melt en la industria de la madera y de muebles - Meler\" \/>\n<meta property=\"og:description\" content=\"Aplicaci\u00f3n Meler de adhesivo hot melt para la fabricaci\u00f3n de muebles y la industria de la madera\" \/>\n<meta property=\"og:url\" content=\"https:\/\/www.meler.cn\/es\/industrias\/madera-y-mobiliario\/\" \/>\n<meta property=\"og:site_name\" content=\"Meler\" \/>\n<meta property=\"article:modified_time\" content=\"2024-06-20T11:31:49+00:00\" \/>\n<meta property=\"og:image\" content=\"https:\/\/20097.ttandemdigital.com\/media\/header-industrias-madera-mobiliario-meler.png\" \/>\n\t<meta property=\"og:image:width\" content=\"1920\" \/>\n\t<meta property=\"og:image:height\" content=\"780\" \/>\n\t<meta property=\"og:image:type\" content=\"image\/png\" \/>\n<meta name=\"twitter:card\" content=\"summary_large_image\" \/>\n<meta name=\"twitter:label1\" content=\"Tiempo de lectura\" \/>\n\t<meta name=\"twitter:data1\" content=\"2 minutos\" \/>\n<script type=\"application\/ld+json\" class=\"yoast-schema-graph\">{\"@context\":\"https:\/\/schema.org\",\"@graph\":[{\"@type\":\"WebPage\",\"@id\":\"https:\/\/www.meler.cn\/es\/industrias\/madera-y-mobiliario\/\",\"url\":\"https:\/\/www.meler.cn\/es\/industrias\/madera-y-mobiliario\/\",\"name\":\"Sistemas de aplicaci\u00f3n hot melt en la industria de la madera y de muebles - Meler\",\"isPartOf\":{\"@id\":\"https:\/\/www.meler.cn\/es\/#website\"},\"datePublished\":\"2022-12-01T08:25:34+00:00\",\"dateModified\":\"2024-06-20T11:31:49+00:00\",\"description\":\"Aplicaci\u00f3n Meler de adhesivo hot melt para la fabricaci\u00f3n de muebles y la industria de la madera\",\"breadcrumb\":{\"@id\":\"https:\/\/www.meler.cn\/es\/industrias\/madera-y-mobiliario\/#breadcrumb\"},\"inLanguage\":\"es\",\"potentialAction\":[{\"@type\":\"ReadAction\",\"target\":[\"https:\/\/www.meler.cn\/es\/industrias\/madera-y-mobiliario\/\"]}]},{\"@type\":\"BreadcrumbList\",\"@id\":\"https:\/\/www.meler.cn\/es\/industrias\/madera-y-mobiliario\/#breadcrumb\",\"itemListElement\":[{\"@type\":\"ListItem\",\"position\":1,\"name\":\"Portada\",\"item\":\"https:\/\/www.meler.cn\/es\/\"},{\"@type\":\"ListItem\",\"position\":2,\"name\":\"Industrias\",\"item\":\"https:\/\/20097.ttandemdigital.com\/es\/industrias\/\"},{\"@type\":\"ListItem\",\"position\":3,\"name\":\"Hot melt en la industria de la madera\"}]},{\"@type\":\"WebSite\",\"@id\":\"https:\/\/www.meler.cn\/es\/#website\",\"url\":\"https:\/\/www.meler.cn\/es\/\",\"name\":\"Meler\",\"description\":\"Just another WordPress site\",\"potentialAction\":[{\"@type\":\"SearchAction\",\"target\":{\"@type\":\"EntryPoint\",\"urlTemplate\":\"https:\/\/www.meler.cn\/es\/?s={search_term_string}\"},\"query-input\":\"required name=search_term_string\"}],\"inLanguage\":\"es\"}]}<\/script>\n<!-- \/ Yoast SEO plugin. -->","yoast_head_json":{"title":"Sistemas de aplicaci\u00f3n hot melt en la industria de la madera y de muebles - Meler","description":"Aplicaci\u00f3n Meler de adhesivo hot melt para la fabricaci\u00f3n de muebles y la industria de la madera","robots":{"index":"index","follow":"follow","max-snippet":"max-snippet:-1","max-image-preview":"max-image-preview:large","max-video-preview":"max-video-preview:-1"},"canonical":"https:\/\/www.meler.cn\/es\/industrias\/madera-y-mobiliario\/","og_locale":"es_ES","og_type":"article","og_title":"Sistemas de aplicaci\u00f3n hot melt en la industria de la madera y de muebles - Meler","og_description":"Aplicaci\u00f3n Meler de adhesivo hot melt para la fabricaci\u00f3n de muebles y la industria de la madera","og_url":"https:\/\/www.meler.cn\/es\/industrias\/madera-y-mobiliario\/","og_site_name":"Meler","article_modified_time":"2024-06-20T11:31:49+00:00","og_image":[{"width":1920,"height":780,"url":"https:\/\/20097.ttandemdigital.com\/media\/header-industrias-madera-mobiliario-meler.png","type":"image\/png"}],"twitter_card":"summary_large_image","twitter_misc":{"Tiempo de lectura":"2 minutos"},"schema":{"@context":"https:\/\/schema.org","@graph":[{"@type":"WebPage","@id":"https:\/\/www.meler.cn\/es\/industrias\/madera-y-mobiliario\/","url":"https:\/\/www.meler.cn\/es\/industrias\/madera-y-mobiliario\/","name":"Sistemas de aplicaci\u00f3n hot melt en la industria de la madera y de muebles - Meler","isPartOf":{"@id":"https:\/\/www.meler.cn\/es\/#website"},"datePublished":"2022-12-01T08:25:34+00:00","dateModified":"2024-06-20T11:31:49+00:00","description":"Aplicaci\u00f3n Meler de adhesivo hot melt para la fabricaci\u00f3n de muebles y la industria de la madera","breadcrumb":{"@id":"https:\/\/www.meler.cn\/es\/industrias\/madera-y-mobiliario\/#breadcrumb"},"inLanguage":"es","potentialAction":[{"@type":"ReadAction","target":["https:\/\/www.meler.cn\/es\/industrias\/madera-y-mobiliario\/"]}]},{"@type":"BreadcrumbList","@id":"https:\/\/www.meler.cn\/es\/industrias\/madera-y-mobiliario\/#breadcrumb","itemListElement":[{"@type":"ListItem","position":1,"name":"Portada","item":"https:\/\/www.meler.cn\/es\/"},{"@type":"ListItem","position":2,"name":"Industrias","item":"https:\/\/20097.ttandemdigital.com\/es\/industrias\/"},{"@type":"ListItem","position":3,"name":"Hot melt en la industria de la madera"}]},{"@type":"WebSite","@id":"https:\/\/www.meler.cn\/es\/#website","url":"https:\/\/www.meler.cn\/es\/","name":"Meler","description":"Just another WordPress site","potentialAction":[{"@type":"SearchAction","target":{"@type":"EntryPoint","urlTemplate":"https:\/\/www.meler.cn\/es\/?s={search_term_string}"},"query-input":"required name=search_term_string"}],"inLanguage":"es"}]}},"_links":{"self":[{"href":"https:\/\/www.meler.cn\/es\/wp-json\/wp\/v2\/pages\/12247"}],"collection":[{"href":"https:\/\/www.meler.cn\/es\/wp-json\/wp\/v2\/pages"}],"about":[{"href":"https:\/\/www.meler.cn\/es\/wp-json\/wp\/v2\/types\/page"}],"author":[{"embeddable":true,"href":"https:\/\/www.meler.cn\/es\/wp-json\/wp\/v2\/users\/2"}],"replies":[{"embeddable":true,"href":"https:\/\/www.meler.cn\/es\/wp-json\/wp\/v2\/comments?post=12247"}],"version-history":[{"count":36,"href":"https:\/\/www.meler.cn\/es\/wp-json\/wp\/v2\/pages\/12247\/revisions"}],"predecessor-version":[{"id":31060,"href":"https:\/\/www.meler.cn\/es\/wp-json\/wp\/v2\/pages\/12247\/revisions\/31060"}],"up":[{"embeddable":true,"href":"https:\/\/www.meler.cn\/es\/wp-json\/wp\/v2\/pages\/12018"}],"wp:featuredmedia":[{"embeddable":true,"href":"https:\/\/www.meler.cn\/es\/wp-json\/wp\/v2\/media\/14700"}],"wp:attachment":[{"href":"https:\/\/www.meler.cn\/es\/wp-json\/wp\/v2\/media?parent=12247"}],"curies":[{"name":"wp","href":"https:\/\/api.w.org\/{rel}","templated":true}]}}