




















{"id":12245,"date":"2022-12-01T08:24:51","date_gmt":"2022-12-01T08:24:51","guid":{"rendered":"https:\/\/www.meler.eu\/?page_id=12245"},"modified":"2025-01-20T15:20:21","modified_gmt":"2025-01-20T15:20:21","slug":"aplicacion-de-hot-melt-para-el-interior-del-vehiculo","status":"publish","type":"page","link":"https:\/\/www.meler.cn\/es\/industrias\/aplicacion-de-hot-melt-para-el-interior-del-vehiculo\/","title":{"rendered":"Aplicaci\u00f3n de hot melt para el interior de veh\u00edculos"},"content":{"rendered":"<p>[vc_row bg_image_position=\u00bb0 100%\u00bb row_spacing=\u00bbtop-spacing-med bottom-spacing-0&#8243; row_vertical_align=\u00bbvalign-middle\u00bb el_class=\u00bbreverse-column-mobile\u00bb][vc_column row_spacing_h=\u00bbleft-spacing\u00bb width=\u00bb1\/1&#8243;][text]<\/p>\n<p class=\"txt-center style-01 summary\">\u00bfQU\u00c9 NECESITA HOY LA INDUSTRIA DE LA AUTOMOCI\u00d3N?<\/p>\n<h2 class=\"style-01 txt-width txt-center\"><strong>\u00bfQU\u00c9 SOLUCIONES OFRECE MELER?<\/strong><\/h2>\n<p>[\/text][\/vc_column][\/vc_row][vc_row row_spacing=\u00bbspacing-v-none\u00bb][vc_column width=\u00bb1\/1&#8243;][ttdirectory_definition_list_container][ttdirectory_definition_list_item term=\u00bbEficiencia energ\u00e9tica\u00bb definition=\u00bbLos fusores de Meler ofrecen la m\u00e1xima eficiencia energ\u00e9tica del mercado\u00bb][ttdirectory_definition_list_item term=\u00bbTrazabilidad\u00bb definition=\u00bbReporte autom\u00e1tico de consumos\u00bb][ttdirectory_definition_list_item term=\u00bbIndustria 4.0&#8243; definition=\u00bbSistemas automatizados de control y dosificaci\u00f3n\u00bb][ttdirectory_definition_list_item term=\u00bbMinimizar las paradas de l\u00ednea\u00bb definition=\u00bbDise\u00f1o de soluciones con tecnolog\u00eda Easy-Clean y Total Access\u00bb][ttdirectory_definition_list_item term=\u00bbAlta productividad\u00bb definition=\u00bbCiclos de producci\u00f3n de hasta 40m\/min\u00bb][\/ttdirectory_definition_list_container][\/vc_column][\/vc_row][vc_row row_layout=\u00bbfull\u00bb el_class=\u00bbbg-line-left\u00bb][vc_column width=\u00bb1\/1&#8243;][vc_row_inner row_layout=\u00bbfull\u00bb][vc_column_inner][ttdirectory_pages carousel_columns=\u00bbInfinito\u00bb][item]<\/p>\n<h2 class=\"style-02\">Aplicaciones<\/h2>\n<p>[\/item][pageModule page_item=\u00bb15044&#8243;][pageModule page_item=\u00bb15048&#8243;][pageModule page_item=\u00bb15050&#8243;][pageModule page_item=\u00bb15052&#8243;][pageModule page_item=\u00bb15054&#8243;][pageModule page_item=\u00bb15056&#8243;][\/ttdirectory_pages][\/vc_column_inner][\/vc_row_inner][\/vc_column][\/vc_row][vc_row bg_image_position=\u00bb0 100%\u00bb row_bg_color=\u00bbbg-03&#8243; row_spacing=\u00bbtop-spacing bottom-spacing\u00bb el_class=\u00bbremove-bg-mobile\u00bb][vc_column width=\u00bb1\/1&#8243;][vc_row_inner row_spacing=\u00bbspacing-v-0&#8243;][vc_column_inner el_class=\u00bbsticky-content\u00bb width=\u00bb1\/2&#8243;][text]<\/p>\n<p class=\"summary\">Sistemas completos para optimizar cualquier l\u00ednea de producci\u00f3n<\/p>\n<p><a class=\"button\" href=\"https:\/\/www.meler.cn\/es\/contacto\/\">Cons\u00faltanos tus dudas<\/a>[\/text][\/vc_column_inner][vc_column_inner width=\u00bb1\/2&#8243; equal_height=\u00bbequalBox\u00bb][text]<\/p>\n<ol class=\"style-01\">\n<li><strong>APLICACI\u00d3N <\/strong>\n<ul class=\"style-01 style-03\">\n<li>Know-how especialista con adhesivos PUR, EVA<\/li>\n<li>Soluciones adaptadas a sistemas robotizados<\/li>\n<li>Aplicadores inteligentes conectados<\/li>\n<\/ul>\n<\/li>\n<li><strong><strong>FUSI\u00d3N<br \/>\n<\/strong><\/strong><\/p>\n<ul class=\"style-01 style-03\">\n<li>Un fusor para cada demanda productiva<\/li>\n<li>M\u00ednimo consumo energ\u00e9tico<\/li>\n<li>Equipamiento para aplicaci\u00f3n en FOAM<\/li>\n<\/ul>\n<\/li>\n<li><strong><strong>TRANSPORTE<br \/>\n<\/strong><\/strong><\/p>\n<ul class=\"style-01 style-03\">\n<li>M\u00e1ximo cuidado del adhesivo<\/li>\n<li>11 modelos de mangueras diferentes<\/li>\n<li>Bajo mantenimiento<\/li>\n<li>Soluciones para l\u00edneas de fabricaci\u00f3n robotizadas<\/li>\n<\/ul>\n<\/li>\n<\/ol>\n<p>[\/text][\/vc_column_inner][\/vc_row_inner][\/vc_column][\/vc_row][vc_row row_spacing=\u00bbtop-spacing-med bottom-spacing-med\u00bb][vc_column width=\u00bb1\/1&#8243;][text]<\/p>\n<h2 class=\"txt-center style-01\">Nuestros productos<\/h2>\n<p>[\/text][vc_tta_tabs][vc_tta_section title=\u00bbProyectos especiales\u00bb tab_id=\u00bb1737385963697-8b7c0aee-2f56&#8243;][ttdirectory_products carousel_columns=\u00bb4&#8243; style=\u00bb2&#8243;][ttdirectory_product_special_projects post_special_projects=\u00bb16966&#8243;][ttdirectory_product_special_projects post_special_projects=\u00bb16964&#8243;][\/ttdirectory_products][\/vc_tta_section][vc_tta_section title=\u00bbFusores\u00bb tab_id=\u00bb1672398287839-e7ca709f-fefa\u00bb][ttdirectory_products carousel_columns=\u00bb4&#8243; style=\u00bb1&#8243;][ttdirectory_product_melters post_melter=\u00bb12238&#8243;][ttdirectory_product_melters post_melter=\u00bb12255&#8243;][ttdirectory_product_melters post_melter=\u00bb12762&#8243;][ttdirectory_product_melters post_melter=\u00bb12707&#8243;][ttdirectory_product_melters post_melter=\u00bb14939&#8243;][ttdirectory_product_melters post_melter=\u00bb15427&#8243;][ttdirectory_product_melters post_melter=\u00bb14846&#8243;][ttdirectory_product_melters post_melter=\u00bb13973&#8243;][ttdirectory_product_melters post_melter=\u00bb14849&#8243;][ttdirectory_product_melters post_melter=\u00bb14853&#8243;][ttdirectory_product_melters post_melter=\u00bb14850&#8243;][ttdirectory_product_melters post_melter=\u00bb14851&#8243;][ttdirectory_product_melters post_melter=\u00bb14852&#8243;][ttdirectory_product_melters post_melter=\u00bb14853&#8243;][\/ttdirectory_products][\/vc_tta_section][vc_tta_section title=\u00bbAplicadores\u00bb tab_id=\u00bb1672839351108-60ab99fd-63fb\u00bb][ttdirectory_products carousel_columns=\u00bb4&#8243; style=\u00bb2&#8243;][ttdirectory_product_applicators post_applicator=\u00bb11558&#8243;][ttdirectory_product_applicators post_applicator=\u00bb15431&#8243;][ttdirectory_product_applicators post_applicator=\u00bb15435&#8243;][ttdirectory_product_applicators post_applicator=\u00bb15440&#8243;][\/ttdirectory_products][\/vc_tta_section][\/vc_tta_tabs][\/vc_column][\/vc_row][vc_row row_layout=\u00bbfull\u00bb row_spacing=\u00bbspacing-v-none\u00bb][vc_column width=\u00bb1\/1&#8243;][CtaModule cta_item=\u00bb14808&#8243;][\/vc_column][\/vc_row][vc_row row_layout=\u00bbfull\u00bb row_spacing=\u00bbspacing-v-none\u00bb][vc_column width=\u00bb1\/1&#8243;][CtaModule cta_item=\u00bb30384&#8243;][\/vc_column][\/vc_row]<\/p>\n","protected":false},"excerpt":{"rendered":"<p>L\u00edderes mundiales de sistemas hot melt para headliners<\/p>\n","protected":false},"author":2,"featured_media":14653,"parent":12018,"menu_order":209,"comment_status":"closed","ping_status":"closed","template":"","meta":[],"yoast_head":"<!-- This site is optimized with the Yoast SEO plugin v20.3 - https:\/\/yoast.com\/wordpress\/plugins\/seo\/ -->\n<title>Sistemas de aplicaci\u00f3n de adhesivo en la industria del autom\u00f3vil - Meler<\/title>\n<meta name=\"description\" content=\"Sistemas Meler para la aplicaci\u00f3n de adhesivo en el ensamblaje de veh\u00edculos y fabricaci\u00f3n de componentes, tapicer\u00eda, elementos interiores y aislamientos.\" \/>\n<meta name=\"robots\" content=\"index, follow, max-snippet:-1, max-image-preview:large, max-video-preview:-1\" \/>\n<link rel=\"canonical\" href=\"https:\/\/www.meler.cn\/es\/industrias\/aplicacion-de-hot-melt-para-el-interior-del-vehiculo\/\" \/>\n<meta property=\"og:locale\" content=\"es_ES\" \/>\n<meta property=\"og:type\" content=\"article\" \/>\n<meta property=\"og:title\" content=\"Sistemas de aplicaci\u00f3n de adhesivo en la industria del autom\u00f3vil - Meler\" \/>\n<meta property=\"og:description\" content=\"Sistemas Meler para la aplicaci\u00f3n de adhesivo en el ensamblaje de veh\u00edculos y fabricaci\u00f3n de componentes, tapicer\u00eda, elementos interiores y aislamientos.\" \/>\n<meta property=\"og:url\" content=\"https:\/\/www.meler.cn\/es\/industrias\/aplicacion-de-hot-melt-para-el-interior-del-vehiculo\/\" \/>\n<meta property=\"og:site_name\" content=\"Meler\" \/>\n<meta property=\"article:modified_time\" content=\"2025-01-20T15:20:21+00:00\" \/>\n<meta property=\"og:image\" content=\"https:\/\/20097.ttandemdigital.com\/media\/header-industrias-automovil-meler.png\" \/>\n\t<meta property=\"og:image:width\" content=\"1920\" \/>\n\t<meta property=\"og:image:height\" content=\"780\" \/>\n\t<meta property=\"og:image:type\" content=\"image\/png\" \/>\n<meta name=\"twitter:card\" content=\"summary_large_image\" \/>\n<meta name=\"twitter:label1\" content=\"Tiempo de lectura\" \/>\n\t<meta name=\"twitter:data1\" content=\"1 minuto\" \/>\n<script type=\"application\/ld+json\" class=\"yoast-schema-graph\">{\"@context\":\"https:\/\/schema.org\",\"@graph\":[{\"@type\":\"WebPage\",\"@id\":\"https:\/\/www.meler.cn\/es\/industrias\/aplicacion-de-hot-melt-para-el-interior-del-vehiculo\/\",\"url\":\"https:\/\/www.meler.cn\/es\/industrias\/aplicacion-de-hot-melt-para-el-interior-del-vehiculo\/\",\"name\":\"Sistemas de aplicaci\u00f3n de adhesivo en la industria del autom\u00f3vil - Meler\",\"isPartOf\":{\"@id\":\"https:\/\/www.meler.cn\/es\/#website\"},\"datePublished\":\"2022-12-01T08:24:51+00:00\",\"dateModified\":\"2025-01-20T15:20:21+00:00\",\"description\":\"Sistemas Meler para la aplicaci\u00f3n de adhesivo en el ensamblaje de veh\u00edculos y fabricaci\u00f3n de componentes, tapicer\u00eda, elementos interiores y aislamientos.\",\"breadcrumb\":{\"@id\":\"https:\/\/www.meler.cn\/es\/industrias\/aplicacion-de-hot-melt-para-el-interior-del-vehiculo\/#breadcrumb\"},\"inLanguage\":\"es\",\"potentialAction\":[{\"@type\":\"ReadAction\",\"target\":[\"https:\/\/www.meler.cn\/es\/industrias\/aplicacion-de-hot-melt-para-el-interior-del-vehiculo\/\"]}]},{\"@type\":\"BreadcrumbList\",\"@id\":\"https:\/\/www.meler.cn\/es\/industrias\/aplicacion-de-hot-melt-para-el-interior-del-vehiculo\/#breadcrumb\",\"itemListElement\":[{\"@type\":\"ListItem\",\"position\":1,\"name\":\"Portada\",\"item\":\"https:\/\/www.meler.cn\/es\/\"},{\"@type\":\"ListItem\",\"position\":2,\"name\":\"Industrias\",\"item\":\"https:\/\/20097.ttandemdigital.com\/es\/industrias\/\"},{\"@type\":\"ListItem\",\"position\":3,\"name\":\"Aplicaci\u00f3n de hot melt para el interior de veh\u00edculos\"}]},{\"@type\":\"WebSite\",\"@id\":\"https:\/\/www.meler.cn\/es\/#website\",\"url\":\"https:\/\/www.meler.cn\/es\/\",\"name\":\"Meler\",\"description\":\"Just another WordPress site\",\"potentialAction\":[{\"@type\":\"SearchAction\",\"target\":{\"@type\":\"EntryPoint\",\"urlTemplate\":\"https:\/\/www.meler.cn\/es\/?s={search_term_string}\"},\"query-input\":\"required name=search_term_string\"}],\"inLanguage\":\"es\"}]}<\/script>\n<!-- \/ Yoast SEO plugin. -->","yoast_head_json":{"title":"Sistemas de aplicaci\u00f3n de adhesivo en la industria del autom\u00f3vil - Meler","description":"Sistemas Meler para la aplicaci\u00f3n de adhesivo en el ensamblaje de veh\u00edculos y fabricaci\u00f3n de componentes, tapicer\u00eda, elementos interiores y aislamientos.","robots":{"index":"index","follow":"follow","max-snippet":"max-snippet:-1","max-image-preview":"max-image-preview:large","max-video-preview":"max-video-preview:-1"},"canonical":"https:\/\/www.meler.cn\/es\/industrias\/aplicacion-de-hot-melt-para-el-interior-del-vehiculo\/","og_locale":"es_ES","og_type":"article","og_title":"Sistemas de aplicaci\u00f3n de adhesivo en la industria del autom\u00f3vil - Meler","og_description":"Sistemas Meler para la aplicaci\u00f3n de adhesivo en el ensamblaje de veh\u00edculos y fabricaci\u00f3n de componentes, tapicer\u00eda, elementos interiores y aislamientos.","og_url":"https:\/\/www.meler.cn\/es\/industrias\/aplicacion-de-hot-melt-para-el-interior-del-vehiculo\/","og_site_name":"Meler","article_modified_time":"2025-01-20T15:20:21+00:00","og_image":[{"width":1920,"height":780,"url":"https:\/\/20097.ttandemdigital.com\/media\/header-industrias-automovil-meler.png","type":"image\/png"}],"twitter_card":"summary_large_image","twitter_misc":{"Tiempo de lectura":"1 minuto"},"schema":{"@context":"https:\/\/schema.org","@graph":[{"@type":"WebPage","@id":"https:\/\/www.meler.cn\/es\/industrias\/aplicacion-de-hot-melt-para-el-interior-del-vehiculo\/","url":"https:\/\/www.meler.cn\/es\/industrias\/aplicacion-de-hot-melt-para-el-interior-del-vehiculo\/","name":"Sistemas de aplicaci\u00f3n de adhesivo en la industria del autom\u00f3vil - Meler","isPartOf":{"@id":"https:\/\/www.meler.cn\/es\/#website"},"datePublished":"2022-12-01T08:24:51+00:00","dateModified":"2025-01-20T15:20:21+00:00","description":"Sistemas Meler para la aplicaci\u00f3n de adhesivo en el ensamblaje de veh\u00edculos y fabricaci\u00f3n de componentes, tapicer\u00eda, elementos interiores y aislamientos.","breadcrumb":{"@id":"https:\/\/www.meler.cn\/es\/industrias\/aplicacion-de-hot-melt-para-el-interior-del-vehiculo\/#breadcrumb"},"inLanguage":"es","potentialAction":[{"@type":"ReadAction","target":["https:\/\/www.meler.cn\/es\/industrias\/aplicacion-de-hot-melt-para-el-interior-del-vehiculo\/"]}]},{"@type":"BreadcrumbList","@id":"https:\/\/www.meler.cn\/es\/industrias\/aplicacion-de-hot-melt-para-el-interior-del-vehiculo\/#breadcrumb","itemListElement":[{"@type":"ListItem","position":1,"name":"Portada","item":"https:\/\/www.meler.cn\/es\/"},{"@type":"ListItem","position":2,"name":"Industrias","item":"https:\/\/20097.ttandemdigital.com\/es\/industrias\/"},{"@type":"ListItem","position":3,"name":"Aplicaci\u00f3n de hot melt para el interior de veh\u00edculos"}]},{"@type":"WebSite","@id":"https:\/\/www.meler.cn\/es\/#website","url":"https:\/\/www.meler.cn\/es\/","name":"Meler","description":"Just another WordPress site","potentialAction":[{"@type":"SearchAction","target":{"@type":"EntryPoint","urlTemplate":"https:\/\/www.meler.cn\/es\/?s={search_term_string}"},"query-input":"required name=search_term_string"}],"inLanguage":"es"}]}},"_links":{"self":[{"href":"https:\/\/www.meler.cn\/es\/wp-json\/wp\/v2\/pages\/12245"}],"collection":[{"href":"https:\/\/www.meler.cn\/es\/wp-json\/wp\/v2\/pages"}],"about":[{"href":"https:\/\/www.meler.cn\/es\/wp-json\/wp\/v2\/types\/page"}],"author":[{"embeddable":true,"href":"https:\/\/www.meler.cn\/es\/wp-json\/wp\/v2\/users\/2"}],"replies":[{"embeddable":true,"href":"https:\/\/www.meler.cn\/es\/wp-json\/wp\/v2\/comments?post=12245"}],"version-history":[{"count":36,"href":"https:\/\/www.meler.cn\/es\/wp-json\/wp\/v2\/pages\/12245\/revisions"}],"predecessor-version":[{"id":34311,"href":"https:\/\/www.meler.cn\/es\/wp-json\/wp\/v2\/pages\/12245\/revisions\/34311"}],"up":[{"embeddable":true,"href":"https:\/\/www.meler.cn\/es\/wp-json\/wp\/v2\/pages\/12018"}],"wp:featuredmedia":[{"embeddable":true,"href":"https:\/\/www.meler.cn\/es\/wp-json\/wp\/v2\/media\/14653"}],"wp:attachment":[{"href":"https:\/\/www.meler.cn\/es\/wp-json\/wp\/v2\/media?parent=12245"}],"curies":[{"name":"wp","href":"https:\/\/api.w.org\/{rel}","templated":true}]}}