




















{"id":12022,"date":"2022-11-30T15:40:09","date_gmt":"2022-11-30T15:40:09","guid":{"rendered":"https:\/\/www.meler.eu\/?page_id=12022"},"modified":"2025-01-21T13:17:56","modified_gmt":"2025-01-21T13:17:56","slug":"sistemas-hot-melt-para-artes-graficas","status":"publish","type":"page","link":"https:\/\/www.meler.cn\/es\/industrias\/sistemas-hot-melt-para-artes-graficas\/","title":{"rendered":"Sistemas hot melt para artes gr\u00e1ficas"},"content":{"rendered":"<p>[vc_row bg_image_position=\u00bb0 100%\u00bb row_spacing=\u00bbtop-spacing-med bottom-spacing-0&#8243; row_vertical_align=\u00bbvalign-middle\u00bb el_class=\u00bbreverse-column-mobile\u00bb][vc_column row_spacing_h=\u00bbleft-spacing\u00bb width=\u00bb1\/1&#8243;][text]<\/p>\n<p class=\"txt-center style-01 summary\">\u00bfQU\u00c9 NECESITA HOY LA INDUSTRIA DE LAS ARTES GR\u00c1FICAS?<\/p>\n<h2 class=\"style-01 txt-width txt-center\"><strong>qu\u00e9 soluciones ofrece Meler<\/strong><\/h2>\n<p>[\/text][\/vc_column][\/vc_row][vc_row row_spacing=\u00bbspacing-v-none\u00bb][vc_column width=\u00bb1\/1&#8243;][ttdirectory_definition_list_container][ttdirectory_definition_list_item term=\u00bbEficiencia energ\u00e9tica\u00bb definition=\u00bbLos sistemas de Meler son altamente eficientes ofreciendo hasta un 60% de consumo energ\u00e9tico y un 50% consumo de aire menor que la competencia\u00bb][ttdirectory_definition_list_item term=\u00bbEquipamiento especializado\u00bb definition=\u00bbGama de productos espec\u00edficos para el sector\u00bb][ttdirectory_definition_list_item term=\u00bbAlta demanda productiva\u00bb definition=\u00bbEquipamiento de gran velocidad de trabajo y rendimiento\u00bb][ttdirectory_definition_list_item term=\u00bbDurabilidad\u00bb definition=\u00bbComponentes con larga vida \u00fatil\u00bb][ttdirectory_definition_list_item term=\u00bbReducci\u00f3n de los costes de mantenimiento\u00bb definition=\u00bbMeler es una empresa orientada al usuario que dise\u00f1a con tecnolog\u00eda Easy-Clean y ofrece Total Access\u00bb][\/ttdirectory_definition_list_container][\/vc_column][\/vc_row][vc_row row_layout=\u00bbfull\u00bb el_class=\u00bbbg-line-left\u00bb][vc_column width=\u00bb1\/1&#8243;][vc_row_inner row_layout=\u00bbfull\u00bb][vc_column_inner][ttdirectory_pages carousel_columns=\u00bbInfinito\u00bb][item]<\/p>\n<h2 class=\"style-02\">Aplicaciones<\/h2>\n<p>[\/item][pageModule page_item=\u00bb15173&#8243;][pageModule page_item=\u00bb15180&#8243;][pageModule page_item=\u00bb15187&#8243;][pageModule page_item=\u00bb15194&#8243;][\/ttdirectory_pages][\/vc_column_inner][\/vc_row_inner][\/vc_column][\/vc_row][vc_row bg_image_position=\u00bb0 100%\u00bb row_bg_color=\u00bbbg-03&#8243; row_spacing=\u00bbtop-spacing bottom-spacing\u00bb el_class=\u00bbremove-bg-mobile\u00bb][vc_column width=\u00bb1\/1&#8243;][vc_row_inner row_spacing=\u00bbspacing-v-0&#8243;][vc_column_inner el_class=\u00bbsticky-content\u00bb width=\u00bb1\/2&#8243;][text]<\/p>\n<p class=\"summary txt-width\">Sistemas completos para tu forma de trabajo<\/p>\n<p><a class=\"button\" href=\"https:\/\/www.meler.cn\/es\/contacto\/\">Cons\u00faltanos tus dudas<\/a>[\/text][\/vc_column_inner][vc_column_inner width=\u00bb1\/2&#8243; equal_height=\u00bbequalBox\u00bb][text]<\/p>\n<ol class=\"style-01\">\n<li><strong>APLICACI\u00d3N <\/strong>\n<ul class=\"style-01 style-03\">\n<li>Aplicadores para encolado de lomo de libros<\/li>\n<li>Precisi\u00f3n milim\u00e9trica<\/li>\n<li>Amplia gama: cord\u00f3n, punteado, espirolado, cavidad cero\u2026<\/li>\n<\/ul>\n<\/li>\n<li><strong><strong>FUSI\u00d3N<br \/>\n<\/strong><\/strong><\/p>\n<ul class=\"style-01 style-03\">\n<li>Fusores para altos consumos de adhesivo<\/li>\n<li>M\u00ednimo consumo energ\u00e9tico<\/li>\n<li>Equipamiento especializado para aplicaci\u00f3n de adhesivos reactivos<\/li>\n<\/ul>\n<\/li>\n<li><strong><strong>TRANSPORTE<br \/>\n<\/strong><\/strong><\/p>\n<ul class=\"style-01 style-03\">\n<li>M\u00e1ximo cuidado del adhesivo<\/li>\n<li>11 modelos<\/li>\n<li>Bajo mantenimiento<\/li>\n<li>Soluciones espec\u00edficas para espacios reducidos<\/li>\n<\/ul>\n<\/li>\n<\/ol>\n<p>[\/text][\/vc_column_inner][\/vc_row_inner][\/vc_column][\/vc_row][vc_row row_layout=\u00bbfull\u00bb row_spacing=\u00bbspacing-v-none\u00bb][vc_column width=\u00bb1\/1&#8243;][CtaModule cta_item=\u00bb15516&#8243;][\/vc_column][\/vc_row][vc_row row_spacing=\u00bbtop-spacing-med bottom-spacing-med\u00bb][vc_column width=\u00bb1\/1&#8243;][text]<\/p>\n<h2 class=\"txt-center style-01\">Nuestros productos<\/h2>\n<p>[\/text][vc_tta_tabs][vc_tta_section title=\u00bbFusores\u00bb tab_id=\u00bb1672398287839-e7ca709f-fefa\u00bb][ttdirectory_products carousel_columns=\u00bb4&#8243; style=\u00bb1&#8243;][ttdirectory_product_melters post_melter=\u00bb11998&#8243;][ttdirectory_product_melters post_melter=\u00bb12238&#8243;][ttdirectory_product_melters post_melter=\u00bb12255&#8243;][ttdirectory_product_melters post_melter=\u00bb13966&#8243;][ttdirectory_product_melters post_melter=\u00bb14939&#8243;][ttdirectory_product_melters post_melter=\u00bb12739&#8243;][ttdirectory_product_melters post_melter=\u00bb14846&#8243;][ttdirectory_product_melters post_melter=\u00bb15119&#8243;][\/ttdirectory_products][\/vc_tta_section][vc_tta_section title=\u00bbAplicadores\u00bb tab_id=\u00bb1672845475989-ea970bea-c5c6&#8243;][ttdirectory_products carousel_columns=\u00bb4&#8243; style=\u00bb1&#8243;][ttdirectory_product_applicators post_applicator=\u00bb15404&#8243;][ttdirectory_product_applicators post_applicator=\u00bb11551&#8243;][ttdirectory_product_applicators post_applicator=\u00bb15435&#8243;][ttdirectory_product_applicators post_applicator=\u00bb15440&#8243;][ttdirectory_product_applicators post_applicator=\u00bb11320&#8243;][ttdirectory_product_applicators post_applicator=\u00bb15438&#8243;][\/ttdirectory_products][\/vc_tta_section][\/vc_tta_tabs][\/vc_column][\/vc_row][vc_row row_layout=\u00bbfull\u00bb row_spacing=\u00bbspacing-v-none\u00bb][vc_column width=\u00bb1\/1&#8243;][CtaModule cta_item=\u00bb14808&#8243;][\/vc_column][\/vc_row][vc_row row_layout=\u00bbfull\u00bb row_spacing=\u00bbspacing-v-none\u00bb][vc_column width=\u00bb1\/1&#8243;][CtaModule cta_item=\u00bb30384&#8243;][\/vc_column][\/vc_row]<\/p>\n","protected":false},"excerpt":{"rendered":"<p>Aplicaci\u00f3n de adhesivos de alta velocidad en encuadernaci\u00f3n y manipulados de papel<\/p>\n","protected":false},"author":2,"featured_media":16273,"parent":12018,"menu_order":185,"comment_status":"closed","ping_status":"closed","template":"","meta":[],"yoast_head":"<!-- This site is optimized with the Yoast SEO plugin v20.3 - https:\/\/yoast.com\/wordpress\/plugins\/seo\/ -->\n<title>Soluciones para la aplicaci\u00f3n de hot melt en artes gr\u00e1ficas y converting - Meler<\/title>\n<meta name=\"description\" content=\"Aplicaci\u00f3n Meler de adhesivo hot melt para la industria de artes gr\u00e1ficas: encuadernaci\u00f3n, embalajes de cart\u00f3n, ondulado, manufactura de sobres, bolsas o sacos.\" \/>\n<meta name=\"robots\" content=\"index, follow, max-snippet:-1, max-image-preview:large, max-video-preview:-1\" \/>\n<link rel=\"canonical\" href=\"https:\/\/www.meler.cn\/es\/industrias\/sistemas-hot-melt-para-artes-graficas\/\" \/>\n<meta property=\"og:locale\" content=\"es_ES\" \/>\n<meta property=\"og:type\" content=\"article\" \/>\n<meta property=\"og:title\" content=\"Soluciones para la aplicaci\u00f3n de hot melt en artes gr\u00e1ficas y converting - Meler\" \/>\n<meta property=\"og:description\" content=\"Aplicaci\u00f3n Meler de adhesivo hot melt para la industria de artes gr\u00e1ficas: encuadernaci\u00f3n, embalajes de cart\u00f3n, ondulado, manufactura de sobres, bolsas o sacos.\" \/>\n<meta property=\"og:url\" content=\"https:\/\/www.meler.cn\/es\/industrias\/sistemas-hot-melt-para-artes-graficas\/\" \/>\n<meta property=\"og:site_name\" content=\"Meler\" \/>\n<meta property=\"article:modified_time\" content=\"2025-01-21T13:17:56+00:00\" \/>\n<meta property=\"og:image\" content=\"https:\/\/20097.ttandemdigital.com\/media\/header-industrias-artes-graficas-meler.png\" \/>\n\t<meta property=\"og:image:width\" content=\"1920\" \/>\n\t<meta property=\"og:image:height\" content=\"780\" \/>\n\t<meta property=\"og:image:type\" content=\"image\/png\" \/>\n<meta name=\"twitter:card\" content=\"summary_large_image\" \/>\n<meta name=\"twitter:label1\" content=\"Tiempo de lectura\" \/>\n\t<meta name=\"twitter:data1\" content=\"2 minutos\" \/>\n<script type=\"application\/ld+json\" class=\"yoast-schema-graph\">{\"@context\":\"https:\/\/schema.org\",\"@graph\":[{\"@type\":\"WebPage\",\"@id\":\"https:\/\/www.meler.cn\/es\/industrias\/sistemas-hot-melt-para-artes-graficas\/\",\"url\":\"https:\/\/www.meler.cn\/es\/industrias\/sistemas-hot-melt-para-artes-graficas\/\",\"name\":\"Soluciones para la aplicaci\u00f3n de hot melt en artes gr\u00e1ficas y converting - Meler\",\"isPartOf\":{\"@id\":\"https:\/\/www.meler.cn\/es\/#website\"},\"datePublished\":\"2022-11-30T15:40:09+00:00\",\"dateModified\":\"2025-01-21T13:17:56+00:00\",\"description\":\"Aplicaci\u00f3n Meler de adhesivo hot melt para la industria de artes gr\u00e1ficas: encuadernaci\u00f3n, embalajes de cart\u00f3n, ondulado, manufactura de sobres, bolsas o sacos.\",\"breadcrumb\":{\"@id\":\"https:\/\/www.meler.cn\/es\/industrias\/sistemas-hot-melt-para-artes-graficas\/#breadcrumb\"},\"inLanguage\":\"es\",\"potentialAction\":[{\"@type\":\"ReadAction\",\"target\":[\"https:\/\/www.meler.cn\/es\/industrias\/sistemas-hot-melt-para-artes-graficas\/\"]}]},{\"@type\":\"BreadcrumbList\",\"@id\":\"https:\/\/www.meler.cn\/es\/industrias\/sistemas-hot-melt-para-artes-graficas\/#breadcrumb\",\"itemListElement\":[{\"@type\":\"ListItem\",\"position\":1,\"name\":\"Portada\",\"item\":\"https:\/\/www.meler.cn\/es\/\"},{\"@type\":\"ListItem\",\"position\":2,\"name\":\"Industrias\",\"item\":\"https:\/\/20097.ttandemdigital.com\/es\/industrias\/\"},{\"@type\":\"ListItem\",\"position\":3,\"name\":\"Sistemas hot melt para artes gr\u00e1ficas\"}]},{\"@type\":\"WebSite\",\"@id\":\"https:\/\/www.meler.cn\/es\/#website\",\"url\":\"https:\/\/www.meler.cn\/es\/\",\"name\":\"Meler\",\"description\":\"Just another WordPress site\",\"potentialAction\":[{\"@type\":\"SearchAction\",\"target\":{\"@type\":\"EntryPoint\",\"urlTemplate\":\"https:\/\/www.meler.cn\/es\/?s={search_term_string}\"},\"query-input\":\"required name=search_term_string\"}],\"inLanguage\":\"es\"}]}<\/script>\n<!-- \/ Yoast SEO plugin. -->","yoast_head_json":{"title":"Soluciones para la aplicaci\u00f3n de hot melt en artes gr\u00e1ficas y converting - Meler","description":"Aplicaci\u00f3n Meler de adhesivo hot melt para la industria de artes gr\u00e1ficas: encuadernaci\u00f3n, embalajes de cart\u00f3n, ondulado, manufactura de sobres, bolsas o sacos.","robots":{"index":"index","follow":"follow","max-snippet":"max-snippet:-1","max-image-preview":"max-image-preview:large","max-video-preview":"max-video-preview:-1"},"canonical":"https:\/\/www.meler.cn\/es\/industrias\/sistemas-hot-melt-para-artes-graficas\/","og_locale":"es_ES","og_type":"article","og_title":"Soluciones para la aplicaci\u00f3n de hot melt en artes gr\u00e1ficas y converting - Meler","og_description":"Aplicaci\u00f3n Meler de adhesivo hot melt para la industria de artes gr\u00e1ficas: encuadernaci\u00f3n, embalajes de cart\u00f3n, ondulado, manufactura de sobres, bolsas o sacos.","og_url":"https:\/\/www.meler.cn\/es\/industrias\/sistemas-hot-melt-para-artes-graficas\/","og_site_name":"Meler","article_modified_time":"2025-01-21T13:17:56+00:00","og_image":[{"width":1920,"height":780,"url":"https:\/\/20097.ttandemdigital.com\/media\/header-industrias-artes-graficas-meler.png","type":"image\/png"}],"twitter_card":"summary_large_image","twitter_misc":{"Tiempo de lectura":"2 minutos"},"schema":{"@context":"https:\/\/schema.org","@graph":[{"@type":"WebPage","@id":"https:\/\/www.meler.cn\/es\/industrias\/sistemas-hot-melt-para-artes-graficas\/","url":"https:\/\/www.meler.cn\/es\/industrias\/sistemas-hot-melt-para-artes-graficas\/","name":"Soluciones para la aplicaci\u00f3n de hot melt en artes gr\u00e1ficas y converting - Meler","isPartOf":{"@id":"https:\/\/www.meler.cn\/es\/#website"},"datePublished":"2022-11-30T15:40:09+00:00","dateModified":"2025-01-21T13:17:56+00:00","description":"Aplicaci\u00f3n Meler de adhesivo hot melt para la industria de artes gr\u00e1ficas: encuadernaci\u00f3n, embalajes de cart\u00f3n, ondulado, manufactura de sobres, bolsas o sacos.","breadcrumb":{"@id":"https:\/\/www.meler.cn\/es\/industrias\/sistemas-hot-melt-para-artes-graficas\/#breadcrumb"},"inLanguage":"es","potentialAction":[{"@type":"ReadAction","target":["https:\/\/www.meler.cn\/es\/industrias\/sistemas-hot-melt-para-artes-graficas\/"]}]},{"@type":"BreadcrumbList","@id":"https:\/\/www.meler.cn\/es\/industrias\/sistemas-hot-melt-para-artes-graficas\/#breadcrumb","itemListElement":[{"@type":"ListItem","position":1,"name":"Portada","item":"https:\/\/www.meler.cn\/es\/"},{"@type":"ListItem","position":2,"name":"Industrias","item":"https:\/\/20097.ttandemdigital.com\/es\/industrias\/"},{"@type":"ListItem","position":3,"name":"Sistemas hot melt para artes gr\u00e1ficas"}]},{"@type":"WebSite","@id":"https:\/\/www.meler.cn\/es\/#website","url":"https:\/\/www.meler.cn\/es\/","name":"Meler","description":"Just another WordPress site","potentialAction":[{"@type":"SearchAction","target":{"@type":"EntryPoint","urlTemplate":"https:\/\/www.meler.cn\/es\/?s={search_term_string}"},"query-input":"required name=search_term_string"}],"inLanguage":"es"}]}},"_links":{"self":[{"href":"https:\/\/www.meler.cn\/es\/wp-json\/wp\/v2\/pages\/12022"}],"collection":[{"href":"https:\/\/www.meler.cn\/es\/wp-json\/wp\/v2\/pages"}],"about":[{"href":"https:\/\/www.meler.cn\/es\/wp-json\/wp\/v2\/types\/page"}],"author":[{"embeddable":true,"href":"https:\/\/www.meler.cn\/es\/wp-json\/wp\/v2\/users\/2"}],"replies":[{"embeddable":true,"href":"https:\/\/www.meler.cn\/es\/wp-json\/wp\/v2\/comments?post=12022"}],"version-history":[{"count":24,"href":"https:\/\/www.meler.cn\/es\/wp-json\/wp\/v2\/pages\/12022\/revisions"}],"predecessor-version":[{"id":34390,"href":"https:\/\/www.meler.cn\/es\/wp-json\/wp\/v2\/pages\/12022\/revisions\/34390"}],"up":[{"embeddable":true,"href":"https:\/\/www.meler.cn\/es\/wp-json\/wp\/v2\/pages\/12018"}],"wp:featuredmedia":[{"embeddable":true,"href":"https:\/\/www.meler.cn\/es\/wp-json\/wp\/v2\/media\/16273"}],"wp:attachment":[{"href":"https:\/\/www.meler.cn\/es\/wp-json\/wp\/v2\/media?parent=12022"}],"curies":[{"name":"wp","href":"https:\/\/api.w.org\/{rel}","templated":true}]}}