




















{"id":11761,"date":"2022-11-28T14:58:46","date_gmt":"2022-11-28T14:58:46","guid":{"rendered":"https:\/\/www.meler.eu\/?page_id=11761"},"modified":"2025-01-27T13:23:41","modified_gmt":"2025-01-27T13:23:41","slug":"tecnologia-foam","status":"publish","type":"page","link":"https:\/\/www.meler.cn\/es\/servicios\/tecnologia-foam\/","title":{"rendered":"Tecnolog\u00eda Foam"},"content":{"rendered":"<p>[vc_row bg_image_position=\u00bb0 100%\u00bb row_vertical_align=\u00bbvalign-middle\u00bb el_class=\u00bbreverse-column-mobile\u00bb][vc_column row_spacing_h=\u00bbleft-spacing\u00bb width=\u00bb1\/1&#8243;][text]<\/p>\n<h2 class=\"txt-center style-01\"><strong>La magia de conseguir m\u00e1s<br \/>\nde la manera m\u00e1s sencilla<\/strong><\/h2>\n<p>[\/text][\/vc_column][\/vc_row][vc_row row_vertical_align=\u00bbvalign-middle\u00bb el_class=\u00bbreverse-column-mobile\u00bb][vc_column width=\u00bb1\/2&#8243;][single_image image=\u00bb34433&#8243;][\/vc_column][vc_column row_spacing_h=\u00bbleft-spacing\u00bb width=\u00bb1\/2&#8243;][text]<\/p>\n<p class=\"summary\">Foam de la manera m\u00e1s f\u00e1cil<\/p>\n<p>La creaci\u00f3n de la tecnolog\u00eda Foam de Meler nace bajo el compromiso del dise\u00f1o y fabricaci\u00f3n de soluciones con criterios de sostenibilidad y optimizaci\u00f3n de recursos. Unas premisas que convierten a esta tecnolog\u00eda en el sistema de aplicaci\u00f3n m\u00e1s sencillo de usar y mantener del mercado.[\/text][\/vc_column][\/vc_row][vc_row row_vertical_align=\u00bbvalign-middle\u00bb el_class=\u00bbreverse-column-mobile\u00bb][vc_column row_spacing_h=\u00bbleft-spacing\u00bb width=\u00bb1\/2&#8243;][text]<\/p>\n<p class=\"summary\">Conseguir m\u00e1s necesitando menos<\/p>\n<p>La tecnolog\u00eda Foam de Meler promete una reducci\u00f3n del consumo de adhesivo de hasta un 50% ofreciendo una optimizaci\u00f3n de las prestaciones con una alta calidad de la espuma y una mejora sustancial en la eficiencia energ\u00e9tica.[\/text][\/vc_column][vc_column width=\u00bb1\/2&#8243;][single_image image=\u00bb34592&#8243;][\/vc_column][\/vc_row][vc_row bg_image_position=\u00bb0 100%\u00bb row_vertical_align=\u00bbvalign-middle\u00bb el_class=\u00bbreverse-column-mobile\u00bb][vc_column row_spacing_h=\u00bbleft-spacing\u00bb width=\u00bb1\/1&#8243;][text]<\/p>\n<h2 class=\"txt-center style-01\">Especificaciones t\u00e9cnicas<\/h2>\n<p>[\/text][\/vc_column][\/vc_row][vc_row bg_image_position=\u00bb50% 0&#8243;][vc_column width=\u00bb1\/1&#8243;][ttdirectory_products carousel_columns=\u00bb4&#8243; style=\u00bb1&#8243; position=\u00bbposition_center\u00bb][ttdirectory_product_manual title=\u00bbBomba\u00bb tt_product_grid_hover=\u00bbLa bomba debe girar a una velocidad superior a 15-20 rpm para garantizar una buena mezcla de los componentes.\u00bb tt_product_grid_img=\u00bb34642&#8243;][ttdirectory_product_manual title=\u00bbPresi\u00f3n\u00bb tt_product_grid_hover=\u00bbLa presi\u00f3n del gas debe ser lo m\u00e1s alta posible para que las burbujas se mezclen mejor en el adhesivo.\u00bb tt_product_grid_img=\u00bb34652&#8243;][ttdirectory_product_manual title=\u00bbModo dual\u00bb tt_product_grid_hover=\u00bbModo dual: posibilidad de trabajar con presi\u00f3n o rpm.\u00bb tt_product_grid_img=\u00bb34647&#8243;][\/ttdirectory_products][\/vc_column][\/vc_row][vc_row bg_image_position=\u00bb0 100%\u00bb row_vertical_align=\u00bbvalign-middle\u00bb el_class=\u00bbreverse-column-mobile\u00bb][vc_column row_spacing_h=\u00bbleft-spacing\u00bb width=\u00bb1\/1&#8243;][text]<\/p>\n<h2 class=\"txt-center style-01\">\u00bfCu\u00e1les son las aplicaciones del Foam?<\/h2>\n<p>[\/text][\/vc_column][\/vc_row][vc_row row_spacing=\u00bbtop-spacing bottom-spacing\u00bb row_slide=\u00bbyes\u00bb el_class=\u00bbbg-line\u00bb][vc_column width=\u00bb1\/1&#8243;][vc_row_inner el_class=\u00bbreverse-column-mobile\u00bb][vc_column_inner width=\u00bb1\/2&#8243;][single_image image=\u00bb16498&#8243;][\/vc_column_inner][vc_column_inner width=\u00bb1\/2&#8243; row_spacing_h=\u00bbleft-spacing\u00bb][text]<\/p>\n<h2 class=\"style-02\">Automoci\u00f3n<\/h2>\n<p>La tecnolog\u00eda Foam est\u00e1 presente en las l\u00edneas de fabricaci\u00f3n robotizadas para el ensamblaje de distintos componentes de veh\u00edculos, como paneles de puertas o salpicaderos.[\/text][\/vc_column_inner][\/vc_row_inner][vc_row_inner el_class=\u00bbreverse-column-mobile\u00bb][vc_column_inner width=\u00bb1\/2&#8243;][single_image image=\u00bb16508&#8243;][\/vc_column_inner][vc_column_inner width=\u00bb1\/2&#8243; row_spacing_h=\u00bbleft-spacing\u00bb][text]<\/p>\n<h2 class=\"style-02\">L\u00ednea blanca<\/h2>\n<p>La aplicaci\u00f3n de Foam es uno de los procesos de producci\u00f3n m\u00e1s importantes en las l\u00edneas de fabricaci\u00f3n del sector de los electrodom\u00e9sticos en todo el mundo.[\/text][\/vc_column_inner][\/vc_row_inner][vc_row_inner el_class=\u00bbreverse-column-mobile\u00bb][vc_column_inner width=\u00bb1\/2&#8243;][single_image image=\u00bb34444&#8243;][\/vc_column_inner][vc_column_inner width=\u00bb1\/2&#8243; row_spacing_h=\u00bbleft-spacing\u00bb][text]<\/p>\n<h2 class=\"style-02\">Filtros<\/h2>\n<p>La aplicaci\u00f3n de filtros Foam en filtros es muy com\u00fan teniendo como objetivo principal el uso de adhesivo durante la fabricaci\u00f3n del filtro.[\/text][\/vc_column_inner][\/vc_row_inner][vc_row_inner el_class=\u00bbreverse-column-mobile\u00bb][vc_column_inner width=\u00bb1\/2&#8243;][single_image image=\u00bb34457&#8243;][\/vc_column_inner][vc_column_inner width=\u00bb1\/2&#8243; row_spacing_h=\u00bbleft-spacing\u00bb][text]<\/p>\n<h2 class=\"style-02\">Colchones<\/h2>\n<p>El innovador sistema de Meler ofrece un control preciso sobre la aplicaci\u00f3n de foam en la industria del colch\u00f3n, al tiempo que disminuye el uso de adhesivo en las diferentes capas del colch\u00f3n.[\/text][\/vc_column_inner][\/vc_row_inner][vc_row_inner el_class=\u00bbreverse-column-mobile\u00bb][vc_column_inner width=\u00bb1\/2&#8243;][single_image image=\u00bb34469&#8243;][\/vc_column_inner][vc_column_inner width=\u00bb1\/2&#8243; row_spacing_h=\u00bbleft-spacing\u00bb][text]<\/p>\n<h2 class=\"style-02\">Packaging<\/h2>\n<p>El Foam en la industria del embalaje ofrece una aplicaci\u00f3n precisa en latas, botellas de pl\u00e1stico y cajas agr\u00edcolas evitando, as\u00ed, envoltorios adicionales y reduciendo la cantidad de adhesivo utilizado.[\/text][\/vc_column_inner][\/vc_row_inner][\/vc_column][\/vc_row][vc_row row_layout=\u00bbfull\u00bb bg_image_position=\u00bb50% 0&#8243; row_spacing=\u00bbspacing-v-none\u00bb][vc_column row_spacing=\u00bbspacing-v-none\u00bb width=\u00bb1\/1&#8243;][CtaModule cta_item=\u00bb34777&#8243;][\/vc_column][\/vc_row][vc_row row_bg_color=\u00bbbg-04&#8243; row_spacing=\u00bbtop-spacing bottom-spacing\u00bb][vc_column width=\u00bb1\/1&#8243;][text]<\/p>\n<h2 class=\"txt-center\">VENTAJAS <strong>PRODUCTIVAS DEL FOAM<\/strong><\/h2>\n<p>[\/text][ttdirectory_icons carousel_columns=\u00bb3&#8243;][ttdirectory_icon title=\u00bbReducci\u00f3n del consumo de adhesivo\u00bb image=\u00bb16553&#8243;][\/ttdirectory_icon][ttdirectory_icon title=\u00bbLa m\u00e1s alta calidad del foam\u00bb image=\u00bb16558&#8243;][\/ttdirectory_icon][ttdirectory_icon title=\u00bbAumento de volumen\u00bb image=\u00bb16543&#8243;][\/ttdirectory_icon][ttdirectory_icon title=\u00bbRapidez de ajuste\u00bb image=\u00bb34075&#8243;][\/ttdirectory_icon][ttdirectory_icon title=\u00bbAplicaci\u00f3n vertical\u00bb image=\u00bb16568&#8243;][\/ttdirectory_icon][ttdirectory_icon title=\u00bbAdhesivos PUR\u00bb image=\u00bb14050&#8243;][\/ttdirectory_icon][\/ttdirectory_icons][\/vc_column][\/vc_row][vc_row row_layout=\u00bbfull\u00bb row_spacing=\u00bbtop-spacing bottom-spacing-0&#8243;][vc_column width=\u00bb1\/1&#8243;][ttdirectory_gallery carousel_columns=\u00bb4&#8243; gallery_type=\u00bbstyle-01&#8243; gallery_carousel=\u00bbslide\u00bb][single_image image=\u00bb16518&#8243;][single_image image=\u00bb16523&#8243;][single_image image=\u00bb16528&#8243;][single_image image=\u00bb16533&#8243;][\/ttdirectory_gallery][\/vc_column][\/vc_row][vc_row row_bg_color=\u00bbbg-04&#8243; row_spacing=\u00bbtop-spacing bottom-spacing\u00bb el_class=\u00bbprueba\u00bb][vc_column width=\u00bb1\/1&#8243;][text]<\/p>\n<h2 class=\"txt-center style-0\">Nuestros equipos especializados<br \/>\npara adhesivos foamizados<\/h2>\n<p>[\/text][vc_tta_tabs alignment=\u00bbcenter\u00bb active_section=\u00bb1&#8243;][vc_tta_section title=\u00bbFusores\u00bb tab_id=\u00bb1669110706745-fc45a3eb-9b01&#8243;][ttdirectory_products carousel_columns=\u00bb4&#8243; style=\u00bb1&#8243;][ttdirectory_product_melters post_melter=\u00bb14850&#8243;][ttdirectory_product_melters post_melter=\u00bb14851&#8243;][ttdirectory_product_melters post_melter=\u00bb14852&#8243;][ttdirectory_product_melters post_melter=\u00bb14853&#8243;][\/ttdirectory_products][\/vc_tta_section][vc_tta_section title=\u00bbAplicadores\u00bb tab_id=\u00bb1669111097506-b85f473d-ec34&#8243;][ttdirectory_products carousel_columns=\u00bb4&#8243; style=\u00bb1&#8243;][ttdirectory_product_applicators post_applicator=\u00bb15431&#8243;][ttdirectory_product_applicators post_applicator=\u00bb15435&#8243;][ttdirectory_product_applicators post_applicator=\u00bb15438&#8243;][\/ttdirectory_products][\/vc_tta_section][vc_tta_section title=\u00bbMangueras Arion\u00bb tab_id=\u00bb1669648013919-2ea024b1-25b8&#8243;][ttdirectory_products carousel_columns=\u00bb4&#8243; style=\u00bb1&#8243;][ttdirectory_product_hoses post_hoses=\u00bb33919&#8243;][\/ttdirectory_products][\/vc_tta_section][\/vc_tta_tabs][\/vc_column][\/vc_row][vc_row][vc_column width=\u00bb1\/1&#8243;][video_youtube video_image=\u00bb28952&#8243; video_url=\u00bbhttps:\/\/www.youtube.com\/watch?v=5wsNuQdWTxw&amp;t=1s\u00bb][\/vc_column][\/vc_row][vc_row row_layout=\u00bbfull\u00bb bg_image_position=\u00bb50% 0&#8243; row_spacing=\u00bbspacing-v-none\u00bb][vc_column width=\u00bb1\/1&#8243;][CtaModule cta_item=\u00bb14808&#8243;][\/vc_column][\/vc_row][vc_row row_layout=\u00bbfull\u00bb bg_image_position=\u00bb50% 0&#8243; row_spacing=\u00bbspacing-v-none\u00bb][vc_column width=\u00bb1\/1&#8243;][CtaModule cta_item=\u00bb11992&#8243;][\/vc_column][\/vc_row]<\/p>\n","protected":false},"excerpt":{"rendered":"<p>[vc_row bg_image_position=\u00bb0 100%\u00bb row_vertical_align=\u00bbvalign-middle\u00bb el_class=\u00bbreverse-column-mobile\u00bb][vc_column row_spacing_h=\u00bbleft-spacing\u00bb width=\u00bb1\/1&#8243;][text] La magia de conseguir m\u00e1s de la manera m\u00e1s sencilla [\/text][\/vc_column][\/vc_row][vc_row row_vertical_align=\u00bbvalign-middle\u00bb el_class=\u00bbreverse-column-mobile\u00bb][vc_column width=\u00bb1\/2&#8243;][single_image image=\u00bb34433&#8243;][\/vc_column][vc_column row_spacing_h=\u00bbleft-spacing\u00bb width=\u00bb1\/2&#8243;][text] Foam de la manera m\u00e1s f\u00e1cil La creaci\u00f3n de la tecnolog\u00eda Foam de Meler nace bajo el compromiso del dise\u00f1o y fabricaci\u00f3n de soluciones con criterios de sostenibilidad y optimizaci\u00f3n de [&hellip;]<\/p>\n","protected":false},"author":2,"featured_media":16493,"parent":816,"menu_order":99,"comment_status":"closed","ping_status":"closed","template":"","meta":[],"yoast_head":"<!-- This site is optimized with the Yoast SEO plugin v20.3 - https:\/\/yoast.com\/wordpress\/plugins\/seo\/ -->\n<title>Tecnolog\u00eda FOAM - Meler<\/title>\n<meta name=\"description\" content=\"Comprometidos con el dise\u00f1o y fabricaci\u00f3n de soluciones duraderas con criterios de sostenibilidad y optimizaci\u00f3n de recursos.\" \/>\n<meta name=\"robots\" content=\"index, follow, max-snippet:-1, max-image-preview:large, max-video-preview:-1\" \/>\n<link rel=\"canonical\" href=\"https:\/\/www.meler.cn\/es\/servicios\/tecnologia-foam\/\" \/>\n<meta property=\"og:locale\" content=\"es_ES\" \/>\n<meta property=\"og:type\" content=\"article\" \/>\n<meta property=\"og:title\" content=\"Tecnolog\u00eda FOAM - Meler\" \/>\n<meta property=\"og:description\" content=\"Comprometidos con el dise\u00f1o y fabricaci\u00f3n de soluciones duraderas con criterios de sostenibilidad y optimizaci\u00f3n de recursos.\" \/>\n<meta property=\"og:url\" content=\"https:\/\/www.meler.cn\/es\/servicios\/tecnologia-foam\/\" \/>\n<meta property=\"og:site_name\" content=\"Meler\" \/>\n<meta property=\"article:modified_time\" content=\"2025-01-27T13:23:41+00:00\" \/>\n<meta property=\"og:image\" content=\"https:\/\/20097.ttandemdigital.com\/media\/header-servicios-tec-foam-meler.png\" \/>\n\t<meta property=\"og:image:width\" content=\"1920\" \/>\n\t<meta property=\"og:image:height\" content=\"780\" \/>\n\t<meta property=\"og:image:type\" content=\"image\/png\" \/>\n<meta name=\"twitter:card\" content=\"summary_large_image\" \/>\n<meta name=\"twitter:label1\" content=\"Tiempo de lectura\" \/>\n\t<meta name=\"twitter:data1\" content=\"3 minutos\" \/>\n<script type=\"application\/ld+json\" class=\"yoast-schema-graph\">{\"@context\":\"https:\/\/schema.org\",\"@graph\":[{\"@type\":\"WebPage\",\"@id\":\"https:\/\/www.meler.cn\/es\/servicios\/tecnologia-foam\/\",\"url\":\"https:\/\/www.meler.cn\/es\/servicios\/tecnologia-foam\/\",\"name\":\"Tecnolog\u00eda FOAM - Meler\",\"isPartOf\":{\"@id\":\"https:\/\/www.meler.cn\/es\/#website\"},\"datePublished\":\"2022-11-28T14:58:46+00:00\",\"dateModified\":\"2025-01-27T13:23:41+00:00\",\"description\":\"Comprometidos con el dise\u00f1o y fabricaci\u00f3n de soluciones duraderas con criterios de sostenibilidad y optimizaci\u00f3n de recursos.\",\"breadcrumb\":{\"@id\":\"https:\/\/www.meler.cn\/es\/servicios\/tecnologia-foam\/#breadcrumb\"},\"inLanguage\":\"es\",\"potentialAction\":[{\"@type\":\"ReadAction\",\"target\":[\"https:\/\/www.meler.cn\/es\/servicios\/tecnologia-foam\/\"]}]},{\"@type\":\"BreadcrumbList\",\"@id\":\"https:\/\/www.meler.cn\/es\/servicios\/tecnologia-foam\/#breadcrumb\",\"itemListElement\":[{\"@type\":\"ListItem\",\"position\":1,\"name\":\"Portada\",\"item\":\"https:\/\/www.meler.cn\/es\/\"},{\"@type\":\"ListItem\",\"position\":2,\"name\":\"Servicios\",\"item\":\"https:\/\/20097.ttandemdigital.com\/es\/servicios\/\"},{\"@type\":\"ListItem\",\"position\":3,\"name\":\"Tecnolog\u00eda Foam\"}]},{\"@type\":\"WebSite\",\"@id\":\"https:\/\/www.meler.cn\/es\/#website\",\"url\":\"https:\/\/www.meler.cn\/es\/\",\"name\":\"Meler\",\"description\":\"Just another WordPress site\",\"potentialAction\":[{\"@type\":\"SearchAction\",\"target\":{\"@type\":\"EntryPoint\",\"urlTemplate\":\"https:\/\/www.meler.cn\/es\/?s={search_term_string}\"},\"query-input\":\"required name=search_term_string\"}],\"inLanguage\":\"es\"}]}<\/script>\n<!-- \/ Yoast SEO plugin. -->","yoast_head_json":{"title":"Tecnolog\u00eda FOAM - Meler","description":"Comprometidos con el dise\u00f1o y fabricaci\u00f3n de soluciones duraderas con criterios de sostenibilidad y optimizaci\u00f3n de recursos.","robots":{"index":"index","follow":"follow","max-snippet":"max-snippet:-1","max-image-preview":"max-image-preview:large","max-video-preview":"max-video-preview:-1"},"canonical":"https:\/\/www.meler.cn\/es\/servicios\/tecnologia-foam\/","og_locale":"es_ES","og_type":"article","og_title":"Tecnolog\u00eda FOAM - Meler","og_description":"Comprometidos con el dise\u00f1o y fabricaci\u00f3n de soluciones duraderas con criterios de sostenibilidad y optimizaci\u00f3n de recursos.","og_url":"https:\/\/www.meler.cn\/es\/servicios\/tecnologia-foam\/","og_site_name":"Meler","article_modified_time":"2025-01-27T13:23:41+00:00","og_image":[{"width":1920,"height":780,"url":"https:\/\/20097.ttandemdigital.com\/media\/header-servicios-tec-foam-meler.png","type":"image\/png"}],"twitter_card":"summary_large_image","twitter_misc":{"Tiempo de lectura":"3 minutos"},"schema":{"@context":"https:\/\/schema.org","@graph":[{"@type":"WebPage","@id":"https:\/\/www.meler.cn\/es\/servicios\/tecnologia-foam\/","url":"https:\/\/www.meler.cn\/es\/servicios\/tecnologia-foam\/","name":"Tecnolog\u00eda FOAM - Meler","isPartOf":{"@id":"https:\/\/www.meler.cn\/es\/#website"},"datePublished":"2022-11-28T14:58:46+00:00","dateModified":"2025-01-27T13:23:41+00:00","description":"Comprometidos con el dise\u00f1o y fabricaci\u00f3n de soluciones duraderas con criterios de sostenibilidad y optimizaci\u00f3n de recursos.","breadcrumb":{"@id":"https:\/\/www.meler.cn\/es\/servicios\/tecnologia-foam\/#breadcrumb"},"inLanguage":"es","potentialAction":[{"@type":"ReadAction","target":["https:\/\/www.meler.cn\/es\/servicios\/tecnologia-foam\/"]}]},{"@type":"BreadcrumbList","@id":"https:\/\/www.meler.cn\/es\/servicios\/tecnologia-foam\/#breadcrumb","itemListElement":[{"@type":"ListItem","position":1,"name":"Portada","item":"https:\/\/www.meler.cn\/es\/"},{"@type":"ListItem","position":2,"name":"Servicios","item":"https:\/\/20097.ttandemdigital.com\/es\/servicios\/"},{"@type":"ListItem","position":3,"name":"Tecnolog\u00eda Foam"}]},{"@type":"WebSite","@id":"https:\/\/www.meler.cn\/es\/#website","url":"https:\/\/www.meler.cn\/es\/","name":"Meler","description":"Just another WordPress site","potentialAction":[{"@type":"SearchAction","target":{"@type":"EntryPoint","urlTemplate":"https:\/\/www.meler.cn\/es\/?s={search_term_string}"},"query-input":"required name=search_term_string"}],"inLanguage":"es"}]}},"_links":{"self":[{"href":"https:\/\/www.meler.cn\/es\/wp-json\/wp\/v2\/pages\/11761"}],"collection":[{"href":"https:\/\/www.meler.cn\/es\/wp-json\/wp\/v2\/pages"}],"about":[{"href":"https:\/\/www.meler.cn\/es\/wp-json\/wp\/v2\/types\/page"}],"author":[{"embeddable":true,"href":"https:\/\/www.meler.cn\/es\/wp-json\/wp\/v2\/users\/2"}],"replies":[{"embeddable":true,"href":"https:\/\/www.meler.cn\/es\/wp-json\/wp\/v2\/comments?post=11761"}],"version-history":[{"count":116,"href":"https:\/\/www.meler.cn\/es\/wp-json\/wp\/v2\/pages\/11761\/revisions"}],"predecessor-version":[{"id":34802,"href":"https:\/\/www.meler.cn\/es\/wp-json\/wp\/v2\/pages\/11761\/revisions\/34802"}],"up":[{"embeddable":true,"href":"https:\/\/www.meler.cn\/es\/wp-json\/wp\/v2\/pages\/816"}],"wp:featuredmedia":[{"embeddable":true,"href":"https:\/\/www.meler.cn\/es\/wp-json\/wp\/v2\/media\/16493"}],"wp:attachment":[{"href":"https:\/\/www.meler.cn\/es\/wp-json\/wp\/v2\/media?parent=11761"}],"curies":[{"name":"wp","href":"https:\/\/api.w.org\/{rel}","templated":true}]}}