




















{"id":11692,"date":"2022-11-28T11:08:11","date_gmt":"2022-11-28T11:08:11","guid":{"rendered":"https:\/\/www.meler.eu\/?page_id=11692"},"modified":"2024-04-09T09:29:37","modified_gmt":"2024-04-09T09:29:37","slug":"trabaja-con-nosotros","status":"publish","type":"page","link":"https:\/\/www.meler.cn\/es\/meler\/trabaja-con-nosotros\/","title":{"rendered":"Meler Careers"},"content":{"rendered":"<p>[vc_row bg_image_position=\u00bb0 100%\u00bb row_vertical_align=\u00bbvalign-middle\u00bb el_class=\u00bbreverse-column-mobile\u00bb][vc_column row_spacing_h=\u00bbleft-spacing\u00bb width=\u00bb1\/1&#8243;][text]<\/p>\n<h2 class=\"txt-center style-01\"><strong>\u00a1\u00danete a nosotros!<\/strong><\/h2>\n<p class=\"txt-width txt-center\">En Meler siempre buscamos el mejor talento<\/p>\n<p class=\"txt-center\"><a class=\"button\" href=\"https:\/\/www.meler.cn\/es\/meler\/trabaja-con-nosotros\/vacantes-disponibles\/\">Vacantes disponibles<\/a><\/p>\n<p>[\/text][\/vc_column][\/vc_row][vc_row row_vertical_align=\u00bbvalign-middle\u00bb el_class=\u00bbbg-line-start\u00bb][vc_column row_spacing_h=\u00bbright-spacing\u00bb width=\u00bb1\/2&#8243;][text]<\/p>\n<h2 class=\"summary txt-width style-0 style-03\">Buscamos siempre la excelencia<\/h2>\n<p>[\/text][text]Nuestros m\u00e1s de 40 a\u00f1os de experiencia en el sector nos han convertido en especialistas en el desarrollo y mejora de procesos de adhesivado. Ayudamos a que nuestros clientes consigan sus objetivos a trav\u00e9s de una ingenier\u00eda personalizada enfocada, siempre, en la mejora de todos y cada uno de los procesos.[\/text][\/vc_column][vc_column width=\u00bb1\/2&#8243;][single_image image=\u00bb14350&#8243;][\/vc_column][\/vc_row][vc_row row_vertical_align=\u00bbvalign-middle\u00bb el_class=\u00bbbg-line-med reverse-column-mobile\u00bb][vc_column width=\u00bb1\/2&#8243;][single_image image=\u00bb14345&#8243;][\/vc_column][vc_column row_spacing_h=\u00bbleft-spacing\u00bb width=\u00bb1\/2&#8243;][text]<\/p>\n<h2 class=\"summary style-0 style-03 txt-width\">Tenemos un impacto real<\/h2>\n<p>[\/text][text]Mejoramos diariamente la producci\u00f3n de miles de empresas. Optimizamos procesos y los hacemos m\u00e1s f\u00e1ciles para que nuestros clientes puedan centrarse en lo verdaderamente importante: su producci\u00f3n.[\/text][\/vc_column][\/vc_row][vc_row row_vertical_align=\u00bbvalign-middle\u00bb el_class=\u00bbbg-line-end\u00bb][vc_column row_spacing_h=\u00bbright-spacing\u00bb width=\u00bb1\/2&#8243;][text]<\/p>\n<h2 class=\"summary style-0 style-03 txt-width\">Aprendemos cada d\u00eda<\/h2>\n<p>[\/text][text]Ofrecemos soluciones de adhesivado completas con la ayuda de un equipo humano incansable que busca, siempre, la mejor soluci\u00f3n. Compartimos ideas y aprendemos cada d\u00eda para dar en todo momento el mejor servicio posible.[\/text][\/vc_column][vc_column width=\u00bb1\/2&#8243;][single_image image=\u00bb14340&#8243;][\/vc_column][\/vc_row][vc_row row_layout=\u00bbfull\u00bb bg_image_position=\u00bb50% 0&#8243; row_spacing=\u00bbtop-spacing\u00bb][vc_column width=\u00bb1\/1&#8243;][CtaModule cta_item=\u00bb18706&#8243;][\/vc_column][\/vc_row]<\/p>\n","protected":false},"excerpt":{"rendered":"<p>[vc_row bg_image_position=\u00bb0 100%\u00bb row_vertical_align=\u00bbvalign-middle\u00bb el_class=\u00bbreverse-column-mobile\u00bb][vc_column row_spacing_h=\u00bbleft-spacing\u00bb width=\u00bb1\/1&#8243;][text] \u00a1\u00danete a nosotros! En Meler siempre buscamos el mejor talento Vacantes disponibles [\/text][\/vc_column][\/vc_row][vc_row row_vertical_align=\u00bbvalign-middle\u00bb el_class=\u00bbbg-line-start\u00bb][vc_column row_spacing_h=\u00bbright-spacing\u00bb width=\u00bb1\/2&#8243;][text] Buscamos siempre la excelencia [\/text][text]Nuestros m\u00e1s de 40 a\u00f1os de experiencia en el sector nos han convertido en especialistas en el desarrollo y mejora de procesos de adhesivado. Ayudamos a que [&hellip;]<\/p>\n","protected":false},"author":2,"featured_media":12884,"parent":11623,"menu_order":143,"comment_status":"closed","ping_status":"closed","template":"","meta":[],"yoast_head":"<!-- This site is optimized with the Yoast SEO plugin v20.3 - https:\/\/yoast.com\/wordpress\/plugins\/seo\/ -->\n<title>Trabaja con nosotros - Meler<\/title>\n<meta name=\"description\" content=\"Si quieres trabajar en Meler, m\u00e1ndanos tu curr\u00edculum y pasa a formar parte de nuestro equipo \u00a1Te esperamos!\" \/>\n<meta name=\"robots\" content=\"index, follow, max-snippet:-1, max-image-preview:large, max-video-preview:-1\" \/>\n<link rel=\"canonical\" href=\"https:\/\/www.meler.cn\/es\/meler\/trabaja-con-nosotros\/\" \/>\n<meta property=\"og:locale\" content=\"es_ES\" \/>\n<meta property=\"og:type\" content=\"article\" \/>\n<meta property=\"og:title\" content=\"Trabaja con nosotros - Meler\" \/>\n<meta property=\"og:description\" content=\"Si quieres trabajar en Meler, m\u00e1ndanos tu curr\u00edculum y pasa a formar parte de nuestro equipo \u00a1Te esperamos!\" \/>\n<meta property=\"og:url\" content=\"https:\/\/www.meler.cn\/es\/meler\/trabaja-con-nosotros\/\" \/>\n<meta property=\"og:site_name\" content=\"Meler\" \/>\n<meta property=\"article:modified_time\" content=\"2024-04-09T09:29:37+00:00\" \/>\n<meta property=\"og:image\" content=\"https:\/\/20097.ttandemdigital.com\/media\/header-trabaja-con-nosotros-meler.png\" \/>\n\t<meta property=\"og:image:width\" content=\"1920\" \/>\n\t<meta property=\"og:image:height\" content=\"780\" \/>\n\t<meta property=\"og:image:type\" content=\"image\/png\" \/>\n<meta name=\"twitter:card\" content=\"summary_large_image\" \/>\n<meta name=\"twitter:label1\" content=\"Tiempo de lectura\" \/>\n\t<meta name=\"twitter:data1\" content=\"1 minuto\" \/>\n<script type=\"application\/ld+json\" class=\"yoast-schema-graph\">{\"@context\":\"https:\/\/schema.org\",\"@graph\":[{\"@type\":\"WebPage\",\"@id\":\"https:\/\/www.meler.cn\/es\/meler\/trabaja-con-nosotros\/\",\"url\":\"https:\/\/www.meler.cn\/es\/meler\/trabaja-con-nosotros\/\",\"name\":\"Trabaja con nosotros - Meler\",\"isPartOf\":{\"@id\":\"https:\/\/www.meler.cn\/es\/#website\"},\"datePublished\":\"2022-11-28T11:08:11+00:00\",\"dateModified\":\"2024-04-09T09:29:37+00:00\",\"description\":\"Si quieres trabajar en Meler, m\u00e1ndanos tu curr\u00edculum y pasa a formar parte de nuestro equipo \u00a1Te esperamos!\",\"breadcrumb\":{\"@id\":\"https:\/\/www.meler.cn\/es\/meler\/trabaja-con-nosotros\/#breadcrumb\"},\"inLanguage\":\"es\",\"potentialAction\":[{\"@type\":\"ReadAction\",\"target\":[\"https:\/\/www.meler.cn\/es\/meler\/trabaja-con-nosotros\/\"]}]},{\"@type\":\"BreadcrumbList\",\"@id\":\"https:\/\/www.meler.cn\/es\/meler\/trabaja-con-nosotros\/#breadcrumb\",\"itemListElement\":[{\"@type\":\"ListItem\",\"position\":1,\"name\":\"Portada\",\"item\":\"https:\/\/www.meler.cn\/es\/\"},{\"@type\":\"ListItem\",\"position\":2,\"name\":\"Meler\",\"item\":\"https:\/\/20097.ttandemdigital.com\/es\/meler\/\"},{\"@type\":\"ListItem\",\"position\":3,\"name\":\"Meler Careers\"}]},{\"@type\":\"WebSite\",\"@id\":\"https:\/\/www.meler.cn\/es\/#website\",\"url\":\"https:\/\/www.meler.cn\/es\/\",\"name\":\"Meler\",\"description\":\"Just another WordPress site\",\"potentialAction\":[{\"@type\":\"SearchAction\",\"target\":{\"@type\":\"EntryPoint\",\"urlTemplate\":\"https:\/\/www.meler.cn\/es\/?s={search_term_string}\"},\"query-input\":\"required name=search_term_string\"}],\"inLanguage\":\"es\"}]}<\/script>\n<!-- \/ Yoast SEO plugin. -->","yoast_head_json":{"title":"Trabaja con nosotros - Meler","description":"Si quieres trabajar en Meler, m\u00e1ndanos tu curr\u00edculum y pasa a formar parte de nuestro equipo \u00a1Te esperamos!","robots":{"index":"index","follow":"follow","max-snippet":"max-snippet:-1","max-image-preview":"max-image-preview:large","max-video-preview":"max-video-preview:-1"},"canonical":"https:\/\/www.meler.cn\/es\/meler\/trabaja-con-nosotros\/","og_locale":"es_ES","og_type":"article","og_title":"Trabaja con nosotros - Meler","og_description":"Si quieres trabajar en Meler, m\u00e1ndanos tu curr\u00edculum y pasa a formar parte de nuestro equipo \u00a1Te esperamos!","og_url":"https:\/\/www.meler.cn\/es\/meler\/trabaja-con-nosotros\/","og_site_name":"Meler","article_modified_time":"2024-04-09T09:29:37+00:00","og_image":[{"width":1920,"height":780,"url":"https:\/\/20097.ttandemdigital.com\/media\/header-trabaja-con-nosotros-meler.png","type":"image\/png"}],"twitter_card":"summary_large_image","twitter_misc":{"Tiempo de lectura":"1 minuto"},"schema":{"@context":"https:\/\/schema.org","@graph":[{"@type":"WebPage","@id":"https:\/\/www.meler.cn\/es\/meler\/trabaja-con-nosotros\/","url":"https:\/\/www.meler.cn\/es\/meler\/trabaja-con-nosotros\/","name":"Trabaja con nosotros - Meler","isPartOf":{"@id":"https:\/\/www.meler.cn\/es\/#website"},"datePublished":"2022-11-28T11:08:11+00:00","dateModified":"2024-04-09T09:29:37+00:00","description":"Si quieres trabajar en Meler, m\u00e1ndanos tu curr\u00edculum y pasa a formar parte de nuestro equipo \u00a1Te esperamos!","breadcrumb":{"@id":"https:\/\/www.meler.cn\/es\/meler\/trabaja-con-nosotros\/#breadcrumb"},"inLanguage":"es","potentialAction":[{"@type":"ReadAction","target":["https:\/\/www.meler.cn\/es\/meler\/trabaja-con-nosotros\/"]}]},{"@type":"BreadcrumbList","@id":"https:\/\/www.meler.cn\/es\/meler\/trabaja-con-nosotros\/#breadcrumb","itemListElement":[{"@type":"ListItem","position":1,"name":"Portada","item":"https:\/\/www.meler.cn\/es\/"},{"@type":"ListItem","position":2,"name":"Meler","item":"https:\/\/20097.ttandemdigital.com\/es\/meler\/"},{"@type":"ListItem","position":3,"name":"Meler Careers"}]},{"@type":"WebSite","@id":"https:\/\/www.meler.cn\/es\/#website","url":"https:\/\/www.meler.cn\/es\/","name":"Meler","description":"Just another WordPress site","potentialAction":[{"@type":"SearchAction","target":{"@type":"EntryPoint","urlTemplate":"https:\/\/www.meler.cn\/es\/?s={search_term_string}"},"query-input":"required name=search_term_string"}],"inLanguage":"es"}]}},"_links":{"self":[{"href":"https:\/\/www.meler.cn\/es\/wp-json\/wp\/v2\/pages\/11692"}],"collection":[{"href":"https:\/\/www.meler.cn\/es\/wp-json\/wp\/v2\/pages"}],"about":[{"href":"https:\/\/www.meler.cn\/es\/wp-json\/wp\/v2\/types\/page"}],"author":[{"embeddable":true,"href":"https:\/\/www.meler.cn\/es\/wp-json\/wp\/v2\/users\/2"}],"replies":[{"embeddable":true,"href":"https:\/\/www.meler.cn\/es\/wp-json\/wp\/v2\/comments?post=11692"}],"version-history":[{"count":31,"href":"https:\/\/www.meler.cn\/es\/wp-json\/wp\/v2\/pages\/11692\/revisions"}],"predecessor-version":[{"id":29903,"href":"https:\/\/www.meler.cn\/es\/wp-json\/wp\/v2\/pages\/11692\/revisions\/29903"}],"up":[{"embeddable":true,"href":"https:\/\/www.meler.cn\/es\/wp-json\/wp\/v2\/pages\/11623"}],"wp:featuredmedia":[{"embeddable":true,"href":"https:\/\/www.meler.cn\/es\/wp-json\/wp\/v2\/media\/12884"}],"wp:attachment":[{"href":"https:\/\/www.meler.cn\/es\/wp-json\/wp\/v2\/media?parent=11692"}],"curies":[{"name":"wp","href":"https:\/\/api.w.org\/{rel}","templated":true}]}}