




















{"id":11668,"date":"2022-11-28T08:41:57","date_gmt":"2022-11-28T08:41:57","guid":{"rendered":"https:\/\/www.meler.eu\/?page_id=11668"},"modified":"2025-03-04T15:11:49","modified_gmt":"2025-03-04T15:11:49","slug":"meler-en-el-mundo","status":"publish","type":"page","link":"https:\/\/www.meler.cn\/es\/meler\/meler-en-el-mundo\/","title":{"rendered":"Contigo est\u00e9s donde est\u00e9s"},"content":{"rendered":"<p>[vc_row bg_image_position=\u00bb0 100%\u00bb row_bg_color=\u00bbbg-04&#8243; row_spacing=\u00bbtop-spacing bottom-spacing\u00bb row_vertical_align=\u00bbvalign-middle\u00bb el_class=\u00bbreverse-column-mobile\u00bb][vc_column row_spacing=\u00bbspacing-v-0&#8243; row_spacing_h=\u00bbleft-spacing\u00bb width=\u00bb1\/1&#8243;][text]<\/p>\n<h2 class=\"txt-center summary style-02 txt-width\">Gluing Worldwide<\/h2>\n<p class=\"txt-width txt-center\">Ofrecemos las mejores soluciones enfocadas, siempre, a facilitar<br \/>\nel desarrollo de nuestros partners y clientes. <strong><br \/>\nY lo hacemos est\u00e9s donde est\u00e9s.<\/strong><\/p>\n<p class=\"txt-width txt-center\">Encuentra tu <strong>Meler<\/strong> m\u00e1s cercano y descubre lo que es contar con <strong>#YourGluingSolutionsPartner<\/strong> siempre que lo necesites.<\/p>\n<p>[\/text][\/vc_column][\/vc_row][vc_row bg_image_position=\u00bb0 100%\u00bb row_bg_color=\u00bbbg-04&#8243; row_spacing=\u00bbbottom-spacing top-spacing-0&#8243; row_spacing_h=\u00bbspacing-h-0&#8243; row_vertical_align=\u00bbvalign-middle\u00bb el_class=\u00bbreverse-column-mobile\u00bb][vc_column row_spacing=\u00bbspacing-v-0&#8243; row_spacing_h=\u00bbleft-spacing\u00bb width=\u00bb1\/1&#8243;][text]<style>\r\n\t#wpsl-stores .wpsl-store-thumb {height:45px !important; width:45px !important;}\r\n\t#wpsl-stores, #wpsl-direction-details, #wpsl-gmap {height:350px !important;}\r\n\t#wpsl-gmap .wpsl-info-window {max-width:225px !important;}\r\n\t.wpsl-input label, #wpsl-radius label, #wpsl-category label {width:95px;}\r\n\t#wpsl-search-input  {width:179px;}\r\n<\/style>\r\n<div id=\"wpsl-wrap\">\r\n\t<div class=\"wpsl-search wpsl-clearfix wpsl-no-filters\">\r\n\t\t<div id=\"wpsl-search-wrap\">\r\n\t\t\t<form autocomplete=\"off\">\r\n\t\t\t<div class=\"wpsl-input\">\r\n\t\t\t\t<div><label for=\"wpsl-search-input\">Tu ubicaci\u00f3n<\/label><\/div>\r\n\t\t\t\t<input id=\"wpsl-search-input\" type=\"text\" value=\"\" name=\"wpsl-search-input\" placeholder=\"\" aria-required=\"true\" \/>\r\n\t\t\t<\/div>\r\n\t\t\t\t<div class=\"wpsl-search-btn-wrap\"><input id=\"wpsl-search-btn\" type=\"submit\" value=\"Buscar\"><\/div>\r\n\t\t<\/form>\r\n\t\t<\/div>\r\n\t<\/div>\r\n\t<div id=\"wpsl-gmap\" class=\"wpsl-gmap-canvas\"><\/div>\r\n\t<div id=\"wpsl-result-list\">\r\n\t\t<div id=\"wpsl-stores\" >\r\n\t\t\t<ul><\/ul>\r\n\t\t<\/div>\r\n\t\t<div id=\"wpsl-direction-details\">\r\n\t\t\t<ul><\/ul>\r\n\t\t<\/div>\r\n\t<\/div>\r\n<\/div>\r\n[\/text][\/vc_column][\/vc_row][vc_row row_layout=\u00bbfull\u00bb row_spacing=\u00bbtop-spacing-med bottom-spacing-0&#8243;][vc_column][text]<\/p>\n<h2 class=\"txt-center\">Meler<br \/>\n<strong>HEADQUARTERS<\/strong><\/h2>\n<p>[\/text][vc_row_inner row_layout=\u00bbfull\u00bb row_spacing=\u00bbbottom-spacing-med top-spacing-0&#8243;][vc_column_inner][ttdirectories carousel_columns=\u00bbInfinito\u00bb position=\u00bbposition_center\u00bb][ttdirectory_item directory_item_style=\u00bbdirectory-item-style-1&#8243; title=\u00bbEspa\u00f1a\u00bb directory_style=\u00bbdirectory-item-style-1&#8243; image=\u00bb18247&#8243;]FOCKE MELER GLUING SOLUTIONS, S.A<br \/>\nPol. Arazuri-Orkoien, c\/B, n\u00ba3A<br \/>\n31170 Arazuri (Navarra)<br \/>\nTel\u00e9fono: (00 34) 948 351 110<br \/>\nFax: (00 34) 948 351 130<br \/>\nEmail: <a href=\"mailto:info@meler.cn\">info@meler.cn<\/a><br \/>\nWeb: <a href=\"https:\/\/www.meler.cn\/\">https:\/\/www.meler.cn\/<\/a><br \/>\nUbicaci\u00f3n: <a href=\"http:\/\/www.google.com\/maps\/place\/42.815083,-1.709028\/@42.815083,-1.709028,15z\" target=\"_blank\" rel=\"noopener\">Ver mapa<\/a>[\/ttdirectory_item][ttdirectory_item title=\u00bbAlemania\u00bb image=\u00bb18242&#8243;]FOCKE MELER GERMANY GmbH<br \/>\nSiemensring 44J<br \/>\nWillich 47877<br \/>\nTel\u00e9fono: +49 (0) 4231 891 5792<br \/>\nEmail: <a href=\"mailto:infogermany@meler.cn\">infogermany@meler.cn<\/a><br \/>\nWeb: <a href=\"https:\/\/www.meler.cn\/de\/\">https:\/\/www.meler.cn\/de\/<\/a><br \/>\nUbicaci\u00f3n: <a href=\"https:\/\/maps.app.goo.gl\/Vr9zgg8YwNv76aKR9\" target=\"_blank\" rel=\"noopener\">Ver mapa<\/a>[\/ttdirectory_item][ttdirectory_item directory_item_style=\u00bbdirectory-item-style-1&#8243; title=\u00bbItalia\u00bb directory_style=\u00bbdirectory-item-style-1&#8243; image=\u00bb18262&#8243;]FOCKE MELER ITALY S.R.L<br \/>\nVia dell\u2019Artigianato, 2<br \/>\nOzzano dell\u2019Emilia (Bolonia)<br \/>\n40064<br \/>\nTel\u00e9fono: (0039) 051 768459<br \/>\nFax: (0039) 051 767845<br \/>\nEmail: <a href=\"mailto:infoitaly@meler.cn\">infoitaly@meler.cn<\/a><br \/>\nWeb: <a href=\"https:\/\/www.meler.cn\/it\/\">https:\/\/www.meler.cn\/it\/<\/a><br \/>\nUbicaci\u00f3n: <a href=\"http:\/\/www.google.com\/maps\/place\/44.529919,11.411893\/@44.529919,11.411893,15z\" target=\"_blank\" rel=\"noopener\">Ver mapa<\/a>[\/ttdirectory_item][ttdirectory_item title=\u00bbFrancia\u00bb image=\u00bb18257&#8243;]FOCKE MELER FRANCE s.a.r.l<br \/>\n14 Rue Lavoisier<br \/>\nIngr\u00e9 Orl\u00e9ans 45140<br \/>\nTel\u00e9fono: (00 33) 160 050 303<br \/>\nFax: (00 33) 160 050 444<br \/>\nEmail: <a href=\"mailto:infofrance@meler.cn\">infofrance@meler.cn<\/a><br \/>\nWeb: <a href=\"https:\/\/www.meler.cn\/fr\/\">https:\/\/www.meler.cn\/fr\/<\/a><br \/>\nUbicaci\u00f3n: <a href=\"http:\/\/www.google.com\/maps\/place\/47.903069,1.849307\/@47.903069,1.849307,15z\" target=\"_blank\" rel=\"noopener\">Ver mapa<\/a>[\/ttdirectory_item][ttdirectory_item title=\u00bbReino Unido\u00bb directory_style=\u00bbdirectory-item-style-1&#8243; image=\u00bb18267&#8243;]FOCKE MELER UK<br \/>\n9 Boleyn Court, Manor Park<br \/>\nRuncorn (Cheshire) WA7 1SR<br \/>\nTel\u00e9fono: (00 44) 0 3338 804 567<br \/>\nEmail: <a href=\"mailto:infouk@meler.cn\">infouk@meler.cn<\/a><br \/>\nWeb: <a href=\"https:\/\/www.meler.cn\/meleruk\/\">https:\/\/www.meler.cn\/meleruk\/<\/a><br \/>\nUbicaci\u00f3n: <a href=\"https:\/\/maps.app.goo.gl\/ZrkRgbprLRo9ZutHA\" target=\"_blank\" rel=\"noopener\">Ver mapa<\/a>[\/ttdirectory_item][ttdirectory_item directory_item_style=\u00bbdirectory-item-style-1&#8243; title=\u00bbUSA\u00bb directory_style=\u00bbdirectory-item-style-1&#8243; image=\u00bb18252&#8243;]MELER USA CORPORATION<br \/>\n4623 Dwight Evans Rd.<br \/>\nCharlotte (NC) 28217<br \/>\nTel\u00e9fono: (001) 980 556 7990<br \/>\nFax: (001) 980 224 7967<br \/>\nEmail: <a href=\"mailto:infousa@meler.cn\">infousa@meler.cn<\/a><br \/>\nWeb: <a href=\"https:\/\/www.melerusa.com\">https:\/\/www.melerusa.com<\/a><br \/>\nUbicaci\u00f3n: <a href=\"http:\/\/www.google.com\/maps\/place\/35.190319,-80.896606\/@35.190319,-80.896606,15z\" target=\"_blank\" rel=\"noopener\">Ver mapa<\/a>[\/ttdirectory_item][\/ttdirectories][\/vc_column_inner][\/vc_row_inner][\/vc_column][\/vc_row][vc_row row_layout=\u00bbfull\u00bb bg_image_position=\u00bb50% 0&#8243; row_spacing=\u00bbtop-spacing-med bottom-spacing-0&#8243;][vc_column width=\u00bb1\/1&#8243;][CtaModule cta_item=\u00bb31155&#8243;][\/vc_column][\/vc_row][vc_row row_layout=\u00bbfull\u00bb bg_image_position=\u00bb50% 0&#8243;][vc_column width=\u00bb1\/1&#8243;][text]<\/p>\n<h2 class=\"txt-center no-mg-bottom style-01\"><strong>Partners<\/strong> oficiales<\/h2>\n<p>[\/text][\/vc_column][\/vc_row][vc_row row_vertical_align=\u00bbvalign-middle\u00bb][vc_column row_spacing_h=\u00bbspacing-h-0&#8243; width=\u00bb1\/1&#8243;][ttfaqs][faq_item title=\u00bbAlemania\u00bb]<strong>PUFFE ENGINEERING GmbH<\/strong><br \/>\nAm Siemensbach 5-7<br \/>\nSankt Augustin<br \/>\n53757<br \/>\nTel\u00e9fono: +49 (0) 2241 866060 0<br \/>\nFax: +49 (0) 2241 866060 90<br \/>\nEmail: <a href=\"mailto:info@puffe.eu\">info@puffe.eu<\/a><br \/>\nWeb: <a href=\"http:\/\/www.puffe.biz\" target=\"_blank\" rel=\"noopener\">http:\/\/www.puffe.biz<\/a><br \/>\nUbicaci\u00f3n: <a href=\"http:\/\/www.google.com\/maps\/place\/50.765202,7.198280\/@50.765202,7.198280,15z\" target=\"_blank\" rel=\"noopener\">Ver mapa<\/a>[\/faq_item][faq_item title=\u00bbArgentina\u00bb]<strong>EUROMEL S.A<\/strong><br \/>\nTte. Gral. Pablo Ricchieri 3542<br \/>\nCiudadela (Buenos Aires)<br \/>\n1702<br \/>\nTel\u00e9fono: (5411) 7712 0666<br \/>\nEmail: <a href=\"mailto:euromel@euromel.com.ar\">euromel@euromel.com.ar<\/a><br \/>\nWeb: <a href=\"http:\/\/www.euromel.com.ar\" target=\"_blank\" rel=\"noopener\">http:\/\/www.euromel.com.ar<\/a><br \/>\nUbicaci\u00f3n: <a href=\"http:\/\/www.google.com\/maps\/place\/-34.626808,-58.542637\/@-34.626808,-58.542637,15z\" target=\"_blank\" rel=\"noopener\">Ver mapa<\/a>[\/faq_item][faq_item title=\u00bbAustralia\u00bb]<strong>AUTOMAINT SOLUTIONS PTY LTD<\/strong><br \/>\n18 Concorde Drive, Keilor Park<br \/>\nMelbourne (Victoria)<br \/>\n3042<br \/>\nTel\u00e9fono: (00 61) 03 9330 2678<br \/>\nEmail: <a href=\"mailto:gluesales@automaint.com.au\">gluesales@automaint.com.au<\/a><br \/>\nWeb: www.automaint.com.au<br \/>\nUbicaci\u00f3n: <a href=\"http:\/\/www.google.com\/maps\/place\/-37.721638,144.848663\/@-37.721638,144.848663,15z\" target=\"_blank\" rel=\"noopener\">Ver mapa<\/a>[\/faq_item][faq_item title=\u00bbAustria\u00bb]<strong>OBL SYSTEMVERTRIEB GMBH<\/strong><br \/>\nRainerstrasse 19<br \/>\nWels<br \/>\n4600<br \/>\nTel\u00e9fono: (00 43) 7242 66821<br \/>\nFax: (00 43) 7242 66821\/26<br \/>\nEmail: <a href=\"mailto:office@oblsys.at\">office@oblsys.at<\/a><br \/>\nWeb: <a href=\"http:\/\/www.oblsys.at\" target=\"_blank\" rel=\"noopener\">http:\/\/www.oblsys.at<\/a><br \/>\nUbicaci\u00f3n: <a href=\"http:\/\/www.google.com\/maps\/place\/48.162727,14.020883\/@48.162727,14.020883,15z\" target=\"_blank\" rel=\"noopener\">Ver mapa<\/a>[\/faq_item][faq_item title=\u00bbB\u00e9lgica\u00bb]<strong>CERTIS BELGIUM NV<\/strong><br \/>\nAntwerpsesteenweg 859<br \/>\nGent-Oostakker<br \/>\n9041<br \/>\nTel\u00e9fono: (00 32) 0 9 355 02 42<br \/>\nFax: (00 32) 0 9 355 04 77<br \/>\nEmail: <a href=\"mailto:info@certis.be\">info@certis.be<\/a><br \/>\nWeb: <a href=\"http:\/\/www.certis.be\" target=\"_blank\" rel=\"noopener\">http:\/\/www.certis.be<\/a><br \/>\nUbicaci\u00f3n: <a href=\"http:\/\/www.google.com\/maps\/place\/51.078545,3.781384\/@51.078545,3.781384,15z\" target=\"_blank\" rel=\"noopener\">Ver mapa<\/a>[\/faq_item][faq_item title=\u00bbChile\u00bb]<strong>COMERCIALIZADORA AS CHILE LTDA<\/strong><br \/>\nAvenida Vitacura 3568 Of. 205<br \/>\nVitacura (Santiago de Chile)<br \/>\n7630000<br \/>\nTel\u00e9fono: (00 56) 226 519 097<br \/>\nEmail: <a href=\"mailto:comercializadoraas@entelchile.net\">comercializadoraas@entelchile.net<\/a><br \/>\nWeb: <a href=\"http:\/\/www.as-equiposhotmelt.cl\/\" target=\"_blank\" rel=\"noopener\">http:\/\/www.as-equiposhotmelt.cl\/<\/a><br \/>\nUbicaci\u00f3n: <a href=\"http:\/\/www.google.com\/maps\/place\/-33.403580,-70.595840\/@-33.403580,-70.595840,15z\" target=\"_blank\" rel=\"noopener\">Ver mapa<\/a>[\/faq_item][\/ttfaqs][vc_row_inner row_spacing=\u00bbtop-spacing-med bottom-spacing-0&#8243; el_class=\u00bbrow-txt-center\u00bb][vc_column_inner][ttdirectory_files style=\u00bbstyle-01&#8243;][file file_link=\u00bbhttps:\/\/www.meler.cn\/es\/meler\/meler-en-el-mundo\/filiales-y-distribuidores\/\u00bb file_private=\u00bb\u00bb link_test=\u00bbVer todos los partners\u00bb][\/ttdirectory_files][\/vc_column_inner][\/vc_row_inner][\/vc_column][\/vc_row][vc_row row_layout=\u00bbfull\u00bb bg_image_position=\u00bb50% 0&#8243; row_spacing=\u00bbspacing-v-none\u00bb][vc_column width=\u00bb1\/1&#8243;][CtaModule cta_item=\u00bb156&#8243;][\/vc_column][\/vc_row]<\/p>\n","protected":false},"excerpt":{"rendered":"<p>[vc_row bg_image_position=\u00bb0 100%\u00bb row_bg_color=\u00bbbg-04&#8243; row_spacing=\u00bbtop-spacing bottom-spacing\u00bb row_vertical_align=\u00bbvalign-middle\u00bb el_class=\u00bbreverse-column-mobile\u00bb][vc_column row_spacing=\u00bbspacing-v-0&#8243; row_spacing_h=\u00bbleft-spacing\u00bb width=\u00bb1\/1&#8243;][text] Gluing Worldwide Ofrecemos las mejores soluciones enfocadas, siempre, a facilitar el desarrollo de nuestros partners y clientes. Y lo hacemos est\u00e9s donde est\u00e9s. Encuentra tu Meler m\u00e1s cercano y descubre lo que es contar con #YourGluingSolutionsPartner siempre que lo necesites. [\/text][\/vc_column][\/vc_row][vc_row bg_image_position=\u00bb0 100%\u00bb row_bg_color=\u00bbbg-04&#8243; [&hellip;]<\/p>\n","protected":false},"author":2,"featured_media":12860,"parent":11623,"menu_order":115,"comment_status":"closed","ping_status":"closed","template":"template-header-no-spacing.php","meta":[],"yoast_head":"<!-- This site is optimized with the Yoast SEO plugin v20.3 - https:\/\/yoast.com\/wordpress\/plugins\/seo\/ -->\n<title>Estamos cerca de ti, descubre tu oficina m\u00e1s cercana - Meler<\/title>\n<meta name=\"description\" content=\"Localiza tu distribuidor m\u00e1s cercano y descubre c\u00f3mo Meler puede impulsar tu negocio.\" \/>\n<meta name=\"robots\" content=\"index, follow, max-snippet:-1, max-image-preview:large, max-video-preview:-1\" \/>\n<link rel=\"canonical\" href=\"https:\/\/www.meler.cn\/es\/meler\/meler-en-el-mundo\/\" \/>\n<meta property=\"og:locale\" content=\"es_ES\" \/>\n<meta property=\"og:type\" content=\"article\" \/>\n<meta property=\"og:title\" content=\"Estamos cerca de ti, descubre tu oficina m\u00e1s cercana - Meler\" \/>\n<meta property=\"og:description\" content=\"Localiza tu distribuidor m\u00e1s cercano y descubre c\u00f3mo Meler puede impulsar tu negocio.\" \/>\n<meta property=\"og:url\" content=\"https:\/\/www.meler.cn\/es\/meler\/meler-en-el-mundo\/\" \/>\n<meta property=\"og:site_name\" content=\"Meler\" \/>\n<meta property=\"article:modified_time\" content=\"2025-03-04T15:11:49+00:00\" \/>\n<meta property=\"og:image\" content=\"https:\/\/www.meler.cn\/media\/header-meler-en-el-mundo-meler.png\" \/>\n\t<meta property=\"og:image:width\" content=\"1920\" \/>\n\t<meta property=\"og:image:height\" content=\"780\" \/>\n\t<meta property=\"og:image:type\" content=\"image\/png\" \/>\n<meta name=\"twitter:card\" content=\"summary_large_image\" \/>\n<meta name=\"twitter:label1\" content=\"Tiempo de lectura\" \/>\n\t<meta name=\"twitter:data1\" content=\"3 minutos\" \/>\n<script type=\"application\/ld+json\" class=\"yoast-schema-graph\">{\"@context\":\"https:\/\/schema.org\",\"@graph\":[{\"@type\":\"WebPage\",\"@id\":\"https:\/\/www.meler.cn\/es\/meler\/meler-en-el-mundo\/\",\"url\":\"https:\/\/www.meler.cn\/es\/meler\/meler-en-el-mundo\/\",\"name\":\"Estamos cerca de ti, descubre tu oficina m\u00e1s cercana - Meler\",\"isPartOf\":{\"@id\":\"https:\/\/www.meler.cn\/es\/#website\"},\"datePublished\":\"2022-11-28T08:41:57+00:00\",\"dateModified\":\"2025-03-04T15:11:49+00:00\",\"description\":\"Localiza tu distribuidor m\u00e1s cercano y descubre c\u00f3mo Meler puede impulsar tu negocio.\",\"breadcrumb\":{\"@id\":\"https:\/\/www.meler.cn\/es\/meler\/meler-en-el-mundo\/#breadcrumb\"},\"inLanguage\":\"es\",\"potentialAction\":[{\"@type\":\"ReadAction\",\"target\":[\"https:\/\/www.meler.cn\/es\/meler\/meler-en-el-mundo\/\"]}]},{\"@type\":\"BreadcrumbList\",\"@id\":\"https:\/\/www.meler.cn\/es\/meler\/meler-en-el-mundo\/#breadcrumb\",\"itemListElement\":[{\"@type\":\"ListItem\",\"position\":1,\"name\":\"Portada\",\"item\":\"https:\/\/www.meler.cn\/es\/\"},{\"@type\":\"ListItem\",\"position\":2,\"name\":\"Meler\",\"item\":\"https:\/\/20097.ttandemdigital.com\/es\/meler\/\"},{\"@type\":\"ListItem\",\"position\":3,\"name\":\"Contigo est\u00e9s donde est\u00e9s\"}]},{\"@type\":\"WebSite\",\"@id\":\"https:\/\/www.meler.cn\/es\/#website\",\"url\":\"https:\/\/www.meler.cn\/es\/\",\"name\":\"Meler\",\"description\":\"Just another WordPress site\",\"potentialAction\":[{\"@type\":\"SearchAction\",\"target\":{\"@type\":\"EntryPoint\",\"urlTemplate\":\"https:\/\/www.meler.cn\/es\/?s={search_term_string}\"},\"query-input\":\"required name=search_term_string\"}],\"inLanguage\":\"es\"}]}<\/script>\n<!-- \/ Yoast SEO plugin. -->","yoast_head_json":{"title":"Estamos cerca de ti, descubre tu oficina m\u00e1s cercana - Meler","description":"Localiza tu distribuidor m\u00e1s cercano y descubre c\u00f3mo Meler puede impulsar tu negocio.","robots":{"index":"index","follow":"follow","max-snippet":"max-snippet:-1","max-image-preview":"max-image-preview:large","max-video-preview":"max-video-preview:-1"},"canonical":"https:\/\/www.meler.cn\/es\/meler\/meler-en-el-mundo\/","og_locale":"es_ES","og_type":"article","og_title":"Estamos cerca de ti, descubre tu oficina m\u00e1s cercana - Meler","og_description":"Localiza tu distribuidor m\u00e1s cercano y descubre c\u00f3mo Meler puede impulsar tu negocio.","og_url":"https:\/\/www.meler.cn\/es\/meler\/meler-en-el-mundo\/","og_site_name":"Meler","article_modified_time":"2025-03-04T15:11:49+00:00","og_image":[{"width":1920,"height":780,"url":"https:\/\/www.meler.cn\/media\/header-meler-en-el-mundo-meler.png","type":"image\/png"}],"twitter_card":"summary_large_image","twitter_misc":{"Tiempo de lectura":"3 minutos"},"schema":{"@context":"https:\/\/schema.org","@graph":[{"@type":"WebPage","@id":"https:\/\/www.meler.cn\/es\/meler\/meler-en-el-mundo\/","url":"https:\/\/www.meler.cn\/es\/meler\/meler-en-el-mundo\/","name":"Estamos cerca de ti, descubre tu oficina m\u00e1s cercana - Meler","isPartOf":{"@id":"https:\/\/www.meler.cn\/es\/#website"},"datePublished":"2022-11-28T08:41:57+00:00","dateModified":"2025-03-04T15:11:49+00:00","description":"Localiza tu distribuidor m\u00e1s cercano y descubre c\u00f3mo Meler puede impulsar tu negocio.","breadcrumb":{"@id":"https:\/\/www.meler.cn\/es\/meler\/meler-en-el-mundo\/#breadcrumb"},"inLanguage":"es","potentialAction":[{"@type":"ReadAction","target":["https:\/\/www.meler.cn\/es\/meler\/meler-en-el-mundo\/"]}]},{"@type":"BreadcrumbList","@id":"https:\/\/www.meler.cn\/es\/meler\/meler-en-el-mundo\/#breadcrumb","itemListElement":[{"@type":"ListItem","position":1,"name":"Portada","item":"https:\/\/www.meler.cn\/es\/"},{"@type":"ListItem","position":2,"name":"Meler","item":"https:\/\/20097.ttandemdigital.com\/es\/meler\/"},{"@type":"ListItem","position":3,"name":"Contigo est\u00e9s donde est\u00e9s"}]},{"@type":"WebSite","@id":"https:\/\/www.meler.cn\/es\/#website","url":"https:\/\/www.meler.cn\/es\/","name":"Meler","description":"Just another WordPress site","potentialAction":[{"@type":"SearchAction","target":{"@type":"EntryPoint","urlTemplate":"https:\/\/www.meler.cn\/es\/?s={search_term_string}"},"query-input":"required name=search_term_string"}],"inLanguage":"es"}]}},"_links":{"self":[{"href":"https:\/\/www.meler.cn\/es\/wp-json\/wp\/v2\/pages\/11668"}],"collection":[{"href":"https:\/\/www.meler.cn\/es\/wp-json\/wp\/v2\/pages"}],"about":[{"href":"https:\/\/www.meler.cn\/es\/wp-json\/wp\/v2\/types\/page"}],"author":[{"embeddable":true,"href":"https:\/\/www.meler.cn\/es\/wp-json\/wp\/v2\/users\/2"}],"replies":[{"embeddable":true,"href":"https:\/\/www.meler.cn\/es\/wp-json\/wp\/v2\/comments?post=11668"}],"version-history":[{"count":109,"href":"https:\/\/www.meler.cn\/es\/wp-json\/wp\/v2\/pages\/11668\/revisions"}],"predecessor-version":[{"id":35877,"href":"https:\/\/www.meler.cn\/es\/wp-json\/wp\/v2\/pages\/11668\/revisions\/35877"}],"up":[{"embeddable":true,"href":"https:\/\/www.meler.cn\/es\/wp-json\/wp\/v2\/pages\/11623"}],"wp:featuredmedia":[{"embeddable":true,"href":"https:\/\/www.meler.cn\/es\/wp-json\/wp\/v2\/media\/12860"}],"wp:attachment":[{"href":"https:\/\/www.meler.cn\/es\/wp-json\/wp\/v2\/media?parent=11668"}],"curies":[{"name":"wp","href":"https:\/\/api.w.org\/{rel}","templated":true}]}}