




















{"id":11642,"date":"2022-11-25T12:40:11","date_gmt":"2022-11-25T12:40:11","guid":{"rendered":"https:\/\/www.meler.eu\/?page_id=11642"},"modified":"2023-08-17T10:12:33","modified_gmt":"2023-08-17T10:12:33","slug":"meler-academy","status":"publish","type":"page","link":"https:\/\/www.meler.cn\/es\/servicios\/meler-academy\/","title":{"rendered":"Meler Academy"},"content":{"rendered":"<p>[vc_row bg_image_position=\u00bb0 100%\u00bb row_vertical_align=\u00bbvalign-middle\u00bb el_class=\u00bbreverse-column-mobile\u00bb][vc_column row_spacing_h=\u00bbleft-spacing\u00bb width=\u00bb1\/1&#8243;][text]<\/p>\n<h2 class=\"txt-center style-01\"><strong>Compartimos contigo nuestra<br \/>\nvisi\u00f3n de especialistas<\/strong><\/h2>\n<p>[\/text][\/vc_column][\/vc_row][vc_row row_vertical_align=\u00bbvalign-middle\u00bb el_class=\u00bbreverse-column-mobile\u00bb][vc_column width=\u00bb1\/2&#8243;][single_image image=\u00bb20295&#8243;][\/vc_column][vc_column row_spacing_h=\u00bbleft-spacing\u00bb width=\u00bb1\/2&#8243;][text]<\/p>\n<p class=\"summary\">Escuchamos para saber lo que te importa<\/p>\n<p>[\/text][see_details]Compartimos contenido especializado sobre el funcionamiento de nuestros equipos para que puedas sacar el m\u00e1ximo rendimiento de ellos.[\/see_details][\/vc_column][\/vc_row][vc_row row_vertical_align=\u00bbvalign-middle\u00bb][vc_column row_spacing_h=\u00bbleft-spacing\u00bb width=\u00bb1\/2&#8243;][text]<\/p>\n<p class=\"summary\">Trabajamos igual<br \/>\nque t\u00fa<\/p>\n<p>[\/text][see_details]Compartimos gu\u00edas de trabajo y recomendaciones, obtenidas a lo largo de los a\u00f1os, para alargar el ciclo de vida de tu instalaci\u00f3n.[\/see_details][\/vc_column][vc_column width=\u00bb1\/2&#8243;][single_image image=\u00bb20285&#8243;][\/vc_column][\/vc_row][vc_row row_vertical_align=\u00bbvalign-middle\u00bb el_class=\u00bbreverse-column-mobile\u00bb][vc_column width=\u00bb1\/2&#8243;][single_image image=\u00bb20290&#8243;][\/vc_column][vc_column row_spacing_h=\u00bbleft-spacing\u00bb width=\u00bb1\/2&#8243;][text]<\/p>\n<p class=\"summary\">Comprometidos a estar siempre cerca<\/p>\n<p>[\/text][see_details]Compartimos nuestro know-how con esp\u00edritu de equipo. Nuestro reto como proveedores de soluciones industriales es ayudarte a conseguir los tuyos.[\/see_details][\/vc_column][\/vc_row][vc_row row_layout=\u00bbfull\u00bb row_vertical_align=\u00bbvalign-middle\u00bb][vc_column width=\u00bb1\/1&#8243;][CtaModule cta_item=\u00bb11992&#8243;][\/vc_column][\/vc_row][vc_row row_vertical_align=\u00bbvalign-middle\u00bb][vc_column width=\u00bb1\/1&#8243;][text]<\/p>\n<h2 class=\"txt-center\">V\u00eddeos<strong>de Meler Academy<\/strong><\/h2>\n<p class=\"txt-center txt-width\">Consejos pr\u00e1cticos, soluciones concretas&#8230;nuestro canal de YouTube est\u00e1 pensado para ti. Si no encuentras lo que buscas, \u00a1p\u00eddelo y elaboraremos el contenido que necesitas!<\/p>\n<p>[\/text][video_youtube video_image=\u00bb20300&#8243; video_url=\u00bbhttps:\/\/www.youtube.com\/watch?v=OOpkqvYjPoQ&amp;list=PLw1T6nntx34eGS-v_-fh9G70isZbVGat6&#8243;][\/vc_column][\/vc_row][vc_row row_layout=\u00bbfull\u00bb bg_image_position=\u00bb50% 0&#8243; row_spacing=\u00bbspacing-v-none\u00bb][vc_column width=\u00bb1\/1&#8243;][CtaModule cta_item=\u00bb20312&#8243;][\/vc_column][\/vc_row]<\/p>\n","protected":false},"excerpt":{"rendered":"<p>[vc_row bg_image_position=\u00bb0 100%\u00bb row_vertical_align=\u00bbvalign-middle\u00bb el_class=\u00bbreverse-column-mobile\u00bb][vc_column row_spacing_h=\u00bbleft-spacing\u00bb width=\u00bb1\/1&#8243;][text] Compartimos contigo nuestra visi\u00f3n de especialistas [\/text][\/vc_column][\/vc_row][vc_row row_vertical_align=\u00bbvalign-middle\u00bb el_class=\u00bbreverse-column-mobile\u00bb][vc_column width=\u00bb1\/2&#8243;][single_image image=\u00bb20295&#8243;][\/vc_column][vc_column row_spacing_h=\u00bbleft-spacing\u00bb width=\u00bb1\/2&#8243;][text] Escuchamos para saber lo que te importa [\/text][see_details]Compartimos contenido especializado sobre el funcionamiento de nuestros equipos para que puedas sacar el m\u00e1ximo rendimiento de ellos.[\/see_details][\/vc_column][\/vc_row][vc_row row_vertical_align=\u00bbvalign-middle\u00bb][vc_column row_spacing_h=\u00bbleft-spacing\u00bb width=\u00bb1\/2&#8243;][text] Trabajamos igual que t\u00fa [\/text][see_details]Compartimos gu\u00edas de [&hellip;]<\/p>\n","protected":false},"author":2,"featured_media":20153,"parent":816,"menu_order":78,"comment_status":"closed","ping_status":"closed","template":"","meta":[],"yoast_head":"<!-- This site is optimized with the Yoast SEO plugin v20.3 - https:\/\/yoast.com\/wordpress\/plugins\/seo\/ -->\n<title>Meler academy - Meler<\/title>\n<meta name=\"description\" content=\"Compartimos contenido especializado sobre el funcionamiento de nuestros equipos para que puedas sacar el m\u00e1ximo rendimiento de ellos.\" \/>\n<meta name=\"robots\" content=\"index, follow, max-snippet:-1, max-image-preview:large, max-video-preview:-1\" \/>\n<link rel=\"canonical\" href=\"https:\/\/www.meler.cn\/es\/servicios\/meler-academy\/\" \/>\n<meta property=\"og:locale\" content=\"es_ES\" \/>\n<meta property=\"og:type\" content=\"article\" \/>\n<meta property=\"og:title\" content=\"Meler academy - Meler\" \/>\n<meta property=\"og:description\" content=\"Compartimos contenido especializado sobre el funcionamiento de nuestros equipos para que puedas sacar el m\u00e1ximo rendimiento de ellos.\" \/>\n<meta property=\"og:url\" content=\"https:\/\/www.meler.cn\/es\/servicios\/meler-academy\/\" \/>\n<meta property=\"og:site_name\" content=\"Meler\" \/>\n<meta property=\"article:modified_time\" content=\"2023-08-17T10:12:33+00:00\" \/>\n<meta property=\"og:image\" content=\"https:\/\/20097.ttandemdigital.com\/media\/header-servicios-meler-academy-meler.png\" \/>\n\t<meta property=\"og:image:width\" content=\"1920\" \/>\n\t<meta property=\"og:image:height\" content=\"780\" \/>\n\t<meta property=\"og:image:type\" content=\"image\/png\" \/>\n<meta name=\"twitter:card\" content=\"summary_large_image\" \/>\n<meta name=\"twitter:label1\" content=\"Tiempo de lectura\" \/>\n\t<meta name=\"twitter:data1\" content=\"1 minuto\" \/>\n<script type=\"application\/ld+json\" class=\"yoast-schema-graph\">{\"@context\":\"https:\/\/schema.org\",\"@graph\":[{\"@type\":\"WebPage\",\"@id\":\"https:\/\/www.meler.cn\/es\/servicios\/meler-academy\/\",\"url\":\"https:\/\/www.meler.cn\/es\/servicios\/meler-academy\/\",\"name\":\"Meler academy - Meler\",\"isPartOf\":{\"@id\":\"https:\/\/www.meler.cn\/es\/#website\"},\"datePublished\":\"2022-11-25T12:40:11+00:00\",\"dateModified\":\"2023-08-17T10:12:33+00:00\",\"description\":\"Compartimos contenido especializado sobre el funcionamiento de nuestros equipos para que puedas sacar el m\u00e1ximo rendimiento de ellos.\",\"breadcrumb\":{\"@id\":\"https:\/\/www.meler.cn\/es\/servicios\/meler-academy\/#breadcrumb\"},\"inLanguage\":\"es\",\"potentialAction\":[{\"@type\":\"ReadAction\",\"target\":[\"https:\/\/www.meler.cn\/es\/servicios\/meler-academy\/\"]}]},{\"@type\":\"BreadcrumbList\",\"@id\":\"https:\/\/www.meler.cn\/es\/servicios\/meler-academy\/#breadcrumb\",\"itemListElement\":[{\"@type\":\"ListItem\",\"position\":1,\"name\":\"Portada\",\"item\":\"https:\/\/www.meler.cn\/es\/\"},{\"@type\":\"ListItem\",\"position\":2,\"name\":\"Servicios\",\"item\":\"https:\/\/20097.ttandemdigital.com\/es\/servicios\/\"},{\"@type\":\"ListItem\",\"position\":3,\"name\":\"Meler Academy\"}]},{\"@type\":\"WebSite\",\"@id\":\"https:\/\/www.meler.cn\/es\/#website\",\"url\":\"https:\/\/www.meler.cn\/es\/\",\"name\":\"Meler\",\"description\":\"Just another WordPress site\",\"potentialAction\":[{\"@type\":\"SearchAction\",\"target\":{\"@type\":\"EntryPoint\",\"urlTemplate\":\"https:\/\/www.meler.cn\/es\/?s={search_term_string}\"},\"query-input\":\"required name=search_term_string\"}],\"inLanguage\":\"es\"}]}<\/script>\n<!-- \/ Yoast SEO plugin. -->","yoast_head_json":{"title":"Meler academy - Meler","description":"Compartimos contenido especializado sobre el funcionamiento de nuestros equipos para que puedas sacar el m\u00e1ximo rendimiento de ellos.","robots":{"index":"index","follow":"follow","max-snippet":"max-snippet:-1","max-image-preview":"max-image-preview:large","max-video-preview":"max-video-preview:-1"},"canonical":"https:\/\/www.meler.cn\/es\/servicios\/meler-academy\/","og_locale":"es_ES","og_type":"article","og_title":"Meler academy - Meler","og_description":"Compartimos contenido especializado sobre el funcionamiento de nuestros equipos para que puedas sacar el m\u00e1ximo rendimiento de ellos.","og_url":"https:\/\/www.meler.cn\/es\/servicios\/meler-academy\/","og_site_name":"Meler","article_modified_time":"2023-08-17T10:12:33+00:00","og_image":[{"width":1920,"height":780,"url":"https:\/\/20097.ttandemdigital.com\/media\/header-servicios-meler-academy-meler.png","type":"image\/png"}],"twitter_card":"summary_large_image","twitter_misc":{"Tiempo de lectura":"1 minuto"},"schema":{"@context":"https:\/\/schema.org","@graph":[{"@type":"WebPage","@id":"https:\/\/www.meler.cn\/es\/servicios\/meler-academy\/","url":"https:\/\/www.meler.cn\/es\/servicios\/meler-academy\/","name":"Meler academy - Meler","isPartOf":{"@id":"https:\/\/www.meler.cn\/es\/#website"},"datePublished":"2022-11-25T12:40:11+00:00","dateModified":"2023-08-17T10:12:33+00:00","description":"Compartimos contenido especializado sobre el funcionamiento de nuestros equipos para que puedas sacar el m\u00e1ximo rendimiento de ellos.","breadcrumb":{"@id":"https:\/\/www.meler.cn\/es\/servicios\/meler-academy\/#breadcrumb"},"inLanguage":"es","potentialAction":[{"@type":"ReadAction","target":["https:\/\/www.meler.cn\/es\/servicios\/meler-academy\/"]}]},{"@type":"BreadcrumbList","@id":"https:\/\/www.meler.cn\/es\/servicios\/meler-academy\/#breadcrumb","itemListElement":[{"@type":"ListItem","position":1,"name":"Portada","item":"https:\/\/www.meler.cn\/es\/"},{"@type":"ListItem","position":2,"name":"Servicios","item":"https:\/\/20097.ttandemdigital.com\/es\/servicios\/"},{"@type":"ListItem","position":3,"name":"Meler Academy"}]},{"@type":"WebSite","@id":"https:\/\/www.meler.cn\/es\/#website","url":"https:\/\/www.meler.cn\/es\/","name":"Meler","description":"Just another WordPress site","potentialAction":[{"@type":"SearchAction","target":{"@type":"EntryPoint","urlTemplate":"https:\/\/www.meler.cn\/es\/?s={search_term_string}"},"query-input":"required name=search_term_string"}],"inLanguage":"es"}]}},"_links":{"self":[{"href":"https:\/\/www.meler.cn\/es\/wp-json\/wp\/v2\/pages\/11642"}],"collection":[{"href":"https:\/\/www.meler.cn\/es\/wp-json\/wp\/v2\/pages"}],"about":[{"href":"https:\/\/www.meler.cn\/es\/wp-json\/wp\/v2\/types\/page"}],"author":[{"embeddable":true,"href":"https:\/\/www.meler.cn\/es\/wp-json\/wp\/v2\/users\/2"}],"replies":[{"embeddable":true,"href":"https:\/\/www.meler.cn\/es\/wp-json\/wp\/v2\/comments?post=11642"}],"version-history":[{"count":19,"href":"https:\/\/www.meler.cn\/es\/wp-json\/wp\/v2\/pages\/11642\/revisions"}],"predecessor-version":[{"id":30588,"href":"https:\/\/www.meler.cn\/es\/wp-json\/wp\/v2\/pages\/11642\/revisions\/30588"}],"up":[{"embeddable":true,"href":"https:\/\/www.meler.cn\/es\/wp-json\/wp\/v2\/pages\/816"}],"wp:featuredmedia":[{"embeddable":true,"href":"https:\/\/www.meler.cn\/es\/wp-json\/wp\/v2\/media\/20153"}],"wp:attachment":[{"href":"https:\/\/www.meler.cn\/es\/wp-json\/wp\/v2\/media?parent=11642"}],"curies":[{"name":"wp","href":"https:\/\/api.w.org\/{rel}","templated":true}]}}