




















{"id":11640,"date":"2022-11-25T12:39:43","date_gmt":"2022-11-25T12:39:43","guid":{"rendered":"https:\/\/www.meler.eu\/?page_id=11640"},"modified":"2025-01-31T08:25:34","modified_gmt":"2025-01-31T08:25:34","slug":"meler-engineering","status":"publish","type":"page","link":"https:\/\/www.meler.cn\/es\/servicios\/meler-engineering\/","title":{"rendered":"Meler Engineering"},"content":{"rendered":"<p>[vc_row][vc_column width=\u00bb1\/1&#8243;][text]<\/p>\n<h2 class=\"txt-center style-01 txt-width\"><strong>Ingenier\u00eda especializada en la aplicaci\u00f3n de adhesivos industriales<\/strong><\/h2>\n<p>[\/text][\/vc_column][\/vc_row][vc_row][vc_column width=\u00bb1\/2&#8243;][text]<\/p>\n<h2 class=\"style-02\">Meler\u00a0engineering<br \/>\ncomo partner<br \/>\nsignifica&#8230;<\/h2>\n<p>[\/text][\/vc_column][vc_column width=\u00bb1\/2&#8243;][text]<\/p>\n<ul class=\"style-03\">\n<li>Contacto directo con ingenieros especialistas en todo el proceso<\/li>\n<li>Un sistema completo con un \u00fanico proveedor<\/li>\n<li>Flexibilidad para incorporar sistemas opcionales<\/li>\n<li>D\u00e9cadas de experiencia como fabricante de sistemas completos de aplicaci\u00f3n de adhesivos<\/li>\n<li>Servicio t\u00e9cnico y atenci\u00f3n global<\/li>\n<\/ul>\n<p>[\/text][\/vc_column][\/vc_row][vc_row row_spacing=\u00bbspacing-v-none\u00bb row_slide=\u00bbyes\u00bb el_class=\u00bbbg-line\u00bb][vc_column width=\u00bb1\/1&#8243;][vc_row_inner el_class=\u00bbreverse-column-mobile\u00bb][vc_column_inner width=\u00bb1\/2&#8243;][single_image image=\u00bb12332&#8243; image_description=\u00bbwinder-acumulators\u00bb image_link=\u00bburl:%2Fes%2Fnovedades%2Fproduccion-sin-paradas-automocion%2F\u00bb][\/vc_column_inner][vc_column_inner width=\u00bb1\/2&#8243; row_spacing_h=\u00bbleft-spacing\u00bb][text]<\/p>\n<h2 class=\"style-02\">Bobinadora con acumuladores (Automoci\u00f3n)<\/h2>\n<p>Una producci\u00f3n sin paradas para la industria del autom\u00f3vil.<\/p>\n<ul class=\"style-03\">\n<li><strong>2 acumuladores <\/strong>con una reserva de 20 mas<\/li>\n<li>Procesos de carga y funcionamiento <strong>simult\u00e1neos<\/strong><\/li>\n<li><strong>2 cabezales de laminaci\u00f3n <\/strong> (para adhesivos PUR y POR)<\/li>\n<\/ul>\n<p>[\/text][\/vc_column_inner][\/vc_row_inner][vc_row_inner el_class=\u00bbreverse-column-mobile\u00bb][vc_column_inner width=\u00bb1\/2&#8243;][single_image image=\u00bb35164&#8243; image_description=\u00bbsoporte-personalizado-cabezal-laminacion\u00bb image_link=\u00bburl:%2Fes%2Fnovedades%2Fproduccion-sin-paradas-automocion%2F\u00bb][\/vc_column_inner][vc_column_inner width=\u00bb1\/2&#8243; row_spacing_h=\u00bbleft-spacing\u00bb][text]<\/p>\n<h2 class=\"style-02\">Conjunto cabezal de laminaci\u00f3n y soporte<\/h2>\n<p>Para modernizar el proceso de laminaci\u00f3n de adhesivos de una l\u00ednea de fabricaci\u00f3n de paneles de madera, Meler Engineering cre\u00f3 una soluci\u00f3n completa que no s\u00f3lo permit\u00eda un control preciso de la laminaci\u00f3n, sino que tambi\u00e9n se integraba a la perfecci\u00f3n gracias a un soporte personalizado.<\/p>\n<ul class=\"style-03\">\n<li><strong>Control con pantalla t\u00e1ctil<\/strong> de la apertura y cierre del cabezal.<\/li>\n<li>Soporte dise\u00f1ado para la <strong>perfecta integraci\u00f3n<\/strong> en el proceso productivo.<\/li>\n<\/ul>\n<p>[\/text][\/vc_column_inner][\/vc_row_inner][vc_row_inner el_class=\u00bbreverse-column-mobile\u00bb][vc_column_inner width=\u00bb1\/2&#8243; row_spacing_h=\u00bbspacing-h-0&#8243;][single_image image=\u00bb12327&#8243; image_description=\u00bbcoating-roller-meler-engineering-project\u00bb image_link=\u00bburl:%2Fes%2Fnovedades%2Frodillo-laminacion-textiles-bajo-gramaje%2F\u00bb][\/vc_column_inner][vc_column_inner width=\u00bb1\/2&#8243; row_spacing_h=\u00bbleft-spacing\u00bb][text]<\/p>\n<h2 class=\"style-02\">Rodillo de laminaci\u00f3n con mesa de retorno (Automoci\u00f3n)<\/h2>\n<p>Dise\u00f1ar un rodillo para laminaci\u00f3n adhesiva sobre textiles de bajo espesor.<\/p>\n<ul class=\"style-03\">\n<li>Sistema <strong>autom\u00e1tico<\/strong><\/li>\n<li>Laminaci\u00f3n <strong> precisa<\/strong><\/li>\n<li>Ahorra <strong>espacio productivo<\/strong><\/li>\n<\/ul>\n<p>[\/text][\/vc_column_inner][\/vc_row_inner][vc_row_inner el_class=\u00bbreverse-column-mobile\u00bb][vc_column_inner width=\u00bb1\/2&#8243; row_spacing_h=\u00bbspacing-h-0&#8243;][single_image image=\u00bb35159&#8243; image_description=\u00bbmoutarde-meler-engineering-project\u00bb image_link=\u00bburl:%2Fes%2Fnovedades%2Frodillo-laminacion-textiles-bajo-gramaje%2F\u00bb][\/vc_column_inner][vc_column_inner width=\u00bb1\/2&#8243; row_spacing_h=\u00bbleft-spacing\u00bb][text]<\/p>\n<h2 class=\"style-02\">Soluci\u00f3n completa para lacrado de tarros<\/h2>\n<p>Meler Engineering crea un sistema autom\u00e1tico para el cierre herm\u00e9tico con lacre de tres tarros de manera simult\u00e1nea para automatizar el proceso completo de producci\u00f3n de un fabricante de productos gourmet.<\/p>\n<ul class=\"style-03\">\n<li><strong>Soluci\u00f3n completa <\/strong>con fusor, controlador de disparos y aplicaci\u00f3n<\/li>\n<li><strong>Integraci\u00f3n perfecta <\/strong>en la m\u00e1quina del cliente<\/li>\n<li><strong>Accesibilidad <\/strong> total y f\u00e1cil manejo<\/li>\n<\/ul>\n<p>[\/text][\/vc_column_inner][\/vc_row_inner][vc_row_inner el_class=\u00bbreverse-column-mobile\u00bb][vc_column_inner width=\u00bb1\/2&#8243;][single_image image=\u00bb12322&#8243; image_description=\u00bbwinder-EWS-meler-engineering-project\u00bb image_link=\u00bburl:%2Fes%2Fnovedades%2Fbobinadora-desbobinadora-ews-para-la-aplicacion-de-adhesivos-hotmelt-y-pur%2F\u00bb][\/vc_column_inner][vc_column_inner width=\u00bb1\/2&#8243; row_spacing_h=\u00bbleft-spacing\u00bb][text]<\/p>\n<h2 class=\"style-02\">Bobinadora-desbobinadora para EWS<\/h2>\n<p>Aplicaci\u00f3n continua de adhesivos hot melt reactivos y no reactivos sobre sustratos de PVC y tejidos.<\/p>\n<ul class=\"style-03\">\n<li><strong>Accesibilidad <\/strong>total<\/li>\n<li>Dise\u00f1ado para <strong>adhesivos reactivos<\/strong><\/li>\n<li>M\u00faltiples <strong>sistemas opcionales<\/strong><\/li>\n<\/ul>\n<p>[\/text][\/vc_column_inner][\/vc_row_inner][vc_row_inner el_class=\u00bbreverse-column-mobile\u00bb][vc_column_inner width=\u00bb1\/2&#8243; row_spacing_h=\u00bbspacing-h-0&#8243;][single_image image=\u00bb35149&#8243; image_description=\u00bbbobinadora-lijas-meler-engineering-project\u00bb image_link=\u00bburl:%2Fes%2Fnovedades%2Frodillo-laminacion-textiles-bajo-gramaje%2F\u00bb][\/vc_column_inner][vc_column_inner width=\u00bb1\/2&#8243; row_spacing_h=\u00bbleft-spacing\u00bb][text]<\/p>\n<h2 class=\"style-02\">Bobinadora para fabricar productos abrasivos<\/h2>\n<p>La m\u00e1quina de conversi\u00f3n especial aumenta la capacidad de producci\u00f3n porque funciona como una soluci\u00f3n completa que integra varios procesos en uno: carga, marcado del producto, laminaci\u00f3n y bobinado final.<\/p>\n<ul class=\"style-03\">\n<li>Anchura de laminaci\u00f3n de <strong>500 a 1600 mm.<\/strong><\/li>\n<li><strong>4 <\/strong>cabezales de impresi\u00f3n \/ velocidad de <strong>4 m\/s.<\/strong><\/li>\n<li>Accesibilidad y ergonom\u00eda<\/li>\n<\/ul>\n<p>[\/text][\/vc_column_inner][\/vc_row_inner][vc_row_inner el_class=\u00bbreverse-column-mobile\u00bb][vc_column_inner width=\u00bb1\/2&#8243; row_spacing_h=\u00bbspacing-h-0&#8243;][single_image image=\u00bb35154&#8243; image_description=\u00bbikarus-meler-engineering-project\u00bb image_link=\u00bburl:%2Fes%2Fnovedades%2Frodillo-laminacion-textiles-bajo-gramaje%2F\u00bb][\/vc_column_inner][vc_column_inner width=\u00bb1\/2&#8243; row_spacing_h=\u00bbleft-spacing\u00bb][text]<\/p>\n<h2 class=\"style-02\">Ikarus, aplicador de sellos fiscales<\/h2>\n<p>Soluci\u00f3n completa para la aplicaci\u00f3n semiautom\u00e1tica de timbres fiscales para e-l\u00edquidos. Ikarus integra en su sistema los siguientes productos de Meler:<\/p>\n<ul class=\"style-03\">\n<li>Fusor <strong>B4<\/strong><\/li>\n<li>Controlador de disparos <strong>Starbi<\/strong><\/li>\n<li>El aplicador el\u00e9ctrico <strong>Raptor Infinity<\/strong><\/li>\n<li>La manguera <strong>Arion Essential<\/strong><\/li>\n<\/ul>\n<p>[\/text][\/vc_column_inner][\/vc_row_inner][\/vc_column][\/vc_row][vc_row row_layout=\u00bbfull\u00bb bg_image_position=\u00bb50% 0&#8243; row_spacing=\u00bbtop-spacing-med bottom-spacing-0&#8243; row_spacing_h=\u00bbspacing-h-0&#8243;][vc_column width=\u00bb1\/1&#8243;][text]<\/p>\n<h2 class=\"txt-center style-0\">As\u00ed es como <strong>Meler Engineering<\/strong> trabaja<\/h2>\n<p>[\/text][\/vc_column][\/vc_row][vc_row row_layout=\u00bbfull\u00bb][vc_column][vc_row_inner row_layout=\u00bbfull\u00bb row_spacing=\u00bbbottom-spacing-med top-spacing-0&#8243;][vc_column_inner][ttdirectories carousel_columns=\u00bbInfinito\u00bb position=\u00bbposition_center\u00bb][ttdirectory_item subtitle=\u00bb1 Escuchamos\u00bb title=\u00bbProyecto del cliente\u00bb description=\u00bbDefinici\u00f3n de las necesidades y requisitos t\u00e9cnicos\u00bb image=\u00bb18059&#8243;][\/ttdirectory_item][ttdirectory_item directory_item_style=\u00bbdirectory-item-style-1&#8243; subtitle=\u00bb2 Proponemos\u00bb title=\u00bbElaboraci\u00f3n de la propuesta comercial\u00bb description=\u00bbEl Product Manager especialista analiza el alcance del proyecto y define el flujo de trabajo, la asignaci\u00f3n de recursos y el calendario.\u00bb directory_style=\u00bbdirectory-item-style-1&#8243; image=\u00bb18064&#8243;][\/ttdirectory_item][ttdirectory_item subtitle=\u00bb3 Arrancamos\u00bb title=\u00bbAceptaci\u00f3n y fabricaci\u00f3n\u00bb description=\u00bbDel dise\u00f1o en papel a la realidad<br \/>\nDuraci\u00f3n: entre 6\/16 semanas en funci\u00f3n de su complejidad.<br \/>\nComunicaci\u00f3n fluida para:<br \/>\n\u00b7 Definici\u00f3n de componentes<br \/>\n\u00b7 Correcta asesor\u00eda t\u00e9cnica<br \/>\n\u00b7 Control del proceso de fabricaci\u00f3n\u00bb image=\u00bb18069&#8243;][\/ttdirectory_item][ttdirectory_item directory_item_style=\u00bbdirectory-item-style-1&#8243; subtitle=\u00bb4 Probamos\u00bb title=\u00bbTest y aceptaci\u00f3n\u00bb description=\u00bbPrueba real en el laboratorio de simulaciones de Meler en presencia del cliente.\u00bb directory_style=\u00bbdirectory-item-style-1&#8243; image=\u00bb18074&#8243;][\/ttdirectory_item][ttdirectory_item subtitle=\u00bb5 Producimos\u00bb title=\u00bbPuesta en marcha en cliente\u00bb description=\u00bbInstalaci\u00f3n del equipo en las instalaciones del<br \/>\ncliente por parte del servicio t\u00e9cnico de Meler con asistencia global.\u00bb directory_style=\u00bbdirectory-item-style-1&#8243; image=\u00bb18079&#8243;][\/ttdirectory_item][\/ttdirectories][\/vc_column_inner][\/vc_row_inner][\/vc_column][\/vc_row][vc_row bg_image_position=\u00bb50% 0&#8243; row_spacing=\u00bbtop-spacing bottom-spacing-0&#8243; row_vertical_align=\u00bbvalign-middle\u00bb][vc_column width=\u00bb1\/1&#8243;][text]<\/p>\n<h2 class=\"txt-center style-0\">Prueba de campo <strong>Meler Engineering<\/strong><\/h2>\n<p class=\"txt-center txt-width txt-featured-01\">En Meler Engineering desarrollamos soluciones a medida, para ofrecerte la mejor calidad y dinamizar la productividad de tus sistemas.<\/p>\n<p>[\/text][\/vc_column][\/vc_row][vc_row bg_image_position=\u00bb50% 0&#8243; row_spacing=\u00bbtop-spacing-med bottom-spacing-0&#8243; row_vertical_align=\u00bbvalign-middle\u00bb][vc_column width=\u00bb1\/1&#8243;][video_youtube video_image=\u00bb27333&#8243; video_url=\u00bbhttps:\/\/www.youtube.com\/watch?v=rGSA71OblYY\u00bb][\/vc_column][\/vc_row][vc_row row_bg_color=\u00bbbg-03&#8243; el_class=\u00bbremove-bg-mobile\u00bb][vc_column width=\u00bb1\/1&#8243;][vc_row_inner row_spacing=\u00bbtop-spacing bottom-spacing\u00bb][vc_column_inner width=\u00bb1\/2&#8243;][text]<\/p>\n<p class=\"summary\"><strong>Te ofrecemos<\/strong><\/p>\n<p><a class=\"button\" href=\"https:\/\/www.meler.cn\/contact\/\">Cont\u00e1ctanos<\/a><\/p>\n<p>[\/text][\/vc_column_inner][vc_column_inner width=\u00bb1\/2&#8243;][text]<\/p>\n<ol class=\"style-01\">\n<li><strong>PROCESOS DE DISE\u00d1O Y FABRICACI\u00d3N PROPIOS<\/strong><\/li>\n<li><strong>SISTEMAS PERSONALIZADOS A PARTIR DE UNA GAMA EST\u00c1NDAR<\/strong><\/li>\n<li><strong>PROYECTOS DE APLICACI\u00d3N DE ADHESIVOS PARA TODAS LAS INDUSTRIAS<\/strong><\/li>\n<\/ol>\n<p>[\/text][\/vc_column_inner][\/vc_row_inner][\/vc_column][\/vc_row][vc_row row_layout=\u00bbfull\u00bb bg_image_position=\u00bb50% 0&#8243; row_spacing=\u00bbspacing-v-none\u00bb][vc_column width=\u00bb1\/1&#8243;][CtaModule cta_item=\u00bb156&#8243;][\/vc_column][\/vc_row][vc_row row_layout=\u00bbfull\u00bb bg_image_position=\u00bb0 100%\u00bb row_spacing_h=\u00bbspacing-h-0&#8243; row_vertical_align=\u00bbvalign-middle\u00bb el_class=\u00bbreverse-column-mobile\u00bb][vc_column width=\u00bb1\/1&#8243;][ttdirectory_gallery carousel_columns=\u00bb4&#8243; gallery_type=\u00bbstyle-01&#8243; gallery_carousel=\u00bbslide\u00bb][single_image image=\u00bb18019&#8243;][single_image image=\u00bb18024&#8243;][single_image image=\u00bb18029&#8243;][single_image image=\u00bb18034&#8243;][single_image image=\u00bb18039&#8243;][single_image image=\u00bb18044&#8243;][single_image image=\u00bb18049&#8243;][single_image image=\u00bb18054&#8243;][single_image image=\u00bb18019&#8243;][\/ttdirectory_gallery][\/vc_column][\/vc_row][vc_row row_layout=\u00bbfull\u00bb bg_image_position=\u00bb50% 0&#8243; row_spacing=\u00bbspacing-v-none\u00bb][vc_column width=\u00bb1\/1&#8243;][CtaModule cta_item=\u00bb14808&#8243;][\/vc_column][\/vc_row]<\/p>\n","protected":false},"excerpt":{"rendered":"<p>[vc_row][vc_column width=\u00bb1\/1&#8243;][text] Ingenier\u00eda especializada en la aplicaci\u00f3n de adhesivos industriales [\/text][\/vc_column][\/vc_row][vc_row][vc_column width=\u00bb1\/2&#8243;][text] Meler\u00a0engineering como partner significa&#8230; [\/text][\/vc_column][vc_column width=\u00bb1\/2&#8243;][text] Contacto directo con ingenieros especialistas en todo el proceso Un sistema completo con un \u00fanico proveedor Flexibilidad para incorporar sistemas opcionales D\u00e9cadas de experiencia como fabricante de sistemas completos de aplicaci\u00f3n de adhesivos Servicio t\u00e9cnico y atenci\u00f3n [&hellip;]<\/p>\n","protected":false},"author":2,"featured_media":12337,"parent":816,"menu_order":76,"comment_status":"closed","ping_status":"closed","template":"","meta":[],"yoast_head":"<!-- This site is optimized with the Yoast SEO plugin v20.3 - https:\/\/yoast.com\/wordpress\/plugins\/seo\/ -->\n<title>Meler Engineering - Meler<\/title>\n<meta name=\"description\" content=\"Proyectos a medida para la aplicaci\u00f3n de hot melt que aumentan el valor de lo que haces.\" \/>\n<meta name=\"robots\" content=\"index, follow, max-snippet:-1, max-image-preview:large, max-video-preview:-1\" \/>\n<link rel=\"canonical\" href=\"https:\/\/www.meler.cn\/es\/servicios\/meler-engineering\/\" \/>\n<meta property=\"og:locale\" content=\"es_ES\" \/>\n<meta property=\"og:type\" content=\"article\" \/>\n<meta property=\"og:title\" content=\"Meler Engineering - Meler\" \/>\n<meta property=\"og:description\" content=\"Proyectos a medida para la aplicaci\u00f3n de hot melt que aumentan el valor de lo que haces.\" \/>\n<meta property=\"og:url\" content=\"https:\/\/www.meler.cn\/es\/servicios\/meler-engineering\/\" \/>\n<meta property=\"og:site_name\" content=\"Meler\" \/>\n<meta property=\"article:modified_time\" content=\"2025-01-31T08:25:34+00:00\" \/>\n<meta property=\"og:image\" content=\"https:\/\/20097.ttandemdigital.com\/media\/header-servicios-meler-engineering-meler.jpg\" \/>\n\t<meta property=\"og:image:width\" content=\"1920\" \/>\n\t<meta property=\"og:image:height\" content=\"780\" \/>\n\t<meta property=\"og:image:type\" content=\"image\/jpeg\" \/>\n<meta name=\"twitter:card\" content=\"summary_large_image\" \/>\n<meta name=\"twitter:label1\" content=\"Tiempo de lectura\" \/>\n\t<meta name=\"twitter:data1\" content=\"4 minutos\" \/>\n<script type=\"application\/ld+json\" class=\"yoast-schema-graph\">{\"@context\":\"https:\/\/schema.org\",\"@graph\":[{\"@type\":\"WebPage\",\"@id\":\"https:\/\/www.meler.cn\/es\/servicios\/meler-engineering\/\",\"url\":\"https:\/\/www.meler.cn\/es\/servicios\/meler-engineering\/\",\"name\":\"Meler Engineering - Meler\",\"isPartOf\":{\"@id\":\"https:\/\/www.meler.cn\/es\/#website\"},\"datePublished\":\"2022-11-25T12:39:43+00:00\",\"dateModified\":\"2025-01-31T08:25:34+00:00\",\"description\":\"Proyectos a medida para la aplicaci\u00f3n de hot melt que aumentan el valor de lo que haces.\",\"breadcrumb\":{\"@id\":\"https:\/\/www.meler.cn\/es\/servicios\/meler-engineering\/#breadcrumb\"},\"inLanguage\":\"es\",\"potentialAction\":[{\"@type\":\"ReadAction\",\"target\":[\"https:\/\/www.meler.cn\/es\/servicios\/meler-engineering\/\"]}]},{\"@type\":\"BreadcrumbList\",\"@id\":\"https:\/\/www.meler.cn\/es\/servicios\/meler-engineering\/#breadcrumb\",\"itemListElement\":[{\"@type\":\"ListItem\",\"position\":1,\"name\":\"Portada\",\"item\":\"https:\/\/www.meler.cn\/es\/\"},{\"@type\":\"ListItem\",\"position\":2,\"name\":\"Servicios\",\"item\":\"https:\/\/20097.ttandemdigital.com\/es\/servicios\/\"},{\"@type\":\"ListItem\",\"position\":3,\"name\":\"Meler Engineering\"}]},{\"@type\":\"WebSite\",\"@id\":\"https:\/\/www.meler.cn\/es\/#website\",\"url\":\"https:\/\/www.meler.cn\/es\/\",\"name\":\"Meler\",\"description\":\"Just another WordPress site\",\"potentialAction\":[{\"@type\":\"SearchAction\",\"target\":{\"@type\":\"EntryPoint\",\"urlTemplate\":\"https:\/\/www.meler.cn\/es\/?s={search_term_string}\"},\"query-input\":\"required name=search_term_string\"}],\"inLanguage\":\"es\"}]}<\/script>\n<!-- \/ Yoast SEO plugin. -->","yoast_head_json":{"title":"Meler Engineering - Meler","description":"Proyectos a medida para la aplicaci\u00f3n de hot melt que aumentan el valor de lo que haces.","robots":{"index":"index","follow":"follow","max-snippet":"max-snippet:-1","max-image-preview":"max-image-preview:large","max-video-preview":"max-video-preview:-1"},"canonical":"https:\/\/www.meler.cn\/es\/servicios\/meler-engineering\/","og_locale":"es_ES","og_type":"article","og_title":"Meler Engineering - Meler","og_description":"Proyectos a medida para la aplicaci\u00f3n de hot melt que aumentan el valor de lo que haces.","og_url":"https:\/\/www.meler.cn\/es\/servicios\/meler-engineering\/","og_site_name":"Meler","article_modified_time":"2025-01-31T08:25:34+00:00","og_image":[{"width":1920,"height":780,"url":"https:\/\/20097.ttandemdigital.com\/media\/header-servicios-meler-engineering-meler.jpg","type":"image\/jpeg"}],"twitter_card":"summary_large_image","twitter_misc":{"Tiempo de lectura":"4 minutos"},"schema":{"@context":"https:\/\/schema.org","@graph":[{"@type":"WebPage","@id":"https:\/\/www.meler.cn\/es\/servicios\/meler-engineering\/","url":"https:\/\/www.meler.cn\/es\/servicios\/meler-engineering\/","name":"Meler Engineering - Meler","isPartOf":{"@id":"https:\/\/www.meler.cn\/es\/#website"},"datePublished":"2022-11-25T12:39:43+00:00","dateModified":"2025-01-31T08:25:34+00:00","description":"Proyectos a medida para la aplicaci\u00f3n de hot melt que aumentan el valor de lo que haces.","breadcrumb":{"@id":"https:\/\/www.meler.cn\/es\/servicios\/meler-engineering\/#breadcrumb"},"inLanguage":"es","potentialAction":[{"@type":"ReadAction","target":["https:\/\/www.meler.cn\/es\/servicios\/meler-engineering\/"]}]},{"@type":"BreadcrumbList","@id":"https:\/\/www.meler.cn\/es\/servicios\/meler-engineering\/#breadcrumb","itemListElement":[{"@type":"ListItem","position":1,"name":"Portada","item":"https:\/\/www.meler.cn\/es\/"},{"@type":"ListItem","position":2,"name":"Servicios","item":"https:\/\/20097.ttandemdigital.com\/es\/servicios\/"},{"@type":"ListItem","position":3,"name":"Meler Engineering"}]},{"@type":"WebSite","@id":"https:\/\/www.meler.cn\/es\/#website","url":"https:\/\/www.meler.cn\/es\/","name":"Meler","description":"Just another WordPress site","potentialAction":[{"@type":"SearchAction","target":{"@type":"EntryPoint","urlTemplate":"https:\/\/www.meler.cn\/es\/?s={search_term_string}"},"query-input":"required name=search_term_string"}],"inLanguage":"es"}]}},"_links":{"self":[{"href":"https:\/\/www.meler.cn\/es\/wp-json\/wp\/v2\/pages\/11640"}],"collection":[{"href":"https:\/\/www.meler.cn\/es\/wp-json\/wp\/v2\/pages"}],"about":[{"href":"https:\/\/www.meler.cn\/es\/wp-json\/wp\/v2\/types\/page"}],"author":[{"embeddable":true,"href":"https:\/\/www.meler.cn\/es\/wp-json\/wp\/v2\/users\/2"}],"replies":[{"embeddable":true,"href":"https:\/\/www.meler.cn\/es\/wp-json\/wp\/v2\/comments?post=11640"}],"version-history":[{"count":103,"href":"https:\/\/www.meler.cn\/es\/wp-json\/wp\/v2\/pages\/11640\/revisions"}],"predecessor-version":[{"id":34493,"href":"https:\/\/www.meler.cn\/es\/wp-json\/wp\/v2\/pages\/11640\/revisions\/34493"}],"up":[{"embeddable":true,"href":"https:\/\/www.meler.cn\/es\/wp-json\/wp\/v2\/pages\/816"}],"wp:featuredmedia":[{"embeddable":true,"href":"https:\/\/www.meler.cn\/es\/wp-json\/wp\/v2\/media\/12337"}],"wp:attachment":[{"href":"https:\/\/www.meler.cn\/es\/wp-json\/wp\/v2\/media?parent=11640"}],"curies":[{"name":"wp","href":"https:\/\/api.w.org\/{rel}","templated":true}]}}