




















{"id":11625,"date":"2022-11-25T11:15:01","date_gmt":"2022-11-25T11:15:01","guid":{"rendered":"https:\/\/www.meler.eu\/?page_id=11625"},"modified":"2025-01-28T16:14:58","modified_gmt":"2025-01-28T16:14:58","slug":"nuestra-historia","status":"publish","type":"page","link":"https:\/\/www.meler.cn\/es\/meler\/nuestra-historia\/","title":{"rendered":"Hacia el futuro desde 1985"},"content":{"rendered":"<p>[vc_row bg_image_position=\u00bb0 100%\u00bb row_vertical_align=\u00bbvalign-middle\u00bb el_class=\u00bbreverse-column-mobile\u00bb][vc_column row_spacing_h=\u00bbleft-spacing\u00bb width=\u00bb1\/1&#8243;][text]<\/p>\n<h2 class=\"style-01 txt-width txt-center\"><strong>Somos Meler, your gluing<br \/>\nsolutions partner<\/strong><\/h2>\n<p>[\/text][\/vc_column][\/vc_row][vc_row row_vertical_align=\u00bbvalign-middle\u00bb][vc_column row_spacing_h=\u00bbright-spacing\u00bb width=\u00bb1\/2&#8243;][text]<\/p>\n<h2 class=\"summary txt-width style-03 style-0\"><strong>1985<\/strong><br \/>\nComenzamos nuestra<br \/>\nactividad en la aplicaci\u00f3n<br \/>\nen adhesivos y sellantes<\/h2>\n<p>[\/text][text]Con m\u00e1s de 40 a\u00f1os como especialistas en el desarrollo y mejora de procesos de adhesivado, trabajamos para que nuestro talento, experiencia y conocimiento impulsen tus procesos productivos.[\/text][\/vc_column][vc_column width=\u00bb1\/2&#8243;][single_image image=\u00bb14290&#8243;][\/vc_column][\/vc_row][vc_row row_vertical_align=\u00bbvalign-middle\u00bb el_class=\u00bbbg-line-med reverse-column-mobile\u00bb][vc_column width=\u00bb1\/2&#8243;][single_image image=\u00bb14296&#8243;][\/vc_column][vc_column row_spacing_h=\u00bbleft-spacing\u00bb width=\u00bb1\/2&#8243;][text]<\/p>\n<h2 class=\"summary style-0 style-03\">Somos Your gluing<br \/>\nsolutions partner<\/h2>\n<p>[\/text][text]Te acompa\u00f1amos en el dise\u00f1o y fabricaci\u00f3n de productos e instalaciones completas a medida.\u00a0 Mejoramos tus procesos productivos implementando la aplicaci\u00f3n de adhesivos a trav\u00e9s de la manipulaci\u00f3n, carga, fusi\u00f3n, transporte y aplicaci\u00f3n de los mismos.[\/text][\/vc_column][\/vc_row][vc_row row_vertical_align=\u00bbvalign-middle\u00bb][vc_column row_spacing_h=\u00bbright-spacing\u00bb width=\u00bb1\/2&#8243;][text]<\/p>\n<h2 class=\"style-0 style-03\">Unimos lo importante para que todo funcione<\/h2>\n<p>[\/text][text]Estando siempre a tu lado asesor\u00e1ndote en el dise\u00f1o, desarrollo y formaci\u00f3n de tu equipo para realizar unas aplicaciones de adhesivo de calidad.[\/text][\/vc_column][vc_column width=\u00bb1\/2&#8243;][single_image image=\u00bb14301&#8243; image_spacing=\u00bbspacing-v-0&#8243;][\/vc_column][\/vc_row][vc_row bg_image_position=\u00bb0 100%\u00bb row_vertical_align=\u00bbvalign-middle\u00bb el_class=\u00bbreverse-column-mobile\u00bb][vc_column row_spacing_h=\u00bbleft-spacing\u00bb width=\u00bb1\/1&#8243;][text]<\/p>\n<h2 class=\"style-01 txt-width txt-center\"><strong>Mejorando procesos de adhesivado,<br \/>\nest\u00e9s donde est\u00e9s<\/strong><\/h2>\n<p>[\/text][\/vc_column][\/vc_row][vc_row][vc_column width=\u00bb1\/1&#8243;][video_youtube video_image=\u00bb34935&#8243; video_url=\u00bbhttps:\/\/www.youtube.com\/watch?v=GhcpT2RHb24&#8243;][\/vc_column][\/vc_row][vc_row row_layout=\u00bbfull\u00bb bg_image_position=\u00bb50% 0&#8243;][vc_column width=\u00bb1\/1&#8243;][CtaModule cta_item=\u00bb11634&#8243;][\/vc_column][\/vc_row][vc_row row_slide=\u00bbyes\u00bb el_class=\u00bbbg-line\u00bb][vc_column width=\u00bb1\/1&#8243;][vc_row_inner el_class=\u00bbreverse-column-mobile\u00bb][vc_column_inner width=\u00bb3\/4&#8243; row_spacing_h=\u00bbspacing-h-0&#8243;][single_image image=\u00bb13132&#8243;][\/vc_column_inner][vc_column_inner width=\u00bb1\/4&#8243; row_spacing_h=\u00bbleft-spacing\u00bb][text]<\/p>\n<h2 class=\"style-02\">Gluing talent<\/h2>\n<p>En Meler el mayor activo es el talento de las personas. Un equipo que acompa\u00f1a a sus clientes para descubrir la soluci\u00f3n adecuada mejorando eficiencia y calidad en los procesos de adhesivado.<\/p>\n<p>Descubre c\u00f3mo lo hacemos:<\/p>\n<ul class=\"style-02\">\n<li><a href=\"https:\/\/www.meler.cn\/es\/servicios\/meler-support\/\">Meler Support<\/a><\/li>\n<li><a href=\"https:\/\/www.meler.cn\/es\/servicios\/meler-lab\/\">Meler LAB<\/a><\/li>\n<li><a href=\"https:\/\/www.meler.cn\/es\/servicios\/meler-engineering\/\">Meler ENGINEERING<\/a><\/li>\n<li><a href=\"https:\/\/www.meler.cn\/es\/servicios\/meler-academy\/\">Meler ACADEMY<\/a><\/li>\n<\/ul>\n<p>[\/text][\/vc_column_inner][\/vc_row_inner][vc_row_inner el_class=\u00bbreverse-column-mobile\u00bb][vc_column_inner width=\u00bb3\/4&#8243;][single_image image=\u00bb13137&#8243;][\/vc_column_inner][vc_column_inner width=\u00bb1\/4&#8243; row_spacing_h=\u00bbleft-spacing\u00bb][text]<\/p>\n<h2 class=\"style-02\">Gluing tech<\/h2>\n<p>La uni\u00f3n de tecnolog\u00eda y experiencia de Meler da lugar a un know-how especializado que simplifica los procesos de adhesivado de manera eficiente. Encontramos la soluci\u00f3n id\u00f3nea para cada etapa de tu proceso de fusi\u00f3n, transporte y aplicaci\u00f3n de adhesivo con la tecnolog\u00eda m\u00e1s puntera del mercado.<\/p>\n<p>Conoce nuestras marcas especialistas:<\/p>\n<ul class=\"style-02\">\n<li><a href=\"https:\/\/www.meler.cn\/es\/products\/specialist-brand\/micron\/\">MICRON by Meler<\/a><\/li>\n<li><a href=\"https:\/\/www.meler.cn\/es\/products\/specialist-brand\/arion\/\">ARION by Meler<\/a><\/li>\n<li><a href=\"https:\/\/www.meler.cn\/es\/products\/specialist-brand\/raptor\/\">RAPTOR by Meler<\/a><\/li>\n<\/ul>\n<p>[\/text][\/vc_column_inner][\/vc_row_inner][\/vc_column][\/vc_row][vc_row row_layout=\u00bbfull\u00bb bg_image_position=\u00bb50% 0&#8243; row_spacing=\u00bbtop-spacing-med bottom-spacing-0&#8243;][vc_column width=\u00bb1\/1&#8243;][CtaModule cta_item=\u00bb9533&#8243;][\/vc_column][\/vc_row]<\/p>\n","protected":false},"excerpt":{"rendered":"<p>[vc_row bg_image_position=\u00bb0 100%\u00bb row_vertical_align=\u00bbvalign-middle\u00bb el_class=\u00bbreverse-column-mobile\u00bb][vc_column row_spacing_h=\u00bbleft-spacing\u00bb width=\u00bb1\/1&#8243;][text] Somos Meler, your gluing solutions partner [\/text][\/vc_column][\/vc_row][vc_row row_vertical_align=\u00bbvalign-middle\u00bb][vc_column row_spacing_h=\u00bbright-spacing\u00bb width=\u00bb1\/2&#8243;][text] 1985 Comenzamos nuestra actividad en la aplicaci\u00f3n en adhesivos y sellantes [\/text][text]Con m\u00e1s de 40 a\u00f1os como especialistas en el desarrollo y mejora de procesos de adhesivado, trabajamos para que nuestro talento, experiencia y conocimiento impulsen tus procesos [&hellip;]<\/p>\n","protected":false},"author":2,"featured_media":13184,"parent":11623,"menu_order":107,"comment_status":"closed","ping_status":"closed","template":"","meta":[],"yoast_head":"<!-- This site is optimized with the Yoast SEO plugin v20.3 - https:\/\/yoast.com\/wordpress\/plugins\/seo\/ -->\n<title>Conoce nuestra historia y experiencia durante m\u00e1s de 40 a\u00f1os - Meler<\/title>\n<meta name=\"description\" content=\"M\u00e1s de 30 a\u00f1os de expetiencia desarrollando y fabricando sistemas para la aplicaci\u00f3n de adhesivos y sellantes.\" \/>\n<meta name=\"robots\" content=\"index, follow, max-snippet:-1, max-image-preview:large, max-video-preview:-1\" \/>\n<link rel=\"canonical\" href=\"https:\/\/www.meler.cn\/es\/meler\/nuestra-historia\/\" \/>\n<meta property=\"og:locale\" content=\"es_ES\" \/>\n<meta property=\"og:type\" content=\"article\" \/>\n<meta property=\"og:title\" content=\"Conoce nuestra historia y experiencia durante m\u00e1s de 40 a\u00f1os - Meler\" \/>\n<meta property=\"og:description\" content=\"M\u00e1s de 30 a\u00f1os de expetiencia desarrollando y fabricando sistemas para la aplicaci\u00f3n de adhesivos y sellantes.\" \/>\n<meta property=\"og:url\" content=\"https:\/\/www.meler.cn\/es\/meler\/nuestra-historia\/\" \/>\n<meta property=\"og:site_name\" content=\"Meler\" \/>\n<meta property=\"article:modified_time\" content=\"2025-01-28T16:14:58+00:00\" \/>\n<meta property=\"og:image\" content=\"https:\/\/20097.ttandemdigital.com\/media\/header-nuestra-historia-meler-3.png\" \/>\n\t<meta property=\"og:image:width\" content=\"1920\" \/>\n\t<meta property=\"og:image:height\" content=\"780\" \/>\n\t<meta property=\"og:image:type\" content=\"image\/png\" \/>\n<meta name=\"twitter:card\" content=\"summary_large_image\" \/>\n<meta name=\"twitter:label1\" content=\"Tiempo de lectura\" \/>\n\t<meta name=\"twitter:data1\" content=\"2 minutos\" \/>\n<script type=\"application\/ld+json\" class=\"yoast-schema-graph\">{\"@context\":\"https:\/\/schema.org\",\"@graph\":[{\"@type\":\"WebPage\",\"@id\":\"https:\/\/www.meler.cn\/es\/meler\/nuestra-historia\/\",\"url\":\"https:\/\/www.meler.cn\/es\/meler\/nuestra-historia\/\",\"name\":\"Conoce nuestra historia y experiencia durante m\u00e1s de 40 a\u00f1os - Meler\",\"isPartOf\":{\"@id\":\"https:\/\/www.meler.cn\/es\/#website\"},\"datePublished\":\"2022-11-25T11:15:01+00:00\",\"dateModified\":\"2025-01-28T16:14:58+00:00\",\"description\":\"M\u00e1s de 30 a\u00f1os de expetiencia desarrollando y fabricando sistemas para la aplicaci\u00f3n de adhesivos y sellantes.\",\"breadcrumb\":{\"@id\":\"https:\/\/www.meler.cn\/es\/meler\/nuestra-historia\/#breadcrumb\"},\"inLanguage\":\"es\",\"potentialAction\":[{\"@type\":\"ReadAction\",\"target\":[\"https:\/\/www.meler.cn\/es\/meler\/nuestra-historia\/\"]}]},{\"@type\":\"BreadcrumbList\",\"@id\":\"https:\/\/www.meler.cn\/es\/meler\/nuestra-historia\/#breadcrumb\",\"itemListElement\":[{\"@type\":\"ListItem\",\"position\":1,\"name\":\"Portada\",\"item\":\"https:\/\/www.meler.cn\/es\/\"},{\"@type\":\"ListItem\",\"position\":2,\"name\":\"Meler\",\"item\":\"https:\/\/20097.ttandemdigital.com\/es\/meler\/\"},{\"@type\":\"ListItem\",\"position\":3,\"name\":\"Hacia el futuro desde 1985\"}]},{\"@type\":\"WebSite\",\"@id\":\"https:\/\/www.meler.cn\/es\/#website\",\"url\":\"https:\/\/www.meler.cn\/es\/\",\"name\":\"Meler\",\"description\":\"Just another WordPress site\",\"potentialAction\":[{\"@type\":\"SearchAction\",\"target\":{\"@type\":\"EntryPoint\",\"urlTemplate\":\"https:\/\/www.meler.cn\/es\/?s={search_term_string}\"},\"query-input\":\"required name=search_term_string\"}],\"inLanguage\":\"es\"}]}<\/script>\n<!-- \/ Yoast SEO plugin. -->","yoast_head_json":{"title":"Conoce nuestra historia y experiencia durante m\u00e1s de 40 a\u00f1os - Meler","description":"M\u00e1s de 30 a\u00f1os de expetiencia desarrollando y fabricando sistemas para la aplicaci\u00f3n de adhesivos y sellantes.","robots":{"index":"index","follow":"follow","max-snippet":"max-snippet:-1","max-image-preview":"max-image-preview:large","max-video-preview":"max-video-preview:-1"},"canonical":"https:\/\/www.meler.cn\/es\/meler\/nuestra-historia\/","og_locale":"es_ES","og_type":"article","og_title":"Conoce nuestra historia y experiencia durante m\u00e1s de 40 a\u00f1os - Meler","og_description":"M\u00e1s de 30 a\u00f1os de expetiencia desarrollando y fabricando sistemas para la aplicaci\u00f3n de adhesivos y sellantes.","og_url":"https:\/\/www.meler.cn\/es\/meler\/nuestra-historia\/","og_site_name":"Meler","article_modified_time":"2025-01-28T16:14:58+00:00","og_image":[{"width":1920,"height":780,"url":"https:\/\/20097.ttandemdigital.com\/media\/header-nuestra-historia-meler-3.png","type":"image\/png"}],"twitter_card":"summary_large_image","twitter_misc":{"Tiempo de lectura":"2 minutos"},"schema":{"@context":"https:\/\/schema.org","@graph":[{"@type":"WebPage","@id":"https:\/\/www.meler.cn\/es\/meler\/nuestra-historia\/","url":"https:\/\/www.meler.cn\/es\/meler\/nuestra-historia\/","name":"Conoce nuestra historia y experiencia durante m\u00e1s de 40 a\u00f1os - Meler","isPartOf":{"@id":"https:\/\/www.meler.cn\/es\/#website"},"datePublished":"2022-11-25T11:15:01+00:00","dateModified":"2025-01-28T16:14:58+00:00","description":"M\u00e1s de 30 a\u00f1os de expetiencia desarrollando y fabricando sistemas para la aplicaci\u00f3n de adhesivos y sellantes.","breadcrumb":{"@id":"https:\/\/www.meler.cn\/es\/meler\/nuestra-historia\/#breadcrumb"},"inLanguage":"es","potentialAction":[{"@type":"ReadAction","target":["https:\/\/www.meler.cn\/es\/meler\/nuestra-historia\/"]}]},{"@type":"BreadcrumbList","@id":"https:\/\/www.meler.cn\/es\/meler\/nuestra-historia\/#breadcrumb","itemListElement":[{"@type":"ListItem","position":1,"name":"Portada","item":"https:\/\/www.meler.cn\/es\/"},{"@type":"ListItem","position":2,"name":"Meler","item":"https:\/\/20097.ttandemdigital.com\/es\/meler\/"},{"@type":"ListItem","position":3,"name":"Hacia el futuro desde 1985"}]},{"@type":"WebSite","@id":"https:\/\/www.meler.cn\/es\/#website","url":"https:\/\/www.meler.cn\/es\/","name":"Meler","description":"Just another WordPress site","potentialAction":[{"@type":"SearchAction","target":{"@type":"EntryPoint","urlTemplate":"https:\/\/www.meler.cn\/es\/?s={search_term_string}"},"query-input":"required name=search_term_string"}],"inLanguage":"es"}]}},"_links":{"self":[{"href":"https:\/\/www.meler.cn\/es\/wp-json\/wp\/v2\/pages\/11625"}],"collection":[{"href":"https:\/\/www.meler.cn\/es\/wp-json\/wp\/v2\/pages"}],"about":[{"href":"https:\/\/www.meler.cn\/es\/wp-json\/wp\/v2\/types\/page"}],"author":[{"embeddable":true,"href":"https:\/\/www.meler.cn\/es\/wp-json\/wp\/v2\/users\/2"}],"replies":[{"embeddable":true,"href":"https:\/\/www.meler.cn\/es\/wp-json\/wp\/v2\/comments?post=11625"}],"version-history":[{"count":102,"href":"https:\/\/www.meler.cn\/es\/wp-json\/wp\/v2\/pages\/11625\/revisions"}],"predecessor-version":[{"id":34953,"href":"https:\/\/www.meler.cn\/es\/wp-json\/wp\/v2\/pages\/11625\/revisions\/34953"}],"up":[{"embeddable":true,"href":"https:\/\/www.meler.cn\/es\/wp-json\/wp\/v2\/pages\/11623"}],"wp:featuredmedia":[{"embeddable":true,"href":"https:\/\/www.meler.cn\/es\/wp-json\/wp\/v2\/media\/13184"}],"wp:attachment":[{"href":"https:\/\/www.meler.cn\/es\/wp-json\/wp\/v2\/media?parent=11625"}],"curies":[{"name":"wp","href":"https:\/\/api.w.org\/{rel}","templated":true}]}}