




















{"id":32893,"date":"2024-09-02T11:11:26","date_gmt":"2024-09-02T11:11:26","guid":{"rendered":"https:\/\/www.meler.eu\/canal-etico\/"},"modified":"2025-01-29T12:57:33","modified_gmt":"2025-01-29T12:57:33","slug":"ethik-kanal","status":"publish","type":"page","link":"https:\/\/www.meler.cn\/de\/ethik-kanal\/","title":{"rendered":"Ethik-Kanal"},"content":{"rendered":"<p>[vc_row row_spacing=&#8220;top-spacing bottom-spacing&#8220;][vc_column width=&#8220;5\/6&#8243;][text]<\/p>\n<h2>IHNEN STETS VERPFLICHTET<\/h2>\n<p>Die\u00a0<strong>Focke Meler\u00a0<\/strong>Gruppe (im Folgenden\u00a0<strong>Meler<\/strong>), die s\u00e4mtliche Unternehmen des Konzerns umfasst, engagiert sich kontinuierlich f\u00fcr ein\u00a0<strong>gesundes, respektvolles und kooperatives Arbeitsumfeld\u00a0<\/strong>in allen Bereiche und auf allen Ebenen. Indem wir allen Mitarbeitenden Ort und Gelegenheit bieten, ihre Anliegen\u00a0<strong>frei zu \u00e4u\u00dfern<\/strong>, sorgen wir f\u00fcr positive Rahmenbedingungen und ein\u00a0<strong>harmonisches Miteinander<\/strong>.<\/p>\n<p>Ein gesundes Arbeitsumfeld, das wir bei Meler weiter st\u00e4rken m\u00f6chten, indem wir einen Schritt weiter gehen: Wir richten einen\u00a0<strong>Ethik-Kanal<\/strong>\u00a0ein, der allen im Unternehmen offen steht. Es handelt sich um einen\u00a0<strong>neuen, direkten und vertraulichen Kommunikationskanal<\/strong>, \u00fcber den verschiedene Themen angesprochen werden k\u00f6nnen \u2013 von\u00a0<strong>beobachtetem Fehlverhalten<\/strong>\u00a0bis hin zu\u00a0<strong>Vorschl\u00e4gen oder positiven Anerkennungen<\/strong>.<\/p>\n<p>Das Unternehmen ermutigt seine Mitarbeitenden \u2013 und auch Firmenexterne \u2013 dazu, Verhaltensweisen zu melden, die gegen die Bestimmungen unseres\u00a0<strong>Ethik<\/strong>\u202f<strong>&#8211; und Verhaltenskodexes<\/strong>\u00a0versto\u00dfen k\u00f6nnten, einschlie\u00dflich sexueller Bel\u00e4stigung und Bel\u00e4stigung aufgrund des Geschlechts am Arbeitsplatz. Zudem sind wir offen f\u00fcr Vorschl\u00e4ge und Lob. Sie helfen uns, fortlaufend Verbesserungen im Unternehmen umzusetzen.<\/p>\n<h2>WIE GEHEN WIR MIT DEN \u00dcBERMITTELTEN INFORMATIONEN UM?<\/h2>\n<p>Alle eingehenden Mitteilungen werden von einem\u00a0<strong>unparteiischen und unabh\u00e4ngigen<\/strong>\u00a0externen Expertenteam gepr\u00fcft und bearbeitet, das die Informationen\u00a0<strong>streng vertraulich<\/strong>\u00a0behandelt. Das sch\u00fctzt Hinweisgeber vor beruflichen Repressalien.<\/p>\n<p>Alle Meldungen werden im Einklang mit den\u00a0<strong>Datenschutzbestimmungen, der Unschuldsvermutung und den Pers\u00f6nlichkeitsrechten der Betroffenen<\/strong>\u00a0bearbeitet. Meler f\u00f6rdert damit ein Arbeitsumfeld, das unseren ethischen Grunds\u00e4tzen und Verhaltensrichtlinien entspricht. Dieses wird getragen von starken Werten und unserer Unternehmenskultur, auf die wir alle stolz sind und der wir uns verpflichtet f\u00fchlen.[\/text][\/vc_column][vc_column width=&#8220;1\/6&#8243;][\/vc_column][\/vc_row][vc_row row_layout=&#8220;full&#8220; row_spacing=&#8220;spacing-v-none&#8220;][vc_column width=&#8220;1\/1&#8243;][CtaModule cta_item=&#8220;33362&#8243;][\/vc_column][\/vc_row]<\/p>\n","protected":false},"excerpt":{"rendered":"<p>[vc_row row_spacing=&#8220;top-spacing bottom-spacing&#8220;][vc_column width=&#8220;5\/6&#8243;][text] IHNEN STETS VERPFLICHTET Die\u00a0Focke Meler\u00a0Gruppe (im Folgenden\u00a0Meler), die s\u00e4mtliche Unternehmen des Konzerns umfasst, engagiert sich kontinuierlich f\u00fcr ein\u00a0gesundes, respektvolles und kooperatives Arbeitsumfeld\u00a0in allen Bereiche und auf allen Ebenen. Indem wir allen Mitarbeitenden Ort und Gelegenheit bieten, ihre Anliegen\u00a0frei zu \u00e4u\u00dfern, sorgen wir f\u00fcr positive Rahmenbedingungen und ein\u00a0harmonisches Miteinander. Ein gesundes Arbeitsumfeld, [&hellip;]<\/p>\n","protected":false},"author":1,"featured_media":33842,"parent":0,"menu_order":5,"comment_status":"closed","ping_status":"closed","template":"","meta":[],"yoast_head":"<!-- This site is optimized with the Yoast SEO plugin v20.3 - https:\/\/yoast.com\/wordpress\/plugins\/seo\/ -->\n<title>Ethik-Kanal - Meler<\/title>\n<meta name=\"robots\" content=\"index, follow, max-snippet:-1, max-image-preview:large, max-video-preview:-1\" \/>\n<link rel=\"canonical\" href=\"https:\/\/www.meler.cn\/de\/ethik-kanal\/\" \/>\n<meta property=\"og:locale\" content=\"de_DE\" \/>\n<meta property=\"og:type\" content=\"article\" \/>\n<meta property=\"og:title\" content=\"Ethik-Kanal - Meler\" \/>\n<meta property=\"og:description\" content=\"[vc_row row_spacing=&#8220;top-spacing bottom-spacing&#8220;][vc_column width=&#8220;5\/6&#8243;][text] IHNEN STETS VERPFLICHTET Die\u00a0Focke Meler\u00a0Gruppe (im Folgenden\u00a0Meler), die s\u00e4mtliche Unternehmen des Konzerns umfasst, engagiert sich kontinuierlich f\u00fcr ein\u00a0gesundes, respektvolles und kooperatives Arbeitsumfeld\u00a0in allen Bereiche und auf allen Ebenen. Indem wir allen Mitarbeitenden Ort und Gelegenheit bieten, ihre Anliegen\u00a0frei zu \u00e4u\u00dfern, sorgen wir f\u00fcr positive Rahmenbedingungen und ein\u00a0harmonisches Miteinander. Ein gesundes Arbeitsumfeld, [&hellip;]\" \/>\n<meta property=\"og:url\" content=\"https:\/\/www.meler.cn\/de\/ethik-kanal\/\" \/>\n<meta property=\"og:site_name\" content=\"Meler\" \/>\n<meta property=\"article:modified_time\" content=\"2025-01-29T12:57:33+00:00\" \/>\n<meta property=\"og:image\" content=\"https:\/\/20097.ttandemdigital.com\/media\/meler-ethic-code-1015x780.png\" \/>\n\t<meta property=\"og:image:width\" content=\"1015\" \/>\n\t<meta property=\"og:image:height\" content=\"780\" \/>\n\t<meta property=\"og:image:type\" content=\"image\/png\" \/>\n<meta name=\"twitter:card\" content=\"summary_large_image\" \/>\n<meta name=\"twitter:label1\" content=\"Gesch\u00e4tzte Lesezeit\" \/>\n\t<meta name=\"twitter:data1\" content=\"2 Minuten\" \/>\n<script type=\"application\/ld+json\" class=\"yoast-schema-graph\">{\"@context\":\"https:\/\/schema.org\",\"@graph\":[{\"@type\":\"WebPage\",\"@id\":\"https:\/\/www.meler.cn\/de\/ethik-kanal\/\",\"url\":\"https:\/\/www.meler.cn\/de\/ethik-kanal\/\",\"name\":\"Ethik-Kanal - Meler\",\"isPartOf\":{\"@id\":\"https:\/\/www.meler.cn\/de\/#website\"},\"datePublished\":\"2024-09-02T11:11:26+00:00\",\"dateModified\":\"2025-01-29T12:57:33+00:00\",\"breadcrumb\":{\"@id\":\"https:\/\/www.meler.cn\/de\/ethik-kanal\/#breadcrumb\"},\"inLanguage\":\"de-DE\",\"potentialAction\":[{\"@type\":\"ReadAction\",\"target\":[\"https:\/\/www.meler.cn\/de\/ethik-kanal\/\"]}]},{\"@type\":\"BreadcrumbList\",\"@id\":\"https:\/\/www.meler.cn\/de\/ethik-kanal\/#breadcrumb\",\"itemListElement\":[{\"@type\":\"ListItem\",\"position\":1,\"name\":\"Portada\",\"item\":\"https:\/\/www.meler.cn\/de\/\"},{\"@type\":\"ListItem\",\"position\":2,\"name\":\"Ethik-Kanal\"}]},{\"@type\":\"WebSite\",\"@id\":\"https:\/\/www.meler.cn\/de\/#website\",\"url\":\"https:\/\/www.meler.cn\/de\/\",\"name\":\"Meler\",\"description\":\"Just another WordPress site\",\"potentialAction\":[{\"@type\":\"SearchAction\",\"target\":{\"@type\":\"EntryPoint\",\"urlTemplate\":\"https:\/\/www.meler.cn\/de\/?s={search_term_string}\"},\"query-input\":\"required name=search_term_string\"}],\"inLanguage\":\"de-DE\"}]}<\/script>\n<!-- \/ Yoast SEO plugin. -->","yoast_head_json":{"title":"Ethik-Kanal - Meler","robots":{"index":"index","follow":"follow","max-snippet":"max-snippet:-1","max-image-preview":"max-image-preview:large","max-video-preview":"max-video-preview:-1"},"canonical":"https:\/\/www.meler.cn\/de\/ethik-kanal\/","og_locale":"de_DE","og_type":"article","og_title":"Ethik-Kanal - Meler","og_description":"[vc_row row_spacing=&#8220;top-spacing bottom-spacing&#8220;][vc_column width=&#8220;5\/6&#8243;][text] IHNEN STETS VERPFLICHTET Die\u00a0Focke Meler\u00a0Gruppe (im Folgenden\u00a0Meler), die s\u00e4mtliche Unternehmen des Konzerns umfasst, engagiert sich kontinuierlich f\u00fcr ein\u00a0gesundes, respektvolles und kooperatives Arbeitsumfeld\u00a0in allen Bereiche und auf allen Ebenen. Indem wir allen Mitarbeitenden Ort und Gelegenheit bieten, ihre Anliegen\u00a0frei zu \u00e4u\u00dfern, sorgen wir f\u00fcr positive Rahmenbedingungen und ein\u00a0harmonisches Miteinander. Ein gesundes Arbeitsumfeld, [&hellip;]","og_url":"https:\/\/www.meler.cn\/de\/ethik-kanal\/","og_site_name":"Meler","article_modified_time":"2025-01-29T12:57:33+00:00","og_image":[{"width":1015,"height":780,"url":"https:\/\/20097.ttandemdigital.com\/media\/meler-ethic-code-1015x780.png","type":"image\/png"}],"twitter_card":"summary_large_image","twitter_misc":{"Gesch\u00e4tzte Lesezeit":"2 Minuten"},"schema":{"@context":"https:\/\/schema.org","@graph":[{"@type":"WebPage","@id":"https:\/\/www.meler.cn\/de\/ethik-kanal\/","url":"https:\/\/www.meler.cn\/de\/ethik-kanal\/","name":"Ethik-Kanal - Meler","isPartOf":{"@id":"https:\/\/www.meler.cn\/de\/#website"},"datePublished":"2024-09-02T11:11:26+00:00","dateModified":"2025-01-29T12:57:33+00:00","breadcrumb":{"@id":"https:\/\/www.meler.cn\/de\/ethik-kanal\/#breadcrumb"},"inLanguage":"de-DE","potentialAction":[{"@type":"ReadAction","target":["https:\/\/www.meler.cn\/de\/ethik-kanal\/"]}]},{"@type":"BreadcrumbList","@id":"https:\/\/www.meler.cn\/de\/ethik-kanal\/#breadcrumb","itemListElement":[{"@type":"ListItem","position":1,"name":"Portada","item":"https:\/\/www.meler.cn\/de\/"},{"@type":"ListItem","position":2,"name":"Ethik-Kanal"}]},{"@type":"WebSite","@id":"https:\/\/www.meler.cn\/de\/#website","url":"https:\/\/www.meler.cn\/de\/","name":"Meler","description":"Just another WordPress site","potentialAction":[{"@type":"SearchAction","target":{"@type":"EntryPoint","urlTemplate":"https:\/\/www.meler.cn\/de\/?s={search_term_string}"},"query-input":"required name=search_term_string"}],"inLanguage":"de-DE"}]}},"_links":{"self":[{"href":"https:\/\/www.meler.cn\/de\/wp-json\/wp\/v2\/pages\/32893"}],"collection":[{"href":"https:\/\/www.meler.cn\/de\/wp-json\/wp\/v2\/pages"}],"about":[{"href":"https:\/\/www.meler.cn\/de\/wp-json\/wp\/v2\/types\/page"}],"author":[{"embeddable":true,"href":"https:\/\/www.meler.cn\/de\/wp-json\/wp\/v2\/users\/1"}],"replies":[{"embeddable":true,"href":"https:\/\/www.meler.cn\/de\/wp-json\/wp\/v2\/comments?post=32893"}],"version-history":[{"count":3,"href":"https:\/\/www.meler.cn\/de\/wp-json\/wp\/v2\/pages\/32893\/revisions"}],"predecessor-version":[{"id":33382,"href":"https:\/\/www.meler.cn\/de\/wp-json\/wp\/v2\/pages\/32893\/revisions\/33382"}],"wp:featuredmedia":[{"embeddable":true,"href":"https:\/\/www.meler.cn\/de\/wp-json\/wp\/v2\/media\/33842"}],"wp:attachment":[{"href":"https:\/\/www.meler.cn\/de\/wp-json\/wp\/v2\/media?parent=32893"}],"curies":[{"name":"wp","href":"https:\/\/api.w.org\/{rel}","templated":true}]}}