




















{"id":28406,"date":"2023-03-27T13:13:48","date_gmt":"2023-03-27T13:13:48","guid":{"rendered":"https:\/\/www.meler.eu\/meler\/identidad-corporativa\/"},"modified":"2024-11-06T09:58:22","modified_gmt":"2024-11-06T09:58:22","slug":"identidad-corporativa","status":"publish","type":"page","link":"https:\/\/www.meler.cn\/de\/meler\/identidad-corporativa\/","title":{"rendered":"Unternehmensidentit\u00e4t"},"content":{"rendered":"<p>[vc_row bg_image_position=&#8220;0 100%&#8220; row_vertical_align=&#8220;valign-middle&#8220; el_class=&#8220;reverse-column-mobile&#8220;][vc_column row_spacing_h=&#8220;left-spacing&#8220; width=&#8220;1\/1&#8243;][text]<\/p>\n<h2 class=\"txt-center style-01\"><strong>WAS STECKT HINTER DER MAGIE VON MELER?<\/strong><\/h2>\n<p class=\"txt-width txt-center\">Bei Meler glauben wir an alles, was wir tun. Wir bieten<strong> anspruchsvolle L\u00f6sungen<\/strong> immer an die Bed\u00fcrfnisse unserer Kunden angepasst. Deshalb ist unser<strong> Unternehmensidentit\u00e4t<\/strong> spiegelt nicht nur alles wider, was das Unternehmen im Laufe der Jahre aufgebaut hat, sondern auch <strong>mehr als 40 Jahre<\/strong><br \/>\nReisen; ist auch das <strong>integrierende Element<\/strong> unserer Unternehmensphilosophie und -kultur.<\/p>\n<p class=\"txt-width txt-center\">Das ist Meler, <strong>Your Gluing Solutions Partner.<\/strong><\/p>\n<p>[\/text][\/vc_column][\/vc_row][vc_row row_vertical_align=&#8220;valign-middle&#8220; el_class=&#8220;bg-line-start&#8220;][vc_column row_spacing_h=&#8220;right-spacing&#8220; width=&#8220;1\/2&#8243;][text]<\/p>\n<h2 class=\"style-01 txt-left\"><strong>MISSION<\/strong><\/h2>\n<p>[\/text][text]Wir bringen die Anwendung von Klebstoff- und Dichtungsl\u00f6sungen in die Industrie durch eine <strong>Gruppe von engagierten Menschen<\/strong>. Durch die Entwicklung und Herstellung von Produkten verbessern wir die Produktionsprozesse von Unternehmen, indem wir die Anwendung von Klebstoffen durch die Handhabung, das Laden, das Schmelzen, den Transport und die Anwendung derselben umsetzen. Wir passen uns den Kundenbed\u00fcrfnissen an, indem wir<strong> Komponenten und Komplettl\u00f6sungen anbieten<\/strong>, die von einer technischen und globalen Unterst\u00fctzung w\u00e4hrend des gesamten Lebenszyklus des Produkts begleitet werden.[\/text][\/vc_column][vc_column width=&#8220;1\/2&#8243;][single_image image=&#8220;28235&#8243;][\/vc_column][\/vc_row][vc_row row_vertical_align=&#8220;valign-middle&#8220; el_class=&#8220;bg-line-end reverse-column-mobile&#8220;][vc_column width=&#8220;1\/2&#8243;][single_image image=&#8220;28253&#8243;][\/vc_column][vc_column row_spacing_h=&#8220;left-spacing&#8220; width=&#8220;1\/2&#8243;][text]<\/p>\n<h2 class=\"style-01 txt-left\"><strong>VISION<\/strong><\/h2>\n<p>[\/text][text]Meler wird in einem globalen Umfeld stets die <strong>N\u00e4he und Transparenz<\/strong> zum Kunden suchen und ihm agile, technologische und zunehmend nachhaltige L\u00f6sungen anbieten. Durch ein transversales Vertrauen, das unsere gesamte Arbeit und die Beziehung zum Kunden leitet, wird der Klebstoffauftragsprozess bei Meler weiterhin der <strong>effizienteste und umweltfreundlichste bei allen Entwicklungen sein<\/strong>, die das Unternehmen durchf\u00fchrt.[\/text][\/vc_column][\/vc_row][vc_row row_layout=&#8220;full&#8220; bg_image_position=&#8220;50% 0&#8243; row_spacing=&#8220;top-spacing bottom-spacing&#8220;][vc_column width=&#8220;1\/1&#8243;][CtaModule cta_item=&#8220;21675&#8243;][\/vc_column][\/vc_row][vc_row][vc_column width=&#8220;1\/1&#8243;][text]<\/p>\n<h2 class=\"style-01 txt-center\"><strong>WERTE<\/strong><\/h2>\n<p>[\/text][\/vc_column][\/vc_row][vc_row row_vertical_align=&#8220;valign-middle&#8220; el_class=&#8220;bg-line-start&#8220;][vc_column row_spacing_h=&#8220;right-spacing&#8220; width=&#8220;1\/2&#8243;][text]<\/p>\n<h2 class=\"summary style-0 style-03 txt-width\">INTEGRIT\u00c4T UND GUTE REGIERUNGSF\u00dcHRUNG<\/h2>\n<p>[\/text][text]Denn Ehrlichkeit ist eine angeborene Eigenschaft aller Mitarbeiter des Unternehmens. Wir tun das Richtige, weil es f\u00fcr uns keinen anderen Weg gibt, den Alltag zu meistern.[\/text][\/vc_column][vc_column width=&#8220;1\/2&#8243;][single_image image=&#8220;28267&#8243;][\/vc_column][\/vc_row][vc_row row_vertical_align=&#8220;valign-middle&#8220; el_class=&#8220;bg-line-med reverse-column-mobile&#8220;][vc_column width=&#8220;1\/2&#8243;][single_image image=&#8220;28272&#8243;][\/vc_column][vc_column row_spacing_h=&#8220;left-spacing&#8220; width=&#8220;1\/2&#8243;][text]<\/p>\n<h2 class=\"summary style-0 style-03 txt-width\">PARTNERSCHAFT, TEAMARBEIT UND GENEROSIT\u00c4T<\/h2>\n<p>[\/text][text]Unser gr\u00f6\u00dftes Kapital sind die Menschen, die Meler ausmachen: Mitarbeiter, Kunden, Lieferanten und Vertriebspartner. Zusammenarbeit und Meinungsvielfalt schaffen langfristige Beziehungen und bieten so die besten L\u00f6sungen auf dem Markt.[\/text][\/vc_column][\/vc_row][vc_row row_vertical_align=&#8220;valign-middle&#8220; el_class=&#8220;bg-line-med&#8220;][vc_column row_spacing_h=&#8220;right-spacing&#8220; width=&#8220;1\/2&#8243;][text]<\/p>\n<h2 class=\"summary style-0 style-03 txt-width\">EMPATHIE<\/h2>\n<p>[\/text][text]<span class=\"TextRun SCXO76860490 BCX0\" lang=\"ES-ES\" xml:lang=\"ES-ES\" data-contrast=\"none\"><span class=\"NormalTextRun SCXO76860490 BCX0\">Wir h\u00f6ren aktiv zu, um sicherzustellen, dass wir Ihre Bed\u00fcrfnisse verstehen &#8211; und erf\u00fcllen. Wir denken positiv und arbeiten zusammen, um Ihnen den gew\u00fcnschten Erfolg zu verschaffen &#8211; jedes Mal. <\/span><\/span>[\/text][\/vc_column][vc_column width=&#8220;1\/2&#8243;][single_image image=&#8220;28282&#8243;][\/vc_column][\/vc_row][vc_row row_vertical_align=&#8220;valign-middle&#8220; el_class=&#8220;bg-line-med reverse-column-mobile&#8220;][vc_column width=&#8220;1\/2&#8243;][single_image image=&#8220;28287&#8243;][\/vc_column][vc_column row_spacing_h=&#8220;left-spacing&#8220; width=&#8220;1\/2&#8243;][text]<\/p>\n<h2 class=\"summary style-0 style-03 txt-width\">EXZELLENZSTREBEN<\/h2>\n<p>[\/text][text]Wir sind nie zufrieden. Wir suchen &#8211; und finden &#8211; innovative L\u00f6sungen, die durch Forschung, Innovation und st\u00e4ndige Verbesserung einen echten Mehrwert f\u00fcr Ihr Unternehmen bringen.[\/text][\/vc_column][\/vc_row][vc_row row_vertical_align=&#8220;valign-middle&#8220; el_class=&#8220;bg-line-med&#8220;][vc_column row_spacing_h=&#8220;right-spacing&#8220; width=&#8220;1\/2&#8243;][text]<\/p>\n<h2 class=\"summary style-0 style-03 txt-width\">N\u00c4HE UND VERKN\u00dcPFUNG MIT CLEINTE<\/h2>\n<p>[\/text][text]Kundenservice ist unsere Priorit\u00e4t. Das Beste zu liefern, wenn Sie es brauchen, ist unser oberstes Ziel. Erreichbarer, globaler und lokaler Service, der immer auf die Erreichung Ihrer Ziele ausgerichtet ist, mit einem pers\u00f6nlichen und ferngesteuerten Support.[\/text][\/vc_column][vc_column width=&#8220;1\/2&#8243;][single_image image=&#8220;28300&#8243;][\/vc_column][\/vc_row][vc_row row_layout=&#8220;full&#8220; bg_image_position=&#8220;50% 0&#8243; row_spacing=&#8220;top-spacing-med bottom-spacing-0&#8243;][vc_column width=&#8220;1\/1&#8243;][CtaModule cta_item=&#8220;21628&#8243;][\/vc_column][\/vc_row]<\/p>\n","protected":false},"excerpt":{"rendered":"<p>[vc_row bg_image_position=&#8220;0 100%&#8220; row_vertical_align=&#8220;valign-middle&#8220; el_class=&#8220;reverse-column-mobile&#8220;][vc_column row_spacing_h=&#8220;left-spacing&#8220; width=&#8220;1\/1&#8243;][text] WAS STECKT HINTER DER MAGIE VON MELER? Bei Meler glauben wir an alles, was wir tun. Wir bieten anspruchsvolle L\u00f6sungen immer an die Bed\u00fcrfnisse unserer Kunden angepasst. Deshalb ist unser Unternehmensidentit\u00e4t spiegelt nicht nur alles wider, was das Unternehmen im Laufe der Jahre aufgebaut hat, sondern auch mehr [&hellip;]<\/p>\n","protected":false},"author":1,"featured_media":28228,"parent":26021,"menu_order":137,"comment_status":"closed","ping_status":"closed","template":"","meta":[],"yoast_head":"<!-- This site is optimized with the Yoast SEO plugin v20.3 - https:\/\/yoast.com\/wordpress\/plugins\/seo\/ -->\n<title>Unternehmensidentit\u00e4t-Meler<\/title>\n<meta name=\"description\" content=\"Menschen sind unser gr\u00f6\u00dftes Kapital. Lernen Sie unser Team kennen, das aus Menschen mit Erfahrung, Wissen und Engagement besteht.\" \/>\n<meta name=\"robots\" content=\"index, follow, max-snippet:-1, max-image-preview:large, max-video-preview:-1\" \/>\n<link rel=\"canonical\" href=\"https:\/\/www.meler.cn\/de\/meler\/identidad-corporativa\/\" \/>\n<meta property=\"og:locale\" content=\"de_DE\" \/>\n<meta property=\"og:type\" content=\"article\" \/>\n<meta property=\"og:title\" content=\"Unternehmensidentit\u00e4t-Meler\" \/>\n<meta property=\"og:description\" content=\"Menschen sind unser gr\u00f6\u00dftes Kapital. Lernen Sie unser Team kennen, das aus Menschen mit Erfahrung, Wissen und Engagement besteht.\" \/>\n<meta property=\"og:url\" content=\"https:\/\/www.meler.cn\/de\/meler\/identidad-corporativa\/\" \/>\n<meta property=\"og:site_name\" content=\"Meler\" \/>\n<meta property=\"article:modified_time\" content=\"2024-11-06T09:58:22+00:00\" \/>\n<meta property=\"og:image\" content=\"https:\/\/20097.ttandemdigital.com\/media\/header-nuestra-filosofia-5.png\" \/>\n\t<meta property=\"og:image:width\" content=\"1920\" \/>\n\t<meta property=\"og:image:height\" content=\"780\" \/>\n\t<meta property=\"og:image:type\" content=\"image\/png\" \/>\n<meta name=\"twitter:card\" content=\"summary_large_image\" \/>\n<meta name=\"twitter:label1\" content=\"Gesch\u00e4tzte Lesezeit\" \/>\n\t<meta name=\"twitter:data1\" content=\"3 Minuten\" \/>\n<script type=\"application\/ld+json\" class=\"yoast-schema-graph\">{\"@context\":\"https:\/\/schema.org\",\"@graph\":[{\"@type\":\"WebPage\",\"@id\":\"https:\/\/www.meler.cn\/de\/meler\/identidad-corporativa\/\",\"url\":\"https:\/\/www.meler.cn\/de\/meler\/identidad-corporativa\/\",\"name\":\"Unternehmensidentit\u00e4t-Meler\",\"isPartOf\":{\"@id\":\"https:\/\/www.meler.cn\/de\/#website\"},\"datePublished\":\"2023-03-27T13:13:48+00:00\",\"dateModified\":\"2024-11-06T09:58:22+00:00\",\"description\":\"Menschen sind unser gr\u00f6\u00dftes Kapital. Lernen Sie unser Team kennen, das aus Menschen mit Erfahrung, Wissen und Engagement besteht.\",\"breadcrumb\":{\"@id\":\"https:\/\/www.meler.cn\/de\/meler\/identidad-corporativa\/#breadcrumb\"},\"inLanguage\":\"de-DE\",\"potentialAction\":[{\"@type\":\"ReadAction\",\"target\":[\"https:\/\/www.meler.cn\/de\/meler\/identidad-corporativa\/\"]}]},{\"@type\":\"BreadcrumbList\",\"@id\":\"https:\/\/www.meler.cn\/de\/meler\/identidad-corporativa\/#breadcrumb\",\"itemListElement\":[{\"@type\":\"ListItem\",\"position\":1,\"name\":\"Portada\",\"item\":\"https:\/\/www.meler.cn\/de\/\"},{\"@type\":\"ListItem\",\"position\":2,\"name\":\"Meler\",\"item\":\"https:\/\/20097.ttandemdigital.com\/de\/meler\/\"},{\"@type\":\"ListItem\",\"position\":3,\"name\":\"Unternehmensidentit\u00e4t\"}]},{\"@type\":\"WebSite\",\"@id\":\"https:\/\/www.meler.cn\/de\/#website\",\"url\":\"https:\/\/www.meler.cn\/de\/\",\"name\":\"Meler\",\"description\":\"Just another WordPress site\",\"potentialAction\":[{\"@type\":\"SearchAction\",\"target\":{\"@type\":\"EntryPoint\",\"urlTemplate\":\"https:\/\/www.meler.cn\/de\/?s={search_term_string}\"},\"query-input\":\"required name=search_term_string\"}],\"inLanguage\":\"de-DE\"}]}<\/script>\n<!-- \/ Yoast SEO plugin. -->","yoast_head_json":{"title":"Unternehmensidentit\u00e4t-Meler","description":"Menschen sind unser gr\u00f6\u00dftes Kapital. Lernen Sie unser Team kennen, das aus Menschen mit Erfahrung, Wissen und Engagement besteht.","robots":{"index":"index","follow":"follow","max-snippet":"max-snippet:-1","max-image-preview":"max-image-preview:large","max-video-preview":"max-video-preview:-1"},"canonical":"https:\/\/www.meler.cn\/de\/meler\/identidad-corporativa\/","og_locale":"de_DE","og_type":"article","og_title":"Unternehmensidentit\u00e4t-Meler","og_description":"Menschen sind unser gr\u00f6\u00dftes Kapital. Lernen Sie unser Team kennen, das aus Menschen mit Erfahrung, Wissen und Engagement besteht.","og_url":"https:\/\/www.meler.cn\/de\/meler\/identidad-corporativa\/","og_site_name":"Meler","article_modified_time":"2024-11-06T09:58:22+00:00","og_image":[{"width":1920,"height":780,"url":"https:\/\/20097.ttandemdigital.com\/media\/header-nuestra-filosofia-5.png","type":"image\/png"}],"twitter_card":"summary_large_image","twitter_misc":{"Gesch\u00e4tzte Lesezeit":"3 Minuten"},"schema":{"@context":"https:\/\/schema.org","@graph":[{"@type":"WebPage","@id":"https:\/\/www.meler.cn\/de\/meler\/identidad-corporativa\/","url":"https:\/\/www.meler.cn\/de\/meler\/identidad-corporativa\/","name":"Unternehmensidentit\u00e4t-Meler","isPartOf":{"@id":"https:\/\/www.meler.cn\/de\/#website"},"datePublished":"2023-03-27T13:13:48+00:00","dateModified":"2024-11-06T09:58:22+00:00","description":"Menschen sind unser gr\u00f6\u00dftes Kapital. Lernen Sie unser Team kennen, das aus Menschen mit Erfahrung, Wissen und Engagement besteht.","breadcrumb":{"@id":"https:\/\/www.meler.cn\/de\/meler\/identidad-corporativa\/#breadcrumb"},"inLanguage":"de-DE","potentialAction":[{"@type":"ReadAction","target":["https:\/\/www.meler.cn\/de\/meler\/identidad-corporativa\/"]}]},{"@type":"BreadcrumbList","@id":"https:\/\/www.meler.cn\/de\/meler\/identidad-corporativa\/#breadcrumb","itemListElement":[{"@type":"ListItem","position":1,"name":"Portada","item":"https:\/\/www.meler.cn\/de\/"},{"@type":"ListItem","position":2,"name":"Meler","item":"https:\/\/20097.ttandemdigital.com\/de\/meler\/"},{"@type":"ListItem","position":3,"name":"Unternehmensidentit\u00e4t"}]},{"@type":"WebSite","@id":"https:\/\/www.meler.cn\/de\/#website","url":"https:\/\/www.meler.cn\/de\/","name":"Meler","description":"Just another WordPress site","potentialAction":[{"@type":"SearchAction","target":{"@type":"EntryPoint","urlTemplate":"https:\/\/www.meler.cn\/de\/?s={search_term_string}"},"query-input":"required name=search_term_string"}],"inLanguage":"de-DE"}]}},"_links":{"self":[{"href":"https:\/\/www.meler.cn\/de\/wp-json\/wp\/v2\/pages\/28406"}],"collection":[{"href":"https:\/\/www.meler.cn\/de\/wp-json\/wp\/v2\/pages"}],"about":[{"href":"https:\/\/www.meler.cn\/de\/wp-json\/wp\/v2\/types\/page"}],"author":[{"embeddable":true,"href":"https:\/\/www.meler.cn\/de\/wp-json\/wp\/v2\/users\/1"}],"replies":[{"embeddable":true,"href":"https:\/\/www.meler.cn\/de\/wp-json\/wp\/v2\/comments?post=28406"}],"version-history":[{"count":15,"href":"https:\/\/www.meler.cn\/de\/wp-json\/wp\/v2\/pages\/28406\/revisions"}],"predecessor-version":[{"id":33885,"href":"https:\/\/www.meler.cn\/de\/wp-json\/wp\/v2\/pages\/28406\/revisions\/33885"}],"up":[{"embeddable":true,"href":"https:\/\/www.meler.cn\/de\/wp-json\/wp\/v2\/pages\/26021"}],"wp:featuredmedia":[{"embeddable":true,"href":"https:\/\/www.meler.cn\/de\/wp-json\/wp\/v2\/media\/28228"}],"wp:attachment":[{"href":"https:\/\/www.meler.cn\/de\/wp-json\/wp\/v2\/media?parent=28406"}],"curies":[{"name":"wp","href":"https:\/\/api.w.org\/{rel}","templated":true}]}}