




















{"id":27653,"date":"2023-03-27T13:27:12","date_gmt":"2023-03-27T13:27:12","guid":{"rendered":"https:\/\/www.meler.eu\/?page_id=27653"},"modified":"2025-02-06T12:20:01","modified_gmt":"2025-02-06T12:20:01","slug":"gluing-tomorrow","status":"publish","type":"page","link":"https:\/\/www.meler.cn\/de\/gluing-tomorrow\/","title":{"rendered":"Gluing Tomorrow"},"content":{"rendered":"<p>[vc_row row_vertical_align=&#8220;valign-middle&#8220; el_class=&#8220;reverse-column-mobile&#8220;][vc_column width=&#8220;1\/2&#8243;][single_image image=&#8220;28200&#8243;][\/vc_column][vc_column row_spacing_h=&#8220;left-spacing&#8220; width=&#8220;1\/2&#8243;][text]<\/p>\n<p class=\"summary\">Generatoren \u00e4ndern<\/p>\n<p>[\/text][see_details]Unser Weg zu mehr Nachhaltigkeit basiert auf einer <strong>360-Grad-Vision<\/strong>, die mit dem Produktdesign beginnt. Wir arbeiten an energieeffizienten, langlebigen und robusten L\u00f6sungen, um die Produktivit\u00e4t zu steigern und gleichzeitig weniger Ressourcen zu ben\u00f6tigen.<\/p>\n<p>Modernste Technologie, die durch reale Labordaten gest\u00fctzt wird, treibt uns an, in die Zukunft zu blicken und <strong>L\u00f6sungen mit einem immer l\u00e4ngeren Lebenszyklus herzustellen.<\/strong>[\/see_details][\/vc_column][\/vc_row][vc_row row_vertical_align=&#8220;valign-middle&#8220; el_class=&#8220;reverse-column-mobile&#8220;][vc_column row_spacing_h=&#8220;left-spacing&#8220; width=&#8220;1\/2&#8243;][text]<\/p>\n<p class=\"summary\">Innovation kann die Welt ver\u00e4ndern<\/p>\n<p>[\/text][see_details]Bei Meler arbeiten wir daran, industrielle Klebstoffprozesse einfacher und nachhaltiger f\u00fcr die Erde zu gestalten. Eine Verringerung der Umweltbelastung, die durch echte L\u00f6sungen wie die <strong>Foam Technology von Meler<\/strong> unterst\u00fctzt wird, die den Verbrauch von Klebstoff verringert und gleichzeitig die Produktqualit\u00e4t verbessert. Eine st\u00e4ndige Untersuchung, die sich auszahlt, um dem Benutzer <strong>die effizientesten Schmelzger\u00e4te der Welt zur Verf\u00fcgung zu stellen. <\/strong><\/p>\n<p>Wir forschen und investieren, weil unser Gesch\u00e4ft nur dann besser wird, wenn auch Ihres es wird.[\/see_details][\/vc_column][vc_column width=&#8220;1\/2&#8243;][single_image image=&#8220;28175&#8243;][\/vc_column][\/vc_row][vc_row][vc_column width=&#8220;1\/1&#8243;][single_image][\/vc_column][\/vc_row][vc_row][vc_column row_spacing_h=&#8220;left-spacing&#8220; width=&#8220;1\/1&#8243;][text]<\/p>\n<p class=\"summary\">Unser Einfluss<\/p>\n<p>[\/text][vc_row_inner][vc_column_inner width=&#8220;1\/3&#8243;][text_datos categoria=&#8220;Umwelt&#8220; cifra=&#8220;35%&#8220; titulo=&#8220;Selbstverzehr&#8220;]Dank der Installation von Sonnenkollektoren.<\/p>\n<p><img decoding=\"async\" loading=\"lazy\" class=\"alignnone size-full wp-image-34160\" src=\"https:\/\/www.meler.cn\/media\/ecovadislogonofondo.png\" alt=\"\" width=\"100\" height=\"100\" \/>[\/text_datos][\/vc_column_inner][vc_column_inner width=&#8220;1\/3&#8243;][text_datos categoria=&#8220;Sozial&#8220; cifra=&#8220;1%&#8220; titulo=&#8220;Arbeitsunf\u00e4lle&#8220;]Wir engagieren uns f\u00fcr die Arbeitnehmer, indem wir sichere R\u00e4ume schaffen.<\/p>\n<p><img decoding=\"async\" loading=\"lazy\" class=\"alignnone wp-image-35191 size-full\" src=\"https:\/\/www.meler.cn\/media\/IconoSocialGT-1.png\" alt=\"\" width=\"100\" height=\"100\" \/>[\/text_datos][\/vc_column_inner][vc_column_inner width=&#8220;1\/3&#8243;][text_datos cifra=&#8220;+50%&#8220; titulo=&#8220;Mitarbeiter&#8220; categoria=&#8220;Regierungsf\u00fchrung&#8220;]Mit einer variable Verg\u00fctung in Verbindung mit messbaren Zielen.<\/p>\n<p><img decoding=\"async\" loading=\"lazy\" class=\"alignnone size-full wp-image-34012\" src=\"https:\/\/www.meler.cn\/media\/micralogofondo.png\" alt=\"\" width=\"100\" height=\"100\" \/><\/p>\n<p>[\/text_datos][\/vc_column_inner][\/vc_row_inner][\/vc_column][\/vc_row][vc_row row_layout=&#8220;full&#8220; row_spacing=&#8220;spacing-v-none&#8220;][vc_column width=&#8220;1\/1&#8243;][CtaModule cta_item=&#8220;26702&#8243;][\/vc_column][\/vc_row]<\/p>\n","protected":false},"excerpt":{"rendered":"<p>[vc_row row_vertical_align=&#8220;valign-middle&#8220; el_class=&#8220;reverse-column-mobile&#8220;][vc_column width=&#8220;1\/2&#8243;][single_image image=&#8220;28200&#8243;][\/vc_column][vc_column row_spacing_h=&#8220;left-spacing&#8220; width=&#8220;1\/2&#8243;][text] Generatoren \u00e4ndern [\/text][see_details]Unser Weg zu mehr Nachhaltigkeit basiert auf einer 360-Grad-Vision, die mit dem Produktdesign beginnt. Wir arbeiten an energieeffizienten, langlebigen und robusten L\u00f6sungen, um die Produktivit\u00e4t zu steigern und gleichzeitig weniger Ressourcen zu ben\u00f6tigen. Modernste Technologie, die durch reale Labordaten gest\u00fctzt wird, treibt uns an, in die [&hellip;]<\/p>\n","protected":false},"author":1,"featured_media":28188,"parent":0,"menu_order":90,"comment_status":"closed","ping_status":"closed","template":"","meta":[],"yoast_head":"<!-- This site is optimized with the Yoast SEO plugin v20.3 - https:\/\/yoast.com\/wordpress\/plugins\/seo\/ -->\n<title>Gluing Tomorrow - Meler<\/title>\n<meta name=\"description\" content=\"Wir forschen und investieren, weil unser Gesch\u00e4ft nur dann besser wird, wenn auch Ihres besser wird. Lassen Sie uns gemeinsam die Zukunft gestalten, GLUING TOMORROW.\" \/>\n<meta name=\"robots\" content=\"index, follow, max-snippet:-1, max-image-preview:large, max-video-preview:-1\" \/>\n<link rel=\"canonical\" href=\"https:\/\/www.meler.cn\/de\/gluing-tomorrow\/\" \/>\n<meta property=\"og:locale\" content=\"de_DE\" \/>\n<meta property=\"og:type\" content=\"article\" \/>\n<meta property=\"og:title\" content=\"Gluing Tomorrow - Meler\" \/>\n<meta property=\"og:description\" content=\"Wir forschen und investieren, weil unser Gesch\u00e4ft nur dann besser wird, wenn auch Ihres besser wird. Lassen Sie uns gemeinsam die Zukunft gestalten, GLUING TOMORROW.\" \/>\n<meta property=\"og:url\" content=\"https:\/\/www.meler.cn\/de\/gluing-tomorrow\/\" \/>\n<meta property=\"og:site_name\" content=\"Meler\" \/>\n<meta property=\"article:modified_time\" content=\"2025-02-06T12:20:01+00:00\" \/>\n<meta property=\"og:image\" content=\"https:\/\/www.meler.cn\/media\/header-gluing-tomorrow.png\" \/>\n\t<meta property=\"og:image:width\" content=\"1920\" \/>\n\t<meta property=\"og:image:height\" content=\"780\" \/>\n\t<meta property=\"og:image:type\" content=\"image\/png\" \/>\n<meta name=\"twitter:card\" content=\"summary_large_image\" \/>\n<meta name=\"twitter:label1\" content=\"Gesch\u00e4tzte Lesezeit\" \/>\n\t<meta name=\"twitter:data1\" content=\"2 Minuten\" \/>\n<script type=\"application\/ld+json\" class=\"yoast-schema-graph\">{\"@context\":\"https:\/\/schema.org\",\"@graph\":[{\"@type\":\"WebPage\",\"@id\":\"https:\/\/www.meler.cn\/de\/gluing-tomorrow\/\",\"url\":\"https:\/\/www.meler.cn\/de\/gluing-tomorrow\/\",\"name\":\"Gluing Tomorrow - Meler\",\"isPartOf\":{\"@id\":\"https:\/\/www.meler.cn\/de\/#website\"},\"datePublished\":\"2023-03-27T13:27:12+00:00\",\"dateModified\":\"2025-02-06T12:20:01+00:00\",\"description\":\"Wir forschen und investieren, weil unser Gesch\u00e4ft nur dann besser wird, wenn auch Ihres besser wird. Lassen Sie uns gemeinsam die Zukunft gestalten, GLUING TOMORROW.\",\"breadcrumb\":{\"@id\":\"https:\/\/www.meler.cn\/de\/gluing-tomorrow\/#breadcrumb\"},\"inLanguage\":\"de-DE\",\"potentialAction\":[{\"@type\":\"ReadAction\",\"target\":[\"https:\/\/www.meler.cn\/de\/gluing-tomorrow\/\"]}]},{\"@type\":\"BreadcrumbList\",\"@id\":\"https:\/\/www.meler.cn\/de\/gluing-tomorrow\/#breadcrumb\",\"itemListElement\":[{\"@type\":\"ListItem\",\"position\":1,\"name\":\"Portada\",\"item\":\"https:\/\/www.meler.cn\/de\/\"},{\"@type\":\"ListItem\",\"position\":2,\"name\":\"Gluing Tomorrow\"}]},{\"@type\":\"WebSite\",\"@id\":\"https:\/\/www.meler.cn\/de\/#website\",\"url\":\"https:\/\/www.meler.cn\/de\/\",\"name\":\"Meler\",\"description\":\"Just another WordPress site\",\"potentialAction\":[{\"@type\":\"SearchAction\",\"target\":{\"@type\":\"EntryPoint\",\"urlTemplate\":\"https:\/\/www.meler.cn\/de\/?s={search_term_string}\"},\"query-input\":\"required name=search_term_string\"}],\"inLanguage\":\"de-DE\"}]}<\/script>\n<!-- \/ Yoast SEO plugin. -->","yoast_head_json":{"title":"Gluing Tomorrow - Meler","description":"Wir forschen und investieren, weil unser Gesch\u00e4ft nur dann besser wird, wenn auch Ihres besser wird. Lassen Sie uns gemeinsam die Zukunft gestalten, GLUING TOMORROW.","robots":{"index":"index","follow":"follow","max-snippet":"max-snippet:-1","max-image-preview":"max-image-preview:large","max-video-preview":"max-video-preview:-1"},"canonical":"https:\/\/www.meler.cn\/de\/gluing-tomorrow\/","og_locale":"de_DE","og_type":"article","og_title":"Gluing Tomorrow - Meler","og_description":"Wir forschen und investieren, weil unser Gesch\u00e4ft nur dann besser wird, wenn auch Ihres besser wird. Lassen Sie uns gemeinsam die Zukunft gestalten, GLUING TOMORROW.","og_url":"https:\/\/www.meler.cn\/de\/gluing-tomorrow\/","og_site_name":"Meler","article_modified_time":"2025-02-06T12:20:01+00:00","og_image":[{"width":1920,"height":780,"url":"https:\/\/www.meler.cn\/media\/header-gluing-tomorrow.png","type":"image\/png"}],"twitter_card":"summary_large_image","twitter_misc":{"Gesch\u00e4tzte Lesezeit":"2 Minuten"},"schema":{"@context":"https:\/\/schema.org","@graph":[{"@type":"WebPage","@id":"https:\/\/www.meler.cn\/de\/gluing-tomorrow\/","url":"https:\/\/www.meler.cn\/de\/gluing-tomorrow\/","name":"Gluing Tomorrow - Meler","isPartOf":{"@id":"https:\/\/www.meler.cn\/de\/#website"},"datePublished":"2023-03-27T13:27:12+00:00","dateModified":"2025-02-06T12:20:01+00:00","description":"Wir forschen und investieren, weil unser Gesch\u00e4ft nur dann besser wird, wenn auch Ihres besser wird. Lassen Sie uns gemeinsam die Zukunft gestalten, GLUING TOMORROW.","breadcrumb":{"@id":"https:\/\/www.meler.cn\/de\/gluing-tomorrow\/#breadcrumb"},"inLanguage":"de-DE","potentialAction":[{"@type":"ReadAction","target":["https:\/\/www.meler.cn\/de\/gluing-tomorrow\/"]}]},{"@type":"BreadcrumbList","@id":"https:\/\/www.meler.cn\/de\/gluing-tomorrow\/#breadcrumb","itemListElement":[{"@type":"ListItem","position":1,"name":"Portada","item":"https:\/\/www.meler.cn\/de\/"},{"@type":"ListItem","position":2,"name":"Gluing Tomorrow"}]},{"@type":"WebSite","@id":"https:\/\/www.meler.cn\/de\/#website","url":"https:\/\/www.meler.cn\/de\/","name":"Meler","description":"Just another WordPress site","potentialAction":[{"@type":"SearchAction","target":{"@type":"EntryPoint","urlTemplate":"https:\/\/www.meler.cn\/de\/?s={search_term_string}"},"query-input":"required name=search_term_string"}],"inLanguage":"de-DE"}]}},"_links":{"self":[{"href":"https:\/\/www.meler.cn\/de\/wp-json\/wp\/v2\/pages\/27653"}],"collection":[{"href":"https:\/\/www.meler.cn\/de\/wp-json\/wp\/v2\/pages"}],"about":[{"href":"https:\/\/www.meler.cn\/de\/wp-json\/wp\/v2\/types\/page"}],"author":[{"embeddable":true,"href":"https:\/\/www.meler.cn\/de\/wp-json\/wp\/v2\/users\/1"}],"replies":[{"embeddable":true,"href":"https:\/\/www.meler.cn\/de\/wp-json\/wp\/v2\/comments?post=27653"}],"version-history":[{"count":17,"href":"https:\/\/www.meler.cn\/de\/wp-json\/wp\/v2\/pages\/27653\/revisions"}],"predecessor-version":[{"id":35449,"href":"https:\/\/www.meler.cn\/de\/wp-json\/wp\/v2\/pages\/27653\/revisions\/35449"}],"wp:featuredmedia":[{"embeddable":true,"href":"https:\/\/www.meler.cn\/de\/wp-json\/wp\/v2\/media\/28188"}],"wp:attachment":[{"href":"https:\/\/www.meler.cn\/de\/wp-json\/wp\/v2\/media?parent=27653"}],"curies":[{"name":"wp","href":"https:\/\/api.w.org\/{rel}","templated":true}]}}