




















{"id":27058,"date":"2022-12-29T08:03:14","date_gmt":"2022-12-29T08:03:14","guid":{"rendered":"https:\/\/www.meler.eu\/aviso-legal\/"},"modified":"2023-03-21T11:56:22","modified_gmt":"2023-03-21T11:56:22","slug":"rechtlicher-hinweis","status":"publish","type":"page","link":"https:\/\/www.meler.cn\/de\/rechtlicher-hinweis\/","title":{"rendered":"Rechtlicher hinweis"},"content":{"rendered":"<p>[vc_row row_spacing=&#8220;top-spacing bottom-spacing&#8220;][vc_column width=&#8220;1\/1&#8243;][text][vc_row row_spacing=&#8220;top-spacing bottom-spacing&#8220;][vc_column width=&#8220;1\/1&#8243;][text]<\/p>\n<h2>01. IDENTIFIKATIONSDATEN DES INHABERS<\/h2>\n<p>Gem\u00e4\u00df den Bestimmungen des Artikels 10 des Gesetzes 34\/2002 vom 11. Juli \u00fcber die Dienste der Informationsgesellschaft und den elektronischen Gesch\u00e4ftsverkehr informieren wir Sie dar\u00fcber, dass der Eigent\u00fcmer dieser Website die Handelsgesellschaft Focke Meler Gluing Solutions, S.A. mit Sitz in Pol. Arazuri-Orkoien, Calle B, n\u00ba 3A, E-31170 &#8211; Arazuri (Navarra &#8211; Spanien), mit der Steueridentifikationsnummer (NIF) A31248636 und Eintragung im Handelsregister Navarra Band 1730, Blatt 215, Seite NA 6088 ist.<\/p>\n<h2>02.-KONTAKT<\/h2>\n<p>Bei Fragen dazu k\u00f6nnen Sie Focke Meler Gluing Solutions, S.A. telefonisch unter der Nummer +34 948 351 110 kontaktieren oder eine Anfrage an die E-Mail-Adresse <a href=\"mailto:info@meler.cn\">info@meler.cn<\/a> senden.[\/text][\/vc_column][\/vc_row][\/text][\/vc_column][\/vc_row]<\/p>\n","protected":false},"excerpt":{"rendered":"<p>[vc_row row_spacing=&#8220;top-spacing bottom-spacing&#8220;][vc_column width=&#8220;1\/1&#8243;][text][vc_row row_spacing=&#8220;top-spacing bottom-spacing&#8220;][vc_column width=&#8220;1\/1&#8243;][text] 01. IDENTIFIKATIONSDATEN DES INHABERS Gem\u00e4\u00df den Bestimmungen des Artikels 10 des Gesetzes 34\/2002 vom 11. Juli \u00fcber die Dienste der Informationsgesellschaft und den elektronischen Gesch\u00e4ftsverkehr informieren wir Sie dar\u00fcber, dass der Eigent\u00fcmer dieser Website die Handelsgesellschaft Focke Meler Gluing Solutions, S.A. mit Sitz in Pol. Arazuri-Orkoien, Calle B, [&hellip;]<\/p>\n","protected":false},"author":1,"featured_media":21539,"parent":0,"menu_order":253,"comment_status":"closed","ping_status":"closed","template":"template-content-min.php","meta":[],"yoast_head":"<!-- This site is optimized with the Yoast SEO plugin v20.3 - https:\/\/yoast.com\/wordpress\/plugins\/seo\/ -->\n<title>Rechtlicher hinweis - Meler<\/title>\n<meta name=\"robots\" content=\"index, follow, max-snippet:-1, max-image-preview:large, max-video-preview:-1\" \/>\n<link rel=\"canonical\" href=\"https:\/\/www.meler.cn\/de\/rechtlicher-hinweis\/\" \/>\n<meta property=\"og:locale\" content=\"de_DE\" \/>\n<meta property=\"og:type\" content=\"article\" \/>\n<meta property=\"og:title\" content=\"Rechtlicher hinweis - Meler\" \/>\n<meta property=\"og:description\" content=\"[vc_row row_spacing=&#8220;top-spacing bottom-spacing&#8220;][vc_column width=&#8220;1\/1&#8243;][text][vc_row row_spacing=&#8220;top-spacing bottom-spacing&#8220;][vc_column width=&#8220;1\/1&#8243;][text] 01. IDENTIFIKATIONSDATEN DES INHABERS Gem\u00e4\u00df den Bestimmungen des Artikels 10 des Gesetzes 34\/2002 vom 11. Juli \u00fcber die Dienste der Informationsgesellschaft und den elektronischen Gesch\u00e4ftsverkehr informieren wir Sie dar\u00fcber, dass der Eigent\u00fcmer dieser Website die Handelsgesellschaft Focke Meler Gluing Solutions, S.A. mit Sitz in Pol. Arazuri-Orkoien, Calle B, [&hellip;]\" \/>\n<meta property=\"og:url\" content=\"https:\/\/www.meler.cn\/de\/rechtlicher-hinweis\/\" \/>\n<meta property=\"og:site_name\" content=\"Meler\" \/>\n<meta property=\"article:modified_time\" content=\"2023-03-21T11:56:22+00:00\" \/>\n<meta property=\"og:image\" content=\"https:\/\/20097.ttandemdigital.com\/media\/header-aviso-legal-meler.png\" \/>\n\t<meta property=\"og:image:width\" content=\"1920\" \/>\n\t<meta property=\"og:image:height\" content=\"552\" \/>\n\t<meta property=\"og:image:type\" content=\"image\/png\" \/>\n<meta name=\"twitter:card\" content=\"summary_large_image\" \/>\n<meta name=\"twitter:label1\" content=\"Gesch\u00e4tzte Lesezeit\" \/>\n\t<meta name=\"twitter:data1\" content=\"1 Minute\" \/>\n<script type=\"application\/ld+json\" class=\"yoast-schema-graph\">{\"@context\":\"https:\/\/schema.org\",\"@graph\":[{\"@type\":\"WebPage\",\"@id\":\"https:\/\/www.meler.cn\/de\/rechtlicher-hinweis\/\",\"url\":\"https:\/\/www.meler.cn\/de\/rechtlicher-hinweis\/\",\"name\":\"Rechtlicher hinweis - Meler\",\"isPartOf\":{\"@id\":\"https:\/\/www.meler.cn\/de\/#website\"},\"datePublished\":\"2022-12-29T08:03:14+00:00\",\"dateModified\":\"2023-03-21T11:56:22+00:00\",\"breadcrumb\":{\"@id\":\"https:\/\/www.meler.cn\/de\/rechtlicher-hinweis\/#breadcrumb\"},\"inLanguage\":\"de-DE\",\"potentialAction\":[{\"@type\":\"ReadAction\",\"target\":[\"https:\/\/www.meler.cn\/de\/rechtlicher-hinweis\/\"]}]},{\"@type\":\"BreadcrumbList\",\"@id\":\"https:\/\/www.meler.cn\/de\/rechtlicher-hinweis\/#breadcrumb\",\"itemListElement\":[{\"@type\":\"ListItem\",\"position\":1,\"name\":\"Portada\",\"item\":\"https:\/\/www.meler.cn\/de\/\"},{\"@type\":\"ListItem\",\"position\":2,\"name\":\"Rechtlicher hinweis\"}]},{\"@type\":\"WebSite\",\"@id\":\"https:\/\/www.meler.cn\/de\/#website\",\"url\":\"https:\/\/www.meler.cn\/de\/\",\"name\":\"Meler\",\"description\":\"Just another WordPress site\",\"potentialAction\":[{\"@type\":\"SearchAction\",\"target\":{\"@type\":\"EntryPoint\",\"urlTemplate\":\"https:\/\/www.meler.cn\/de\/?s={search_term_string}\"},\"query-input\":\"required name=search_term_string\"}],\"inLanguage\":\"de-DE\"}]}<\/script>\n<!-- \/ Yoast SEO plugin. -->","yoast_head_json":{"title":"Rechtlicher hinweis - Meler","robots":{"index":"index","follow":"follow","max-snippet":"max-snippet:-1","max-image-preview":"max-image-preview:large","max-video-preview":"max-video-preview:-1"},"canonical":"https:\/\/www.meler.cn\/de\/rechtlicher-hinweis\/","og_locale":"de_DE","og_type":"article","og_title":"Rechtlicher hinweis - Meler","og_description":"[vc_row row_spacing=&#8220;top-spacing bottom-spacing&#8220;][vc_column width=&#8220;1\/1&#8243;][text][vc_row row_spacing=&#8220;top-spacing bottom-spacing&#8220;][vc_column width=&#8220;1\/1&#8243;][text] 01. IDENTIFIKATIONSDATEN DES INHABERS Gem\u00e4\u00df den Bestimmungen des Artikels 10 des Gesetzes 34\/2002 vom 11. Juli \u00fcber die Dienste der Informationsgesellschaft und den elektronischen Gesch\u00e4ftsverkehr informieren wir Sie dar\u00fcber, dass der Eigent\u00fcmer dieser Website die Handelsgesellschaft Focke Meler Gluing Solutions, S.A. mit Sitz in Pol. Arazuri-Orkoien, Calle B, [&hellip;]","og_url":"https:\/\/www.meler.cn\/de\/rechtlicher-hinweis\/","og_site_name":"Meler","article_modified_time":"2023-03-21T11:56:22+00:00","og_image":[{"width":1920,"height":552,"url":"https:\/\/20097.ttandemdigital.com\/media\/header-aviso-legal-meler.png","type":"image\/png"}],"twitter_card":"summary_large_image","twitter_misc":{"Gesch\u00e4tzte Lesezeit":"1 Minute"},"schema":{"@context":"https:\/\/schema.org","@graph":[{"@type":"WebPage","@id":"https:\/\/www.meler.cn\/de\/rechtlicher-hinweis\/","url":"https:\/\/www.meler.cn\/de\/rechtlicher-hinweis\/","name":"Rechtlicher hinweis - Meler","isPartOf":{"@id":"https:\/\/www.meler.cn\/de\/#website"},"datePublished":"2022-12-29T08:03:14+00:00","dateModified":"2023-03-21T11:56:22+00:00","breadcrumb":{"@id":"https:\/\/www.meler.cn\/de\/rechtlicher-hinweis\/#breadcrumb"},"inLanguage":"de-DE","potentialAction":[{"@type":"ReadAction","target":["https:\/\/www.meler.cn\/de\/rechtlicher-hinweis\/"]}]},{"@type":"BreadcrumbList","@id":"https:\/\/www.meler.cn\/de\/rechtlicher-hinweis\/#breadcrumb","itemListElement":[{"@type":"ListItem","position":1,"name":"Portada","item":"https:\/\/www.meler.cn\/de\/"},{"@type":"ListItem","position":2,"name":"Rechtlicher hinweis"}]},{"@type":"WebSite","@id":"https:\/\/www.meler.cn\/de\/#website","url":"https:\/\/www.meler.cn\/de\/","name":"Meler","description":"Just another WordPress site","potentialAction":[{"@type":"SearchAction","target":{"@type":"EntryPoint","urlTemplate":"https:\/\/www.meler.cn\/de\/?s={search_term_string}"},"query-input":"required name=search_term_string"}],"inLanguage":"de-DE"}]}},"_links":{"self":[{"href":"https:\/\/www.meler.cn\/de\/wp-json\/wp\/v2\/pages\/27058"}],"collection":[{"href":"https:\/\/www.meler.cn\/de\/wp-json\/wp\/v2\/pages"}],"about":[{"href":"https:\/\/www.meler.cn\/de\/wp-json\/wp\/v2\/types\/page"}],"author":[{"embeddable":true,"href":"https:\/\/www.meler.cn\/de\/wp-json\/wp\/v2\/users\/1"}],"replies":[{"embeddable":true,"href":"https:\/\/www.meler.cn\/de\/wp-json\/wp\/v2\/comments?post=27058"}],"version-history":[{"count":2,"href":"https:\/\/www.meler.cn\/de\/wp-json\/wp\/v2\/pages\/27058\/revisions"}],"predecessor-version":[{"id":27067,"href":"https:\/\/www.meler.cn\/de\/wp-json\/wp\/v2\/pages\/27058\/revisions\/27067"}],"wp:featuredmedia":[{"embeddable":true,"href":"https:\/\/www.meler.cn\/de\/wp-json\/wp\/v2\/media\/21539"}],"wp:attachment":[{"href":"https:\/\/www.meler.cn\/de\/wp-json\/wp\/v2\/media?parent=27058"}],"curies":[{"name":"wp","href":"https:\/\/api.w.org\/{rel}","templated":true}]}}