




















{"id":26377,"date":"2023-01-05T12:43:59","date_gmt":"2023-01-05T12:43:59","guid":{"rendered":"https:\/\/www.meler.eu\/inicio\/"},"modified":"2025-03-05T08:31:52","modified_gmt":"2025-03-05T08:31:52","slug":"inicio","status":"publish","type":"page","link":"https:\/\/www.meler.cn\/de\/","title":{"rendered":"Inicio"},"content":{"rendered":"<p>[vc_row row_layout=&#8220;full&#8220; row_spacing=&#8220;spacing-v-none&#8220; row_spacing_h=&#8220;spacing-h-0&#8243; el_id=&#8220;superslider01&#8243;][vc_column width=&#8220;1\/1&#8243;][super_Slider][super_Slider_item super_slider_item_image=&#8220;35855&#8243; super_slider_item_title=&#8220;Micron+ ECO&#8220;]<\/p>\n<h2>MICRON+ ECO<\/h2>\n<p>Das beste Schmelzger\u00e4t mit dem kleinsten \u00f6kologischen Fu\u00dfabdruck f\u00fcr automatisierte Industrie 4.0-Anwendungen.<\/p>\n<p aria-level=\"1\"><a class=\"button\" href=\"https:\/\/www.meler.cn\/de\/produkte\/schmelzgerate\/micron-eco\/\"><span data-contrast=\"none\">ENTDECKEN SIE MICRON+ ECO<\/span><\/a><\/p>\n<p>[\/super_Slider_item][\/super_Slider][\/vc_column][\/vc_row][vc_row row_layout=&#8220;full&#8220;][vc_column width=&#8220;1\/1&#8243;][text]<\/p>\n<p class=\"marquee\"><a href=\"https:\/\/www.meler.cn\/de\/industrien\/heisskleber-fuer-die-verpackungsindustrie\/\">Verpackung und Etikettierung Bauwesen<\/a> <a href=\"https:\/\/www.meler.cn\/de\/industrien\/schmelzkleber-fuer-den-bau\/\">Construction <\/a><a href=\"https:\/\/www.meler.cn\/de\/industrien\/hotmelt-anwendung-fuer-fahrzeuginnenraeume\/\">Automobilbranche<\/a> <a href=\"https:\/\/www.meler.cn\/de\/industrien\/schmelzkleber-in-der-holzindustrie\/\">Holzindustrie<\/a> <a href=\"https:\/\/www.meler.cn\/de\/industrien\/hotmelt-systeme-fur-die-matratzenindustrie\/\">Produktmontage<\/a> <a href=\"https:\/\/www.meler.cn\/de\/industrien\/hotmelt-systeme-fur-die-grafische-industrie\/\">Grafische Industrie<\/a> <a href=\"https:\/\/www.meler.cn\/de\/industrien\/schmelzklebstoffsysteme-fur-vliesstoffprodukte\/\">Vliesstoffprodukten<\/a> <a href=\"https:\/\/www.meler.cn\/de\/industrien\/heissschmelzsysteme-fur-tabakverpackungen\/\">Tabakverpackungen<\/a><\/p>\n<p>[\/text][\/vc_column][\/vc_row][vc_row row_bg_color=&#8220;bg-05&#8243; row_spacing=&#8220;top-spacing bottom-spacing&#8220;][vc_column width=&#8220;1\/1&#8243;][vc_row_inner][vc_column_inner][text]<\/p>\n<h2 class=\"txt-center txt-width\"><strong>Lernen Sie alle unsere Produkte kennen<\/strong><\/h2>\n<p class=\"txt-width txt-center\">Wir von Meler passen alle unsere L\u00f6sungen an, um Ihre Produktivit\u00e4t zu steigern. Kennen Sie auch den Rest unserer Produktpalette?<\/p>\n<p>[\/text][\/vc_column_inner][\/vc_row_inner][vc_row_inner row_spacing=&#8220;top-spacing-med bottom-spacing-med&#8220;][vc_column_inner][text]<\/p>\n<p class=\"buttons txt-center\"><a class=\"button\" href=\"https:\/\/www.meler.cn\/de\/produkte\/schmelzgerate\/\">Micron Melters<\/a><a class=\"button\" href=\"https:\/\/www.meler.cn\/de\/produkte\/schlauchleitungen\/\">Arion Schl\u00e4uche<\/a> <a class=\"button\" href=\"https:\/\/www.meler.cn\/de\/produkte\/applikatoren\/\">Raptor Applikatoren<\/a><\/p>\n<p>[\/text][\/vc_column_inner][\/vc_row_inner][\/vc_column][\/vc_row][vc_row bg_image_position=&#8220;100% 0&#8243; row_bg_color=&#8220;bg-05&#8243; row_spacing=&#8220;spacing-v-0&#8243; bg_image=&#8220;16631&#8243; el_class=&#8220;bloque-productos&#8220;][vc_column width=&#8220;1\/1&#8243;][vc_row_inner row_spacing=&#8220;spacing-v-0&#8243;][vc_column_inner width=&#8220;1\/2&#8243;][text]<\/p>\n<h2 class=\"style-02\"><strong>Micron+ ECO<\/strong><\/h2>\n<p class=\"txt-width\">Geringerer Energieverbrauch, Gr\u00f6\u00dfere Klebstoffeinsparungen und Minimale Umweltauswirkungen. Micron+ ECO ist ein besseres Schmelzger\u00e4t f\u00fcr einen geringeren \u00f6kologischen Fu\u00dfabdruck.<\/p>\n<p class=\"txt-width\"><a href=\"https:\/\/www.meler.cn\/de\/produkte\/schmelzgerate\/micron-eco\/\">Mehr erfahren<\/a><\/p>\n<p>[\/text][\/vc_column_inner][vc_column_inner width=&#8220;1\/2&#8243;][single_image image=&#8220;35549&#8243; animation=&#8220;fadeInRight&#8220;][\/vc_column_inner][\/vc_row_inner][vc_row_inner row_spacing=&#8220;spacing-v-0&#8243;][vc_column_inner width=&#8220;1\/2&#8243;][single_image image=&#8220;1416&#8243; animation=&#8220;fadeInLeft&#8220;][\/vc_column_inner][vc_column_inner width=&#8220;1\/2&#8243;][text]<\/p>\n<h2 class=\"style-02\"><strong>Arion Circle<\/strong><\/h2>\n<p class=\"txt-width\">Der beheizte Schlauch bietet eine kreisf\u00f6rmige L\u00f6sung, die die Auswirkungen unserer T\u00e4tigkeit verringert und die Haltbarkeit der Anlage erh\u00f6ht. Der abnehmbare Schlauch ist leicht zu reparieren und reduziert so die Wartungskosten.<\/p>\n<p class=\"txt-width\"><a href=\"https:\/\/www.meler.cn\/de\/produkte\/schlauchleitungen\/arion-circle\/\">Mehr erfahren<\/a><\/p>\n<p>[\/text][\/vc_column_inner][\/vc_row_inner][vc_row_inner row_spacing=&#8220;spacing-v-0&#8243;][vc_column_inner width=&#8220;1\/2&#8243;][text]<\/p>\n<h2 class=\"style-02\"><strong>Raptor Edge<\/strong><\/h2>\n<p class=\"txt-width\">Die L\u00f6sung mit automatischer Einstellung f\u00fcr die vollst\u00e4ndige Kontrolle der Kantenanleimung. Ein vielseitiges und technologisches Applikationsger\u00e4t, das die Produktivit\u00e4t dank seiner Anpassungsf\u00e4higkeit an den Formatwechsel verbessert.<\/p>\n<p class=\"txt-width\"><a href=\"https:\/\/www.meler.cn\/de\/produkte\/applikatoren\/raptor-edge\/\">Mehr erfahren<\/a><\/p>\n<p>[\/text][\/vc_column_inner][vc_column_inner width=&#8220;1\/2&#8243;][single_image image=&#8220;33429&#8243; animation=&#8220;fadeInRight&#8220;][\/vc_column_inner][\/vc_row_inner][\/vc_column][\/vc_row][vc_row row_layout=&#8220;full&#8220; row_spacing=&#8220;spacing-v-0&#8243;][vc_column width=&#8220;1\/1&#8243;][CtaModule cta_item=&#8220;30386&#8243;][\/vc_column][\/vc_row][vc_row row_slide=&#8220;yes&#8220; el_class=&#8220;bg-line&#8220;][vc_column width=&#8220;1\/1&#8243;][vc_row_inner][vc_column_inner width=&#8220;3\/4&#8243; row_spacing_h=&#8220;spacing-h-0&#8243;][single_image image=&#8220;19846&#8243;][\/vc_column_inner][vc_column_inner width=&#8220;1\/4&#8243; row_spacing_h=&#8220;left-spacing&#8220;][text]<\/p>\n<h2 class=\"style-02\">Gluing Tomorrow<\/h2>\n<p>Ein neuer Weg, die Zukunft nachhaltig zu gestalten. Wir bei Meler bekr\u00e4ftigen unser Engagement f\u00fcr die Umwelt jeden Tag, indem wir alle unsere Produktionsprozesse unter dem Gesichtspunkt des Umweltschutzes durchf\u00fchren. Finden Sie heraus, wie Sie sich an dem Projekt beteiligen k\u00f6nnen:<\/p>\n<ul class=\"style-02\">\n<li><a href=\"https:\/\/www.meler.cn\/de\/gluing-tomorrow\/\">Mehr erfahren<\/a><\/li>\n<\/ul>\n<p>[\/text][\/vc_column_inner][\/vc_row_inner][vc_row_inner][vc_column_inner width=&#8220;3\/4&#8243;][single_image image=&#8220;19851&#8243;][\/vc_column_inner][vc_column_inner width=&#8220;1\/4&#8243; row_spacing_h=&#8220;left-spacing&#8220;][text]<\/p>\n<h2 class=\"style-02\">Glocal Support<\/h2>\n<p>Meler bietet einen globalen technischen Service, der Sie unabh\u00e4ngig von Ihren Bed\u00fcrfnissen und Ihrem Standort unterst\u00fctzt. Mit einer klaren Kundenorientierung beraten unsere technischen Spezialisten Sie und l\u00f6sen Ihre Zweifel bei der Anwendung von Schmelzklebstoffen.<\/p>\n<ul class=\"style-02\">\n<li><a href=\"https:\/\/www.meler.cn\/de\/dienstleistungen\/meler-support\/\">Mehr erfahren<\/a><\/li>\n<\/ul>\n<p>[\/text][\/vc_column_inner][\/vc_row_inner][\/vc_column][\/vc_row][vc_row row_layout=&#8220;full&#8220; row_spacing=&#8220;spacing-v-none&#8220;][vc_column row_spacing=&#8220;spacing-v-none&#8220; width=&#8220;1\/1&#8243;][CtaModule cta_item=&#8220;21576&#8243;][\/vc_column][\/vc_row][vc_row bg_image_position=&#8220;0 100%&#8220; row_bg_color=&#8220;bg-04&#8243; row_spacing=&#8220;top-spacing bottom-spacing&#8220; row_vertical_align=&#8220;valign-middle&#8220; el_class=&#8220;reverse-column-mobile&#8220;][vc_column row_spacing=&#8220;spacing-v-0&#8243; row_spacing_h=&#8220;left-spacing&#8220; width=&#8220;1\/1&#8243;][text]<\/p>\n<h2 class=\"txt-center summary style-02 txt-width\">Meler in der Welt<\/h2>\n<p class=\"txt-width txt-center buttons\">Finden Sie Ihren n\u00e4chstgelegenen <strong>Meler<\/strong> und entdecken Sie, wie es ist, auf <strong>#YourGluingSolutionsPartner<\/strong> zu z\u00e4hlen, wann immer Sie ihn brauchen.<\/p>\n<p class=\"txt-center\"><a class=\"button\" href=\"https:\/\/www.meler.cn\/de\/meler\/meler-ein-der-welt\/\">Meler in der Welt<\/a><\/p>\n<p>[\/text][vc_row_inner row_spacing=&#8220;top-spacing-min bottom-spacing-0&#8243;][vc_column_inner][text]<style>\r\n\t#wpsl-stores .wpsl-store-thumb {height:45px !important; width:45px !important;}\r\n\t#wpsl-stores, #wpsl-direction-details, #wpsl-gmap {height:350px !important;}\r\n\t#wpsl-gmap .wpsl-info-window {max-width:225px !important;}\r\n\t.wpsl-input label, #wpsl-radius label, #wpsl-category label {width:95px;}\r\n\t#wpsl-search-input  {width:179px;}\r\n<\/style>\r\n<div id=\"wpsl-wrap\">\r\n\t<div class=\"wpsl-search wpsl-clearfix wpsl-no-filters\">\r\n\t\t<div id=\"wpsl-search-wrap\">\r\n\t\t\t<form autocomplete=\"off\">\r\n\t\t\t<div class=\"wpsl-input\">\r\n\t\t\t\t<div><label for=\"wpsl-search-input\">Your location<\/label><\/div>\r\n\t\t\t\t<input id=\"wpsl-search-input\" type=\"text\" value=\"\" name=\"wpsl-search-input\" placeholder=\"\" aria-required=\"true\" \/>\r\n\t\t\t<\/div>\r\n\t\t\t\t<div class=\"wpsl-search-btn-wrap\"><input id=\"wpsl-search-btn\" type=\"submit\" value=\"Search\"><\/div>\r\n\t\t<\/form>\r\n\t\t<\/div>\r\n\t<\/div>\r\n\t<div id=\"wpsl-gmap\" class=\"wpsl-gmap-canvas\"><\/div>\r\n\t<div id=\"wpsl-result-list\">\r\n\t\t<div id=\"wpsl-stores\" >\r\n\t\t\t<ul><\/ul>\r\n\t\t<\/div>\r\n\t\t<div id=\"wpsl-direction-details\">\r\n\t\t\t<ul><\/ul>\r\n\t\t<\/div>\r\n\t<\/div>\r\n<\/div>\r\n[\/text][\/vc_column_inner][\/vc_row_inner][\/vc_column][\/vc_row][vc_row row_layout=&#8220;full&#8220; el_class=&#8220;bg-line-left&#8220;][vc_column width=&#8220;1\/1&#8243;][vc_row_inner row_layout=&#8220;full&#8220;][vc_column_inner][ttdirectory_newslist news_num=&#8220;4&#8243;]<\/p>\n<h2 class=\"style-02\">Neuigkeiten<\/h2>\n<p><a class=\"button\" href=\"\/de\/news\/\">Besuchen Sie unser Blog<\/a>[\/ttdirectory_newslist][\/vc_column_inner][\/vc_row_inner][\/vc_column][\/vc_row][vc_row row_layout=&#8220;full&#8220; row_spacing=&#8220;spacing-v-none&#8220;][vc_column width=&#8220;1\/1&#8243;][CtaModule cta_item=&#8220;21675&#8243;][\/vc_column][\/vc_row]<\/p>\n","protected":false},"excerpt":{"rendered":"<p>[vc_row row_layout=&#8220;full&#8220; row_spacing=&#8220;spacing-v-none&#8220; row_spacing_h=&#8220;spacing-h-0&#8243; el_id=&#8220;superslider01&#8243;][vc_column width=&#8220;1\/1&#8243;][super_Slider][super_Slider_item super_slider_item_image=&#8220;35855&#8243; super_slider_item_title=&#8220;Micron+ ECO&#8220;] MICRON+ ECO Das beste Schmelzger\u00e4t mit dem kleinsten \u00f6kologischen Fu\u00dfabdruck f\u00fcr automatisierte Industrie 4.0-Anwendungen. ENTDECKEN SIE MICRON+ ECO [\/super_Slider_item][\/super_Slider][\/vc_column][\/vc_row][vc_row row_layout=&#8220;full&#8220;][vc_column width=&#8220;1\/1&#8243;][text] Verpackung und Etikettierung Bauwesen Construction Automobilbranche Holzindustrie Produktmontage Grafische Industrie Vliesstoffprodukten Tabakverpackungen [\/text][\/vc_column][\/vc_row][vc_row row_bg_color=&#8220;bg-05&#8243; row_spacing=&#8220;top-spacing bottom-spacing&#8220;][vc_column width=&#8220;1\/1&#8243;][vc_row_inner][vc_column_inner][text] Lernen Sie alle unsere Produkte kennen Wir von [&hellip;]<\/p>\n","protected":false},"author":1,"featured_media":0,"parent":0,"menu_order":30,"comment_status":"closed","ping_status":"closed","template":"template-no-header.php","meta":[],"yoast_head":"<!-- This site is optimized with the Yoast SEO plugin v20.3 - https:\/\/yoast.com\/wordpress\/plugins\/seo\/ -->\n<title>Komplette Systeme zum Auftragen von Klebstoffen und Dichtungsmitteln - Meler<\/title>\n<meta name=\"description\" content=\"Wir sind Meler, Ihr Partner f\u00fcr Klebel\u00f6sungen, mit mehr als 40 Jahren Erfahrung als Spezialist f\u00fcr die Entwicklung und Verbesserung von Klebeprozessen.\" \/>\n<meta name=\"robots\" content=\"index, follow, max-snippet:-1, max-image-preview:large, max-video-preview:-1\" \/>\n<link rel=\"canonical\" href=\"https:\/\/www.meler.cn\/de\/\" \/>\n<meta property=\"og:locale\" content=\"de_DE\" \/>\n<meta property=\"og:type\" content=\"article\" \/>\n<meta property=\"og:title\" content=\"Komplette Systeme zum Auftragen von Klebstoffen und Dichtungsmitteln - Meler\" \/>\n<meta property=\"og:description\" content=\"Wir sind Meler, Ihr Partner f\u00fcr Klebel\u00f6sungen, mit mehr als 40 Jahren Erfahrung als Spezialist f\u00fcr die Entwicklung und Verbesserung von Klebeprozessen.\" \/>\n<meta property=\"og:url\" content=\"https:\/\/www.meler.cn\/de\/\" \/>\n<meta property=\"og:site_name\" content=\"Meler\" \/>\n<meta property=\"article:modified_time\" content=\"2025-03-05T08:31:52+00:00\" \/>\n<meta property=\"og:image\" content=\"https:\/\/www.meler.cn\/media\/LOGOMELER2.png\" \/>\n\t<meta property=\"og:image:width\" content=\"180\" \/>\n\t<meta property=\"og:image:height\" content=\"100\" \/>\n\t<meta property=\"og:image:type\" content=\"image\/png\" \/>\n<meta name=\"twitter:card\" content=\"summary_large_image\" \/>\n<meta name=\"twitter:label1\" content=\"Gesch\u00e4tzte Lesezeit\" \/>\n\t<meta name=\"twitter:data1\" content=\"2 Minuten\" \/>\n<script type=\"application\/ld+json\" class=\"yoast-schema-graph\">{\"@context\":\"https:\/\/schema.org\",\"@graph\":[{\"@type\":\"WebPage\",\"@id\":\"https:\/\/www.meler.cn\/de\/\",\"url\":\"https:\/\/www.meler.cn\/de\/\",\"name\":\"Komplette Systeme zum Auftragen von Klebstoffen und Dichtungsmitteln - Meler\",\"isPartOf\":{\"@id\":\"https:\/\/www.meler.cn\/de\/#website\"},\"datePublished\":\"2023-01-05T12:43:59+00:00\",\"dateModified\":\"2025-03-05T08:31:52+00:00\",\"description\":\"Wir sind Meler, Ihr Partner f\u00fcr Klebel\u00f6sungen, mit mehr als 40 Jahren Erfahrung als Spezialist f\u00fcr die Entwicklung und Verbesserung von Klebeprozessen.\",\"breadcrumb\":{\"@id\":\"https:\/\/www.meler.cn\/de\/#breadcrumb\"},\"inLanguage\":\"de-DE\",\"potentialAction\":[{\"@type\":\"ReadAction\",\"target\":[\"https:\/\/www.meler.cn\/de\/\"]}]},{\"@type\":\"BreadcrumbList\",\"@id\":\"https:\/\/www.meler.cn\/de\/#breadcrumb\",\"itemListElement\":[{\"@type\":\"ListItem\",\"position\":1,\"name\":\"Portada\",\"item\":\"https:\/\/www.meler.cn\/de\/\"},{\"@type\":\"ListItem\",\"position\":2,\"name\":\"Inicio\"}]},{\"@type\":\"WebSite\",\"@id\":\"https:\/\/www.meler.cn\/de\/#website\",\"url\":\"https:\/\/www.meler.cn\/de\/\",\"name\":\"Meler\",\"description\":\"Just another WordPress site\",\"potentialAction\":[{\"@type\":\"SearchAction\",\"target\":{\"@type\":\"EntryPoint\",\"urlTemplate\":\"https:\/\/www.meler.cn\/de\/?s={search_term_string}\"},\"query-input\":\"required name=search_term_string\"}],\"inLanguage\":\"de-DE\"}]}<\/script>\n<!-- \/ Yoast SEO plugin. -->","yoast_head_json":{"title":"Komplette Systeme zum Auftragen von Klebstoffen und Dichtungsmitteln - Meler","description":"Wir sind Meler, Ihr Partner f\u00fcr Klebel\u00f6sungen, mit mehr als 40 Jahren Erfahrung als Spezialist f\u00fcr die Entwicklung und Verbesserung von Klebeprozessen.","robots":{"index":"index","follow":"follow","max-snippet":"max-snippet:-1","max-image-preview":"max-image-preview:large","max-video-preview":"max-video-preview:-1"},"canonical":"https:\/\/www.meler.cn\/de\/","og_locale":"de_DE","og_type":"article","og_title":"Komplette Systeme zum Auftragen von Klebstoffen und Dichtungsmitteln - Meler","og_description":"Wir sind Meler, Ihr Partner f\u00fcr Klebel\u00f6sungen, mit mehr als 40 Jahren Erfahrung als Spezialist f\u00fcr die Entwicklung und Verbesserung von Klebeprozessen.","og_url":"https:\/\/www.meler.cn\/de\/","og_site_name":"Meler","article_modified_time":"2025-03-05T08:31:52+00:00","og_image":[{"width":180,"height":100,"url":"https:\/\/www.meler.cn\/media\/LOGOMELER2.png","type":"image\/png"}],"twitter_card":"summary_large_image","twitter_misc":{"Gesch\u00e4tzte Lesezeit":"2 Minuten"},"schema":{"@context":"https:\/\/schema.org","@graph":[{"@type":"WebPage","@id":"https:\/\/www.meler.cn\/de\/","url":"https:\/\/www.meler.cn\/de\/","name":"Komplette Systeme zum Auftragen von Klebstoffen und Dichtungsmitteln - Meler","isPartOf":{"@id":"https:\/\/www.meler.cn\/de\/#website"},"datePublished":"2023-01-05T12:43:59+00:00","dateModified":"2025-03-05T08:31:52+00:00","description":"Wir sind Meler, Ihr Partner f\u00fcr Klebel\u00f6sungen, mit mehr als 40 Jahren Erfahrung als Spezialist f\u00fcr die Entwicklung und Verbesserung von Klebeprozessen.","breadcrumb":{"@id":"https:\/\/www.meler.cn\/de\/#breadcrumb"},"inLanguage":"de-DE","potentialAction":[{"@type":"ReadAction","target":["https:\/\/www.meler.cn\/de\/"]}]},{"@type":"BreadcrumbList","@id":"https:\/\/www.meler.cn\/de\/#breadcrumb","itemListElement":[{"@type":"ListItem","position":1,"name":"Portada","item":"https:\/\/www.meler.cn\/de\/"},{"@type":"ListItem","position":2,"name":"Inicio"}]},{"@type":"WebSite","@id":"https:\/\/www.meler.cn\/de\/#website","url":"https:\/\/www.meler.cn\/de\/","name":"Meler","description":"Just another WordPress site","potentialAction":[{"@type":"SearchAction","target":{"@type":"EntryPoint","urlTemplate":"https:\/\/www.meler.cn\/de\/?s={search_term_string}"},"query-input":"required name=search_term_string"}],"inLanguage":"de-DE"}]}},"_links":{"self":[{"href":"https:\/\/www.meler.cn\/de\/wp-json\/wp\/v2\/pages\/26377"}],"collection":[{"href":"https:\/\/www.meler.cn\/de\/wp-json\/wp\/v2\/pages"}],"about":[{"href":"https:\/\/www.meler.cn\/de\/wp-json\/wp\/v2\/types\/page"}],"author":[{"embeddable":true,"href":"https:\/\/www.meler.cn\/de\/wp-json\/wp\/v2\/users\/1"}],"replies":[{"embeddable":true,"href":"https:\/\/www.meler.cn\/de\/wp-json\/wp\/v2\/comments?post=26377"}],"version-history":[{"count":49,"href":"https:\/\/www.meler.cn\/de\/wp-json\/wp\/v2\/pages\/26377\/revisions"}],"predecessor-version":[{"id":35894,"href":"https:\/\/www.meler.cn\/de\/wp-json\/wp\/v2\/pages\/26377\/revisions\/35894"}],"wp:attachment":[{"href":"https:\/\/www.meler.cn\/de\/wp-json\/wp\/v2\/media?parent=26377"}],"curies":[{"name":"wp","href":"https:\/\/api.w.org\/{rel}","templated":true}]}}