




















{"id":24816,"date":"2022-11-28T11:27:15","date_gmt":"2022-11-28T11:27:15","guid":{"rendered":"https:\/\/www.meler.eu\/trabaja-con-nosotros\/vacantes-disponibles\/"},"modified":"2025-03-04T10:33:24","modified_gmt":"2025-03-04T10:33:24","slug":"offene-stellen","status":"publish","type":"page","link":"https:\/\/www.meler.cn\/de\/meler\/arbeiten-sie-mit-uns\/offene-stellen\/","title":{"rendered":"Offene Stellen"},"content":{"rendered":"<p>[vc_row row_vertical_align=&#8220;valign-middle&#8220;][vc_column row_spacing_h=&#8220;left-spacing&#8220; width=&#8220;1\/1&#8243;][text]<\/p>\n<h2 class=\"txt-center style-01\"><strong>Stellenangebote<\/strong> Keine passende Stelle f\u00fcr Sie dabei?<\/h2>\n<p class=\"txt-width txt-center\">Auch falls wir derzeit keine Einstellungen vornehmen oder die offenen Stellen nicht zu Ihnen passen, m\u00f6chten wir Sie trotzdem gerne kennen lernen!<\/p>\n<p class=\"txt-width txt-center\">Meler ist immer auf der Suche nach talentierten Fachkr\u00e4ften.<\/p>\n<p class=\"txt-center\"><a class=\"button\" href=\"mailto:hr@meler.cn\">Reichen Sie eine Initiativbewerbung ein<\/a><\/p>\n<p>[\/text][\/vc_column][\/vc_row][vc_row row_vertical_align=&#8220;valign-middle&#8220;][vc_column row_spacing_h=&#8220;left-spacing&#8220; width=&#8220;1\/1&#8243;][ttfaqs][faq_item title=&#8220;Deutschland&#8220;]<b>Es sind keine Stellenangebote verf\u00fcgbar.<\/b>[\/faq_item][faq_item title=&#8220;Spanien&#8220;]<\/p>\n<h2><strong><a href=\"https:\/\/www.grupompleo.com\/oferta-de-empleo\/tecnico-a-en-electronica-industrial-navarra-navarra-I106887\/\">Industrieller Elektroingenieur<\/a><\/strong><\/h2>\n<h2><a href=\"https:\/\/www.grupompleo.com\/oferta-de-empleo\/especialista-en-marketing-y-comunicacion-navarra-pamplona-iruna-I107693\/\"><strong>Techniker f\u00fcr Marketing und Kommunikation<\/strong><\/a><\/h2>\n<h2><a href=\"https:\/\/www.meler.cn\/docs\/TECNICOIT.pdf\"><strong>IT-Entwicklungstechniker<\/strong><\/a><\/h2>\n<h2><a href=\"https:\/\/www.meler.cn\/docs\/TECNICOESPECIALISTACONOCIMIENTO.pdf\"><strong>Techniker f\u00fcr Wissensmanagement<\/strong><\/a><\/h2>\n<p>[\/faq_item][faq_item title=&#8220;Frankreich&#8220;]<b>Es sind keine Stellenangebote verf\u00fcgbar.<\/b>[\/faq_item][faq_item title=&#8220;Italien&#8220;]<b>Es sind keine Stellenangebote verf\u00fcgbar.<\/b>[\/faq_item][faq_item title=&#8220;Grossbritannien&#8220;]<b>Es sind keine Stellenangebote verf\u00fcgbar.<\/b>[\/faq_item][faq_item title=&#8220;USA\/KANADA&#8220;]<b>Es sind keine Stellenangebote verf\u00fcgbar.<\/b>[\/faq_item][\/ttfaqs][\/vc_column][\/vc_row][vc_row row_layout=&#8220;full&#8220; bg_image_position=&#8220;50% 0&#8243; row_spacing=&#8220;top-spacing-med bottom-spacing-0&#8243;][vc_column width=&#8220;1\/1&#8243;][CtaModule cta_item=&#8220;21628&#8243;][\/vc_column][\/vc_row]<\/p>\n","protected":false},"excerpt":{"rendered":"<p>[vc_row row_vertical_align=&#8220;valign-middle&#8220;][vc_column row_spacing_h=&#8220;left-spacing&#8220; width=&#8220;1\/1&#8243;][text] Stellenangebote Keine passende Stelle f\u00fcr Sie dabei? Auch falls wir derzeit keine Einstellungen vornehmen oder die offenen Stellen nicht zu Ihnen passen, m\u00f6chten wir Sie trotzdem gerne kennen lernen! Meler ist immer auf der Suche nach talentierten Fachkr\u00e4ften. Reichen Sie eine Initiativbewerbung ein [\/text][\/vc_column][\/vc_row][vc_row row_vertical_align=&#8220;valign-middle&#8220;][vc_column row_spacing_h=&#8220;left-spacing&#8220; width=&#8220;1\/1&#8243;][ttfaqs][faq_item title=&#8220;Deutschland&#8220;]Es sind keine Stellenangebote [&hellip;]<\/p>\n","protected":false},"author":2,"featured_media":12887,"parent":24711,"menu_order":153,"comment_status":"closed","ping_status":"closed","template":"","meta":[],"yoast_head":"<!-- This site is optimized with the Yoast SEO plugin v20.3 - https:\/\/yoast.com\/wordpress\/plugins\/seo\/ -->\n<title>Offene Stellen - Meler<\/title>\n<meta name=\"robots\" content=\"index, follow, max-snippet:-1, max-image-preview:large, max-video-preview:-1\" \/>\n<link rel=\"canonical\" href=\"https:\/\/www.meler.cn\/de\/meler\/arbeiten-sie-mit-uns\/offene-stellen\/\" \/>\n<meta property=\"og:locale\" content=\"de_DE\" \/>\n<meta property=\"og:type\" content=\"article\" \/>\n<meta property=\"og:title\" content=\"Offene Stellen - Meler\" \/>\n<meta property=\"og:description\" content=\"[vc_row row_vertical_align=&#8220;valign-middle&#8220;][vc_column row_spacing_h=&#8220;left-spacing&#8220; width=&#8220;1\/1&#8243;][text] Stellenangebote Keine passende Stelle f\u00fcr Sie dabei? Auch falls wir derzeit keine Einstellungen vornehmen oder die offenen Stellen nicht zu Ihnen passen, m\u00f6chten wir Sie trotzdem gerne kennen lernen! Meler ist immer auf der Suche nach talentierten Fachkr\u00e4ften. Reichen Sie eine Initiativbewerbung ein [\/text][\/vc_column][\/vc_row][vc_row row_vertical_align=&#8220;valign-middle&#8220;][vc_column row_spacing_h=&#8220;left-spacing&#8220; width=&#8220;1\/1&#8243;][ttfaqs][faq_item title=&#8220;Deutschland&#8220;]Es sind keine Stellenangebote [&hellip;]\" \/>\n<meta property=\"og:url\" content=\"https:\/\/www.meler.cn\/de\/meler\/arbeiten-sie-mit-uns\/offene-stellen\/\" \/>\n<meta property=\"og:site_name\" content=\"Meler\" \/>\n<meta property=\"article:modified_time\" content=\"2025-03-04T10:33:24+00:00\" \/>\n<meta property=\"og:image\" content=\"https:\/\/www.meler.cn\/media\/header-trabaja-con-nosotros-meler.png\" \/>\n\t<meta property=\"og:image:width\" content=\"1920\" \/>\n\t<meta property=\"og:image:height\" content=\"780\" \/>\n\t<meta property=\"og:image:type\" content=\"image\/png\" \/>\n<meta name=\"twitter:card\" content=\"summary_large_image\" \/>\n<meta name=\"twitter:label1\" content=\"Gesch\u00e4tzte Lesezeit\" \/>\n\t<meta name=\"twitter:data1\" content=\"1 Minute\" \/>\n<script type=\"application\/ld+json\" class=\"yoast-schema-graph\">{\"@context\":\"https:\/\/schema.org\",\"@graph\":[{\"@type\":\"WebPage\",\"@id\":\"https:\/\/www.meler.cn\/de\/meler\/arbeiten-sie-mit-uns\/offene-stellen\/\",\"url\":\"https:\/\/www.meler.cn\/de\/meler\/arbeiten-sie-mit-uns\/offene-stellen\/\",\"name\":\"Offene Stellen - Meler\",\"isPartOf\":{\"@id\":\"https:\/\/www.meler.cn\/de\/#website\"},\"datePublished\":\"2022-11-28T11:27:15+00:00\",\"dateModified\":\"2025-03-04T10:33:24+00:00\",\"breadcrumb\":{\"@id\":\"https:\/\/www.meler.cn\/de\/meler\/arbeiten-sie-mit-uns\/offene-stellen\/#breadcrumb\"},\"inLanguage\":\"de-DE\",\"potentialAction\":[{\"@type\":\"ReadAction\",\"target\":[\"https:\/\/www.meler.cn\/de\/meler\/arbeiten-sie-mit-uns\/offene-stellen\/\"]}]},{\"@type\":\"BreadcrumbList\",\"@id\":\"https:\/\/www.meler.cn\/de\/meler\/arbeiten-sie-mit-uns\/offene-stellen\/#breadcrumb\",\"itemListElement\":[{\"@type\":\"ListItem\",\"position\":1,\"name\":\"Portada\",\"item\":\"https:\/\/www.meler.cn\/de\/\"},{\"@type\":\"ListItem\",\"position\":2,\"name\":\"Meler\",\"item\":\"https:\/\/20097.ttandemdigital.com\/de\/meler\/\"},{\"@type\":\"ListItem\",\"position\":3,\"name\":\"Karriere bei Meler\",\"item\":\"https:\/\/20097.ttandemdigital.com\/de\/meler\/arbeiten-sie-mit-uns\/\"},{\"@type\":\"ListItem\",\"position\":4,\"name\":\"Offene Stellen\"}]},{\"@type\":\"WebSite\",\"@id\":\"https:\/\/www.meler.cn\/de\/#website\",\"url\":\"https:\/\/www.meler.cn\/de\/\",\"name\":\"Meler\",\"description\":\"Just another WordPress site\",\"potentialAction\":[{\"@type\":\"SearchAction\",\"target\":{\"@type\":\"EntryPoint\",\"urlTemplate\":\"https:\/\/www.meler.cn\/de\/?s={search_term_string}\"},\"query-input\":\"required name=search_term_string\"}],\"inLanguage\":\"de-DE\"}]}<\/script>\n<!-- \/ Yoast SEO plugin. -->","yoast_head_json":{"title":"Offene Stellen - Meler","robots":{"index":"index","follow":"follow","max-snippet":"max-snippet:-1","max-image-preview":"max-image-preview:large","max-video-preview":"max-video-preview:-1"},"canonical":"https:\/\/www.meler.cn\/de\/meler\/arbeiten-sie-mit-uns\/offene-stellen\/","og_locale":"de_DE","og_type":"article","og_title":"Offene Stellen - Meler","og_description":"[vc_row row_vertical_align=&#8220;valign-middle&#8220;][vc_column row_spacing_h=&#8220;left-spacing&#8220; width=&#8220;1\/1&#8243;][text] Stellenangebote Keine passende Stelle f\u00fcr Sie dabei? Auch falls wir derzeit keine Einstellungen vornehmen oder die offenen Stellen nicht zu Ihnen passen, m\u00f6chten wir Sie trotzdem gerne kennen lernen! Meler ist immer auf der Suche nach talentierten Fachkr\u00e4ften. Reichen Sie eine Initiativbewerbung ein [\/text][\/vc_column][\/vc_row][vc_row row_vertical_align=&#8220;valign-middle&#8220;][vc_column row_spacing_h=&#8220;left-spacing&#8220; width=&#8220;1\/1&#8243;][ttfaqs][faq_item title=&#8220;Deutschland&#8220;]Es sind keine Stellenangebote [&hellip;]","og_url":"https:\/\/www.meler.cn\/de\/meler\/arbeiten-sie-mit-uns\/offene-stellen\/","og_site_name":"Meler","article_modified_time":"2025-03-04T10:33:24+00:00","og_image":[{"width":1920,"height":780,"url":"https:\/\/www.meler.cn\/media\/header-trabaja-con-nosotros-meler.png","type":"image\/png"}],"twitter_card":"summary_large_image","twitter_misc":{"Gesch\u00e4tzte Lesezeit":"1 Minute"},"schema":{"@context":"https:\/\/schema.org","@graph":[{"@type":"WebPage","@id":"https:\/\/www.meler.cn\/de\/meler\/arbeiten-sie-mit-uns\/offene-stellen\/","url":"https:\/\/www.meler.cn\/de\/meler\/arbeiten-sie-mit-uns\/offene-stellen\/","name":"Offene Stellen - Meler","isPartOf":{"@id":"https:\/\/www.meler.cn\/de\/#website"},"datePublished":"2022-11-28T11:27:15+00:00","dateModified":"2025-03-04T10:33:24+00:00","breadcrumb":{"@id":"https:\/\/www.meler.cn\/de\/meler\/arbeiten-sie-mit-uns\/offene-stellen\/#breadcrumb"},"inLanguage":"de-DE","potentialAction":[{"@type":"ReadAction","target":["https:\/\/www.meler.cn\/de\/meler\/arbeiten-sie-mit-uns\/offene-stellen\/"]}]},{"@type":"BreadcrumbList","@id":"https:\/\/www.meler.cn\/de\/meler\/arbeiten-sie-mit-uns\/offene-stellen\/#breadcrumb","itemListElement":[{"@type":"ListItem","position":1,"name":"Portada","item":"https:\/\/www.meler.cn\/de\/"},{"@type":"ListItem","position":2,"name":"Meler","item":"https:\/\/20097.ttandemdigital.com\/de\/meler\/"},{"@type":"ListItem","position":3,"name":"Karriere bei Meler","item":"https:\/\/20097.ttandemdigital.com\/de\/meler\/arbeiten-sie-mit-uns\/"},{"@type":"ListItem","position":4,"name":"Offene Stellen"}]},{"@type":"WebSite","@id":"https:\/\/www.meler.cn\/de\/#website","url":"https:\/\/www.meler.cn\/de\/","name":"Meler","description":"Just another WordPress site","potentialAction":[{"@type":"SearchAction","target":{"@type":"EntryPoint","urlTemplate":"https:\/\/www.meler.cn\/de\/?s={search_term_string}"},"query-input":"required name=search_term_string"}],"inLanguage":"de-DE"}]}},"_links":{"self":[{"href":"https:\/\/www.meler.cn\/de\/wp-json\/wp\/v2\/pages\/24816"}],"collection":[{"href":"https:\/\/www.meler.cn\/de\/wp-json\/wp\/v2\/pages"}],"about":[{"href":"https:\/\/www.meler.cn\/de\/wp-json\/wp\/v2\/types\/page"}],"author":[{"embeddable":true,"href":"https:\/\/www.meler.cn\/de\/wp-json\/wp\/v2\/users\/2"}],"replies":[{"embeddable":true,"href":"https:\/\/www.meler.cn\/de\/wp-json\/wp\/v2\/comments?post=24816"}],"version-history":[{"count":7,"href":"https:\/\/www.meler.cn\/de\/wp-json\/wp\/v2\/pages\/24816\/revisions"}],"predecessor-version":[{"id":35874,"href":"https:\/\/www.meler.cn\/de\/wp-json\/wp\/v2\/pages\/24816\/revisions\/35874"}],"up":[{"embeddable":true,"href":"https:\/\/www.meler.cn\/de\/wp-json\/wp\/v2\/pages\/24711"}],"wp:featuredmedia":[{"embeddable":true,"href":"https:\/\/www.meler.cn\/de\/wp-json\/wp\/v2\/media\/12887"}],"wp:attachment":[{"href":"https:\/\/www.meler.cn\/de\/wp-json\/wp\/v2\/media?parent=24816"}],"curies":[{"name":"wp","href":"https:\/\/api.w.org\/{rel}","templated":true}]}}