




















{"id":24711,"date":"2022-11-28T11:08:11","date_gmt":"2022-11-28T11:08:11","guid":{"rendered":"https:\/\/www.meler.eu\/trabaja-con-nosotros\/"},"modified":"2024-04-09T11:26:08","modified_gmt":"2024-04-09T11:26:08","slug":"arbeiten-sie-mit-uns","status":"publish","type":"page","link":"https:\/\/www.meler.cn\/de\/meler\/arbeiten-sie-mit-uns\/","title":{"rendered":"Karriere bei Meler"},"content":{"rendered":"<p>[vc_row bg_image_position=&#8220;0 100%&#8220; row_vertical_align=&#8220;valign-middle&#8220; el_class=&#8220;reverse-column-mobile&#8220;][vc_column row_spacing_h=&#8220;left-spacing&#8220; width=&#8220;1\/1&#8243;][text]<\/p>\n<h2 class=\"txt-center style-01\"><strong>Machen Sie bei uns mit<\/strong><\/h2>\n<p class=\"txt-width txt-center\">Bei Meler sind wir immer auf der Suche nach den besten Talenten.<\/p>\n<p class=\"txt-center\"><a class=\"button\" href=\"https:\/\/www.meler.cn\/de\/meler\/arbeiten-sie-mit-uns\/offene-stellen\/\">Offene Stellen<\/a><\/p>\n<p>[\/text][\/vc_column][\/vc_row][vc_row row_vertical_align=&#8220;valign-middle&#8220; el_class=&#8220;bg-line-start&#8220;][vc_column row_spacing_h=&#8220;right-spacing&#8220; width=&#8220;1\/2&#8243;][text]<\/p>\n<h2 class=\"summary txt-width style-0 style-03\">Wir streben stets nach Spitzenleistungen<\/h2>\n<p>[\/text][text]Unsere mehr als 40-j\u00e4hrige Erfahrung in der Branche hat uns zu Spezialisten in der Entwicklung und Verbesserung von Klebeverfahren gemacht. Wir helfen unseren Kunden, ihre Ziele durch ma\u00dfgeschneidertes Engineering zu erreichen, immer mit dem Ziel, jeden einzelnen Prozess zu verbessern. [\/text][\/vc_column][vc_column width=&#8220;1\/2&#8243;][single_image image=&#8220;14350&#8243;][\/vc_column][\/vc_row][vc_row row_vertical_align=&#8220;valign-middle&#8220; el_class=&#8220;bg-line-med reverse-column-mobile&#8220;][vc_column width=&#8220;1\/2&#8243;][single_image image=&#8220;14345&#8243;][\/vc_column][vc_column row_spacing_h=&#8220;left-spacing&#8220; width=&#8220;1\/2&#8243;][text]<\/p>\n<h2 class=\"summary style-0 style-03 txt-width\">Wir erzielen echte Wirkung<\/h2>\n<p>[\/text][text]Wir verbessern jeden Tag die Produktion Tausender Unternehmen. Wir rationalisieren und vereinfachen Prozesse, damit sich unsere Kunden auf das Wesentliche konzentrieren k\u00f6nnen: ihr Team. [\/text][\/vc_column][\/vc_row][vc_row row_vertical_align=&#8220;valign-middle&#8220; el_class=&#8220;bg-line-end&#8220;][vc_column row_spacing_h=&#8220;right-spacing&#8220; width=&#8220;1\/2&#8243;][text]<\/p>\n<h2 class=\"summary style-0 style-03 txt-width\">Wir lernen jeden Tag dazu<\/h2>\n<p>[\/text][text]Wir bieten komplette Klebel\u00f6sungen mit Hilfe eines unerm\u00fcdlichen Teams, das jederzeit nach der besten L\u00f6sung sucht. Wir tauschen Ideen aus und lernen jeden Tag dazu, um stets den bestm\u00f6glichen Service zu bieten. [\/text][\/vc_column][vc_column width=&#8220;1\/2&#8243;][single_image image=&#8220;14340&#8243;][\/vc_column][\/vc_row][vc_row row_layout=&#8220;full&#8220; bg_image_position=&#8220;50% 0&#8243; row_spacing=&#8220;top-spacing&#8220;][vc_column width=&#8220;1\/1&#8243;][CtaModule cta_item=&#8220;21663&#8243;][\/vc_column][\/vc_row]<\/p>\n","protected":false},"excerpt":{"rendered":"<p>[vc_row bg_image_position=&#8220;0 100%&#8220; row_vertical_align=&#8220;valign-middle&#8220; el_class=&#8220;reverse-column-mobile&#8220;][vc_column row_spacing_h=&#8220;left-spacing&#8220; width=&#8220;1\/1&#8243;][text] Machen Sie bei uns mit Bei Meler sind wir immer auf der Suche nach den besten Talenten. Offene Stellen [\/text][\/vc_column][\/vc_row][vc_row row_vertical_align=&#8220;valign-middle&#8220; el_class=&#8220;bg-line-start&#8220;][vc_column row_spacing_h=&#8220;right-spacing&#8220; width=&#8220;1\/2&#8243;][text] Wir streben stets nach Spitzenleistungen [\/text][text]Unsere mehr als 40-j\u00e4hrige Erfahrung in der Branche hat uns zu Spezialisten in der Entwicklung und Verbesserung von Klebeverfahren [&hellip;]<\/p>\n","protected":false},"author":2,"featured_media":12887,"parent":26021,"menu_order":145,"comment_status":"closed","ping_status":"closed","template":"","meta":[],"yoast_head":"<!-- This site is optimized with the Yoast SEO plugin v20.3 - https:\/\/yoast.com\/wordpress\/plugins\/seo\/ -->\n<title>Arbeiten Sie mit uns - Meler<\/title>\n<meta name=\"description\" content=\"Wenn Sie bei Meler arbeiten m\u00f6chten, senden Sie uns Ihren Lebenslauf und werden Sie Teil unseres Teams. Wir freuen uns auf Sie!\" \/>\n<meta name=\"robots\" content=\"index, follow, max-snippet:-1, max-image-preview:large, max-video-preview:-1\" \/>\n<link rel=\"canonical\" href=\"https:\/\/www.meler.cn\/de\/meler\/arbeiten-sie-mit-uns\/\" \/>\n<meta property=\"og:locale\" content=\"de_DE\" \/>\n<meta property=\"og:type\" content=\"article\" \/>\n<meta property=\"og:title\" content=\"Arbeiten Sie mit uns - Meler\" \/>\n<meta property=\"og:description\" content=\"Wenn Sie bei Meler arbeiten m\u00f6chten, senden Sie uns Ihren Lebenslauf und werden Sie Teil unseres Teams. Wir freuen uns auf Sie!\" \/>\n<meta property=\"og:url\" content=\"https:\/\/www.meler.cn\/de\/meler\/arbeiten-sie-mit-uns\/\" \/>\n<meta property=\"og:site_name\" content=\"Meler\" \/>\n<meta property=\"article:modified_time\" content=\"2024-04-09T11:26:08+00:00\" \/>\n<meta property=\"og:image\" content=\"https:\/\/20097.ttandemdigital.com\/media\/header-trabaja-con-nosotros-meler.png\" \/>\n\t<meta property=\"og:image:width\" content=\"1920\" \/>\n\t<meta property=\"og:image:height\" content=\"780\" \/>\n\t<meta property=\"og:image:type\" content=\"image\/png\" \/>\n<meta name=\"twitter:card\" content=\"summary_large_image\" \/>\n<meta name=\"twitter:label1\" content=\"Gesch\u00e4tzte Lesezeit\" \/>\n\t<meta name=\"twitter:data1\" content=\"1 Minute\" \/>\n<script type=\"application\/ld+json\" class=\"yoast-schema-graph\">{\"@context\":\"https:\/\/schema.org\",\"@graph\":[{\"@type\":\"WebPage\",\"@id\":\"https:\/\/www.meler.cn\/de\/meler\/arbeiten-sie-mit-uns\/\",\"url\":\"https:\/\/www.meler.cn\/de\/meler\/arbeiten-sie-mit-uns\/\",\"name\":\"Arbeiten Sie mit uns - Meler\",\"isPartOf\":{\"@id\":\"https:\/\/www.meler.cn\/de\/#website\"},\"datePublished\":\"2022-11-28T11:08:11+00:00\",\"dateModified\":\"2024-04-09T11:26:08+00:00\",\"description\":\"Wenn Sie bei Meler arbeiten m\u00f6chten, senden Sie uns Ihren Lebenslauf und werden Sie Teil unseres Teams. Wir freuen uns auf Sie!\",\"breadcrumb\":{\"@id\":\"https:\/\/www.meler.cn\/de\/meler\/arbeiten-sie-mit-uns\/#breadcrumb\"},\"inLanguage\":\"de-DE\",\"potentialAction\":[{\"@type\":\"ReadAction\",\"target\":[\"https:\/\/www.meler.cn\/de\/meler\/arbeiten-sie-mit-uns\/\"]}]},{\"@type\":\"BreadcrumbList\",\"@id\":\"https:\/\/www.meler.cn\/de\/meler\/arbeiten-sie-mit-uns\/#breadcrumb\",\"itemListElement\":[{\"@type\":\"ListItem\",\"position\":1,\"name\":\"Portada\",\"item\":\"https:\/\/www.meler.cn\/de\/\"},{\"@type\":\"ListItem\",\"position\":2,\"name\":\"Meler\",\"item\":\"https:\/\/20097.ttandemdigital.com\/de\/meler\/\"},{\"@type\":\"ListItem\",\"position\":3,\"name\":\"Karriere bei Meler\"}]},{\"@type\":\"WebSite\",\"@id\":\"https:\/\/www.meler.cn\/de\/#website\",\"url\":\"https:\/\/www.meler.cn\/de\/\",\"name\":\"Meler\",\"description\":\"Just another WordPress site\",\"potentialAction\":[{\"@type\":\"SearchAction\",\"target\":{\"@type\":\"EntryPoint\",\"urlTemplate\":\"https:\/\/www.meler.cn\/de\/?s={search_term_string}\"},\"query-input\":\"required name=search_term_string\"}],\"inLanguage\":\"de-DE\"}]}<\/script>\n<!-- \/ Yoast SEO plugin. -->","yoast_head_json":{"title":"Arbeiten Sie mit uns - Meler","description":"Wenn Sie bei Meler arbeiten m\u00f6chten, senden Sie uns Ihren Lebenslauf und werden Sie Teil unseres Teams. Wir freuen uns auf Sie!","robots":{"index":"index","follow":"follow","max-snippet":"max-snippet:-1","max-image-preview":"max-image-preview:large","max-video-preview":"max-video-preview:-1"},"canonical":"https:\/\/www.meler.cn\/de\/meler\/arbeiten-sie-mit-uns\/","og_locale":"de_DE","og_type":"article","og_title":"Arbeiten Sie mit uns - Meler","og_description":"Wenn Sie bei Meler arbeiten m\u00f6chten, senden Sie uns Ihren Lebenslauf und werden Sie Teil unseres Teams. Wir freuen uns auf Sie!","og_url":"https:\/\/www.meler.cn\/de\/meler\/arbeiten-sie-mit-uns\/","og_site_name":"Meler","article_modified_time":"2024-04-09T11:26:08+00:00","og_image":[{"width":1920,"height":780,"url":"https:\/\/20097.ttandemdigital.com\/media\/header-trabaja-con-nosotros-meler.png","type":"image\/png"}],"twitter_card":"summary_large_image","twitter_misc":{"Gesch\u00e4tzte Lesezeit":"1 Minute"},"schema":{"@context":"https:\/\/schema.org","@graph":[{"@type":"WebPage","@id":"https:\/\/www.meler.cn\/de\/meler\/arbeiten-sie-mit-uns\/","url":"https:\/\/www.meler.cn\/de\/meler\/arbeiten-sie-mit-uns\/","name":"Arbeiten Sie mit uns - Meler","isPartOf":{"@id":"https:\/\/www.meler.cn\/de\/#website"},"datePublished":"2022-11-28T11:08:11+00:00","dateModified":"2024-04-09T11:26:08+00:00","description":"Wenn Sie bei Meler arbeiten m\u00f6chten, senden Sie uns Ihren Lebenslauf und werden Sie Teil unseres Teams. Wir freuen uns auf Sie!","breadcrumb":{"@id":"https:\/\/www.meler.cn\/de\/meler\/arbeiten-sie-mit-uns\/#breadcrumb"},"inLanguage":"de-DE","potentialAction":[{"@type":"ReadAction","target":["https:\/\/www.meler.cn\/de\/meler\/arbeiten-sie-mit-uns\/"]}]},{"@type":"BreadcrumbList","@id":"https:\/\/www.meler.cn\/de\/meler\/arbeiten-sie-mit-uns\/#breadcrumb","itemListElement":[{"@type":"ListItem","position":1,"name":"Portada","item":"https:\/\/www.meler.cn\/de\/"},{"@type":"ListItem","position":2,"name":"Meler","item":"https:\/\/20097.ttandemdigital.com\/de\/meler\/"},{"@type":"ListItem","position":3,"name":"Karriere bei Meler"}]},{"@type":"WebSite","@id":"https:\/\/www.meler.cn\/de\/#website","url":"https:\/\/www.meler.cn\/de\/","name":"Meler","description":"Just another WordPress site","potentialAction":[{"@type":"SearchAction","target":{"@type":"EntryPoint","urlTemplate":"https:\/\/www.meler.cn\/de\/?s={search_term_string}"},"query-input":"required name=search_term_string"}],"inLanguage":"de-DE"}]}},"_links":{"self":[{"href":"https:\/\/www.meler.cn\/de\/wp-json\/wp\/v2\/pages\/24711"}],"collection":[{"href":"https:\/\/www.meler.cn\/de\/wp-json\/wp\/v2\/pages"}],"about":[{"href":"https:\/\/www.meler.cn\/de\/wp-json\/wp\/v2\/types\/page"}],"author":[{"embeddable":true,"href":"https:\/\/www.meler.cn\/de\/wp-json\/wp\/v2\/users\/2"}],"replies":[{"embeddable":true,"href":"https:\/\/www.meler.cn\/de\/wp-json\/wp\/v2\/comments?post=24711"}],"version-history":[{"count":10,"href":"https:\/\/www.meler.cn\/de\/wp-json\/wp\/v2\/pages\/24711\/revisions"}],"predecessor-version":[{"id":29938,"href":"https:\/\/www.meler.cn\/de\/wp-json\/wp\/v2\/pages\/24711\/revisions\/29938"}],"up":[{"embeddable":true,"href":"https:\/\/www.meler.cn\/de\/wp-json\/wp\/v2\/pages\/26021"}],"wp:featuredmedia":[{"embeddable":true,"href":"https:\/\/www.meler.cn\/de\/wp-json\/wp\/v2\/media\/12887"}],"wp:attachment":[{"href":"https:\/\/www.meler.cn\/de\/wp-json\/wp\/v2\/media?parent=24711"}],"curies":[{"name":"wp","href":"https:\/\/api.w.org\/{rel}","templated":true}]}}