




















{"id":24085,"date":"2022-11-28T14:58:46","date_gmt":"2022-11-28T14:58:46","guid":{"rendered":"https:\/\/www.meler.eu\/tecnologia-foam\/"},"modified":"2025-01-27T15:29:33","modified_gmt":"2025-01-27T15:29:33","slug":"foam-technologie","status":"publish","type":"page","link":"https:\/\/www.meler.cn\/de\/dienstleistungen\/foam-technologie\/","title":{"rendered":"Foam-Technologie"},"content":{"rendered":"<p>[vc_row bg_image_position=&#8220;0 100%&#8220; row_vertical_align=&#8220;valign-middle&#8220; el_class=&#8220;reverse-column-mobile&#8220;][vc_column row_spacing_h=&#8220;left-spacing&#8220; width=&#8220;1\/1&#8243;][text]<\/p>\n<h2 class=\"txt-center style-01\"><strong>Die Magie des Mehrwerts<br \/>\nauf die einfachste Weise<\/strong><\/h2>\n<p>[\/text][\/vc_column][\/vc_row][vc_row row_vertical_align=&#8220;valign-middle&#8220; el_class=&#8220;reverse-column-mobile&#8220;][vc_column width=&#8220;1\/2&#8243;][single_image image=&#8220;34436&#8243;][\/vc_column][vc_column row_spacing_h=&#8220;left-spacing&#8220; width=&#8220;1\/2&#8243;][text]<\/p>\n<p class=\"summary\">Schaumstoff auf die einfache Art<\/p>\n<p>Die Entwicklung der Foam-Technologie von Meler basiert auf der Verpflichtung, L\u00f6sungen nach Kriterien der Nachhaltigkeit und Ressourcenoptimierung zu entwickeln und herzustellen. Diese Pr\u00e4missen machen diese Technologie zum einfachsten Anwendungssystem auf dem Markt in Bezug auf Anwendung und Wartung.[\/text][\/vc_column][\/vc_row][vc_row row_vertical_align=&#8220;valign-middle&#8220; el_class=&#8220;reverse-column-mobile&#8220;][vc_column row_spacing_h=&#8220;left-spacing&#8220; width=&#8220;1\/2&#8243;][text]<\/p>\n<p class=\"summary\">Mehr erreichen und weniger brauchen<\/p>\n<p>Die Foam-Technologie von Meler verspricht eine Reduzierung des Klebstoffverbrauchs um bis zu 50 % und bietet eine optimierte Leistung bei hoher Schaumqualit\u00e4t sowie eine erhebliche Verbesserung der Energieeffizienz.[\/text][\/vc_column][vc_column width=&#8220;1\/2&#8243;][single_image image=&#8220;16503&#8243;][\/vc_column][\/vc_row][vc_row bg_image_position=&#8220;0 100%&#8220; row_vertical_align=&#8220;valign-middle&#8220; el_class=&#8220;reverse-column-mobile&#8220;][vc_column row_spacing_h=&#8220;left-spacing&#8220; width=&#8220;1\/1&#8243;][text]<\/p>\n<h2 class=\"txt-center style-01\">Technische Spezifikationen<\/h2>\n<p>[\/text][\/vc_column][\/vc_row][vc_row bg_image_position=&#8220;50% 0&#8243;][vc_column width=&#8220;1\/1&#8243;][ttdirectory_products carousel_columns=&#8220;4&#8243; style=&#8220;1&#8243; position=&#8220;position_center&#8220;][ttdirectory_product_manual title=&#8220;Pumpe&#8220; tt_product_grid_hover=&#8220;Die Pumpe muss mit einer Geschwindigkeit von mehr als 15-20 Umdrehungen pro Minute rotieren, um eine gute Durchmischung der Komponenten zu gew\u00e4hrleisten.&#8220; tt_product_grid_img=&#8220;34640&#8243;][ttdirectory_product_manual title=&#8220;Druck&#8220; tt_product_grid_hover=&#8220;Der Gasdruck sollte so hoch wie m\u00f6glich sein, damit die Blasen besser in den Klebstoff eingemischt werden.&#8220; tt_product_grid_img=&#8220;34686&#8243;][ttdirectory_product_manual title=&#8220;Dualer Modus&#8220; tt_product_grid_hover=&#8220;Dualer Modus: M\u00f6glichkeit, mit Druck oder Drehzahl zu arbeiten.&#8220; tt_product_grid_img=&#8220;34645&#8243;][\/ttdirectory_products][\/vc_column][\/vc_row][vc_row bg_image_position=&#8220;0 100%&#8220; row_vertical_align=&#8220;valign-middle&#8220; el_class=&#8220;reverse-column-mobile&#8220;][vc_column row_spacing_h=&#8220;left-spacing&#8220; width=&#8220;1\/1&#8243;][text]<\/p>\n<h2 class=\"txt-center style-01\">Was sind die Anwendungsbereiche von Schaumstoff?<\/h2>\n<p>[\/text][\/vc_column][\/vc_row][vc_row row_spacing=&#8220;top-spacing bottom-spacing&#8220; row_slide=&#8220;yes&#8220; el_class=&#8220;bg-line&#8220;][vc_column width=&#8220;1\/1&#8243;][vc_row_inner el_class=&#8220;reverse-column-mobile&#8220;][vc_column_inner width=&#8220;1\/2&#8243;][single_image image=&#8220;16498&#8243;][\/vc_column_inner][vc_column_inner width=&#8220;1\/2&#8243; row_spacing_h=&#8220;left-spacing&#8220;][text]<\/p>\n<h2 class=\"style-02\">Automobilindustrie<\/h2>\n<p>Die Schaumstofftechnologie findet sich in Roboterfertigungsstra\u00dfen f\u00fcr die Montage verschiedener Fahrzeugkomponenten wie T\u00fcrverkleidungen oder Armaturenbretter.[\/text][\/vc_column_inner][\/vc_row_inner][vc_row_inner el_class=&#8220;reverse-column-mobile&#8220;][vc_column_inner width=&#8220;1\/2&#8243;][single_image image=&#8220;16508&#8243;][\/vc_column_inner][vc_column_inner width=&#8220;1\/2&#8243; row_spacing_h=&#8220;left-spacing&#8220;][text]<\/p>\n<h2 class=\"style-02\">Wei\u00dfe Linie<\/h2>\n<p>Das Auftragen von Schaumstoff ist einer der wichtigsten Produktionsprozesse in den Fertigungsstra\u00dfen f\u00fcr Haushaltsger\u00e4te auf der ganzen Welt.[\/text][\/vc_column_inner][\/vc_row_inner][vc_row_inner el_class=&#8220;reverse-column-mobile&#8220;][vc_column_inner width=&#8220;1\/2&#8243;][single_image image=&#8220;34447&#8243;][\/vc_column_inner][vc_column_inner width=&#8220;1\/2&#8243; row_spacing_h=&#8220;left-spacing&#8220;][text]<\/p>\n<h2 class=\"style-02\">Filter<\/h2>\n<p>Die Verwendung von Schaumstofffiltern in Filtern ist sehr verbreitet, wobei das Hauptziel die Verwendung von Klebstoff bei der Herstellung des Filters ist.[\/text][\/vc_column_inner][\/vc_row_inner][vc_row_inner el_class=&#8220;reverse-column-mobile&#8220;][vc_column_inner width=&#8220;1\/2&#8243;][single_image image=&#8220;34460&#8243;][\/vc_column_inner][vc_column_inner width=&#8220;1\/2&#8243; row_spacing_h=&#8220;left-spacing&#8220;][text]<\/p>\n<h2 class=\"style-02\">Matratzen<\/h2>\n<p>Das innovative System von Meler bietet eine pr\u00e4zise Kontrolle \u00fcber den Schaumauftrag in der Matratzenindustrie und reduziert gleichzeitig den Einsatz von Klebstoff in den verschiedenen Schichten der Matratze.[\/text][\/vc_column_inner][\/vc_row_inner][vc_row_inner el_class=&#8220;reverse-column-mobile&#8220;][vc_column_inner width=&#8220;1\/2&#8243;][single_image image=&#8220;34472&#8243;][\/vc_column_inner][vc_column_inner width=&#8220;1\/2&#8243; row_spacing_h=&#8220;left-spacing&#8220;][text]<\/p>\n<h2 class=\"style-02\">Verpackung<\/h2>\n<p>Schaumstoff in der Verpackungsindustrie bietet eine pr\u00e4zise Anbringung auf Dosen, Kunststoffflaschen und landwirtschaftlichen Kisten, wodurch zus\u00e4tzliche Umwicklungen vermieden und die Menge des verwendeten Klebstoffs reduziert werden kann.[\/text][\/vc_column_inner][\/vc_row_inner][\/vc_column][\/vc_row][vc_row row_layout=&#8220;full&#8220; bg_image_position=&#8220;50% 0&#8243; row_spacing=&#8220;spacing-v-none&#8220;][vc_column width=&#8220;1\/1&#8243;][CtaModule cta_item=&#8220;34780&#8243;][\/vc_column][\/vc_row][vc_row row_bg_color=&#8220;bg-04&#8243; row_spacing=&#8220;top-spacing bottom-spacing&#8220;][vc_column width=&#8220;1\/1&#8243;][text]<\/p>\n<h2 class=\"txt-center\">PRODUKTIVIT\u00c4TSVORTEILE VON SCHAUMSTOFF<\/h2>\n<p>[\/text][ttdirectory_icons carousel_columns=&#8220;3&#8243;][ttdirectory_icon title=&#8220;Verringerung des Klebstoffverbrauchs&#8220; image=&#8220;16553&#8243;][\/ttdirectory_icon][ttdirectory_icon title=&#8220;H\u00f6chste Schaumstoffqualit\u00e4t&#8220; image=&#8220;16558&#8243;][\/ttdirectory_icon][ttdirectory_icon title=&#8220;Erh\u00f6hung des Volumens&#8220; image=&#8220;16543&#8243;][\/ttdirectory_icon][ttdirectory_icon title=&#8220;Geschwindigkeit der Einstellung&#8220; image=&#8220;34075&#8243;][\/ttdirectory_icon][ttdirectory_icon title=&#8220;Vertikale Anwendung&#8220; image=&#8220;16568&#8243;][\/ttdirectory_icon][ttdirectory_icon title=&#8220;PUR-Klebstoffe&#8220; image=&#8220;14050&#8243;][\/ttdirectory_icon][\/ttdirectory_icons][\/vc_column][\/vc_row][vc_row row_layout=&#8220;full&#8220; row_spacing=&#8220;top-spacing bottom-spacing-0&#8243;][vc_column width=&#8220;1\/1&#8243;][ttdirectory_gallery carousel_columns=&#8220;4&#8243; gallery_type=&#8220;style-01&#8243; gallery_carousel=&#8220;slide&#8220;][single_image image=&#8220;16518&#8243;][single_image image=&#8220;16523&#8243;][single_image image=&#8220;16528&#8243;][single_image image=&#8220;16533&#8243;][\/ttdirectory_gallery][\/vc_column][\/vc_row][vc_row row_bg_color=&#8220;bg-04&#8243; row_spacing=&#8220;top-spacing bottom-spacing&#8220; el_class=&#8220;prueba&#8220;][vc_column width=&#8220;1\/1&#8243;][text]<\/p>\n<h2 class=\"txt-center style-0\">Unsere Spezialausr\u00fcstung<br \/>\nf\u00fcr Schaumstoffklebstoffe<\/h2>\n<p>[\/text][vc_tta_tabs alignment=&#8220;center&#8220; active_section=&#8220;1&#8243;][vc_tta_section title=&#8220;Schmelzger\u00e4te&#8220; tab_id=&#8220;1669110706745-fc45a3eb-9b01&#8243;][ttdirectory_products carousel_columns=&#8220;4&#8243; style=&#8220;1&#8243;][ttdirectory_product_melters post_melter=&#8220;14850&#8243;][ttdirectory_product_melters post_melter=&#8220;14851&#8243;][ttdirectory_product_melters post_melter=&#8220;14852&#8243;][ttdirectory_product_melters post_melter=&#8220;14853&#8243;][\/ttdirectory_products][\/vc_tta_section][vc_tta_section title=&#8220;Applikatoren&#8220; tab_id=&#8220;1669111097506-b85f473d-ec34&#8243;][ttdirectory_products carousel_columns=&#8220;4&#8243; style=&#8220;1&#8243;][ttdirectory_product_applicators post_applicator=&#8220;15431&#8243;][ttdirectory_product_applicators post_applicator=&#8220;15435&#8243;][ttdirectory_product_applicators post_applicator=&#8220;15438&#8243;][\/ttdirectory_products][\/vc_tta_section][vc_tta_section title=&#8220;Arion Elektroschl\u00e4uche&#8220; tab_id=&#8220;1669648013919-2ea024b1-25b8&#8243;][ttdirectory_products carousel_columns=&#8220;4&#8243; style=&#8220;1&#8243;][ttdirectory_product_hoses post_hoses=&#8220;33919&#8243;][\/ttdirectory_products][\/vc_tta_section][\/vc_tta_tabs][\/vc_column][\/vc_row][vc_row][vc_column width=&#8220;1\/1&#8243;][video_youtube video_image=&#8220;28952&#8243; video_url=&#8220;https:\/\/www.youtube.com\/watch?v=b9665EmgHJ0&#8243;][\/vc_column][\/vc_row][vc_row row_layout=&#8220;full&#8220; bg_image_position=&#8220;50% 0&#8243; row_spacing=&#8220;spacing-v-none&#8220;][vc_column width=&#8220;1\/1&#8243;][CtaModule cta_item=&#8220;21648&#8243;][\/vc_column][\/vc_row][vc_row row_layout=&#8220;full&#8220; bg_image_position=&#8220;50% 0&#8243; row_spacing=&#8220;spacing-v-none&#8220;][vc_column width=&#8220;1\/1&#8243;][CtaModule cta_item=&#8220;21644&#8243;][\/vc_column][\/vc_row]<\/p>\n","protected":false},"excerpt":{"rendered":"<p>[vc_row bg_image_position=&#8220;0 100%&#8220; row_vertical_align=&#8220;valign-middle&#8220; el_class=&#8220;reverse-column-mobile&#8220;][vc_column row_spacing_h=&#8220;left-spacing&#8220; width=&#8220;1\/1&#8243;][text] Die Magie des Mehrwerts auf die einfachste Weise [\/text][\/vc_column][\/vc_row][vc_row row_vertical_align=&#8220;valign-middle&#8220; el_class=&#8220;reverse-column-mobile&#8220;][vc_column width=&#8220;1\/2&#8243;][single_image image=&#8220;34436&#8243;][\/vc_column][vc_column row_spacing_h=&#8220;left-spacing&#8220; width=&#8220;1\/2&#8243;][text] Schaumstoff auf die einfache Art Die Entwicklung der Foam-Technologie von Meler basiert auf der Verpflichtung, L\u00f6sungen nach Kriterien der Nachhaltigkeit und Ressourcenoptimierung zu entwickeln und herzustellen. Diese Pr\u00e4missen machen diese Technologie zum einfachsten [&hellip;]<\/p>\n","protected":false},"author":2,"featured_media":16496,"parent":26017,"menu_order":100,"comment_status":"closed","ping_status":"closed","template":"","meta":[],"yoast_head":"<!-- This site is optimized with the Yoast SEO plugin v20.3 - https:\/\/yoast.com\/wordpress\/plugins\/seo\/ -->\n<title>Foam-Technologie<\/title>\n<meta name=\"description\" content=\"Wir engagieren uns f\u00fcr die Entwicklung und Herstellung langlebiger L\u00f6sungen unter Ber\u00fccksichtigung von Kriterien der Nachhaltigkeit und der Optimierung von Ressourcen.\" \/>\n<meta name=\"robots\" content=\"index, follow, max-snippet:-1, max-image-preview:large, max-video-preview:-1\" \/>\n<link rel=\"canonical\" href=\"https:\/\/www.meler.cn\/de\/dienstleistungen\/foam-technologie\/\" \/>\n<meta property=\"og:locale\" content=\"de_DE\" \/>\n<meta property=\"og:type\" content=\"article\" \/>\n<meta property=\"og:title\" content=\"Foam-Technologie\" \/>\n<meta property=\"og:description\" content=\"Wir engagieren uns f\u00fcr die Entwicklung und Herstellung langlebiger L\u00f6sungen unter Ber\u00fccksichtigung von Kriterien der Nachhaltigkeit und der Optimierung von Ressourcen.\" \/>\n<meta property=\"og:url\" content=\"https:\/\/www.meler.cn\/de\/dienstleistungen\/foam-technologie\/\" \/>\n<meta property=\"og:site_name\" content=\"Meler\" \/>\n<meta property=\"article:modified_time\" content=\"2025-01-27T15:29:33+00:00\" \/>\n<meta property=\"og:image\" content=\"https:\/\/20097.ttandemdigital.com\/media\/header-servicios-tec-foam-meler.png\" \/>\n\t<meta property=\"og:image:width\" content=\"1920\" \/>\n\t<meta property=\"og:image:height\" content=\"780\" \/>\n\t<meta property=\"og:image:type\" content=\"image\/png\" \/>\n<meta name=\"twitter:card\" content=\"summary_large_image\" \/>\n<meta name=\"twitter:label1\" content=\"Gesch\u00e4tzte Lesezeit\" \/>\n\t<meta name=\"twitter:data1\" content=\"2 Minuten\" \/>\n<script type=\"application\/ld+json\" class=\"yoast-schema-graph\">{\"@context\":\"https:\/\/schema.org\",\"@graph\":[{\"@type\":\"WebPage\",\"@id\":\"https:\/\/www.meler.cn\/de\/dienstleistungen\/foam-technologie\/\",\"url\":\"https:\/\/www.meler.cn\/de\/dienstleistungen\/foam-technologie\/\",\"name\":\"Foam-Technologie\",\"isPartOf\":{\"@id\":\"https:\/\/www.meler.cn\/de\/#website\"},\"datePublished\":\"2022-11-28T14:58:46+00:00\",\"dateModified\":\"2025-01-27T15:29:33+00:00\",\"description\":\"Wir engagieren uns f\u00fcr die Entwicklung und Herstellung langlebiger L\u00f6sungen unter Ber\u00fccksichtigung von Kriterien der Nachhaltigkeit und der Optimierung von Ressourcen.\",\"breadcrumb\":{\"@id\":\"https:\/\/www.meler.cn\/de\/dienstleistungen\/foam-technologie\/#breadcrumb\"},\"inLanguage\":\"de-DE\",\"potentialAction\":[{\"@type\":\"ReadAction\",\"target\":[\"https:\/\/www.meler.cn\/de\/dienstleistungen\/foam-technologie\/\"]}]},{\"@type\":\"BreadcrumbList\",\"@id\":\"https:\/\/www.meler.cn\/de\/dienstleistungen\/foam-technologie\/#breadcrumb\",\"itemListElement\":[{\"@type\":\"ListItem\",\"position\":1,\"name\":\"Portada\",\"item\":\"https:\/\/www.meler.cn\/de\/\"},{\"@type\":\"ListItem\",\"position\":2,\"name\":\"Dienstleistungen\",\"item\":\"https:\/\/20097.ttandemdigital.com\/de\/dienstleistungen\/\"},{\"@type\":\"ListItem\",\"position\":3,\"name\":\"Foam-Technologie\"}]},{\"@type\":\"WebSite\",\"@id\":\"https:\/\/www.meler.cn\/de\/#website\",\"url\":\"https:\/\/www.meler.cn\/de\/\",\"name\":\"Meler\",\"description\":\"Just another WordPress site\",\"potentialAction\":[{\"@type\":\"SearchAction\",\"target\":{\"@type\":\"EntryPoint\",\"urlTemplate\":\"https:\/\/www.meler.cn\/de\/?s={search_term_string}\"},\"query-input\":\"required name=search_term_string\"}],\"inLanguage\":\"de-DE\"}]}<\/script>\n<!-- \/ Yoast SEO plugin. -->","yoast_head_json":{"title":"Foam-Technologie","description":"Wir engagieren uns f\u00fcr die Entwicklung und Herstellung langlebiger L\u00f6sungen unter Ber\u00fccksichtigung von Kriterien der Nachhaltigkeit und der Optimierung von Ressourcen.","robots":{"index":"index","follow":"follow","max-snippet":"max-snippet:-1","max-image-preview":"max-image-preview:large","max-video-preview":"max-video-preview:-1"},"canonical":"https:\/\/www.meler.cn\/de\/dienstleistungen\/foam-technologie\/","og_locale":"de_DE","og_type":"article","og_title":"Foam-Technologie","og_description":"Wir engagieren uns f\u00fcr die Entwicklung und Herstellung langlebiger L\u00f6sungen unter Ber\u00fccksichtigung von Kriterien der Nachhaltigkeit und der Optimierung von Ressourcen.","og_url":"https:\/\/www.meler.cn\/de\/dienstleistungen\/foam-technologie\/","og_site_name":"Meler","article_modified_time":"2025-01-27T15:29:33+00:00","og_image":[{"width":1920,"height":780,"url":"https:\/\/20097.ttandemdigital.com\/media\/header-servicios-tec-foam-meler.png","type":"image\/png"}],"twitter_card":"summary_large_image","twitter_misc":{"Gesch\u00e4tzte Lesezeit":"2 Minuten"},"schema":{"@context":"https:\/\/schema.org","@graph":[{"@type":"WebPage","@id":"https:\/\/www.meler.cn\/de\/dienstleistungen\/foam-technologie\/","url":"https:\/\/www.meler.cn\/de\/dienstleistungen\/foam-technologie\/","name":"Foam-Technologie","isPartOf":{"@id":"https:\/\/www.meler.cn\/de\/#website"},"datePublished":"2022-11-28T14:58:46+00:00","dateModified":"2025-01-27T15:29:33+00:00","description":"Wir engagieren uns f\u00fcr die Entwicklung und Herstellung langlebiger L\u00f6sungen unter Ber\u00fccksichtigung von Kriterien der Nachhaltigkeit und der Optimierung von Ressourcen.","breadcrumb":{"@id":"https:\/\/www.meler.cn\/de\/dienstleistungen\/foam-technologie\/#breadcrumb"},"inLanguage":"de-DE","potentialAction":[{"@type":"ReadAction","target":["https:\/\/www.meler.cn\/de\/dienstleistungen\/foam-technologie\/"]}]},{"@type":"BreadcrumbList","@id":"https:\/\/www.meler.cn\/de\/dienstleistungen\/foam-technologie\/#breadcrumb","itemListElement":[{"@type":"ListItem","position":1,"name":"Portada","item":"https:\/\/www.meler.cn\/de\/"},{"@type":"ListItem","position":2,"name":"Dienstleistungen","item":"https:\/\/20097.ttandemdigital.com\/de\/dienstleistungen\/"},{"@type":"ListItem","position":3,"name":"Foam-Technologie"}]},{"@type":"WebSite","@id":"https:\/\/www.meler.cn\/de\/#website","url":"https:\/\/www.meler.cn\/de\/","name":"Meler","description":"Just another WordPress site","potentialAction":[{"@type":"SearchAction","target":{"@type":"EntryPoint","urlTemplate":"https:\/\/www.meler.cn\/de\/?s={search_term_string}"},"query-input":"required name=search_term_string"}],"inLanguage":"de-DE"}]}},"_links":{"self":[{"href":"https:\/\/www.meler.cn\/de\/wp-json\/wp\/v2\/pages\/24085"}],"collection":[{"href":"https:\/\/www.meler.cn\/de\/wp-json\/wp\/v2\/pages"}],"about":[{"href":"https:\/\/www.meler.cn\/de\/wp-json\/wp\/v2\/types\/page"}],"author":[{"embeddable":true,"href":"https:\/\/www.meler.cn\/de\/wp-json\/wp\/v2\/users\/2"}],"replies":[{"embeddable":true,"href":"https:\/\/www.meler.cn\/de\/wp-json\/wp\/v2\/comments?post=24085"}],"version-history":[{"count":38,"href":"https:\/\/www.meler.cn\/de\/wp-json\/wp\/v2\/pages\/24085\/revisions"}],"predecessor-version":[{"id":34793,"href":"https:\/\/www.meler.cn\/de\/wp-json\/wp\/v2\/pages\/24085\/revisions\/34793"}],"up":[{"embeddable":true,"href":"https:\/\/www.meler.cn\/de\/wp-json\/wp\/v2\/pages\/26017"}],"wp:featuredmedia":[{"embeddable":true,"href":"https:\/\/www.meler.cn\/de\/wp-json\/wp\/v2\/media\/16496"}],"wp:attachment":[{"href":"https:\/\/www.meler.cn\/de\/wp-json\/wp\/v2\/media?parent=24085"}],"curies":[{"name":"wp","href":"https:\/\/api.w.org\/{rel}","templated":true}]}}