




















{"id":24076,"date":"2023-02-01T15:44:24","date_gmt":"2023-02-01T15:44:24","guid":{"rendered":"https:\/\/www.meler.eu\/meler-academy\/adhesivos-hot-melt\/"},"modified":"2025-01-30T10:15:26","modified_gmt":"2025-01-30T10:15:26","slug":"schmelzkleber","status":"publish","type":"page","link":"https:\/\/www.meler.cn\/de\/dienstleistungen\/meler-academy\/schmelzkleber\/","title":{"rendered":"Schmelzkleber"},"content":{"rendered":"<p>[vc_row][vc_column width=&#8220;1\/1&#8243;][text]<\/p>\n<h2 class=\"txt-center style-01 txt-width\"><strong>SPEZIALISTEN F\u00dcR HOTMELT-ANWENDUNGEN<\/strong><\/h2>\n<p class=\"txt-width txt-center\">Wir stellen industrielle Ger\u00e4te zum Auftragen von thermoplastischen Klebstoffen (EVA, PSA, PA, PO) und thermostabilen Klebstoffen (PUR, POR) her.<\/p>\n<p>[\/text][\/vc_column][\/vc_row][vc_row][vc_column width=&#8220;1\/1&#8243;][ttdirectory_icons carousel_columns=&#8220;4&#8243;][ttdirectory_icon title=&#8220;Sequentielle Erw\u00e4rmung&#8220; image=&#8220;33766&#8243;][\/ttdirectory_icon][ttdirectory_icon title=&#8220;Thermische Homogenit\u00e4t&#8220; image=&#8220;33760&#8243;][\/ttdirectory_icon][ttdirectory_icon title=&#8220;Effizientes Schmelzen&#8220; image=&#8220;33771&#8243;][\/ttdirectory_icon][ttdirectory_icon title=&#8220;Melt-on-Demand-Technologie&#8220; image=&#8220;33776&#8243;][\/ttdirectory_icon][\/ttdirectory_icons][\/vc_column][\/vc_row][vc_row row_vertical_align=&#8220;valign-middle&#8220; el_class=&#8220;bg-line-start reverse-column-mobile&#8220;][vc_column width=&#8220;1\/2&#8243;][text]<\/p>\n<h2 class=\"summary\">PRODUKTIONSVORTEILE DER SCHMELZKLEBSTOFFE<\/h2>\n<ul class=\"style-03\">\n<li><strong>Hohe Leistung:\u00a0<\/strong>Hohe mechanische Widerstandsf\u00e4higkeit, Toleranz gegen chemische Aggressionen, extreme Temperaturen, usw.<\/li>\n<li><strong>Produktivit\u00e4t:\u00a0<\/strong>Sofortige Verklebung, kein Trocknen oder Aush\u00e4rten, was die Produktionszeiten beschleunigt.<\/li>\n<li><strong>Sehr vielseitig:\u00a0<\/strong>Sie funktionieren auf por\u00f6sen Oberfl\u00e4chen und k\u00f6nnen wiederverwendet werden.<\/li>\n<li><strong>Einfache Logistik:\u00a0<\/strong>Unkomplizierte Handhabung, Lagerung und Transport.<\/li>\n<\/ul>\n<p>[\/text][\/vc_column][vc_column width=&#8220;1\/2&#8243;][single_image image=&#8220;20159&#8243;][\/vc_column][\/vc_row][vc_row row_vertical_align=&#8220;valign-middle&#8220; el_class=&#8220;bg-line-end&#8220;][vc_column width=&#8220;1\/2&#8243;][single_image image=&#8220;20164&#8243; image_spacing=&#8220;top-spacing-med bottom-spacing-0&#8243;][\/vc_column][vc_column row_spacing_h=&#8220;left-spacing&#8220; width=&#8220;1\/2&#8243;][text]<\/p>\n<p class=\"summary\">F\u00dcR DIE JEWEILIGE ANWENDUNG GEEIGNETE KLEBSTOFFE<\/p>\n<p>Die<strong>\u00a0Verarbeitungszeit, Abbindezeit, Viskosit\u00e4t und Arbeitstemperatur<\/strong>\u00a0sind die Variablen, die den Typ des f\u00fcr die jeweilige Anwendung zu verwendenden Klebstoffs bestimmen.[\/text][\/vc_column][\/vc_row][vc_row][vc_column width=&#8220;1\/1&#8243;][text]<\/p>\n<h2 class=\"txt-center style-0\"><strong>ARTEN VON KLEBSTOFFEN<\/strong> Hot Melt<\/h2>\n<p>[\/text][vc_tta_tabs][vc_tta_section title=&#8220;THERMOPLASTISCHE KLEBSTOFFE&#8220; tab_id=&#8220;1718974421338-83364390-d381&#8243;][vc_row_inner row_spacing=&#8220;bottom-spacing-med top-spacing-0&#8243;][vc_column_inner][text]<\/p>\n<h2 class=\"style-05\">THERMOPLASTISCHE KLEBSTOFFE<\/h2>\n<p>Das sind Polymere mit hohem Molekulargewicht, die bei hohen Temperaturen verformbar werden und beim Abk\u00fchlen aush\u00e4rten. Sie k\u00f6nnen durch W\u00e4rmeeinwirkung wieder geschmolzen werden, wobei sich jedoch die physikalischen Bindungseigenschaften abschw\u00e4chen (W\u00e4rmegeschichte). Im Folgenden sind die Klebstoffe basierend auf den jeweiligen Polymergruppen aufgef\u00fchrt.[\/text][\/vc_column_inner][\/vc_row_inner][vc_row_inner][vc_column_inner width=&#8220;1\/2&#8243;][text]<\/p>\n<ul class=\"style-03\">\n<li><strong>EVA (Ethylenvinylacetat):\u00a0<\/strong>Eins der am h\u00e4ufigsten verwendeten Basispolymere in der Formulierung von Klebstoffen. Ist leicht zu verarbeiten und sehr flexibel, auch bei niedrigen Temperaturen. Wird haupts\u00e4chlich in Bereichen wie Verpackung und Produktmontage verwendet. Nicht f\u00fcr den Au\u00dfenbereich geeignet.<\/li>\n<li><strong>Melatolocene:\u00a0<\/strong>Klebstoffe mit geringen VOC-Emissionen und hoher thermischer Stabilit\u00e4t. Wie EVA sind sie leicht zu verarbeiten. Sie werden meist verwendet, um besondere Klebeleistungen zu erzielen.<\/li>\n<li><strong>Haftkleber (PSA):\u00a0<\/strong>Hohe Klebekraft auch bei Temperaturschwankungen. Typischer Einsatz in Haftklebeanwendungen.<\/li>\n<\/ul>\n<p>[\/text][\/vc_column_inner][vc_column_inner width=&#8220;1\/2&#8243;][text]<\/p>\n<ul class=\"style-03\">\n<li><strong>Polyamid (PA):\u00a0<\/strong>Sehr gute chemische Best\u00e4ndigkeit; sehr hohe Verarbeitungstemperatur (160 bis 200 \u00b0C). Geeignet zum Verkleben von Substraten wie Metall, Holz, Textilien oder zur elektrischen Isolierung.<\/li>\n<li><strong>Polyolefin (APO\/APAO):\u00a0<\/strong>Sind zwar nicht f\u00fcr die Verwendung im Freien geeignet, bieten aber eine h\u00f6here W\u00e4rmebest\u00e4ndigkeit als EVA (Reaktivierungstemperatur 115 bis 130 \u00b0C) und eine l\u00e4ngere Verarbeitungszeit. Aufgrund ihrer komplexen Verarbeitung erfordern sie \u00e4hnliche Applikationssysteme wie reaktive Klebstoffe. Weit verbreitet zur Verklebung von Produkten.<\/li>\n<\/ul>\n<p>[\/text][\/vc_column_inner][\/vc_row_inner][vc_row_inner row_spacing=&#8220;top-spacing-min bottom-spacing-0&#8243;][vc_column_inner][single_image image=&#8220;30698&#8243; image_spacing=&#8220;bottom-spacing top-spacing-0&#8243;][\/vc_column_inner][\/vc_row_inner][\/vc_tta_section][vc_tta_section title=&#8220;THERMOSTABILE KLEBSTOFFE&#8220; tab_id=&#8220;1718974421400-2167b6b1-e418&#8243;][text]<\/p>\n<h2 class=\"style-05\">THERMOSTABILE KLEBSTOFFE<\/h2>\n<p>Das sind Klebstoffe, die ihre Klebekraft chemischen Polymerisationsreaktionen verdanken. Diese Reaktionen werden durch W\u00e4rme oder Katalysatoren wie Feuchtigkeit oder UV-Strahlen aktiviert. Sie werden f\u00fcr die Herstellung von Produkten verwendet, die eine hohe Temperatur- und Feuchtigkeitsbest\u00e4ndigkeit erfordern. Sie haben ein hohes Koh\u00e4sionsverm\u00f6gen, aber ihr Aush\u00e4rteprozess ist unumkehrbar.<\/p>\n<ul class=\"style-03\">\n<li><strong>Polyurethan (PUR):\u00a0<\/strong>Diese Klebstoffe besitzen eine hohe mechanische Festigkeit und sind sehr vielseitig. Sie zeichnen sich durch eine lange Verarbeitungszeit aus, was viele Produktionsprozesse erleichtert. Sie sind hitzebest\u00e4ndig und k\u00f6nnen sowohl in Innenbereichen als auch im Freien verwendet werden. Sie werden in der Kunststofftechnik, Automobilmontage, Holzverarbeitung, Buchbinderei, usw. eingesetzt.<\/li>\n<li><strong>Reaktive Polyolefine (POR):\u00a0<\/strong>Gute Haftung auf nicht por\u00f6sen Materialien wie nicht vorbehandeltem Propylen (PP).<\/li>\n<\/ul>\n<p>&nbsp;<\/p>\n<p><img decoding=\"async\" loading=\"lazy\" class=\"alignnone size-medium wp-image-31331\" src=\"https:\/\/www.meler.cn\/media\/adhesive-termoestable-meler-624x112.png\" alt=\"\" width=\"624\" height=\"112\" srcset=\"https:\/\/www.meler.cn\/media\/adhesive-termoestable-meler-624x112.png 624w, https:\/\/www.meler.cn\/media\/adhesive-termoestable-meler-768x138.png 768w, https:\/\/www.meler.cn\/media\/adhesive-termoestable-meler.png 1280w\" sizes=\"(max-width: 624px) 100vw, 624px\" \/>[\/text][\/vc_tta_section][\/vc_tta_tabs][\/vc_column][\/vc_row][vc_row row_layout=&#8220;full&#8220; row_spacing=&#8220;bottom-spacing-med top-spacing-0&#8243;][vc_column width=&#8220;1\/1&#8243;][CtaModule cta_item=&#8220;31342&#8243;][\/vc_column][\/vc_row][vc_row][vc_column width=&#8220;1\/1&#8243;][text]<\/p>\n<h2 class=\"txt-center\"><strong>Our equipment <\/strong>according to their presentation format[\/text][vc_tta_tabs][vc_tta_section title=&#8220;PELLETS&#8220; tab_id=&#8220;1724828119388-5ba5814a-319a&#8220;][ttdirectory_products carousel_columns=&#8220;4&#8243; style=&#8220;1&#8243;][ttdirectory_product_melters post_melter=&#8220;23781&#8243;][ttdirectory_product_melters post_melter=&#8220;22697&#8243;][ttdirectory_product_melters post_melter=&#8220;26129&#8243;][ttdirectory_product_melters post_melter=&#8220;23735&#8243;][ttdirectory_product_melters post_melter=&#8220;26644&#8243;][ttdirectory_product_melters post_melter=&#8220;27263&#8243;][ttdirectory_product_melters post_melter=&#8220;32439&#8243;][\/ttdirectory_products][\/vc_tta_section][vc_tta_section title=&#8220;2 KG BLOCKS&#8220; tab_id=&#8220;1718978448755-a4e67a79-af64&#8243;][ttdirectory_products carousel_columns=&#8220;4&#8243; style=&#8220;1&#8243;][ttdirectory_product_melters post_melter=&#8220;26104&#8243;][ttdirectory_product_melters post_melter=&#8220;26109&#8243;][ttdirectory_product_melters post_melter=&#8220;26114&#8243;][ttdirectory_product_melters post_melter=&#8220;27506&#8243;][\/ttdirectory_products][\/vc_tta_section][vc_tta_section title=&#8220;20 KG BLOCKS&#8220; tab_id=&#8220;1718978452170-295678bb-0fcd&#8220;][ttdirectory_products carousel_columns=&#8220;4&#8243; style=&#8220;1&#8243;][ttdirectory_product_melters post_melter=&#8220;24855&#8243;][ttdirectory_product_melters post_melter=&#8220;26119&#8243;][ttdirectory_product_melters post_melter=&#8220;26420&#8243;][ttdirectory_product_melters post_melter=&#8220;32649&#8243;][\/ttdirectory_products][\/vc_tta_section][vc_tta_section title=&#8220;200 KG BLOCKS&#8220; tab_id=&#8220;1718978448724-d4262936-622b&#8220;][ttdirectory_products carousel_columns=&#8220;4&#8243; style=&#8220;1&#8243;][ttdirectory_product_melters post_melter=&#8220;32439&#8243;][ttdirectory_product_melters post_melter=&#8220;24651&#8243;][\/ttdirectory_products][\/vc_tta_section][vc_tta_section title=&#8220;PUR REACTIVE ADHESIVES&#8220; tab_id=&#8220;1718978658156-222791b4-5a8f&#8220;][ttdirectory_products carousel_columns=&#8220;4&#8243; style=&#8220;1&#8243;][ttdirectory_product_melters post_melter=&#8220;26137&#8243;][ttdirectory_product_melters post_melter=&#8220;25229&#8243;][ttdirectory_product_melters post_melter=&#8220;32649&#8243;][ttdirectory_product_melters post_melter=&#8220;27263&#8243;][\/ttdirectory_products][\/vc_tta_section][vc_tta_section title=&#8220;FOAM&#8220; tab_id=&#8220;1724827794706-d1db8b3c-66ee&#8220;][ttdirectory_products carousel_columns=&#8220;4&#8243; style=&#8220;1&#8243;][ttdirectory_product_melters post_melter=&#8220;26686&#8243;][ttdirectory_product_melters post_melter=&#8220;26644&#8243;][ttdirectory_product_melters post_melter=&#8220;24855&#8243;][ttdirectory_product_melters post_melter=&#8220;27263&#8243;][\/ttdirectory_products][\/vc_tta_section][\/vc_tta_tabs][\/vc_column][\/vc_row][vc_row row_layout=&#8220;full&#8220; row_spacing=&#8220;top-spacing bottom-spacing&#8220; el_class=&#8220;bg-line-left&#8220;][vc_column width=&#8220;1\/1&#8243;][ttdirectory_newslist news_cat=&#8220;klebstoffe&#8220;]<\/h2>\n<h2 class=\"style-02\">Neuigkeiten<\/h2>\n<p>[\/ttdirectory_newslist][\/vc_column][\/vc_row][vc_row row_layout=&#8220;full&#8220; row_spacing=&#8220;top-spacing-min bottom-spacing-0&#8243;][vc_column width=&#8220;1\/1&#8243;][CtaModule cta_item=&#8220;21624&#8243;][\/vc_column][\/vc_row]<\/p>\n","protected":false},"excerpt":{"rendered":"<p>Expertenl\u00f6sungen f\u00fcr die Anwendung von Industrieklebstoffen<\/p>\n","protected":false},"author":1,"featured_media":20149,"parent":24068,"menu_order":84,"comment_status":"closed","ping_status":"closed","template":"","meta":[],"yoast_head":"<!-- This site is optimized with the Yoast SEO plugin v20.3 - https:\/\/yoast.com\/wordpress\/plugins\/seo\/ -->\n<title>Schmelzklebstoff-Auftragsservice - Meler<\/title>\n<meta name=\"description\" content=\"Wir bieten Ihnen die umfassendsten Informationen \u00fcber Schmelzklebstoffe. Was sind Schmelzklebstoffe? Wozu dient es?\" \/>\n<meta name=\"robots\" content=\"index, follow, max-snippet:-1, max-image-preview:large, max-video-preview:-1\" \/>\n<link rel=\"canonical\" href=\"https:\/\/www.meler.cn\/de\/dienstleistungen\/meler-academy\/schmelzkleber\/\" \/>\n<meta property=\"og:locale\" content=\"de_DE\" \/>\n<meta property=\"og:type\" content=\"article\" \/>\n<meta property=\"og:title\" content=\"Schmelzklebstoff-Auftragsservice - Meler\" \/>\n<meta property=\"og:description\" content=\"Wir bieten Ihnen die umfassendsten Informationen \u00fcber Schmelzklebstoffe. Was sind Schmelzklebstoffe? Wozu dient es?\" \/>\n<meta property=\"og:url\" content=\"https:\/\/www.meler.cn\/de\/dienstleistungen\/meler-academy\/schmelzkleber\/\" \/>\n<meta property=\"og:site_name\" content=\"Meler\" \/>\n<meta property=\"article:modified_time\" content=\"2025-01-30T10:15:26+00:00\" \/>\n<meta property=\"og:image\" content=\"https:\/\/20097.ttandemdigital.com\/media\/header-servicios-meler-suport-adhesivo-hot-melt-meler.png\" \/>\n\t<meta property=\"og:image:width\" content=\"1920\" \/>\n\t<meta property=\"og:image:height\" content=\"780\" \/>\n\t<meta property=\"og:image:type\" content=\"image\/png\" \/>\n<meta name=\"twitter:card\" content=\"summary_large_image\" \/>\n<meta name=\"twitter:label1\" content=\"Gesch\u00e4tzte Lesezeit\" \/>\n\t<meta name=\"twitter:data1\" content=\"3 Minuten\" \/>\n<script type=\"application\/ld+json\" class=\"yoast-schema-graph\">{\"@context\":\"https:\/\/schema.org\",\"@graph\":[{\"@type\":\"WebPage\",\"@id\":\"https:\/\/www.meler.cn\/de\/dienstleistungen\/meler-academy\/schmelzkleber\/\",\"url\":\"https:\/\/www.meler.cn\/de\/dienstleistungen\/meler-academy\/schmelzkleber\/\",\"name\":\"Schmelzklebstoff-Auftragsservice - Meler\",\"isPartOf\":{\"@id\":\"https:\/\/www.meler.cn\/de\/#website\"},\"datePublished\":\"2023-02-01T15:44:24+00:00\",\"dateModified\":\"2025-01-30T10:15:26+00:00\",\"description\":\"Wir bieten Ihnen die umfassendsten Informationen \u00fcber Schmelzklebstoffe. Was sind Schmelzklebstoffe? Wozu dient es?\",\"breadcrumb\":{\"@id\":\"https:\/\/www.meler.cn\/de\/dienstleistungen\/meler-academy\/schmelzkleber\/#breadcrumb\"},\"inLanguage\":\"de-DE\",\"potentialAction\":[{\"@type\":\"ReadAction\",\"target\":[\"https:\/\/www.meler.cn\/de\/dienstleistungen\/meler-academy\/schmelzkleber\/\"]}]},{\"@type\":\"BreadcrumbList\",\"@id\":\"https:\/\/www.meler.cn\/de\/dienstleistungen\/meler-academy\/schmelzkleber\/#breadcrumb\",\"itemListElement\":[{\"@type\":\"ListItem\",\"position\":1,\"name\":\"Portada\",\"item\":\"https:\/\/www.meler.cn\/de\/\"},{\"@type\":\"ListItem\",\"position\":2,\"name\":\"Dienstleistungen\",\"item\":\"https:\/\/20097.ttandemdigital.com\/de\/dienstleistungen\/\"},{\"@type\":\"ListItem\",\"position\":3,\"name\":\"Meler Academy\",\"item\":\"https:\/\/20097.ttandemdigital.com\/de\/dienstleistungen\/meler-academy\/\"},{\"@type\":\"ListItem\",\"position\":4,\"name\":\"Schmelzkleber\"}]},{\"@type\":\"WebSite\",\"@id\":\"https:\/\/www.meler.cn\/de\/#website\",\"url\":\"https:\/\/www.meler.cn\/de\/\",\"name\":\"Meler\",\"description\":\"Just another WordPress site\",\"potentialAction\":[{\"@type\":\"SearchAction\",\"target\":{\"@type\":\"EntryPoint\",\"urlTemplate\":\"https:\/\/www.meler.cn\/de\/?s={search_term_string}\"},\"query-input\":\"required name=search_term_string\"}],\"inLanguage\":\"de-DE\"}]}<\/script>\n<!-- \/ Yoast SEO plugin. -->","yoast_head_json":{"title":"Schmelzklebstoff-Auftragsservice - Meler","description":"Wir bieten Ihnen die umfassendsten Informationen \u00fcber Schmelzklebstoffe. Was sind Schmelzklebstoffe? Wozu dient es?","robots":{"index":"index","follow":"follow","max-snippet":"max-snippet:-1","max-image-preview":"max-image-preview:large","max-video-preview":"max-video-preview:-1"},"canonical":"https:\/\/www.meler.cn\/de\/dienstleistungen\/meler-academy\/schmelzkleber\/","og_locale":"de_DE","og_type":"article","og_title":"Schmelzklebstoff-Auftragsservice - Meler","og_description":"Wir bieten Ihnen die umfassendsten Informationen \u00fcber Schmelzklebstoffe. Was sind Schmelzklebstoffe? Wozu dient es?","og_url":"https:\/\/www.meler.cn\/de\/dienstleistungen\/meler-academy\/schmelzkleber\/","og_site_name":"Meler","article_modified_time":"2025-01-30T10:15:26+00:00","og_image":[{"width":1920,"height":780,"url":"https:\/\/20097.ttandemdigital.com\/media\/header-servicios-meler-suport-adhesivo-hot-melt-meler.png","type":"image\/png"}],"twitter_card":"summary_large_image","twitter_misc":{"Gesch\u00e4tzte Lesezeit":"3 Minuten"},"schema":{"@context":"https:\/\/schema.org","@graph":[{"@type":"WebPage","@id":"https:\/\/www.meler.cn\/de\/dienstleistungen\/meler-academy\/schmelzkleber\/","url":"https:\/\/www.meler.cn\/de\/dienstleistungen\/meler-academy\/schmelzkleber\/","name":"Schmelzklebstoff-Auftragsservice - Meler","isPartOf":{"@id":"https:\/\/www.meler.cn\/de\/#website"},"datePublished":"2023-02-01T15:44:24+00:00","dateModified":"2025-01-30T10:15:26+00:00","description":"Wir bieten Ihnen die umfassendsten Informationen \u00fcber Schmelzklebstoffe. Was sind Schmelzklebstoffe? Wozu dient es?","breadcrumb":{"@id":"https:\/\/www.meler.cn\/de\/dienstleistungen\/meler-academy\/schmelzkleber\/#breadcrumb"},"inLanguage":"de-DE","potentialAction":[{"@type":"ReadAction","target":["https:\/\/www.meler.cn\/de\/dienstleistungen\/meler-academy\/schmelzkleber\/"]}]},{"@type":"BreadcrumbList","@id":"https:\/\/www.meler.cn\/de\/dienstleistungen\/meler-academy\/schmelzkleber\/#breadcrumb","itemListElement":[{"@type":"ListItem","position":1,"name":"Portada","item":"https:\/\/www.meler.cn\/de\/"},{"@type":"ListItem","position":2,"name":"Dienstleistungen","item":"https:\/\/20097.ttandemdigital.com\/de\/dienstleistungen\/"},{"@type":"ListItem","position":3,"name":"Meler Academy","item":"https:\/\/20097.ttandemdigital.com\/de\/dienstleistungen\/meler-academy\/"},{"@type":"ListItem","position":4,"name":"Schmelzkleber"}]},{"@type":"WebSite","@id":"https:\/\/www.meler.cn\/de\/#website","url":"https:\/\/www.meler.cn\/de\/","name":"Meler","description":"Just another WordPress site","potentialAction":[{"@type":"SearchAction","target":{"@type":"EntryPoint","urlTemplate":"https:\/\/www.meler.cn\/de\/?s={search_term_string}"},"query-input":"required name=search_term_string"}],"inLanguage":"de-DE"}]}},"_links":{"self":[{"href":"https:\/\/www.meler.cn\/de\/wp-json\/wp\/v2\/pages\/24076"}],"collection":[{"href":"https:\/\/www.meler.cn\/de\/wp-json\/wp\/v2\/pages"}],"about":[{"href":"https:\/\/www.meler.cn\/de\/wp-json\/wp\/v2\/types\/page"}],"author":[{"embeddable":true,"href":"https:\/\/www.meler.cn\/de\/wp-json\/wp\/v2\/users\/1"}],"replies":[{"embeddable":true,"href":"https:\/\/www.meler.cn\/de\/wp-json\/wp\/v2\/comments?post=24076"}],"version-history":[{"count":31,"href":"https:\/\/www.meler.cn\/de\/wp-json\/wp\/v2\/pages\/24076\/revisions"}],"predecessor-version":[{"id":35134,"href":"https:\/\/www.meler.cn\/de\/wp-json\/wp\/v2\/pages\/24076\/revisions\/35134"}],"up":[{"embeddable":true,"href":"https:\/\/www.meler.cn\/de\/wp-json\/wp\/v2\/pages\/24068"}],"wp:featuredmedia":[{"embeddable":true,"href":"https:\/\/www.meler.cn\/de\/wp-json\/wp\/v2\/media\/20149"}],"wp:attachment":[{"href":"https:\/\/www.meler.cn\/de\/wp-json\/wp\/v2\/media?parent=24076"}],"curies":[{"name":"wp","href":"https:\/\/api.w.org\/{rel}","templated":true}]}}