




















{"id":24068,"date":"2022-11-25T12:40:11","date_gmt":"2022-11-25T12:40:11","guid":{"rendered":"https:\/\/www.meler.eu\/meler-academy\/"},"modified":"2025-01-29T17:15:20","modified_gmt":"2025-01-29T17:15:20","slug":"meler-academy","status":"publish","type":"page","link":"https:\/\/www.meler.cn\/de\/dienstleistungen\/meler-academy\/","title":{"rendered":"Meler Academy"},"content":{"rendered":"<p>[vc_row bg_image_position=&#8220;0 100%&#8220; row_vertical_align=&#8220;valign-middle&#8220; el_class=&#8220;reverse-column-mobile&#8220;][vc_column row_spacing_h=&#8220;left-spacing&#8220; width=&#8220;1\/1&#8243;][text]<\/p>\n<h2 class=\"txt-center style-01\"><strong>Wir teilen unsere Vision als<br \/>\nSpezialisten mit Ihnen<\/strong><\/h2>\n<p>[\/text][\/vc_column][\/vc_row][vc_row row_vertical_align=&#8220;valign-middle&#8220; el_class=&#8220;reverse-column-mobile&#8220;][vc_column width=&#8220;1\/2&#8243;][single_image image=&#8220;20295&#8243;][\/vc_column][vc_column row_spacing_h=&#8220;left-spacing&#8220; width=&#8220;1\/2&#8243;][text]<\/p>\n<p class=\"summary\">Wir h\u00f6ren zu, um zu wissen, was f\u00fcr Sie wichtig ist<\/p>\n<p>[\/text][see_details]Wir stellen Ihnen spezielle Inhalte \u00fcber die Funktionsweise unserer Ger\u00e4te zur Verf\u00fcgung, damit Sie das Beste aus ihnen herausholen k\u00f6nnen.[\/see_details][\/vc_column][\/vc_row][vc_row row_vertical_align=&#8220;valign-middle&#8220;][vc_column row_spacing_h=&#8220;left-spacing&#8220; width=&#8220;1\/2&#8243;][text]<\/p>\n<p class=\"summary\">Wir arbeiten auf dieselbe Weise wie Sie<\/p>\n<p>[\/text][see_details]Wir geben die von uns im Laufe der Jahre erarbeiteten Arbeitsrichtlinien und Empfehlungen an Sie weiter, um die Lebensdauer Ihrer Anlage zu optimieren.[\/see_details][\/vc_column][vc_column width=&#8220;1\/2&#8243;][single_image image=&#8220;20285&#8243;][\/vc_column][\/vc_row][vc_row row_vertical_align=&#8220;valign-middle&#8220; el_class=&#8220;reverse-column-mobile&#8220;][vc_column width=&#8220;1\/2&#8243;][single_image image=&#8220;20290&#8243;][\/vc_column][vc_column row_spacing_h=&#8220;left-spacing&#8220; width=&#8220;1\/2&#8243;][text]<\/p>\n<p class=\"summary\">Wir sind immer in Ihrer N\u00e4he<\/p>\n<p>[\/text][see_details]Wir teilen unser Know-how mit Teamgeist. Unsere Motivation als Anbieter von Industriel\u00f6sungen ist es, Ihnen zu helfen, Ihre Ziele zu erreichen. [\/see_details][\/vc_column][\/vc_row][vc_row row_layout=&#8220;full&#8220; row_vertical_align=&#8220;valign-middle&#8220;][vc_column width=&#8220;1\/1&#8243;][CtaModule cta_item=&#8220;21644&#8243;][\/vc_column][\/vc_row][vc_row row_vertical_align=&#8220;valign-middle&#8220;][vc_column width=&#8220;1\/1&#8243;][text]<\/p>\n<h2 class=\"txt-center\">Videos<strong>der Meler Academy<\/strong><\/h2>\n<p class=\"txt-center txt-width\">Praktische Ratschl\u00e4ge, konkrete L\u00f6sungen&#8230; unser YouTube-Kanal ist f\u00fcr Sie gedacht. Wenn Sie nicht finden, was Sie suchen, fragen Sie uns. Wir werden dann den Inhalt erstellen, den Sie brauchen!<\/p>\n<p>[\/text][video_youtube video_image=&#8220;20300&#8243; video_url=&#8220;https:\/\/www.youtube.com\/watch?v=OOpkqvYjPoQ&amp;list=PLw1T6nntx34eGS-v_-fh9G70isZbVGat6&#8243;][\/vc_column][\/vc_row][vc_row row_layout=&#8220;full&#8220; bg_image_position=&#8220;50% 0&#8243; row_spacing=&#8220;spacing-v-none&#8220;][vc_column width=&#8220;1\/1&#8243;][CtaModule cta_item=&#8220;21636&#8243;][\/vc_column][\/vc_row]<\/p>\n","protected":false},"excerpt":{"rendered":"<p>[vc_row bg_image_position=&#8220;0 100%&#8220; row_vertical_align=&#8220;valign-middle&#8220; el_class=&#8220;reverse-column-mobile&#8220;][vc_column row_spacing_h=&#8220;left-spacing&#8220; width=&#8220;1\/1&#8243;][text] Wir teilen unsere Vision als Spezialisten mit Ihnen [\/text][\/vc_column][\/vc_row][vc_row row_vertical_align=&#8220;valign-middle&#8220; el_class=&#8220;reverse-column-mobile&#8220;][vc_column width=&#8220;1\/2&#8243;][single_image image=&#8220;20295&#8243;][\/vc_column][vc_column row_spacing_h=&#8220;left-spacing&#8220; width=&#8220;1\/2&#8243;][text] Wir h\u00f6ren zu, um zu wissen, was f\u00fcr Sie wichtig ist [\/text][see_details]Wir stellen Ihnen spezielle Inhalte \u00fcber die Funktionsweise unserer Ger\u00e4te zur Verf\u00fcgung, damit Sie das Beste aus ihnen herausholen k\u00f6nnen.[\/see_details][\/vc_column][\/vc_row][vc_row row_vertical_align=&#8220;valign-middle&#8220;][vc_column row_spacing_h=&#8220;left-spacing&#8220; [&hellip;]<\/p>\n","protected":false},"author":2,"featured_media":20156,"parent":26017,"menu_order":80,"comment_status":"closed","ping_status":"closed","template":"","meta":[],"yoast_head":"<!-- This site is optimized with the Yoast SEO plugin v20.3 - https:\/\/yoast.com\/wordpress\/plugins\/seo\/ -->\n<title>Meler academy - Meler<\/title>\n<meta name=\"description\" content=\"Wir stellen Ihnen spezielle Inhalte \u00fcber die Funktionsweise unserer Ger\u00e4te zur Verf\u00fcgung, damit Sie das Beste aus ihnen herausholen k\u00f6nnen.\" \/>\n<meta name=\"robots\" content=\"index, follow, max-snippet:-1, max-image-preview:large, max-video-preview:-1\" \/>\n<link rel=\"canonical\" href=\"https:\/\/www.meler.cn\/de\/dienstleistungen\/meler-academy\/\" \/>\n<meta property=\"og:locale\" content=\"de_DE\" \/>\n<meta property=\"og:type\" content=\"article\" \/>\n<meta property=\"og:title\" content=\"Meler academy - Meler\" \/>\n<meta property=\"og:description\" content=\"Wir stellen Ihnen spezielle Inhalte \u00fcber die Funktionsweise unserer Ger\u00e4te zur Verf\u00fcgung, damit Sie das Beste aus ihnen herausholen k\u00f6nnen.\" \/>\n<meta property=\"og:url\" content=\"https:\/\/www.meler.cn\/de\/dienstleistungen\/meler-academy\/\" \/>\n<meta property=\"og:site_name\" content=\"Meler\" \/>\n<meta property=\"article:modified_time\" content=\"2025-01-29T17:15:20+00:00\" \/>\n<meta property=\"og:image\" content=\"https:\/\/20097.ttandemdigital.com\/media\/header-servicios-meler-academy-meler.png\" \/>\n\t<meta property=\"og:image:width\" content=\"1920\" \/>\n\t<meta property=\"og:image:height\" content=\"780\" \/>\n\t<meta property=\"og:image:type\" content=\"image\/png\" \/>\n<meta name=\"twitter:card\" content=\"summary_large_image\" \/>\n<meta name=\"twitter:label1\" content=\"Gesch\u00e4tzte Lesezeit\" \/>\n\t<meta name=\"twitter:data1\" content=\"1 Minute\" \/>\n<script type=\"application\/ld+json\" class=\"yoast-schema-graph\">{\"@context\":\"https:\/\/schema.org\",\"@graph\":[{\"@type\":\"WebPage\",\"@id\":\"https:\/\/www.meler.cn\/de\/dienstleistungen\/meler-academy\/\",\"url\":\"https:\/\/www.meler.cn\/de\/dienstleistungen\/meler-academy\/\",\"name\":\"Meler academy - Meler\",\"isPartOf\":{\"@id\":\"https:\/\/www.meler.cn\/de\/#website\"},\"datePublished\":\"2022-11-25T12:40:11+00:00\",\"dateModified\":\"2025-01-29T17:15:20+00:00\",\"description\":\"Wir stellen Ihnen spezielle Inhalte \u00fcber die Funktionsweise unserer Ger\u00e4te zur Verf\u00fcgung, damit Sie das Beste aus ihnen herausholen k\u00f6nnen.\",\"breadcrumb\":{\"@id\":\"https:\/\/www.meler.cn\/de\/dienstleistungen\/meler-academy\/#breadcrumb\"},\"inLanguage\":\"de-DE\",\"potentialAction\":[{\"@type\":\"ReadAction\",\"target\":[\"https:\/\/www.meler.cn\/de\/dienstleistungen\/meler-academy\/\"]}]},{\"@type\":\"BreadcrumbList\",\"@id\":\"https:\/\/www.meler.cn\/de\/dienstleistungen\/meler-academy\/#breadcrumb\",\"itemListElement\":[{\"@type\":\"ListItem\",\"position\":1,\"name\":\"Portada\",\"item\":\"https:\/\/www.meler.cn\/de\/\"},{\"@type\":\"ListItem\",\"position\":2,\"name\":\"Dienstleistungen\",\"item\":\"https:\/\/20097.ttandemdigital.com\/de\/dienstleistungen\/\"},{\"@type\":\"ListItem\",\"position\":3,\"name\":\"Meler Academy\"}]},{\"@type\":\"WebSite\",\"@id\":\"https:\/\/www.meler.cn\/de\/#website\",\"url\":\"https:\/\/www.meler.cn\/de\/\",\"name\":\"Meler\",\"description\":\"Just another WordPress site\",\"potentialAction\":[{\"@type\":\"SearchAction\",\"target\":{\"@type\":\"EntryPoint\",\"urlTemplate\":\"https:\/\/www.meler.cn\/de\/?s={search_term_string}\"},\"query-input\":\"required name=search_term_string\"}],\"inLanguage\":\"de-DE\"}]}<\/script>\n<!-- \/ Yoast SEO plugin. -->","yoast_head_json":{"title":"Meler academy - Meler","description":"Wir stellen Ihnen spezielle Inhalte \u00fcber die Funktionsweise unserer Ger\u00e4te zur Verf\u00fcgung, damit Sie das Beste aus ihnen herausholen k\u00f6nnen.","robots":{"index":"index","follow":"follow","max-snippet":"max-snippet:-1","max-image-preview":"max-image-preview:large","max-video-preview":"max-video-preview:-1"},"canonical":"https:\/\/www.meler.cn\/de\/dienstleistungen\/meler-academy\/","og_locale":"de_DE","og_type":"article","og_title":"Meler academy - Meler","og_description":"Wir stellen Ihnen spezielle Inhalte \u00fcber die Funktionsweise unserer Ger\u00e4te zur Verf\u00fcgung, damit Sie das Beste aus ihnen herausholen k\u00f6nnen.","og_url":"https:\/\/www.meler.cn\/de\/dienstleistungen\/meler-academy\/","og_site_name":"Meler","article_modified_time":"2025-01-29T17:15:20+00:00","og_image":[{"width":1920,"height":780,"url":"https:\/\/20097.ttandemdigital.com\/media\/header-servicios-meler-academy-meler.png","type":"image\/png"}],"twitter_card":"summary_large_image","twitter_misc":{"Gesch\u00e4tzte Lesezeit":"1 Minute"},"schema":{"@context":"https:\/\/schema.org","@graph":[{"@type":"WebPage","@id":"https:\/\/www.meler.cn\/de\/dienstleistungen\/meler-academy\/","url":"https:\/\/www.meler.cn\/de\/dienstleistungen\/meler-academy\/","name":"Meler academy - Meler","isPartOf":{"@id":"https:\/\/www.meler.cn\/de\/#website"},"datePublished":"2022-11-25T12:40:11+00:00","dateModified":"2025-01-29T17:15:20+00:00","description":"Wir stellen Ihnen spezielle Inhalte \u00fcber die Funktionsweise unserer Ger\u00e4te zur Verf\u00fcgung, damit Sie das Beste aus ihnen herausholen k\u00f6nnen.","breadcrumb":{"@id":"https:\/\/www.meler.cn\/de\/dienstleistungen\/meler-academy\/#breadcrumb"},"inLanguage":"de-DE","potentialAction":[{"@type":"ReadAction","target":["https:\/\/www.meler.cn\/de\/dienstleistungen\/meler-academy\/"]}]},{"@type":"BreadcrumbList","@id":"https:\/\/www.meler.cn\/de\/dienstleistungen\/meler-academy\/#breadcrumb","itemListElement":[{"@type":"ListItem","position":1,"name":"Portada","item":"https:\/\/www.meler.cn\/de\/"},{"@type":"ListItem","position":2,"name":"Dienstleistungen","item":"https:\/\/20097.ttandemdigital.com\/de\/dienstleistungen\/"},{"@type":"ListItem","position":3,"name":"Meler Academy"}]},{"@type":"WebSite","@id":"https:\/\/www.meler.cn\/de\/#website","url":"https:\/\/www.meler.cn\/de\/","name":"Meler","description":"Just another WordPress site","potentialAction":[{"@type":"SearchAction","target":{"@type":"EntryPoint","urlTemplate":"https:\/\/www.meler.cn\/de\/?s={search_term_string}"},"query-input":"required name=search_term_string"}],"inLanguage":"de-DE"}]}},"_links":{"self":[{"href":"https:\/\/www.meler.cn\/de\/wp-json\/wp\/v2\/pages\/24068"}],"collection":[{"href":"https:\/\/www.meler.cn\/de\/wp-json\/wp\/v2\/pages"}],"about":[{"href":"https:\/\/www.meler.cn\/de\/wp-json\/wp\/v2\/types\/page"}],"author":[{"embeddable":true,"href":"https:\/\/www.meler.cn\/de\/wp-json\/wp\/v2\/users\/2"}],"replies":[{"embeddable":true,"href":"https:\/\/www.meler.cn\/de\/wp-json\/wp\/v2\/comments?post=24068"}],"version-history":[{"count":8,"href":"https:\/\/www.meler.cn\/de\/wp-json\/wp\/v2\/pages\/24068\/revisions"}],"predecessor-version":[{"id":35099,"href":"https:\/\/www.meler.cn\/de\/wp-json\/wp\/v2\/pages\/24068\/revisions\/35099"}],"up":[{"embeddable":true,"href":"https:\/\/www.meler.cn\/de\/wp-json\/wp\/v2\/pages\/26017"}],"wp:featuredmedia":[{"embeddable":true,"href":"https:\/\/www.meler.cn\/de\/wp-json\/wp\/v2\/media\/20156"}],"wp:attachment":[{"href":"https:\/\/www.meler.cn\/de\/wp-json\/wp\/v2\/media?parent=24068"}],"curies":[{"name":"wp","href":"https:\/\/api.w.org\/{rel}","templated":true}]}}