




















{"id":24060,"date":"2022-11-25T12:39:43","date_gmt":"2022-11-25T12:39:43","guid":{"rendered":"https:\/\/www.meler.eu\/meler-engineering\/"},"modified":"2025-01-31T07:50:35","modified_gmt":"2025-01-31T07:50:35","slug":"meler-engineering","status":"publish","type":"page","link":"https:\/\/www.meler.cn\/de\/dienstleistungen\/meler-engineering\/","title":{"rendered":"Meler Engineering"},"content":{"rendered":"<p>[vc_row bg_image_position=&#8220;0 100%&#8220; row_vertical_align=&#8220;valign-middle&#8220; el_class=&#8220;reverse-column-mobile&#8220;][vc_column row_spacing_h=&#8220;left-spacing&#8220; width=&#8220;1\/1&#8243;][text]<\/p>\n<h2 class=\"txt-center style-01 txt-width\"><strong>Auf die Anwendung von Industrieklebstoffen spezialisiertes Engineerin<\/strong><\/h2>\n<p>[\/text][\/vc_column][\/vc_row][vc_row][vc_column width=&#8220;1\/2&#8243;][text]<\/p>\n<h2 class=\"style-02\">Meler\u00a0Engineering<br \/>\nals Partner bedeutet<\/h2>\n<p>[\/text][\/vc_column][vc_column width=&#8220;1\/2&#8243;][text]<\/p>\n<ul class=\"style-03\">\n<li>Direkter Kontakt mit Fachingenieuren w\u00e4hrend des gesamten Prozesses<\/li>\n<li>Ein komplettes System aus einer Hand<\/li>\n<li>Flexibilit\u00e4t zur Einbindung weiterer Systeme<\/li>\n<li>Jahrzehntelange Erfahrung als Hersteller kompletter Klebstoffauftragssysteme<\/li>\n<li>Weltweiter technischer Service und Support<\/li>\n<\/ul>\n<p>[\/text][\/vc_column][\/vc_row][vc_row row_spacing=&#8220;spacing-v-none&#8220; row_slide=&#8220;yes&#8220; el_class=&#8220;bg-line&#8220;][vc_column width=&#8220;1\/1&#8243;][vc_row_inner][vc_column_inner width=&#8220;1\/2&#8243;][single_image image=&#8220;12332&#8243; image_description=&#8220;Bobinadora con acumuladores&#8220; image_link=&#8220;url:%2Fes%2Fnovedades%2Fproduccion-sin-paradas-automocion%2F&#8220;][\/vc_column_inner][vc_column_inner width=&#8220;1\/2&#8243; row_spacing_h=&#8220;left-spacing&#8220;][text]<\/p>\n<h2 class=\"style-02\">Wickelmaschine mit<br \/>\nAkkumulatoren (KFZ)<\/h2>\n<p>Non-Stop-Produktion f\u00fcr die Automobilindustrie.<\/p>\n<ul class=\"style-03\">\n<li><strong>2 Akkumulatoren<\/strong> mit 20 Metern Vorrat<\/li>\n<li>Gleichzeitige Lade- und Betriebsvorg\u00e4nge<\/li>\n<li>2 Kaschierk\u00f6pfe (f\u00fcr <strong>PUR- und POR-Klebstoffe<\/strong>)<\/li>\n<\/ul>\n<p>[\/text][\/vc_column_inner][\/vc_row_inner][vc_row_inner][vc_column_inner width=&#8220;1\/2&#8243;][single_image image=&#8220;35162&#8243; image_description=&#8220;bracket-coating-head-meler-engineering-project&#8220; image_link=&#8220;url:%2Fes%2Fnovedades%2Fbobinadora-desbobinadora-ews-para-la-aplicacion-de-adhesivos-hotmelt-y-pur%2F&#8220;][\/vc_column_inner][vc_column_inner width=&#8220;1\/2&#8243; row_spacing_h=&#8220;left-spacing&#8220;][text]<\/p>\n<h2 class=\"style-02\">Kaschierkopf und St\u00e4ndermontage<\/h2>\n<p>Zur Modernisierung des Klebstoffbeschichtungsprozesses einer Holzplattenproduktionslinie entwickelte Meler Engineering eine Komplettl\u00f6sung, die nicht nur eine pr\u00e4zise Steuerung der Beschichtung erm\u00f6glicht, sondern sich auch nahtlos in einen ma\u00dfgeschneiderten St\u00e4nder integriert.<\/p>\n<ul class=\"style-03\">\n<li><strong>Touchscreen-Steuerung <\/strong>f\u00fcr das \u00d6ffnen und Schlie\u00dfen des Kopfes.<\/li>\n<li>Das Gestell wurde f\u00fcr eine <strong>perfekte Integration <\/strong>in den Produktionsprozess entwickelt.<\/li>\n<\/ul>\n<p>[\/text][\/vc_column_inner][\/vc_row_inner][vc_row_inner][vc_column_inner width=&#8220;1\/2&#8243; row_spacing_h=&#8220;spacing-h-0&#8243;][single_image image=&#8220;12327&#8243; image_description=&#8220;Rodillo de laminaci\u00f3n con mesa de retorno&#8220; image_link=&#8220;url:%2Fes%2Fnovedades%2Frodillo-laminacion-textiles-bajo-gramaje%2F&#8220;][\/vc_column_inner][vc_column_inner width=&#8220;1\/2&#8243; row_spacing_h=&#8220;left-spacing&#8220;][text]<\/p>\n<h2 class=\"style-02\">Kaschierwalze mit<br \/>\nR\u00fccklauftisch (KFZ)<\/h2>\n<p>Entwicklung einer Walze f\u00fcr die Kleberlaminierung von d\u00fcnnen Textilien.<\/p>\n<ul class=\"style-03\">\n<li><strong>Automatisches<\/strong> System<\/li>\n<li><strong>Pr\u00e4zise<\/strong> Kaschierung<\/li>\n<li><strong>Spart Platz<\/strong> in der Produktion<\/li>\n<\/ul>\n<p>[\/text][\/vc_column_inner][\/vc_row_inner][vc_row_inner][vc_column_inner width=&#8220;1\/2&#8243;][single_image image=&#8220;35157&#8243; image_description=&#8220;moutarde-meler-engineering-project&#8220; image_link=&#8220;url:%2Fes%2Fnovedades%2Fbobinadora-desbobinadora-ews-para-la-aplicacion-de-adhesivos-hotmelt-y-pur%2F&#8220;][\/vc_column_inner][vc_column_inner width=&#8220;1\/2&#8243; row_spacing_h=&#8220;left-spacing&#8220;][text]<\/p>\n<h2 class=\"style-02\">Komplettl\u00f6sung zum Verschlie\u00dfen von Gl\u00e4sern<\/h2>\n<p>Meler Engineering entwickelt ein automatisches System zum gleichzeitigen Versiegeln von drei Gl\u00e4sern, um den gesamten Produktionsprozess eines Herstellers von Gourmetprodukten zu automatisieren.<\/p>\n<ul class=\"style-03\">\n<li>Komplettl\u00f6sung mit Schmelzger\u00e4t, Schusssteuerung und Anwendung.<\/li>\n<li><strong>Nahtlose Integration<\/strong> in die Maschine des Kunden.<\/li>\n<li>Volle <strong>Zug\u00e4nglichkeit<\/strong> und einfache Bedienung.<\/li>\n<\/ul>\n<p>[\/text][\/vc_column_inner][\/vc_row_inner][vc_row_inner][vc_column_inner width=&#8220;1\/2&#8243;][single_image image=&#8220;12322&#8243; image_description=&#8220;Bobinadora-desbobinadora&#8220; image_link=&#8220;url:%2Fes%2Fnovedades%2Fbobinadora-desbobinadora-ews-para-la-aplicacion-de-adhesivos-hotmelt-y-pur%2F&#8220;][\/vc_column_inner][vc_column_inner width=&#8220;1\/2&#8243; row_spacing_h=&#8220;left-spacing&#8220;][text]<\/p>\n<h2 class=\"style-02\">Auf- und<br \/>\nAbwickler f\u00fcr EWS<\/h2>\n<p>Kontinuierlicher Auftrag von reaktiven und nicht reaktiven Schmelzklebstoffen auf PVC- und Textilsubstraten.<\/p>\n<ul class=\"style-03\">\n<li>Volle <strong>Zug\u00e4nglichkeit<\/strong><\/li>\n<li>Konzipiert f\u00fcr <strong>reaktive Klebstoffe<\/strong><\/li>\n<li>Mehrere <strong>optionale<\/strong> Systeme<\/li>\n<\/ul>\n<p>[\/text][\/vc_column_inner][\/vc_row_inner][vc_row_inner][vc_column_inner width=&#8220;1\/2&#8243;][single_image image=&#8220;35147&#8243; image_description=&#8220;winder-sandpaper-meler-engineering-projet&#8220;][\/vc_column_inner][vc_column_inner width=&#8220;1\/2&#8243; row_spacing_h=&#8220;left-spacing&#8220;][text]<\/p>\n<h2 class=\"style-02\">Wickelmaschine f\u00fcr die Herstellung von Poliermittelprodukten<\/h2>\n<p>Die spezielle Konvertierungsmaschine erh\u00f6ht die Produktionskapazit\u00e4t, da sie als Komplettl\u00f6sung arbeitet, die mehrere Prozesse in einem integriert: Beschickung, Produktmarkierung, Laminierung und Endaufwicklung.<\/p>\n<ul class=\"style-03\">\n<li>Kaschierbreite von <strong> 500 bis 1600 mm<\/strong>.<\/li>\n<li><strong>4<\/strong> Druckk\u00f6pfe \/ Geschwindigkeit von <strong>4 m\/s.<\/strong><\/li>\n<li>Zug\u00e4nglichkeit und Ergonomie<\/li>\n<\/ul>\n<p>[\/text][\/vc_column_inner][\/vc_row_inner][vc_row_inner][vc_column_inner width=&#8220;1\/2&#8243;][single_image image=&#8220;35152&#8243; image_description=&#8220;ikarus-meler-engineering-projetcs&#8220; image_link=&#8220;url:%2Fes%2Fnovedades%2Fbobinadora-desbobinadora-ews-para-la-aplicacion-de-adhesivos-hotmelt-y-pur%2F&#8220;][\/vc_column_inner][vc_column_inner width=&#8220;1\/2&#8243; row_spacing_h=&#8220;left-spacing&#8220;][text]<\/p>\n<h2 class=\"style-02\">Ikarus, Steuerstempel-Applikator<\/h2>\n<p>Komplettl\u00f6sung f\u00fcr das halbautomatische Aufbringen von Steuermarken f\u00fcr E-Liquids. Ikarus integriert die folgenden Meler-Produkte in sein System:<\/p>\n<ul class=\"style-03\">\n<li><strong>B4 <\/strong>schmelger\u00e4te mit zahnradpumpen<\/li>\n<li><strong>Starbi <\/strong>Abzugssteuerung<\/li>\n<li><strong>Raptor Infinity<\/strong> elektrischer Applikator<\/li>\n<li>Der <strong>Arion Essential<\/strong> Schlauch<\/li>\n<\/ul>\n<p>[\/text][\/vc_column_inner][\/vc_row_inner][\/vc_column][\/vc_row][vc_row bg_image_position=&#8220;50% 0&#8243; row_spacing=&#8220;top-spacing bottom-spacing-0&#8243; row_vertical_align=&#8220;valign-middle&#8220;][vc_column width=&#8220;1\/1&#8243;][text]<\/p>\n<h2 class=\"txt-center\">Zentrale <strong> Einf\u00fchrung<\/strong><\/h2>\n<p>[\/text][\/vc_column][\/vc_row][vc_row row_layout=&#8220;full&#8220;][vc_column][vc_row_inner row_layout=&#8220;full&#8220; row_spacing=&#8220;bottom-spacing-med top-spacing-0&#8243;][vc_column_inner][ttdirectories carousel_columns=&#8220;Infinito&#8220; position=&#8220;position_center&#8220;][ttdirectory_item subtitle=&#8220;1 Wir h\u00f6ren zu&#8220; title=&#8220;Projekt des Kunden&#8220; description=&#8220;Definition der technischen Bed\u00fcrfnisse und Anforderungen&#8220; image=&#8220;18059&#8243;][\/ttdirectory_item][ttdirectory_item directory_item_style=&#8220;directory-item-style-1&#8243; subtitle=&#8220;2 Wir schlagen vor&#8220; title=&#8220;Erstellung eines Angebots&#8220; description=&#8220;Der spezialisierte Produktmanager analysiert den Umfang des Projekts und definiert den Arbeitsablauf, die Ressourcenzuweisung und den Zeitplan&#8220; directory_style=&#8220;directory-item-style-1&#8243; image=&#8220;18064&#8243;][\/ttdirectory_item][ttdirectory_item subtitle=&#8220;3 Wir legen los&#8220; title=&#8220;Annahme und Fertigung&#8220; description=&#8220;Das Design wird Wirklichkeit<br \/>\nDauer: 6 bis 16 Wochen, je nach Komplexit\u00e4t<br \/>\nSt\u00e4ndige Kommunikation zur:<br \/>\n\u00b7 Definition der Komponenten<br \/>\n\u00b7 Umfassenden technischen Beratung<br \/>\n\u00b7 Kontrolle des Fertigungsprozesses&#8220; image=&#8220;18069&#8243;][\/ttdirectory_item][ttdirectory_item directory_item_style=&#8220;directory-item-style-1&#8243; subtitle=&#8220;4 Wir testen&#8220; title=&#8220;Test und Abnahme&#8220; description=&#8220;Realtests im Focke Meler Simulationslabor in Anwesenheit des Kunden.&#8220; directory_style=&#8220;directory-item-style-1&#8243; image=&#8220;18074&#8243;][\/ttdirectory_item][ttdirectory_item subtitle=&#8220;5 Wir fertigen&#8220; title=&#8220;Inbetriebnahme beim Kunden&#8220; description=&#8220;Installation der Ger\u00e4te in den R\u00e4umlichkeiten des<br \/>\nKunden durch den technischer Service von Meler mit weltweiter Unterst\u00fctzung.&#8220; directory_style=&#8220;directory-item-style-1&#8243; image=&#8220;18079&#8243;][\/ttdirectory_item][\/ttdirectories][\/vc_column_inner][\/vc_row_inner][\/vc_column][\/vc_row][vc_row bg_image_position=&#8220;50% 0&#8243; row_spacing=&#8220;top-spacing bottom-spacing-0&#8243; row_vertical_align=&#8220;valign-middle&#8220;][vc_column width=&#8220;1\/1&#8243;][text]<\/p>\n<h2 class=\"txt-center style-0\">Feldversuche im <strong>Meler Engineering<\/strong><\/h2>\n<p class=\"txt-center txt-width txt-featured-01\">Bei Meler Engineering entwickeln wir ma\u00dfgeschneiderte L\u00f6sungen, um Ihnen die beste Qualit\u00e4t zu bieten und die Produktivit\u00e4t Ihrer Anlagen zu steigern.<\/p>\n<p>[\/text][\/vc_column][\/vc_row][vc_row bg_image_position=&#8220;50% 0&#8243; row_spacing=&#8220;top-spacing-med bottom-spacing-0&#8243; row_vertical_align=&#8220;valign-middle&#8220;][vc_column width=&#8220;1\/1&#8243;][video_youtube video_image=&#8220;27333&#8243; video_url=&#8220;https:\/\/www.youtube.com\/watch?v=rGSA71OblYY&#8220;][\/vc_column][\/vc_row][vc_row row_bg_color=&#8220;bg-03&#8243; el_class=&#8220;remove-bg-mobile&#8220;][vc_column width=&#8220;1\/1&#8243;][vc_row_inner row_spacing=&#8220;top-spacing bottom-spacing&#8220;][vc_column_inner width=&#8220;1\/2&#8243;][text]<\/p>\n<p class=\"summary\"><strong>Wir bieten Ihnen<\/strong><\/p>\n<p><a class=\"button\" href=\"https:\/\/www.meler.cn\/de\/kontakt\/\">Kontakt<\/a>[\/text][\/vc_column_inner][vc_column_inner width=&#8220;1\/2&#8243;][text]<\/p>\n<ol class=\"style-01\">\n<li><strong>Eigene Design- und Fertigungsprozesse<\/strong><\/li>\n<li><strong>Ma\u00dfgeschneiderte Systeme aus einem Standardsortiment<\/strong><\/li>\n<li><strong>Klebstoffauftragsprojekte f\u00fcr alle Branchen<\/strong><\/li>\n<\/ol>\n<p>[\/text][\/vc_column_inner][\/vc_row_inner][\/vc_column][\/vc_row][vc_row row_layout=&#8220;full&#8220; bg_image_position=&#8220;50% 0&#8243; row_spacing=&#8220;spacing-v-none&#8220;][vc_column width=&#8220;1\/1&#8243;][CtaModule cta_item=&#8220;21576&#8243;][\/vc_column][\/vc_row][vc_row row_layout=&#8220;full&#8220; bg_image_position=&#8220;0 100%&#8220; row_spacing_h=&#8220;spacing-h-0&#8243; row_vertical_align=&#8220;valign-middle&#8220; el_class=&#8220;reverse-column-mobile&#8220;][vc_column width=&#8220;1\/1&#8243;][ttdirectory_gallery carousel_columns=&#8220;4&#8243; gallery_type=&#8220;style-01&#8243; gallery_carousel=&#8220;slide&#8220;][single_image image=&#8220;18019&#8243;][single_image image=&#8220;18024&#8243;][single_image image=&#8220;18029&#8243;][single_image image=&#8220;18034&#8243;][single_image image=&#8220;18039&#8243;][single_image image=&#8220;18044&#8243;][single_image image=&#8220;18049&#8243;][single_image image=&#8220;18054&#8243;][single_image image=&#8220;18019&#8243;][\/ttdirectory_gallery][\/vc_column][\/vc_row][vc_row row_layout=&#8220;full&#8220; bg_image_position=&#8220;50% 0&#8243; row_spacing=&#8220;spacing-v-none&#8220;][vc_column width=&#8220;1\/1&#8243;][CtaModule cta_item=&#8220;21648&#8243;][\/vc_column][\/vc_row]<\/p>\n","protected":false},"excerpt":{"rendered":"<p>[vc_row bg_image_position=&#8220;0 100%&#8220; row_vertical_align=&#8220;valign-middle&#8220; el_class=&#8220;reverse-column-mobile&#8220;][vc_column row_spacing_h=&#8220;left-spacing&#8220; width=&#8220;1\/1&#8243;][text] Auf die Anwendung von Industrieklebstoffen spezialisiertes Engineerin [\/text][\/vc_column][\/vc_row][vc_row][vc_column width=&#8220;1\/2&#8243;][text] Meler\u00a0Engineering als Partner bedeutet [\/text][\/vc_column][vc_column width=&#8220;1\/2&#8243;][text] Direkter Kontakt mit Fachingenieuren w\u00e4hrend des gesamten Prozesses Ein komplettes System aus einer Hand Flexibilit\u00e4t zur Einbindung weiterer Systeme Jahrzehntelange Erfahrung als Hersteller kompletter Klebstoffauftragssysteme Weltweiter technischer Service und Support [\/text][\/vc_column][\/vc_row][vc_row row_spacing=&#8220;spacing-v-none&#8220; row_slide=&#8220;yes&#8220; [&hellip;]<\/p>\n","protected":false},"author":2,"featured_media":12340,"parent":26017,"menu_order":75,"comment_status":"closed","ping_status":"closed","template":"","meta":[],"yoast_head":"<!-- This site is optimized with the Yoast SEO plugin v20.3 - https:\/\/yoast.com\/wordpress\/plugins\/seo\/ -->\n<title>Meler Engineering - Meler<\/title>\n<meta name=\"description\" content=\"Projekte nach Ma\u00df f\u00fcr Hotmelt-Anwendungen, die den Wert Ihrer Arbeit steigern.\" \/>\n<meta name=\"robots\" content=\"index, follow, max-snippet:-1, max-image-preview:large, max-video-preview:-1\" \/>\n<link rel=\"canonical\" href=\"https:\/\/www.meler.cn\/de\/dienstleistungen\/meler-engineering\/\" \/>\n<meta property=\"og:locale\" content=\"de_DE\" \/>\n<meta property=\"og:type\" content=\"article\" \/>\n<meta property=\"og:title\" content=\"Meler Engineering - Meler\" \/>\n<meta property=\"og:description\" content=\"Projekte nach Ma\u00df f\u00fcr Hotmelt-Anwendungen, die den Wert Ihrer Arbeit steigern.\" \/>\n<meta property=\"og:url\" content=\"https:\/\/www.meler.cn\/de\/dienstleistungen\/meler-engineering\/\" \/>\n<meta property=\"og:site_name\" content=\"Meler\" \/>\n<meta property=\"article:modified_time\" content=\"2025-01-31T07:50:35+00:00\" \/>\n<meta property=\"og:image\" content=\"https:\/\/20097.ttandemdigital.com\/media\/header-servicios-meler-engineering-meler.jpg\" \/>\n\t<meta property=\"og:image:width\" content=\"1920\" \/>\n\t<meta property=\"og:image:height\" content=\"780\" \/>\n\t<meta property=\"og:image:type\" content=\"image\/jpeg\" \/>\n<meta name=\"twitter:card\" content=\"summary_large_image\" \/>\n<meta name=\"twitter:label1\" content=\"Gesch\u00e4tzte Lesezeit\" \/>\n\t<meta name=\"twitter:data1\" content=\"3 Minuten\" \/>\n<script type=\"application\/ld+json\" class=\"yoast-schema-graph\">{\"@context\":\"https:\/\/schema.org\",\"@graph\":[{\"@type\":\"WebPage\",\"@id\":\"https:\/\/www.meler.cn\/de\/dienstleistungen\/meler-engineering\/\",\"url\":\"https:\/\/www.meler.cn\/de\/dienstleistungen\/meler-engineering\/\",\"name\":\"Meler Engineering - Meler\",\"isPartOf\":{\"@id\":\"https:\/\/www.meler.cn\/de\/#website\"},\"datePublished\":\"2022-11-25T12:39:43+00:00\",\"dateModified\":\"2025-01-31T07:50:35+00:00\",\"description\":\"Projekte nach Ma\u00df f\u00fcr Hotmelt-Anwendungen, die den Wert Ihrer Arbeit steigern.\",\"breadcrumb\":{\"@id\":\"https:\/\/www.meler.cn\/de\/dienstleistungen\/meler-engineering\/#breadcrumb\"},\"inLanguage\":\"de-DE\",\"potentialAction\":[{\"@type\":\"ReadAction\",\"target\":[\"https:\/\/www.meler.cn\/de\/dienstleistungen\/meler-engineering\/\"]}]},{\"@type\":\"BreadcrumbList\",\"@id\":\"https:\/\/www.meler.cn\/de\/dienstleistungen\/meler-engineering\/#breadcrumb\",\"itemListElement\":[{\"@type\":\"ListItem\",\"position\":1,\"name\":\"Portada\",\"item\":\"https:\/\/www.meler.cn\/de\/\"},{\"@type\":\"ListItem\",\"position\":2,\"name\":\"Dienstleistungen\",\"item\":\"https:\/\/20097.ttandemdigital.com\/de\/dienstleistungen\/\"},{\"@type\":\"ListItem\",\"position\":3,\"name\":\"Meler Engineering\"}]},{\"@type\":\"WebSite\",\"@id\":\"https:\/\/www.meler.cn\/de\/#website\",\"url\":\"https:\/\/www.meler.cn\/de\/\",\"name\":\"Meler\",\"description\":\"Just another WordPress site\",\"potentialAction\":[{\"@type\":\"SearchAction\",\"target\":{\"@type\":\"EntryPoint\",\"urlTemplate\":\"https:\/\/www.meler.cn\/de\/?s={search_term_string}\"},\"query-input\":\"required name=search_term_string\"}],\"inLanguage\":\"de-DE\"}]}<\/script>\n<!-- \/ Yoast SEO plugin. -->","yoast_head_json":{"title":"Meler Engineering - Meler","description":"Projekte nach Ma\u00df f\u00fcr Hotmelt-Anwendungen, die den Wert Ihrer Arbeit steigern.","robots":{"index":"index","follow":"follow","max-snippet":"max-snippet:-1","max-image-preview":"max-image-preview:large","max-video-preview":"max-video-preview:-1"},"canonical":"https:\/\/www.meler.cn\/de\/dienstleistungen\/meler-engineering\/","og_locale":"de_DE","og_type":"article","og_title":"Meler Engineering - Meler","og_description":"Projekte nach Ma\u00df f\u00fcr Hotmelt-Anwendungen, die den Wert Ihrer Arbeit steigern.","og_url":"https:\/\/www.meler.cn\/de\/dienstleistungen\/meler-engineering\/","og_site_name":"Meler","article_modified_time":"2025-01-31T07:50:35+00:00","og_image":[{"width":1920,"height":780,"url":"https:\/\/20097.ttandemdigital.com\/media\/header-servicios-meler-engineering-meler.jpg","type":"image\/jpeg"}],"twitter_card":"summary_large_image","twitter_misc":{"Gesch\u00e4tzte Lesezeit":"3 Minuten"},"schema":{"@context":"https:\/\/schema.org","@graph":[{"@type":"WebPage","@id":"https:\/\/www.meler.cn\/de\/dienstleistungen\/meler-engineering\/","url":"https:\/\/www.meler.cn\/de\/dienstleistungen\/meler-engineering\/","name":"Meler Engineering - Meler","isPartOf":{"@id":"https:\/\/www.meler.cn\/de\/#website"},"datePublished":"2022-11-25T12:39:43+00:00","dateModified":"2025-01-31T07:50:35+00:00","description":"Projekte nach Ma\u00df f\u00fcr Hotmelt-Anwendungen, die den Wert Ihrer Arbeit steigern.","breadcrumb":{"@id":"https:\/\/www.meler.cn\/de\/dienstleistungen\/meler-engineering\/#breadcrumb"},"inLanguage":"de-DE","potentialAction":[{"@type":"ReadAction","target":["https:\/\/www.meler.cn\/de\/dienstleistungen\/meler-engineering\/"]}]},{"@type":"BreadcrumbList","@id":"https:\/\/www.meler.cn\/de\/dienstleistungen\/meler-engineering\/#breadcrumb","itemListElement":[{"@type":"ListItem","position":1,"name":"Portada","item":"https:\/\/www.meler.cn\/de\/"},{"@type":"ListItem","position":2,"name":"Dienstleistungen","item":"https:\/\/20097.ttandemdigital.com\/de\/dienstleistungen\/"},{"@type":"ListItem","position":3,"name":"Meler Engineering"}]},{"@type":"WebSite","@id":"https:\/\/www.meler.cn\/de\/#website","url":"https:\/\/www.meler.cn\/de\/","name":"Meler","description":"Just another WordPress site","potentialAction":[{"@type":"SearchAction","target":{"@type":"EntryPoint","urlTemplate":"https:\/\/www.meler.cn\/de\/?s={search_term_string}"},"query-input":"required name=search_term_string"}],"inLanguage":"de-DE"}]}},"_links":{"self":[{"href":"https:\/\/www.meler.cn\/de\/wp-json\/wp\/v2\/pages\/24060"}],"collection":[{"href":"https:\/\/www.meler.cn\/de\/wp-json\/wp\/v2\/pages"}],"about":[{"href":"https:\/\/www.meler.cn\/de\/wp-json\/wp\/v2\/types\/page"}],"author":[{"embeddable":true,"href":"https:\/\/www.meler.cn\/de\/wp-json\/wp\/v2\/users\/2"}],"replies":[{"embeddable":true,"href":"https:\/\/www.meler.cn\/de\/wp-json\/wp\/v2\/comments?post=24060"}],"version-history":[{"count":24,"href":"https:\/\/www.meler.cn\/de\/wp-json\/wp\/v2\/pages\/24060\/revisions"}],"predecessor-version":[{"id":35207,"href":"https:\/\/www.meler.cn\/de\/wp-json\/wp\/v2\/pages\/24060\/revisions\/35207"}],"up":[{"embeddable":true,"href":"https:\/\/www.meler.cn\/de\/wp-json\/wp\/v2\/pages\/26017"}],"wp:featuredmedia":[{"embeddable":true,"href":"https:\/\/www.meler.cn\/de\/wp-json\/wp\/v2\/media\/12340"}],"wp:attachment":[{"href":"https:\/\/www.meler.cn\/de\/wp-json\/wp\/v2\/media?parent=24060"}],"curies":[{"name":"wp","href":"https:\/\/api.w.org\/{rel}","templated":true}]}}