




















{"id":23906,"date":"2022-11-28T08:41:57","date_gmt":"2022-11-28T08:41:57","guid":{"rendered":"https:\/\/www.meler.eu\/meler-en-el-mundo\/"},"modified":"2024-12-09T15:59:59","modified_gmt":"2024-12-09T15:59:59","slug":"meler-ein-der-welt","status":"publish","type":"page","link":"https:\/\/www.meler.cn\/de\/meler\/meler-ein-der-welt\/","title":{"rendered":"BEI IHNEN, WO IMMER SIE SIND"},"content":{"rendered":"<p>[vc_row bg_image_position=&#8220;0 100%&#8220; row_bg_color=&#8220;bg-04&#8243; row_spacing=&#8220;top-spacing bottom-spacing&#8220; row_vertical_align=&#8220;valign-middle&#8220; el_class=&#8220;reverse-column-mobile&#8220;][vc_column row_spacing=&#8220;spacing-v-0&#8243; row_spacing_h=&#8220;left-spacing&#8220; width=&#8220;1\/1&#8243;][text]<\/p>\n<h2 class=\"txt-center summary style-02 txt-width\">Gluing Worldwide<\/h2>\n<p class=\"txt-width txt-center\">In dem Bestreben, die Entwicklung unserer Partner und Kunden zu f\u00f6rdern, suchen wir stets die besten L\u00f6sungen.<strong><br \/>\nUnd das, wo immer Sie sind.<\/strong><\/p>\n<p class=\"txt-width txt-center\">Finden Sie Ihre n\u00e4chstgelegene <strong>Meler<\/strong>-Zentrale und entdecken Sie, wie es ist, auf Ihren <strong>#YourGluingSolutionsPartner<\/strong> zu z\u00e4hlen, wann immer Sie ihn brauchen.<\/p>\n<p>[\/text][\/vc_column][\/vc_row][vc_row bg_image_position=&#8220;0 100%&#8220; row_bg_color=&#8220;bg-04&#8243; row_spacing=&#8220;bottom-spacing top-spacing-0&#8243; row_spacing_h=&#8220;spacing-h-0&#8243; row_vertical_align=&#8220;valign-middle&#8220; el_class=&#8220;reverse-column-mobile&#8220;][vc_column row_spacing=&#8220;spacing-v-0&#8243; row_spacing_h=&#8220;left-spacing&#8220; width=&#8220;1\/1&#8243;][text]<style>\r\n\t#wpsl-stores .wpsl-store-thumb {height:45px !important; width:45px !important;}\r\n\t#wpsl-stores, #wpsl-direction-details, #wpsl-gmap {height:350px !important;}\r\n\t#wpsl-gmap .wpsl-info-window {max-width:225px !important;}\r\n\t.wpsl-input label, #wpsl-radius label, #wpsl-category label {width:95px;}\r\n\t#wpsl-search-input  {width:179px;}\r\n<\/style>\r\n<div id=\"wpsl-wrap\">\r\n\t<div class=\"wpsl-search wpsl-clearfix wpsl-no-filters\">\r\n\t\t<div id=\"wpsl-search-wrap\">\r\n\t\t\t<form autocomplete=\"off\">\r\n\t\t\t<div class=\"wpsl-input\">\r\n\t\t\t\t<div><label for=\"wpsl-search-input\">Your location<\/label><\/div>\r\n\t\t\t\t<input id=\"wpsl-search-input\" type=\"text\" value=\"\" name=\"wpsl-search-input\" placeholder=\"\" aria-required=\"true\" \/>\r\n\t\t\t<\/div>\r\n\t\t\t\t<div class=\"wpsl-search-btn-wrap\"><input id=\"wpsl-search-btn\" type=\"submit\" value=\"Search\"><\/div>\r\n\t\t<\/form>\r\n\t\t<\/div>\r\n\t<\/div>\r\n\t<div id=\"wpsl-gmap\" class=\"wpsl-gmap-canvas\"><\/div>\r\n\t<div id=\"wpsl-result-list\">\r\n\t\t<div id=\"wpsl-stores\" >\r\n\t\t\t<ul><\/ul>\r\n\t\t<\/div>\r\n\t\t<div id=\"wpsl-direction-details\">\r\n\t\t\t<ul><\/ul>\r\n\t\t<\/div>\r\n\t<\/div>\r\n<\/div>\r\n[\/text][\/vc_column][\/vc_row][vc_row row_layout=&#8220;full&#8220; row_spacing=&#8220;top-spacing-med bottom-spacing-0&#8243;][vc_column][text]<\/p>\n<h2 class=\"txt-center\">Meler<br \/>\n<strong>HEADQUARTERS<\/strong><\/h2>\n<p>[\/text][vc_row_inner row_layout=&#8220;full&#8220; row_spacing=&#8220;bottom-spacing-med top-spacing-0&#8243;][vc_column_inner][ttdirectories carousel_columns=&#8220;Infinito&#8220; position=&#8220;position_center&#8220;][ttdirectory_item directory_item_style=&#8220;directory-item-style-1&#8243; title=&#8220;Spanien&#8220; directory_style=&#8220;directory-item-style-1&#8243; image=&#8220;18247&#8243;]FOCKE MELER GLUING SOLUTIONS, S.A<br \/>\nPol. Arazuri-Orkoien, c\/B, n\u00ba3A<br \/>\n31170 Arazuri (Navarra)<br \/>\nPhone: (00 34) 948 351 110<br \/>\nFax: (00 34) 948 351 130<br \/>\nEmail: <a href=\"mailto:info@meler.cn\">info@meler.cn<\/a><br \/>\nWeb: <a href=\"https:\/\/www.meler.cn\/es\/\">https:\/\/www.meler.cn\/es\/<\/a><br \/>\nStandort: <a href=\"http:\/\/www.google.com\/maps\/place\/42.815083,-1.709028\/@42.815083,-1.709028,15z\" target=\"_blank\" rel=\"noopener\">Siehe Karte<\/a>[\/ttdirectory_item][ttdirectory_item title=&#8220;Deutschland&#8220; image=&#8220;18242&#8243;]FOCKE MELER GERMANY GmbH<br \/>\nSiemensring 44J<br \/>\nWillich 47877<br \/>\nPhone: +49 (0) 4231 891 5792<br \/>\nEmail: <a href=\"mailto:infogermany@meler.cn\">infogermany@meler.cn<\/a><br \/>\nWeb: <a href=\"https:\/\/www.meler.cn\/de\/\">https:\/\/www.meler.cn\/de\/<\/a><br \/>\nStandort: <a href=\"https:\/\/maps.app.goo.gl\/Vr9zgg8YwNv76aKR9\" target=\"_blank\" rel=\"noopener\">Siehe Karte<\/a>[\/ttdirectory_item][ttdirectory_item directory_item_style=&#8220;directory-item-style-1&#8243; title=&#8220;Italien&#8220; directory_style=&#8220;directory-item-style-1&#8243; image=&#8220;18262&#8243;]FOCKE MELER ITALY S.R.L<br \/>\nVia dell\u2019Artigianato, 2<br \/>\nOzzano dell\u2019Emilia (Bolonia)<br \/>\n40064<br \/>\nPhone: (0039) 051 768459<br \/>\nFax: (0039) 051 767845<br \/>\nEmail: <a href=\"mailto:infoitaly@meler.cn\">infoitaly@meler.cn<\/a><br \/>\nWeb: <a href=\"https:\/\/www.meler.cn\/it\/\">https:\/\/www.meler.cn\/it\/<\/a><br \/>\nStandort: <a href=\"http:\/\/www.google.com\/maps\/place\/44.529919,11.411893\/@44.529919,11.411893,15z\" target=\"_blank\" rel=\"noopener\">Siehe Karte<\/a>[\/ttdirectory_item][ttdirectory_item title=&#8220;Frankreich&#8220; image=&#8220;18257&#8243;]FOCKE MELER FRANCE s.a.r.l<br \/>\n14 Rue Lavoisier<br \/>\nIngr\u00e9 Orl\u00e9ans 45140<br \/>\nPhone: (00 33) 160 050 303<br \/>\nFax: (00 33) 160 050 444<br \/>\nEmail: <a href=\"mailto:infofrance@meler.cn\">infofrance@meler.cn<\/a><br \/>\nWeb: <a href=\"https:\/\/www.meler.cn\/fr\/\">https:\/\/www.meler.cn\/fr\/<\/a><br \/>\nStandort: <a href=\"http:\/\/www.google.com\/maps\/place\/47.903069,1.849307\/@47.903069,1.849307,15z\" target=\"_blank\" rel=\"noopener\">Siehe Karte<\/a>[\/ttdirectory_item][ttdirectory_item title=&#8220;Grossbritannien&#8220; directory_style=&#8220;directory-item-style-1&#8243; image=&#8220;18267&#8243;]Focke Meler UK<br \/>\n9 Boleyn Court, Manor Park<br \/>\nRuncorn (Cheshire) WA7 1SR<br \/>\nPhone: (00 44) 0 3338 804 567<br \/>\nEmail: <a href=\"mailto:infouk@meler.cn\">infouk@meler.cn<\/a><br \/>\nWeb: <a href=\"https:\/\/www.meler.cn\/meleruk\/\">https:\/\/www.meler.cn\/meleruk\/<\/a><br \/>\nStandort: <a href=\"https:\/\/maps.app.goo.gl\/ZrkRgbprLRo9ZutHA\" target=\"_blank\" rel=\"noopener\">Siehe Karte<\/a>[\/ttdirectory_item][ttdirectory_item directory_item_style=&#8220;directory-item-style-1&#8243; title=&#8220;USA\/KANADA&#8220; directory_style=&#8220;directory-item-style-1&#8243; image=&#8220;18252&#8243;]Meler USA Corporation<br \/>\n4623 Dwight Evans Rd.<br \/>\nCharlotte (NC) 28217<br \/>\nPhone: (001) 980 556 7990<br \/>\nFax: (001) 980 224 7967<br \/>\nEmail: <a href=\"mailto:infousa@meler.cn\">infousa@meler.cn<\/a><br \/>\nWeb: <a href=\"https:\/\/www.melerusa.com\">https:\/\/www.melerusa.com<\/a><br \/>\nStandort: <a href=\"http:\/\/www.google.com\/maps\/place\/35.190319,-80.896606\/@35.190319,-80.896606,15z\" target=\"_blank\" rel=\"noopener\">Siehe Karte<\/a>[\/ttdirectory_item][\/ttdirectories][\/vc_column_inner][\/vc_row_inner][\/vc_column][\/vc_row][vc_row row_layout=&#8220;full&#8220; bg_image_position=&#8220;50% 0&#8243; row_spacing=&#8220;top-spacing-med bottom-spacing-0&#8243;][vc_column width=&#8220;1\/1&#8243;][CtaModule cta_item=&#8220;21632&#8243;][\/vc_column][\/vc_row][vc_row][vc_column width=&#8220;1\/1&#8243;][text]<\/p>\n<h2 class=\"txt-center no-mg-bottom style-01\"><strong>Partner <\/strong>Offizielle<\/h2>\n<p>[\/text][\/vc_column][\/vc_row][vc_row][vc_column width=&#8220;1\/1&#8243;][vc_row_inner][vc_column_inner][ttfaqs][faq_item title=&#8220;Deutschland&#8220;]<strong>PUFFE ENGINEERING GmbH<\/strong><br \/>\nAm Siemensbach 5-7<br \/>\nSankt Augustin<br \/>\n53757<br \/>\nPhone: +49 (0) 2241 866060 0<br \/>\nFax: +49 (0) 2241 866060 90<br \/>\nEmail: <a href=\"mailto:info@puffe.eu\">info@puffe.eu<\/a><br \/>\nWeb: <a href=\"http:\/\/www.puffe.biz\" target=\"_blank\" rel=\"noopener\">http:\/\/www.puffe.biz<\/a><br \/>\nLocation: <a href=\"http:\/\/www.google.com\/maps\/place\/50.765202,7.198280\/@50.765202,7.198280,15z\" target=\"_blank\" rel=\"noopener\">View map<\/a>[\/faq_item][faq_item title=&#8220;Argentinien&#8220;]<strong>EUROMEL S.A<\/strong><br \/>\nTte. Gral. Pablo Ricchieri 3542<br \/>\nCiudadela (Buenos Aires)<br \/>\n1702<br \/>\nPhone: (5411) 7712 0666<br \/>\nEmail: <a href=\"mailto:euromel@euromel.com.ar\">euromel@euromel.com.ar<\/a><br \/>\nWeb: <a href=\"http:\/\/www.euromel.com.ar\" target=\"_blank\" rel=\"noopener\">http:\/\/www.euromel.com.ar<\/a><br \/>\nLocation: <a href=\"http:\/\/www.google.com\/maps\/place\/-34.626808,-58.542637\/@-34.626808,-58.542637,15z\" target=\"_blank\" rel=\"noopener\">View map<\/a>[\/faq_item][faq_item title=&#8220;Australien&#8220;]<strong>AUTOMAINT SOLUTIONS PTY LTD<\/strong><br \/>\n18 Concorde Drive, Keilor Park<br \/>\nMelbourne (Victoria)<br \/>\n3042<br \/>\nPhone: (00 61) 03 9330 2678<br \/>\nEmail: <a href=\"mailto:gluesales@automaint.com.au\">gluesales@automaint.com.au<\/a><br \/>\nWeb: <a href=\"https:\/\/www.meler.cn\/meleraustralia\/\" target=\"_blank\" rel=\"noopener\">https:\/\/www.meler.cn\/meleraustralia\/<\/a><br \/>\nLocation: <a href=\"http:\/\/www.google.com\/maps\/place\/-37.721638,144.848663\/@-37.721638,144.848663,15z\" target=\"_blank\" rel=\"noopener\">View map<\/a>[\/faq_item][faq_item title=&#8220;\u00d6sterreich&#8220;]<strong>OBL SYSTEMVERTRIEB GMBH<\/strong><br \/>\nRainerstrasse 19<br \/>\nWels<br \/>\n4600<br \/>\nPhone: (00 43) 7242 66821<br \/>\nFax: (00 43) 7242 66821\/26<br \/>\nEmail: <a href=\"mailto:office@oblsys.at\">office@oblsys.at<\/a><br \/>\nWeb: <a href=\"http:\/\/www.oblsys.at\" target=\"_blank\" rel=\"noopener\">http:\/\/www.oblsys.at<\/a><br \/>\nLocation: <a href=\"http:\/\/www.google.com\/maps\/place\/48.162727,14.020883\/@48.162727,14.020883,15z\" target=\"_blank\" rel=\"noopener\">View map<\/a>[\/faq_item][faq_item title=&#8220;Belgien&#8220;]<strong>CERTIS BELGIUM NV<\/strong><br \/>\nAntwerpsesteenweg 859<br \/>\nGent-Oostakker<br \/>\n9041<br \/>\nPhone: (00 32) 0 9 355 02 42<br \/>\nFax: (00 32) 0 9 355 04 77<br \/>\nEmail: <a href=\"mailto:info@certis.be\">info@certis.be<\/a><br \/>\nWeb: <a href=\"http:\/\/www.certis.be\" target=\"_blank\" rel=\"noopener\">http:\/\/www.certis.be<\/a><br \/>\nLocation: <a href=\"http:\/\/www.google.com\/maps\/place\/51.078545,3.781384\/@51.078545,3.781384,15z\" target=\"_blank\" rel=\"noopener\">View map<\/a>[\/faq_item][faq_item title=&#8220;Chile&#8220;]<strong>COMERCIALIZADORA AS CHILE LTDA<\/strong><br \/>\nAvenida Vitacura 3568 Of. 205<br \/>\nVitacura (Santiago de Chile)<br \/>\n7630000<br \/>\nPhone: (00 56) 226 519 097<br \/>\nEmail: <a href=\"mailto:comercializadoraas@entelchile.net\">comercializadoraas@entelchile.net<\/a><br \/>\nWeb: <a href=\"http:\/\/www.as-equiposhotmelt.cl\/\" target=\"_blank\" rel=\"noopener\">http:\/\/www.as-equiposhotmelt.cl\/<\/a><br \/>\nLocation: <a href=\"http:\/\/www.google.com\/maps\/place\/-33.403580,-70.595840\/@-33.403580,-70.595840,15z\" target=\"_blank\" rel=\"noopener\">View map<\/a>[\/faq_item][\/ttfaqs][\/vc_column_inner][\/vc_row_inner][vc_row_inner row_spacing=&#8220;top-spacing-min bottom-spacing-min&#8220; el_class=&#8220;row-txt-center&#8220;][vc_column_inner][ttdirectory_files style=&#8220;style-01&#8243;][file file_link=&#8220;https:\/\/www.meler.cn\/de\/meler\/meler-ein-der-welt\/offizielle-partner\/&#8220; file_private=&#8220;&#8220; link_test=&#8220;Alle Partner anzeigen&#8220;][\/ttdirectory_files][\/vc_column_inner][\/vc_row_inner][\/vc_column][\/vc_row][vc_row row_layout=&#8220;full&#8220; bg_image_position=&#8220;50% 0&#8243; row_spacing=&#8220;spacing-v-none&#8220;][vc_column width=&#8220;1\/1&#8243;][CtaModule cta_item=&#8220;21576&#8243;][\/vc_column][\/vc_row]<\/p>\n","protected":false},"excerpt":{"rendered":"<p>[vc_row bg_image_position=&#8220;0 100%&#8220; row_bg_color=&#8220;bg-04&#8243; row_spacing=&#8220;top-spacing bottom-spacing&#8220; row_vertical_align=&#8220;valign-middle&#8220; el_class=&#8220;reverse-column-mobile&#8220;][vc_column row_spacing=&#8220;spacing-v-0&#8243; row_spacing_h=&#8220;left-spacing&#8220; width=&#8220;1\/1&#8243;][text] Gluing Worldwide In dem Bestreben, die Entwicklung unserer Partner und Kunden zu f\u00f6rdern, suchen wir stets die besten L\u00f6sungen. Und das, wo immer Sie sind. Finden Sie Ihre n\u00e4chstgelegene Meler-Zentrale und entdecken Sie, wie es ist, auf Ihren #YourGluingSolutionsPartner zu z\u00e4hlen, wann immer Sie [&hellip;]<\/p>\n","protected":false},"author":2,"featured_media":12863,"parent":26021,"menu_order":115,"comment_status":"closed","ping_status":"closed","template":"template-header-no-spacing.php","meta":[],"yoast_head":"<!-- This site is optimized with the Yoast SEO plugin v20.3 - https:\/\/yoast.com\/wordpress\/plugins\/seo\/ -->\n<title>Wir sind in Ihrer N\u00e4he, finden Sie Ihr n\u00e4chstes B\u00fcro - Meler<\/title>\n<meta name=\"description\" content=\"Finden Sie den n\u00e4chstgelegenen H\u00e4ndler und erfahren Sie, wie Meler Ihr Gesch\u00e4ft ankurbeln kann.\" \/>\n<meta name=\"robots\" content=\"index, follow, max-snippet:-1, max-image-preview:large, max-video-preview:-1\" \/>\n<link rel=\"canonical\" href=\"https:\/\/www.meler.cn\/de\/meler\/meler-ein-der-welt\/\" \/>\n<meta property=\"og:locale\" content=\"de_DE\" \/>\n<meta property=\"og:type\" content=\"article\" \/>\n<meta property=\"og:title\" content=\"Wir sind in Ihrer N\u00e4he, finden Sie Ihr n\u00e4chstes B\u00fcro - Meler\" \/>\n<meta property=\"og:description\" content=\"Finden Sie den n\u00e4chstgelegenen H\u00e4ndler und erfahren Sie, wie Meler Ihr Gesch\u00e4ft ankurbeln kann.\" \/>\n<meta property=\"og:url\" content=\"https:\/\/www.meler.cn\/de\/meler\/meler-ein-der-welt\/\" \/>\n<meta property=\"og:site_name\" content=\"Meler\" \/>\n<meta property=\"article:modified_time\" content=\"2024-12-09T15:59:59+00:00\" \/>\n<meta property=\"og:image\" content=\"https:\/\/20097.ttandemdigital.com\/media\/header-meler-en-el-mundo-meler.png\" \/>\n\t<meta property=\"og:image:width\" content=\"1920\" \/>\n\t<meta property=\"og:image:height\" content=\"780\" \/>\n\t<meta property=\"og:image:type\" content=\"image\/png\" \/>\n<meta name=\"twitter:card\" content=\"summary_large_image\" \/>\n<meta name=\"twitter:label1\" content=\"Gesch\u00e4tzte Lesezeit\" \/>\n\t<meta name=\"twitter:data1\" content=\"3 Minuten\" \/>\n<script type=\"application\/ld+json\" class=\"yoast-schema-graph\">{\"@context\":\"https:\/\/schema.org\",\"@graph\":[{\"@type\":\"WebPage\",\"@id\":\"https:\/\/www.meler.cn\/de\/meler\/meler-ein-der-welt\/\",\"url\":\"https:\/\/www.meler.cn\/de\/meler\/meler-ein-der-welt\/\",\"name\":\"Wir sind in Ihrer N\u00e4he, finden Sie Ihr n\u00e4chstes B\u00fcro - Meler\",\"isPartOf\":{\"@id\":\"https:\/\/www.meler.cn\/de\/#website\"},\"datePublished\":\"2022-11-28T08:41:57+00:00\",\"dateModified\":\"2024-12-09T15:59:59+00:00\",\"description\":\"Finden Sie den n\u00e4chstgelegenen H\u00e4ndler und erfahren Sie, wie Meler Ihr Gesch\u00e4ft ankurbeln kann.\",\"breadcrumb\":{\"@id\":\"https:\/\/www.meler.cn\/de\/meler\/meler-ein-der-welt\/#breadcrumb\"},\"inLanguage\":\"de-DE\",\"potentialAction\":[{\"@type\":\"ReadAction\",\"target\":[\"https:\/\/www.meler.cn\/de\/meler\/meler-ein-der-welt\/\"]}]},{\"@type\":\"BreadcrumbList\",\"@id\":\"https:\/\/www.meler.cn\/de\/meler\/meler-ein-der-welt\/#breadcrumb\",\"itemListElement\":[{\"@type\":\"ListItem\",\"position\":1,\"name\":\"Portada\",\"item\":\"https:\/\/www.meler.cn\/de\/\"},{\"@type\":\"ListItem\",\"position\":2,\"name\":\"Meler\",\"item\":\"https:\/\/20097.ttandemdigital.com\/de\/meler\/\"},{\"@type\":\"ListItem\",\"position\":3,\"name\":\"BEI IHNEN, WO IMMER SIE SIND\"}]},{\"@type\":\"WebSite\",\"@id\":\"https:\/\/www.meler.cn\/de\/#website\",\"url\":\"https:\/\/www.meler.cn\/de\/\",\"name\":\"Meler\",\"description\":\"Just another WordPress site\",\"potentialAction\":[{\"@type\":\"SearchAction\",\"target\":{\"@type\":\"EntryPoint\",\"urlTemplate\":\"https:\/\/www.meler.cn\/de\/?s={search_term_string}\"},\"query-input\":\"required name=search_term_string\"}],\"inLanguage\":\"de-DE\"}]}<\/script>\n<!-- \/ Yoast SEO plugin. -->","yoast_head_json":{"title":"Wir sind in Ihrer N\u00e4he, finden Sie Ihr n\u00e4chstes B\u00fcro - Meler","description":"Finden Sie den n\u00e4chstgelegenen H\u00e4ndler und erfahren Sie, wie Meler Ihr Gesch\u00e4ft ankurbeln kann.","robots":{"index":"index","follow":"follow","max-snippet":"max-snippet:-1","max-image-preview":"max-image-preview:large","max-video-preview":"max-video-preview:-1"},"canonical":"https:\/\/www.meler.cn\/de\/meler\/meler-ein-der-welt\/","og_locale":"de_DE","og_type":"article","og_title":"Wir sind in Ihrer N\u00e4he, finden Sie Ihr n\u00e4chstes B\u00fcro - Meler","og_description":"Finden Sie den n\u00e4chstgelegenen H\u00e4ndler und erfahren Sie, wie Meler Ihr Gesch\u00e4ft ankurbeln kann.","og_url":"https:\/\/www.meler.cn\/de\/meler\/meler-ein-der-welt\/","og_site_name":"Meler","article_modified_time":"2024-12-09T15:59:59+00:00","og_image":[{"width":1920,"height":780,"url":"https:\/\/20097.ttandemdigital.com\/media\/header-meler-en-el-mundo-meler.png","type":"image\/png"}],"twitter_card":"summary_large_image","twitter_misc":{"Gesch\u00e4tzte Lesezeit":"3 Minuten"},"schema":{"@context":"https:\/\/schema.org","@graph":[{"@type":"WebPage","@id":"https:\/\/www.meler.cn\/de\/meler\/meler-ein-der-welt\/","url":"https:\/\/www.meler.cn\/de\/meler\/meler-ein-der-welt\/","name":"Wir sind in Ihrer N\u00e4he, finden Sie Ihr n\u00e4chstes B\u00fcro - Meler","isPartOf":{"@id":"https:\/\/www.meler.cn\/de\/#website"},"datePublished":"2022-11-28T08:41:57+00:00","dateModified":"2024-12-09T15:59:59+00:00","description":"Finden Sie den n\u00e4chstgelegenen H\u00e4ndler und erfahren Sie, wie Meler Ihr Gesch\u00e4ft ankurbeln kann.","breadcrumb":{"@id":"https:\/\/www.meler.cn\/de\/meler\/meler-ein-der-welt\/#breadcrumb"},"inLanguage":"de-DE","potentialAction":[{"@type":"ReadAction","target":["https:\/\/www.meler.cn\/de\/meler\/meler-ein-der-welt\/"]}]},{"@type":"BreadcrumbList","@id":"https:\/\/www.meler.cn\/de\/meler\/meler-ein-der-welt\/#breadcrumb","itemListElement":[{"@type":"ListItem","position":1,"name":"Portada","item":"https:\/\/www.meler.cn\/de\/"},{"@type":"ListItem","position":2,"name":"Meler","item":"https:\/\/20097.ttandemdigital.com\/de\/meler\/"},{"@type":"ListItem","position":3,"name":"BEI IHNEN, WO IMMER SIE SIND"}]},{"@type":"WebSite","@id":"https:\/\/www.meler.cn\/de\/#website","url":"https:\/\/www.meler.cn\/de\/","name":"Meler","description":"Just another WordPress site","potentialAction":[{"@type":"SearchAction","target":{"@type":"EntryPoint","urlTemplate":"https:\/\/www.meler.cn\/de\/?s={search_term_string}"},"query-input":"required name=search_term_string"}],"inLanguage":"de-DE"}]}},"_links":{"self":[{"href":"https:\/\/www.meler.cn\/de\/wp-json\/wp\/v2\/pages\/23906"}],"collection":[{"href":"https:\/\/www.meler.cn\/de\/wp-json\/wp\/v2\/pages"}],"about":[{"href":"https:\/\/www.meler.cn\/de\/wp-json\/wp\/v2\/types\/page"}],"author":[{"embeddable":true,"href":"https:\/\/www.meler.cn\/de\/wp-json\/wp\/v2\/users\/2"}],"replies":[{"embeddable":true,"href":"https:\/\/www.meler.cn\/de\/wp-json\/wp\/v2\/comments?post=23906"}],"version-history":[{"count":15,"href":"https:\/\/www.meler.cn\/de\/wp-json\/wp\/v2\/pages\/23906\/revisions"}],"predecessor-version":[{"id":34000,"href":"https:\/\/www.meler.cn\/de\/wp-json\/wp\/v2\/pages\/23906\/revisions\/34000"}],"up":[{"embeddable":true,"href":"https:\/\/www.meler.cn\/de\/wp-json\/wp\/v2\/pages\/26021"}],"wp:featuredmedia":[{"embeddable":true,"href":"https:\/\/www.meler.cn\/de\/wp-json\/wp\/v2\/media\/12863"}],"wp:attachment":[{"href":"https:\/\/www.meler.cn\/de\/wp-json\/wp\/v2\/media?parent=23906"}],"curies":[{"name":"wp","href":"https:\/\/api.w.org\/{rel}","templated":true}]}}