




















{"id":23845,"date":"2022-11-25T12:38:34","date_gmt":"2022-11-25T12:38:34","guid":{"rendered":"https:\/\/www.meler.eu\/meler-support\/"},"modified":"2025-01-15T12:30:52","modified_gmt":"2025-01-15T12:30:52","slug":"meler-support","status":"publish","type":"page","link":"https:\/\/www.meler.cn\/de\/dienstleistungen\/meler-support\/","title":{"rendered":"Meler Support"},"content":{"rendered":"<p>[vc_row row_spacing=&#8220;spacing-v-none&#8220; el_class=&#8220;bg-line&#8220;][vc_column][text]<\/p>\n<h2 class=\"txt-center style-01 txt-width\"><strong>Warum MELER-Support w\u00e4hlen?<\/strong><\/h2>\n<p>[\/text][vc_row_inner row_spacing=&#8220;bottom-spacing-min top-spacing-0&#8243;][vc_column_inner width=&#8220;1\/3&#8243;][single_image image=&#8220;30655&#8243; image_spacing=&#8220;bottom-spacing-min top-spacing-0&#8243;][text]<\/p>\n<h2>Installation<\/h2>\n<p>Unsere erfahrenen Techniker k\u00fcmmern sich pers\u00f6nlich um die Installation, Integration und Inbetriebnahme s\u00e4mtlicher Ger\u00e4te und deren Zubeh\u00f6r. Dabei gew\u00e4hrleisten Sie die Einhaltung h\u00f6chster Qualit\u00e4tsstandards.[\/text][\/vc_column_inner][vc_column_inner width=&#8220;1\/3&#8243;][single_image image=&#8220;30660&#8243; image_spacing=&#8220;bottom-spacing-min top-spacing-0&#8243;][text]<\/p>\n<h2>Reparatur<\/h2>\n<p>Diagnose und Reparatur von besch\u00e4digten Ger\u00e4ten, um Produktionsausf\u00e4lle zu minimieren oder g\u00e4nzlich zu vermeiden.[\/text][\/vc_column_inner][vc_column_inner width=&#8220;1\/3&#8243;][single_image image=&#8220;30666&#8243; image_spacing=&#8220;bottom-spacing-min top-spacing-0&#8243;][text]<\/p>\n<h2>Wartung<\/h2>\n<p>Vorbeugende Wartungen durch die besten Meler-Spezialisten, um den einwandfreien Betrieb der L\u00f6sungen sicherzustellen. Wir bieten ma\u00dfgeschneiderte Wartungsvertr\u00e4ge an, um unn\u00f6tige Stillst\u00e4nde zu reduzieren oder ganz zu vermeiden.[\/text][\/vc_column_inner][\/vc_row_inner][vc_row_inner][vc_column_inner width=&#8220;1\/3&#8243;][single_image image=&#8220;30671&#8243; image_spacing=&#8220;bottom-spacing-min top-spacing-0&#8243;][text]<\/p>\n<h2>Test<\/h2>\n<p>Exklusiver Testservice in unserem Meler Lab. Kunden k\u00f6nnen geplante Anwendungen gemeinsam mit den Meler-Technikern live validieren, um die Machbarkeit des Projekts sicherzustellen und die gew\u00fcnschte Anwendung zu \u00fcberpr\u00fcfen.[\/text][\/vc_column_inner][vc_column_inner width=&#8220;1\/3&#8243;][single_image image=&#8220;31094&#8243; image_spacing=&#8220;bottom-spacing-min top-spacing-0&#8243;][text]<\/p>\n<h2>Schulung<\/h2>\n<p>Wir h\u00f6ren auf Ihre Bed\u00fcrfnisse und teilen unsere Expertise mit Ihnen \u00fcber die Meler Academy. Die integrative Akademie bietet ma\u00dfgeschneiderte Kurse, um Sie und Ihr gesamtes Team optimal zu schulen.[\/text][\/vc_column_inner][vc_column_inner width=&#8220;1\/3&#8243;][single_image image=&#8220;30676&#8243; image_spacing=&#8220;bottom-spacing-min top-spacing-0&#8243;][text]<\/p>\n<h2>Kundendienst<\/h2>\n<p>Wir stehen Ihnen bei jeder Frage oder jedem Anliegen zu unseren Produkten beratend zur Seite \u2013 mit einem personalisierten und komplett kostenfreien Service.[\/text][\/vc_column_inner][\/vc_row_inner][\/vc_column][\/vc_row][vc_row row_spacing=&#8220;bottom-spacing top-spacing-0&#8243; row_vertical_align=&#8220;valign-middle&#8220; el_class=&#8220;reverse-column-mobile&#8220;][vc_column row_spacing=&#8220;spacing-v-none&#8220; width=&#8220;1\/2&#8243;][single_image image=&#8220;31099&#8243; image_spacing=&#8220;spacing-v-none&#8220;][\/vc_column][vc_column row_spacing=&#8220;spacing-v-none&#8220; row_spacing_h=&#8220;left-spacing&#8220; width=&#8220;1\/2&#8243;][text]<\/p>\n<p class=\"summary\">Internationale Ausrichtung<\/p>\n<p>\u00dcber unsere Tochtergesellschaften weltweit und ein Netzwerk von Partnern mit hoher Expertise bieten wir schnellen Support in Ihrer N\u00e4he.[\/text][\/vc_column][\/vc_row][vc_row row_spacing=&#8220;bottom-spacing top-spacing-0&#8243; row_vertical_align=&#8220;valign-middle&#8220; el_class=&#8220;reverse-column-mobile&#8220;][vc_column row_spacing=&#8220;spacing-v-none&#8220; width=&#8220;1\/2&#8243;][text]<\/p>\n<p class=\"summary\">Immer an Ihrer Seite, egal wo<\/p>\n<p>Mit modernster Technologie erreichen wir jeden Ort. \u00dcber Augmented-Reality-Brillen bieten wir unseren Kunden innovativen Support, der Live-Schulungen, Produktpr\u00e4sentationen und Echtzeit-Support an jedem Ort erm\u00f6glicht. [\/text][\/vc_column][vc_column row_spacing=&#8220;spacing-v-none&#8220; row_spacing_h=&#8220;spacing-h-0&#8243; width=&#8220;1\/2&#8243;][single_image image=&#8220;19983&#8243; image_spacing=&#8220;spacing-v-none&#8220;][\/vc_column][\/vc_row][vc_row row_spacing=&#8220;spacing-v-none&#8220; row_vertical_align=&#8220;valign-middle&#8220;][vc_column width=&#8220;1\/1&#8243;][video_youtube video_image=&#8220;19978&#8243; video_url=&#8220;https:\/\/www.youtube.com\/watch?v=3wz4MGLPpZw&#8220;][\/vc_column][\/vc_row][vc_row bg_image_position=&#8220;50% 0&#8243;][vc_column width=&#8220;1\/1&#8243;][text]<\/p>\n<h2 class=\"txt-center\"><strong>H\u00e4ufige Fragen<\/strong><\/h2>\n<p>[\/text][ttfaqs][faq_item title=&#8220;Kann ich selbstst\u00e4ndig \u00c4nderungen an meiner Ausr\u00fcstung vornehmen?&#8220;]Meler entwickelt seine L\u00f6sungen mit echter Kundenorientierung. Daher kann der Bediener die Pumpparameter und Temperaturen leicht anpassen.<\/p>\n<p>Zur Erleichterung der Wartungsarbeiten, wie z.B. beim Wechsel der Filter oder der Reinigung des Tanks, lassen sich die Geh\u00e4use bequem abnehmen, so dass Sie vollen Zugang zum Inneren des Ger\u00e4ts haben.<\/p>\n<p>F\u00fcr \u00c4nderungen an der Installation, wie z.B. eine Kanalerweiterung, die Integration eines Trigger-Controllers oder eine Software\u00e4nderung, empfiehlt Meler, einen autorisierten Techniker hinzuzuziehen.[\/faq_item][faq_item title=&#8220;Wie lautet die richtige Arbeitstemperatur?&#8220;]Beachten Sie das technische Datenblatt des eingesetzten Klebstoffs bez\u00fcglich der Erweichungs- und Anwendungstemperaturen. Die Anwendungstemperatur der Klebstoffe kann zwischen 120 und 200 \u00b0C liegen. Meler bietet auch Spezialger\u00e4te f\u00fcr die Arbeit mit hohen Temperaturen (bis zu 230 \u00b0C).[\/faq_item][faq_item title=&#8220;L\u00e4sst sich die Verkohlung von Klebstoff im System vermeiden?&#8220;]Die Verkohlung ist der gr\u00f6\u00dfte Feind der Produktivit\u00e4t bei der Arbeit mit Schmelzklebstoffen. Sie wird durch \u00dcberhitzung im System und auch durch den Kontakt mit Umgebungssauerstoff verursacht. Es gibt Systeme zur Reduzierung dieses Problems, wie z.B. das Schmelzen nach Bedarf, den Einsatz von Filtern in den Applikatoren\/Schl\u00e4uchen oder die korrekte Einstellung der Temperatur des Tanks in Abh\u00e4ngigkeit vom Verbrauch.<\/p>\n<p>Wir bei Meler empfehlen, die Ger\u00e4te bei Stillstand der Linie auf \u201eStandby\u201c zu schalten und eine sorgf\u00e4ltige vorbeugende Wartung durchzuf\u00fchren.[\/faq_item][faq_item title=&#8220;Wie oft sollte ich mein System aktualisieren?&#8220;]Das h\u00e4ngt vom Produktionstempo Ihres Unternehmens und den Arbeitsbedingungen ab. Wie alle Ger\u00e4te unterliegen auch Schmelzklebstoff-Auftragssysteme einem t\u00e4glichen Verschlei\u00df, der die regelm\u00e4\u00dfige \u00dcberpr\u00fcfung des Zustands der Module, Filter, D\u00fcsen, Magnetventile usw. erforderlich macht. Meler empfiehlt, ausreichende Austauschelemente auf Vorrat zu halten, um unn\u00f6tige Produktionsunterbrechungen zu vermeiden.<\/p>\n<p>Sollten Sie feststellen, dass Ihr System trotz ordnungsgem\u00e4\u00dfer Wartung nicht so funktioniert, wie es sollte, m\u00fcssen wahrscheinlich andere Elemente des Systems \u00fcberpr\u00fcft werden. Um die Garantie aufrechtzuerhalten, empfiehlt Meler, nur autorisierte Spezialisten (Meler-Techniker oder -Partner) Eingriffe am Ger\u00e4t vornehmen zu lassen.[\/faq_item][faq_item title=&#8220;Warum tritt der \u201eEngelshaar\u201c-Effekt auf und wie kann er vermieden werden?&#8220;]Dieser Effekt steht im Zusammenhang mit:<\/p>\n<ul class=\"style-03\">\n<li>Der Viskosit\u00e4t des Klebstoffs<\/li>\n<li>Der Anwendungstemperatur<\/li>\n<li>Dem Abstand zwischen Applikator und Substrat<\/li>\n<li>Dem Arbeitsdruck<\/li>\n<li>Den Eigenschaften des gew\u00e4hlten Moduls (einfach\/doppelt\/cc), der D\u00fcse und des gew\u00e4hlten Magnetventils<\/li>\n<\/ul>\n<p>Die Feinabstimmung dieser Variablen tr\u00e4gt dazu bei, diesen Effekt zu minimieren oder ganz zu vermeiden.[\/faq_item][faq_item title=&#8220;Wie oft muss ich mein System reinigen, um sicherzustellen, dass es ordnungsgem\u00e4\u00df funktioniert?&#8220;]Jede Anlage ist anders: Art des Klebstoffs, Arbeitsstunden, Branche; aber eine Reinigung sollte mindestens alle 1000 Stunden erfolgen. Aufgrund unserer Verantwortung als Hersteller sind wir dazu \u00fcbergegangen, Wartungsaufgaben durch pr\u00e4ventive Warnungen und Alarme zu automatisieren, um diese Arbeiten zu erleichtern. Wie auch immer Ihr Arbeitsumfeld aussieht, unser Team kann Sie beraten, um die optimale Leistung Ihrer Anlage zu gew\u00e4hrleisten.[\/faq_item][\/ttfaqs][\/vc_column][\/vc_row][vc_row row_layout=&#8220;full&#8220; bg_image_position=&#8220;50% 0&#8243; row_spacing=&#8220;top-spacing-med bottom-spacing-0&#8243;][vc_column width=&#8220;1\/1&#8243;][CtaModule cta_item=&#8220;31217&#8243;][\/vc_column][\/vc_row][vc_row row_layout=&#8220;full&#8220; row_spacing=&#8220;spacing-v-none&#8220;][vc_column width=&#8220;1\/1&#8243;][CtaModule cta_item=&#8220;34205&#8243;][\/vc_column][\/vc_row]<\/p>\n","protected":false},"excerpt":{"rendered":"<p>Globaler technischer Dienst<\/p>\n","protected":false},"author":2,"featured_media":19976,"parent":26017,"menu_order":61,"comment_status":"closed","ping_status":"closed","template":"","meta":[],"yoast_head":"<!-- This site is optimized with the Yoast SEO plugin v20.3 - https:\/\/yoast.com\/wordpress\/plugins\/seo\/ -->\n<title>Meler Support - Meler<\/title>\n<meta name=\"description\" content=\"Kontaktieren Sie den technischen Support von Meler\" \/>\n<meta name=\"robots\" content=\"index, follow, max-snippet:-1, max-image-preview:large, max-video-preview:-1\" \/>\n<link rel=\"canonical\" href=\"https:\/\/www.meler.cn\/de\/dienstleistungen\/meler-support\/\" \/>\n<meta property=\"og:locale\" content=\"de_DE\" \/>\n<meta property=\"og:type\" content=\"article\" \/>\n<meta property=\"og:title\" content=\"Meler Support - Meler\" \/>\n<meta property=\"og:description\" content=\"Kontaktieren Sie den technischen Support von Meler\" \/>\n<meta property=\"og:url\" content=\"https:\/\/www.meler.cn\/de\/dienstleistungen\/meler-support\/\" \/>\n<meta property=\"og:site_name\" content=\"Meler\" \/>\n<meta property=\"article:modified_time\" content=\"2025-01-15T12:30:52+00:00\" \/>\n<meta property=\"og:image\" content=\"https:\/\/20097.ttandemdigital.com\/media\/header-servicios-meler-suport-meler.png\" \/>\n\t<meta property=\"og:image:width\" content=\"1920\" \/>\n\t<meta property=\"og:image:height\" content=\"780\" \/>\n\t<meta property=\"og:image:type\" content=\"image\/png\" \/>\n<meta name=\"twitter:card\" content=\"summary_large_image\" \/>\n<meta name=\"twitter:label1\" content=\"Gesch\u00e4tzte Lesezeit\" \/>\n\t<meta name=\"twitter:data1\" content=\"4 Minuten\" \/>\n<script type=\"application\/ld+json\" class=\"yoast-schema-graph\">{\"@context\":\"https:\/\/schema.org\",\"@graph\":[{\"@type\":\"WebPage\",\"@id\":\"https:\/\/www.meler.cn\/de\/dienstleistungen\/meler-support\/\",\"url\":\"https:\/\/www.meler.cn\/de\/dienstleistungen\/meler-support\/\",\"name\":\"Meler Support - Meler\",\"isPartOf\":{\"@id\":\"https:\/\/www.meler.cn\/de\/#website\"},\"datePublished\":\"2022-11-25T12:38:34+00:00\",\"dateModified\":\"2025-01-15T12:30:52+00:00\",\"description\":\"Kontaktieren Sie den technischen Support von Meler\",\"breadcrumb\":{\"@id\":\"https:\/\/www.meler.cn\/de\/dienstleistungen\/meler-support\/#breadcrumb\"},\"inLanguage\":\"de-DE\",\"potentialAction\":[{\"@type\":\"ReadAction\",\"target\":[\"https:\/\/www.meler.cn\/de\/dienstleistungen\/meler-support\/\"]}]},{\"@type\":\"BreadcrumbList\",\"@id\":\"https:\/\/www.meler.cn\/de\/dienstleistungen\/meler-support\/#breadcrumb\",\"itemListElement\":[{\"@type\":\"ListItem\",\"position\":1,\"name\":\"Portada\",\"item\":\"https:\/\/www.meler.cn\/de\/\"},{\"@type\":\"ListItem\",\"position\":2,\"name\":\"Dienstleistungen\",\"item\":\"https:\/\/20097.ttandemdigital.com\/de\/dienstleistungen\/\"},{\"@type\":\"ListItem\",\"position\":3,\"name\":\"Meler Support\"}]},{\"@type\":\"WebSite\",\"@id\":\"https:\/\/www.meler.cn\/de\/#website\",\"url\":\"https:\/\/www.meler.cn\/de\/\",\"name\":\"Meler\",\"description\":\"Just another WordPress site\",\"potentialAction\":[{\"@type\":\"SearchAction\",\"target\":{\"@type\":\"EntryPoint\",\"urlTemplate\":\"https:\/\/www.meler.cn\/de\/?s={search_term_string}\"},\"query-input\":\"required name=search_term_string\"}],\"inLanguage\":\"de-DE\"}]}<\/script>\n<!-- \/ Yoast SEO plugin. -->","yoast_head_json":{"title":"Meler Support - Meler","description":"Kontaktieren Sie den technischen Support von Meler","robots":{"index":"index","follow":"follow","max-snippet":"max-snippet:-1","max-image-preview":"max-image-preview:large","max-video-preview":"max-video-preview:-1"},"canonical":"https:\/\/www.meler.cn\/de\/dienstleistungen\/meler-support\/","og_locale":"de_DE","og_type":"article","og_title":"Meler Support - Meler","og_description":"Kontaktieren Sie den technischen Support von Meler","og_url":"https:\/\/www.meler.cn\/de\/dienstleistungen\/meler-support\/","og_site_name":"Meler","article_modified_time":"2025-01-15T12:30:52+00:00","og_image":[{"width":1920,"height":780,"url":"https:\/\/20097.ttandemdigital.com\/media\/header-servicios-meler-suport-meler.png","type":"image\/png"}],"twitter_card":"summary_large_image","twitter_misc":{"Gesch\u00e4tzte Lesezeit":"4 Minuten"},"schema":{"@context":"https:\/\/schema.org","@graph":[{"@type":"WebPage","@id":"https:\/\/www.meler.cn\/de\/dienstleistungen\/meler-support\/","url":"https:\/\/www.meler.cn\/de\/dienstleistungen\/meler-support\/","name":"Meler Support - Meler","isPartOf":{"@id":"https:\/\/www.meler.cn\/de\/#website"},"datePublished":"2022-11-25T12:38:34+00:00","dateModified":"2025-01-15T12:30:52+00:00","description":"Kontaktieren Sie den technischen Support von Meler","breadcrumb":{"@id":"https:\/\/www.meler.cn\/de\/dienstleistungen\/meler-support\/#breadcrumb"},"inLanguage":"de-DE","potentialAction":[{"@type":"ReadAction","target":["https:\/\/www.meler.cn\/de\/dienstleistungen\/meler-support\/"]}]},{"@type":"BreadcrumbList","@id":"https:\/\/www.meler.cn\/de\/dienstleistungen\/meler-support\/#breadcrumb","itemListElement":[{"@type":"ListItem","position":1,"name":"Portada","item":"https:\/\/www.meler.cn\/de\/"},{"@type":"ListItem","position":2,"name":"Dienstleistungen","item":"https:\/\/20097.ttandemdigital.com\/de\/dienstleistungen\/"},{"@type":"ListItem","position":3,"name":"Meler Support"}]},{"@type":"WebSite","@id":"https:\/\/www.meler.cn\/de\/#website","url":"https:\/\/www.meler.cn\/de\/","name":"Meler","description":"Just another WordPress site","potentialAction":[{"@type":"SearchAction","target":{"@type":"EntryPoint","urlTemplate":"https:\/\/www.meler.cn\/de\/?s={search_term_string}"},"query-input":"required name=search_term_string"}],"inLanguage":"de-DE"}]}},"_links":{"self":[{"href":"https:\/\/www.meler.cn\/de\/wp-json\/wp\/v2\/pages\/23845"}],"collection":[{"href":"https:\/\/www.meler.cn\/de\/wp-json\/wp\/v2\/pages"}],"about":[{"href":"https:\/\/www.meler.cn\/de\/wp-json\/wp\/v2\/types\/page"}],"author":[{"embeddable":true,"href":"https:\/\/www.meler.cn\/de\/wp-json\/wp\/v2\/users\/2"}],"replies":[{"embeddable":true,"href":"https:\/\/www.meler.cn\/de\/wp-json\/wp\/v2\/comments?post=23845"}],"version-history":[{"count":27,"href":"https:\/\/www.meler.cn\/de\/wp-json\/wp\/v2\/pages\/23845\/revisions"}],"predecessor-version":[{"id":35048,"href":"https:\/\/www.meler.cn\/de\/wp-json\/wp\/v2\/pages\/23845\/revisions\/35048"}],"up":[{"embeddable":true,"href":"https:\/\/www.meler.cn\/de\/wp-json\/wp\/v2\/pages\/26017"}],"wp:featuredmedia":[{"embeddable":true,"href":"https:\/\/www.meler.cn\/de\/wp-json\/wp\/v2\/media\/19976"}],"wp:attachment":[{"href":"https:\/\/www.meler.cn\/de\/wp-json\/wp\/v2\/media?parent=23845"}],"curies":[{"name":"wp","href":"https:\/\/api.w.org\/{rel}","templated":true}]}}