




















{"id":23222,"date":"2023-02-08T16:43:44","date_gmt":"2023-02-08T16:43:44","guid":{"rendered":"https:\/\/www.meler.eu\/politica-cookies\/"},"modified":"2023-03-17T08:00:50","modified_gmt":"2023-03-17T08:00:50","slug":"cookies-richtlinie","status":"publish","type":"page","link":"https:\/\/www.meler.cn\/de\/cookies-richtlinie\/","title":{"rendered":"Cookies-Richtlinie"},"content":{"rendered":"<p>[vc_row row_spacing=&#8220;top-spacing bottom-spacing&#8220;][vc_column width=&#8220;1\/1&#8243;][text]<\/p>\n<h2><span class=\"TextRun SCXW201719865 BCX0\" lang=\"DE-DE\" xml:lang=\"DE-DE\" data-contrast=\"none\"><span class=\"NormalTextRun SCXW201719865 BCX0\" data-ccp-parastyle=\"Normal (Web)\">Was sind Cookies?<\/span><\/span><\/h2>\n<p><span data-contrast=\"none\">Cookies sind kleine Textdateien, die auf dem Endger\u00e4t des Besuchers gespeichert werden und Informationen \u00fcber seine Aktivit\u00e4ten auf einer Webseite speichern und abrufen lassen. Obwohl die Funktionsweise aller Cookies \u00e4hnlich ist, kann ihr Zweck variieren, so dass es verschiedene Arten von Cookies gibt.\u00a0 Die spezifische Verwendung von Cookies auf dieser Website wird in Abschnitt 1.4 dieser Richtlinie dargelegt.\u00a0\u00a0\u00a0\u00a0<\/span><span data-ccp-props=\"{&quot;134233117&quot;:false,&quot;134233118&quot;:false}\">\u00a0<\/span><\/p>\n<p><span data-contrast=\"none\">Weitere Informationen zu den Cookies finden Sie in diesem <\/span><a href=\"https:\/\/de.wikipedia.org\/wiki\/HTTP-Cookie\"><span data-contrast=\"none\">Wikipedia-Eintrag<\/span><\/a><span data-contrast=\"none\"> oder unter <\/span><a href=\"https:\/\/www.datenschutz.org\/cookies\/\"><span data-contrast=\"none\">https:\/\/www.datenschutz.org\/cookies\/<\/span><\/a><span data-ccp-props=\"{&quot;134233117&quot;:false,&quot;134233118&quot;:false}\">\u00a0<\/span><\/p>\n<h2><span class=\"NormalTextRun SCXW156084984 BCX0\" data-ccp-parastyle=\"Normal (Web)\">Wie Sie die Installation v<\/span><span class=\"NormalTextRun SCXW156084984 BCX0\" data-ccp-parastyle=\"Normal (Web)\">on Cookies akzeptieren, ablehnen oder widerrufen k\u00f6nnen<\/span><\/h2>\n<p><span class=\"TextRun SCXW152593188 BCX0\" lang=\"DE-DE\" xml:lang=\"DE-DE\" data-contrast=\"none\"><span class=\"NormalTextRun SCXW152593188 BCX0\" data-ccp-parastyle=\"Normal (Web)\">Diese Website verf\u00fcgt \u00fcber einen Zustimmungsmanager, mit dem Sie bei ihrem Aufrufen die Installation von Cookies komplett akzeptieren, ablehnen oder konfigurieren k\u00f6nnen. Dort haben Sie folgende M\u00f6gl<\/span><span class=\"NormalTextRun SCXW152593188 BCX0\" data-ccp-parastyle=\"Normal (Web)\">ichkeiten:\u00a0<\/span><\/span><span class=\"EOP SCXW152593188 BCX0\" data-ccp-props=\"{&quot;134233117&quot;:false,&quot;134233118&quot;:false}\">\u00a0<\/span><\/p>\n<ul>\n<li><b><span data-contrast=\"auto\">Zustimmung zur Installation von Cookies (aller oder einer Auswahl):<\/span><\/b><span data-contrast=\"auto\"> Wenn Sie auf die Schaltfl\u00e4che \u201eAkzeptieren und fortfahren\u201c klicken, erkl\u00e4ren Sie sich mit der Installation der Cookies einverstanden, so dass alle ausgew\u00e4hlten Cookies auf Ihrem Computer installiert werden. <\/span><\/li>\n<li>Konfiguration<strong>:<\/strong> Wenn Sie auf die Schaltfl\u00e4che \u201eKonfigurieren\u201c klicken, erscheint ein Dropdown-Men\u00fc, in dem Sie ausdr\u00fccklich angeben k\u00f6nnen, welche Arten von Cookies Sie installieren lassen m\u00f6chten und welche nicht. Es werden dann nur die ausgew\u00e4hlten Cookies installiert.<\/li>\n<li><b><span data-contrast=\"auto\">Ablehnen:<\/span><\/b><span data-contrast=\"auto\"> Im Konfigurationspanel k\u00f6nnen Sie alle Cookies ablehnen, indem Sie auf die Schaltfl\u00e4che \u201eAblehnen\u201c klicken.<\/span><span data-ccp-props=\"{}\">\u00a0<\/span><\/li>\n<\/ul>\n<p><span class=\"TextRun SCXW50551693 BCX0\" lang=\"DE-DE\" xml:lang=\"DE-DE\" data-contrast=\"none\"><span class=\"NormalTextRun SCXW50551693 BCX0\" data-ccp-parastyle=\"Normal (Web)\">Sie k\u00f6nnen Ihre Cookie-Einstellungen jederzeit \u00e4ndern, indem Sie auf den <span class=\"TextRun SCXW204702947 BCX0\" lang=\"FR-FR\" xml:lang=\"FR-FR\" data-contrast=\"none\"><span class=\"NormalTextRun SCXW204702947 BCX0\" data-ccp-parastyle=\"Normal (Web)\"><span class=\"TextRun SCXW98268042 BCX0\" lang=\"EN-GB\" xml:lang=\"EN-GB\" data-contrast=\"none\"><span class=\"NormalTextRun SCXW98268042 BCX0\" data-ccp-parastyle=\"Normal (Web)\">[wpca_btn_cc_settings txt=&#8220;Link&#8220;]<\/span><\/span><\/span><\/span><\/span><\/span>\u00a0<span class=\"TextRun SCXW50551693 BCX0\" lang=\"DE-DE\" xml:lang=\"DE-DE\" data-contrast=\"none\"><span class=\"NormalTextRun SCXW50551693 BCX0\" data-ccp-parastyle=\"Normal (Web)\">klicken<\/span><\/span>.<\/p>\n<p><span class=\"TextRun SCXW127463418 BCX0\" lang=\"DE-DE\" xml:lang=\"DE-DE\" data-contrast=\"none\"><span class=\"NormalTextRun SCXW127463418 BCX0\" data-ccp-parastyle=\"Normal (Web)\">Wir weisen Sie auch darauf hin, dass Sie Cookies mit Hilfe der Konfigurationsoptionen Ihres <\/span><\/span><a class=\"Hyperlink SCXW127463418 BCX0\" href=\"https:\/\/de.wikipedia.org\/wiki\/Webbrowser\" target=\"_blank\" rel=\"noreferrer noopener\"><span class=\"TextRun Underlined SCXW127463418 BCX0\" lang=\"DE-DE\" xml:lang=\"DE-DE\" data-contrast=\"none\"><span class=\"NormalTextRun SCXW127463418 BCX0\" data-ccp-charstyle=\"Hyperlink\">Browsers<\/span><\/span><\/a><span class=\"TextRun SCXW127463418 BCX0\" lang=\"DE-DE\" xml:lang=\"DE-DE\" data-contrast=\"none\"><span class=\"NormalTextRun SCXW127463418 BCX0\" data-ccp-parastyle=\"Normal (Web)\"> l\u00f6s<\/span><span class=\"NormalTextRun SCXW127463418 BCX0\" data-ccp-parastyle=\"Normal (Web)\">chen k\u00f6nnen. Dort k\u00f6nnen Sie verschiedene Stufen des Datenschutzes einstellen, so dass Sie beispielsweise alle Cookies einer Website ablehnen oder sogar alle gespeicherten Cookies l\u00f6schen k\u00f6nnen. Zur \u00c4nderung dieser Parameter k\u00f6nnen Sie die Hilfe des jewei<\/span><span class=\"NormalTextRun SCXW127463418 BCX0\" data-ccp-parastyle=\"Normal (Web)\">ligen Browser-Herstellers in Anspruch nehmen oder die unten aufgef\u00fchrte Dokumentation konsultieren:<\/span><\/span><span class=\"EOP SCXW127463418 BCX0\" data-ccp-props=\"{&quot;134233117&quot;:false,&quot;134233118&quot;:false}\">\u00a0<\/span><\/p>\n<ul>\n<li><a class=\"Hyperlink SCXW258460678 BCX0\" href=\"https:\/\/support.google.com\/chrome\/answer\/95647?hl=de\" target=\"_blank\" rel=\"noreferrer noopener\"><span class=\"TextRun Underlined SCXW258460678 BCX0\" lang=\"DE-DE\" xml:lang=\"DE-DE\" data-contrast=\"none\"><span class=\"NormalTextRun SCXW258460678 BCX0\" data-ccp-charstyle=\"Hyperlink\">Google Chrome<\/span><\/span><\/a><span class=\"TextRun Underlined SCXW258460678 BCX0\" lang=\"DE-DE\" xml:lang=\"DE-DE\" data-contrast=\"none\"><span class=\"NormalTextRun SCXW258460678 BCX0\" data-ccp-parastyle=\"Normal (Web)\">, <\/span><\/span><a class=\"Hyperlink SCXW258460678 BCX0\" href=\"https:\/\/support.mozilla.org\/de\/kb\/cookies-informationen-websites-auf-ihrem-computer\" target=\"_blank\" rel=\"noreferrer noopener\"><span class=\"TextRun Underlined SCXW258460678 BCX0\" lang=\"DE-DE\" xml:lang=\"DE-DE\" data-contrast=\"none\"><span class=\"NormalTextRun SCXW258460678 BCX0\" data-ccp-charstyle=\"Hyperlink\">Mozilla Firefox<\/span><\/span><\/a><span class=\"TextRun Underlined SCXW258460678 BCX0\" lang=\"DE-DE\" xml:lang=\"DE-DE\" data-contrast=\"none\"><span class=\"NormalTextRun SCXW258460678 BCX0\" data-ccp-parastyle=\"Normal (Web)\">, <\/span><\/span><a class=\"Hyperlink SCXW258460678 BCX0\" href=\"https:\/\/support.apple.com\/de-de\/guide\/safari\/sfri11471\/mac\" target=\"_blank\" rel=\"noreferrer noopener\"><span class=\"TextRun Underlined SCXW258460678 BCX0\" lang=\"DE-DE\" xml:lang=\"DE-DE\" data-contrast=\"none\"><span class=\"NormalTextRun SCXW258460678 BCX0\" data-ccp-charstyle=\"Hyperlink\">Safari<\/span><\/span><\/a><span class=\"TextRun Underlined SCXW258460678 BCX0\" lang=\"DE-DE\" xml:lang=\"DE-DE\" data-contrast=\"none\"><span class=\"NormalTextRun SCXW258460678 BCX0\" data-ccp-parastyle=\"Normal (Web)\">, <\/span><\/span><a class=\"Hyperlink SCXW258460678 BCX0\" href=\"https:\/\/support.microsoft.com\/de-de\/microsoft-edge\/cookies-in-microsoft-edge-l%C3%B6schen-63947406-40ac-c3b8-57b9-2a946a29ae09\" target=\"_blank\" rel=\"noreferrer noopener\"><span class=\"TextRun Underlined SCXW258460678 BCX0\" lang=\"DE-DE\" xml:lang=\"DE-DE\" data-contrast=\"none\"><span class=\"NormalTextRun SCXW258460678 BCX0\" data-ccp-charstyle=\"Hyperlink\">Microsoft Edge<\/span><\/span><\/a><span class=\"TextRun Underlined SCXW258460678 BCX0\" lang=\"DE-DE\" xml:lang=\"DE-DE\" data-contrast=\"none\"><span class=\"NormalTextRun SCXW258460678 BCX0\" data-ccp-parastyle=\"Normal (Web)\">, <\/span><\/span><a class=\"Hyperlink SCXW258460678 BCX0\" href=\"https:\/\/support.microsoft.com\/de-de\/windows\/l%C3%B6schen-und-verwalten-von-cookies-168dab11-0753-043d-7c16-ede5947fc64d\" target=\"_blank\" rel=\"noreferrer noopener\"><span class=\"TextRun Underlined SCXW258460678 BCX0\" lang=\"DE-DE\" xml:lang=\"DE-DE\" data-contrast=\"none\"><span class=\"NormalTextRun SCXW258460678 BCX0\" data-ccp-charstyle=\"Hyperlink\">Internet Explorer<\/span><\/span><\/a><span class=\"TextRun Underlined SCXW258460678 BCX0\" lang=\"DE-DE\" xml:lang=\"DE-DE\" data-contrast=\"none\"><span class=\"NormalTextRun SCXW258460678 BCX0\" data-ccp-parastyle=\"Normal (Web)\">\u00a0 und <\/span><\/span><a class=\"Hyperlink SCXW258460678 BCX0\" href=\"https:\/\/help.opera.com\/de\/latest\/web-preferences\/#cookies\" target=\"_blank\" rel=\"noreferrer noopener\"><span class=\"TextRun Underlined SCXW258460678 BCX0\" lang=\"DE-DE\" xml:lang=\"DE-DE\" data-contrast=\"none\"><span class=\"NormalTextRun SCXW258460678 BCX0\" data-ccp-charstyle=\"Hyperlink\">Opera<\/span><\/span><\/a><span class=\"TextRun Underlined SCXW258460678 BCX0\" lang=\"DE-DE\" xml:lang=\"DE-DE\" data-contrast=\"none\"><span class=\"NormalTextRun SCXW258460678 BCX0\" data-ccp-parastyle=\"Normal (Web)\">.\u00a0<\/span><\/span><\/li>\n<li>\u00a0<a class=\"Hyperlink SCXW245247024 BCX0\" href=\"https:\/\/support.apple.com\/de-de\/HT201265\" target=\"_blank\" rel=\"noreferrer noopener\"><span class=\"TextRun Underlined SCXW245247024 BCX0\" lang=\"DE-DE\" xml:lang=\"DE-DE\" data-contrast=\"none\"><span class=\"NormalTextRun SCXW245247024 BCX0\" data-ccp-charstyle=\"Hyperlink\">iOS-Safari<\/span><\/span><\/a><span class=\"TextRun Underlined SCXW245247024 BCX0\" lang=\"DE-DE\" xml:lang=\"DE-DE\" data-contrast=\"none\"><span class=\"NormalTextRun SCXW245247024 BCX0\" data-ccp-parastyle=\"Normal (Web)\"> und <\/span><\/span><a class=\"Hyperlink SCXW245247024 BCX0\" href=\"https:\/\/support.google.com\/accounts\/answer\/32050\" target=\"_blank\" rel=\"noreferrer noopener\"><span class=\"TextRun Underlined SCXW245247024 BCX0\" lang=\"DE-DE\" xml:lang=\"DE-DE\" data-contrast=\"none\"><span class=\"NormalTextRun SCXW245247024 BCX0\" data-ccp-charstyle=\"Hyperlink\">Android-Chrome<\/span><\/span><\/a><span class=\"TextRun Underlined SCXW245247024 BCX0\" lang=\"DE-DE\" xml:lang=\"DE-DE\" data-contrast=\"none\"><span class=\"NormalTextRun SCXW245247024 BCX0\" data-ccp-parastyle=\"Normal (Web)\">.<\/span><\/span><\/li>\n<\/ul>\n<p><span class=\"NormalTextRun SCXW152822584 BCX0\" data-ccp-parastyle=\"Normal (Web)\">Falls Sie einige oder alle Cookies auf dieser Website einschr\u00e4nken o<\/span><span class=\"NormalTextRun SCXW152822584 BCX0\" data-ccp-parastyle=\"Normal (Web)\">der blockieren, k\u00f6nnen Sie m\u00f6glicherweise einige der darauf angebotenen Leistungen oder Funktionen nicht nutzen.<\/span><\/p>\n<h2><span class=\"TextRun SCXW223485528 BCX0\" lang=\"DE-DE\" xml:lang=\"DE-DE\" data-contrast=\"none\"><span class=\"NormalTextRun SCXW223485528 BCX0\" data-ccp-parastyle=\"Normal (Web)\">Privates oder Inkognito-Surfen<\/span><\/span><\/h2>\n<p><span class=\"TextRun SCXW112350925 BCX0\" lang=\"DE-DE\" xml:lang=\"DE-DE\" data-contrast=\"none\"><span class=\"NormalTextRun SCXW112350925 BCX0\" data-ccp-parastyle=\"Normal (Web)\">Abgesehen von der M\u00f6glichkeit, Cookies einzuschr\u00e4nken oder zu eliminieren, bieten die meisten Webbrow<\/span><span class=\"NormalTextRun SCXW112350925 BCX0\" data-ccp-parastyle=\"Normal (Web)\">ser die M\u00f6glichkeit, Websites im Modus \u201e<\/span><\/span><a class=\"Hyperlink SCXW112350925 BCX0\" href=\"https:\/\/support.mozilla.org\/de\/kb\/privater-modus-firefox-reality\" target=\"_blank\" rel=\"noreferrer noopener\"><span class=\"TextRun Underlined SCXW112350925 BCX0\" lang=\"DE-DE\" xml:lang=\"DE-DE\" data-contrast=\"none\"><span class=\"NormalTextRun SCXW112350925 BCX0\" data-ccp-charstyle=\"Hyperlink\">Privates Surfen<\/span><\/span><\/a><span class=\"TextRun SCXW112350925 BCX0\" lang=\"DE-DE\" xml:lang=\"DE-DE\" data-contrast=\"none\"><span class=\"NormalTextRun SCXW112350925 BCX0\" data-ccp-parastyle=\"Normal (Web)\">\u201c, \u201e<\/span><\/span><a class=\"Hyperlink SCXW112350925 BCX0\" href=\"https:\/\/support.google.com\/chrome\/answer\/95464?co=GENIE.Platform%3DDesktop&amp;hl=de\" target=\"_blank\" rel=\"noreferrer noopener\"><span class=\"TextRun Underlined SCXW112350925 BCX0\" lang=\"DE-DE\" xml:lang=\"DE-DE\" data-contrast=\"none\"><span class=\"NormalTextRun SCXW112350925 BCX0\" data-ccp-charstyle=\"Hyperlink\">Inkognito<\/span><\/span><\/a><span class=\"TextRun SCXW112350925 BCX0\" lang=\"DE-DE\" xml:lang=\"DE-DE\" data-contrast=\"none\"><span class=\"NormalTextRun SCXW112350925 BCX0\" data-ccp-parastyle=\"Normal (Web)\">\u201c oder \u201e<\/span><\/span><a class=\"Hyperlink SCXW112350925 BCX0\" href=\"https:\/\/support.google.com\/chrome\/answer\/95464?co=GENIE.Platform%3DDesktop&amp;hl=de\" target=\"_blank\" rel=\"noreferrer noopener\"><span class=\"TextRun Underlined SCXW112350925 BCX0\" lang=\"DE-DE\" xml:lang=\"DE-DE\" data-contrast=\"none\"><span class=\"NormalTextRun SCXW112350925 BCX0\" data-ccp-charstyle=\"Hyperlink\">InPrivate<\/span><\/span><\/a><span class=\"TextRun SCXW112350925 BCX0\" lang=\"DE-DE\" xml:lang=\"DE-DE\" data-contrast=\"none\"><span class=\"NormalTextRun SCXW112350925 BCX0\" data-ccp-parastyle=\"Normal (Web)\">\u201c zu besuchen. Diese Funktion bewirkt, dass beim Schlie\u00dfen des Browsers\/der Registerkarte alle eventuell gespeicherten oder erzeugten Browsing-Daten <\/span><span class=\"NormalTextRun SCXW112350925 BCX0\" data-ccp-parastyle=\"Normal (Web)\">(einschlie\u00dflich Cookies) gel\u00f6scht werden.<\/span><\/span><span class=\"EOP SCXW112350925 BCX0\" data-ccp-props=\"{&quot;134233117&quot;:false,&quot;134233118&quot;:false,&quot;335559738&quot;:0,&quot;335559739&quot;:0}\">\u00a0<\/span><\/p>\n<h2><span class=\"TextRun SCXW108289661 BCX0\" lang=\"DE-DE\" xml:lang=\"DE-DE\" data-contrast=\"none\"><span class=\"NormalTextRun SCXW108289661 BCX0\" data-ccp-parastyle=\"Normal (Web)\">Auf dieser Website verwendete Cookie-Arten<\/span><\/span><\/h2>\n<p><strong>Technische<\/strong><span data-contrast=\"none\"><strong>:<\/strong> Tragen zur Benutzerfreundlichkeit der Website bei, indem sie grundlegende Funktionen wie die Seitennavigation und den Zugriff auf sichere Bereiche der Website erm\u00f6glichen. Ohne diese Cookies kann die Website nicht richtig funktionieren. Sie sind f\u00fcr das korrekte Funktionieren der Website unerl\u00e4sslich.\u00a0<\/span><span data-ccp-props=\"{&quot;134233117&quot;:false,&quot;134233118&quot;:false}\">\u00a0<\/span><\/p>\n<p><strong>F\u00fcr Pr\u00e4ferenzen<\/strong><span data-contrast=\"none\"><strong>:<\/strong> Machen es der Website m\u00f6glich, Informationen \u00fcber das benutzerspezifische Verhalten oder Aussehen der Website zu speichern, wie z.B. die bevorzugte Sprache oder Region.<\/span><span data-ccp-props=\"{&quot;134233117&quot;:false,&quot;134233118&quot;:false}\">\u00a0<\/span><\/p>\n<p><strong>Analytische<\/strong><span data-contrast=\"none\"><strong>:<\/strong> Helfen zu verstehen, wie die Besucher mit der Website interagieren, indem sie Informationen \u00fcber die Anzahl der Nutzer, ihr Surfverhalten auf der Website oder ihre Nutzung der angebotenen Inhalte und\/oder Dienste sammeln und bereitstellen. Diese Informationen dienen zur Verbesserung der Benutzerfreundlichkeit der Website, ihrer Inhalte sowie der darin angebotenen Produkte und Dienstleistungen. <\/span><\/p>\n<h2><span class=\"NormalTextRun SCXW227732203 BCX0\" data-ccp-parastyle=\"Normal (Web)\">Liste de<\/span><span class=\"NormalTextRun SCXW227732203 BCX0\" data-ccp-parastyle=\"Normal (Web)\">r Cookies auf dieser Website<\/span><\/h2>\n<p><span data-contrast=\"none\">Sie k\u00f6nnen eine vollst\u00e4ndige und stets aktuelle Liste der auf dieser Website verwendeten Cookie-Arten in der Konfigurationsleiste einsehen, die \u00fcber den folgenden <span class=\"TextRun SCXW50551693 BCX0\" lang=\"DE-DE\" xml:lang=\"DE-DE\" data-contrast=\"none\"><span class=\"NormalTextRun SCXW50551693 BCX0\" data-ccp-parastyle=\"Normal (Web)\"><span class=\"TextRun SCXW204702947 BCX0\" lang=\"FR-FR\" xml:lang=\"FR-FR\" data-contrast=\"none\"><span class=\"NormalTextRun SCXW204702947 BCX0\" data-ccp-parastyle=\"Normal (Web)\"><span class=\"TextRun SCXW98268042 BCX0\" lang=\"EN-GB\" xml:lang=\"EN-GB\" data-contrast=\"none\"><span class=\"NormalTextRun SCXW98268042 BCX0\" data-ccp-parastyle=\"Normal (Web)\">[wpca_btn_cc_settings txt=&#8220;Link&#8220;]<\/span><\/span><\/span><\/span><\/span><\/span><\/span><span data-contrast=\"none\">\u00a0zug\u00e4nglich ist<\/span><span data-contrast=\"none\"> .<\/span><span data-contrast=\"none\">\u00a0<\/span><span data-ccp-props=\"{&quot;134233117&quot;:false,&quot;134233118&quot;:false}\">\u00a0<\/span><\/p>\n<p><span data-contrast=\"none\">Einige der auf dieser Website verwendeten Cookies werden von Dritten gesetzt, die nicht f\u00fcr die Bereitstellung unserer Dienste verantwortlich sind. Ausf\u00fchrliche Informationen zu diesen Drittanbietern finden Sie in den <\/span><span data-contrast=\"none\">Cookie-Einstellungen<\/span><span data-contrast=\"none\">, die Sie \u00fcber diesen <span class=\"TextRun SCXW50551693 BCX0\" lang=\"DE-DE\" xml:lang=\"DE-DE\" data-contrast=\"none\"><span class=\"NormalTextRun SCXW50551693 BCX0\" data-ccp-parastyle=\"Normal (Web)\"><span class=\"TextRun SCXW204702947 BCX0\" lang=\"FR-FR\" xml:lang=\"FR-FR\" data-contrast=\"none\"><span class=\"NormalTextRun SCXW204702947 BCX0\" data-ccp-parastyle=\"Normal (Web)\"><span class=\"TextRun SCXW98268042 BCX0\" lang=\"EN-GB\" xml:lang=\"EN-GB\" data-contrast=\"none\"><span class=\"NormalTextRun SCXW98268042 BCX0\" data-ccp-parastyle=\"Normal (Web)\">[wpca_btn_cc_settings txt=&#8220;Link&#8220;]<\/span><\/span><\/span><\/span><\/span><\/span><\/span><span data-contrast=\"none\">\u00a0aufrufen k\u00f6nnen.<\/span><span data-ccp-props=\"{&quot;134233117&quot;:false,&quot;134233118&quot;:false}\">\u00a0<\/span>[\/text][\/vc_column][\/vc_row]<\/p>\n","protected":false},"excerpt":{"rendered":"<p>[vc_row row_spacing=&#8220;top-spacing bottom-spacing&#8220;][vc_column width=&#8220;1\/1&#8243;][text] Was sind Cookies? Cookies sind kleine Textdateien, die auf dem Endger\u00e4t des Besuchers gespeichert werden und Informationen \u00fcber seine Aktivit\u00e4ten auf einer Webseite speichern und abrufen lassen. Obwohl die Funktionsweise aller Cookies \u00e4hnlich ist, kann ihr Zweck variieren, so dass es verschiedene Arten von Cookies gibt.\u00a0 Die spezifische Verwendung von Cookies [&hellip;]<\/p>\n","protected":false},"author":1,"featured_media":21539,"parent":0,"menu_order":519,"comment_status":"closed","ping_status":"closed","template":"template-content-min.php","meta":[],"yoast_head":"<!-- This site is optimized with the Yoast SEO plugin v20.3 - https:\/\/yoast.com\/wordpress\/plugins\/seo\/ -->\n<title>Cookies-Richtlinie - Meler<\/title>\n<meta name=\"robots\" content=\"index, follow, max-snippet:-1, max-image-preview:large, max-video-preview:-1\" \/>\n<link rel=\"canonical\" href=\"https:\/\/www.meler.cn\/de\/cookies-richtlinie\/\" \/>\n<meta property=\"og:locale\" content=\"de_DE\" \/>\n<meta property=\"og:type\" content=\"article\" \/>\n<meta property=\"og:title\" content=\"Cookies-Richtlinie - Meler\" \/>\n<meta property=\"og:description\" content=\"[vc_row row_spacing=&#8220;top-spacing bottom-spacing&#8220;][vc_column width=&#8220;1\/1&#8243;][text] Was sind Cookies? Cookies sind kleine Textdateien, die auf dem Endger\u00e4t des Besuchers gespeichert werden und Informationen \u00fcber seine Aktivit\u00e4ten auf einer Webseite speichern und abrufen lassen. Obwohl die Funktionsweise aller Cookies \u00e4hnlich ist, kann ihr Zweck variieren, so dass es verschiedene Arten von Cookies gibt.\u00a0 Die spezifische Verwendung von Cookies [&hellip;]\" \/>\n<meta property=\"og:url\" content=\"https:\/\/www.meler.cn\/de\/cookies-richtlinie\/\" \/>\n<meta property=\"og:site_name\" content=\"Meler\" \/>\n<meta property=\"article:modified_time\" content=\"2023-03-17T08:00:50+00:00\" \/>\n<meta property=\"og:image\" content=\"https:\/\/20097.ttandemdigital.com\/media\/header-aviso-legal-meler.png\" \/>\n\t<meta property=\"og:image:width\" content=\"1920\" \/>\n\t<meta property=\"og:image:height\" content=\"552\" \/>\n\t<meta property=\"og:image:type\" content=\"image\/png\" \/>\n<meta name=\"twitter:card\" content=\"summary_large_image\" \/>\n<meta name=\"twitter:label1\" content=\"Gesch\u00e4tzte Lesezeit\" \/>\n\t<meta name=\"twitter:data1\" content=\"4 Minuten\" \/>\n<script type=\"application\/ld+json\" class=\"yoast-schema-graph\">{\"@context\":\"https:\/\/schema.org\",\"@graph\":[{\"@type\":\"WebPage\",\"@id\":\"https:\/\/www.meler.cn\/de\/cookies-richtlinie\/\",\"url\":\"https:\/\/www.meler.cn\/de\/cookies-richtlinie\/\",\"name\":\"Cookies-Richtlinie - Meler\",\"isPartOf\":{\"@id\":\"https:\/\/www.meler.cn\/de\/#website\"},\"datePublished\":\"2023-02-08T16:43:44+00:00\",\"dateModified\":\"2023-03-17T08:00:50+00:00\",\"breadcrumb\":{\"@id\":\"https:\/\/www.meler.cn\/de\/cookies-richtlinie\/#breadcrumb\"},\"inLanguage\":\"de-DE\",\"potentialAction\":[{\"@type\":\"ReadAction\",\"target\":[\"https:\/\/www.meler.cn\/de\/cookies-richtlinie\/\"]}]},{\"@type\":\"BreadcrumbList\",\"@id\":\"https:\/\/www.meler.cn\/de\/cookies-richtlinie\/#breadcrumb\",\"itemListElement\":[{\"@type\":\"ListItem\",\"position\":1,\"name\":\"Portada\",\"item\":\"https:\/\/www.meler.cn\/de\/\"},{\"@type\":\"ListItem\",\"position\":2,\"name\":\"Cookies-Richtlinie\"}]},{\"@type\":\"WebSite\",\"@id\":\"https:\/\/www.meler.cn\/de\/#website\",\"url\":\"https:\/\/www.meler.cn\/de\/\",\"name\":\"Meler\",\"description\":\"Just another WordPress site\",\"potentialAction\":[{\"@type\":\"SearchAction\",\"target\":{\"@type\":\"EntryPoint\",\"urlTemplate\":\"https:\/\/www.meler.cn\/de\/?s={search_term_string}\"},\"query-input\":\"required name=search_term_string\"}],\"inLanguage\":\"de-DE\"}]}<\/script>\n<!-- \/ Yoast SEO plugin. -->","yoast_head_json":{"title":"Cookies-Richtlinie - Meler","robots":{"index":"index","follow":"follow","max-snippet":"max-snippet:-1","max-image-preview":"max-image-preview:large","max-video-preview":"max-video-preview:-1"},"canonical":"https:\/\/www.meler.cn\/de\/cookies-richtlinie\/","og_locale":"de_DE","og_type":"article","og_title":"Cookies-Richtlinie - Meler","og_description":"[vc_row row_spacing=&#8220;top-spacing bottom-spacing&#8220;][vc_column width=&#8220;1\/1&#8243;][text] Was sind Cookies? Cookies sind kleine Textdateien, die auf dem Endger\u00e4t des Besuchers gespeichert werden und Informationen \u00fcber seine Aktivit\u00e4ten auf einer Webseite speichern und abrufen lassen. Obwohl die Funktionsweise aller Cookies \u00e4hnlich ist, kann ihr Zweck variieren, so dass es verschiedene Arten von Cookies gibt.\u00a0 Die spezifische Verwendung von Cookies [&hellip;]","og_url":"https:\/\/www.meler.cn\/de\/cookies-richtlinie\/","og_site_name":"Meler","article_modified_time":"2023-03-17T08:00:50+00:00","og_image":[{"width":1920,"height":552,"url":"https:\/\/20097.ttandemdigital.com\/media\/header-aviso-legal-meler.png","type":"image\/png"}],"twitter_card":"summary_large_image","twitter_misc":{"Gesch\u00e4tzte Lesezeit":"4 Minuten"},"schema":{"@context":"https:\/\/schema.org","@graph":[{"@type":"WebPage","@id":"https:\/\/www.meler.cn\/de\/cookies-richtlinie\/","url":"https:\/\/www.meler.cn\/de\/cookies-richtlinie\/","name":"Cookies-Richtlinie - Meler","isPartOf":{"@id":"https:\/\/www.meler.cn\/de\/#website"},"datePublished":"2023-02-08T16:43:44+00:00","dateModified":"2023-03-17T08:00:50+00:00","breadcrumb":{"@id":"https:\/\/www.meler.cn\/de\/cookies-richtlinie\/#breadcrumb"},"inLanguage":"de-DE","potentialAction":[{"@type":"ReadAction","target":["https:\/\/www.meler.cn\/de\/cookies-richtlinie\/"]}]},{"@type":"BreadcrumbList","@id":"https:\/\/www.meler.cn\/de\/cookies-richtlinie\/#breadcrumb","itemListElement":[{"@type":"ListItem","position":1,"name":"Portada","item":"https:\/\/www.meler.cn\/de\/"},{"@type":"ListItem","position":2,"name":"Cookies-Richtlinie"}]},{"@type":"WebSite","@id":"https:\/\/www.meler.cn\/de\/#website","url":"https:\/\/www.meler.cn\/de\/","name":"Meler","description":"Just another WordPress site","potentialAction":[{"@type":"SearchAction","target":{"@type":"EntryPoint","urlTemplate":"https:\/\/www.meler.cn\/de\/?s={search_term_string}"},"query-input":"required name=search_term_string"}],"inLanguage":"de-DE"}]}},"_links":{"self":[{"href":"https:\/\/www.meler.cn\/de\/wp-json\/wp\/v2\/pages\/23222"}],"collection":[{"href":"https:\/\/www.meler.cn\/de\/wp-json\/wp\/v2\/pages"}],"about":[{"href":"https:\/\/www.meler.cn\/de\/wp-json\/wp\/v2\/types\/page"}],"author":[{"embeddable":true,"href":"https:\/\/www.meler.cn\/de\/wp-json\/wp\/v2\/users\/1"}],"replies":[{"embeddable":true,"href":"https:\/\/www.meler.cn\/de\/wp-json\/wp\/v2\/comments?post=23222"}],"version-history":[{"count":6,"href":"https:\/\/www.meler.cn\/de\/wp-json\/wp\/v2\/pages\/23222\/revisions"}],"predecessor-version":[{"id":26241,"href":"https:\/\/www.meler.cn\/de\/wp-json\/wp\/v2\/pages\/23222\/revisions\/26241"}],"wp:featuredmedia":[{"embeddable":true,"href":"https:\/\/www.meler.cn\/de\/wp-json\/wp\/v2\/media\/21539"}],"wp:attachment":[{"href":"https:\/\/www.meler.cn\/de\/wp-json\/wp\/v2\/media?parent=23222"}],"curies":[{"name":"wp","href":"https:\/\/api.w.org\/{rel}","templated":true}]}}