




















{"id":22804,"date":"2022-12-30T16:30:08","date_gmt":"2022-12-30T16:30:08","guid":{"rendered":"https:\/\/www.meler.eu\/industrien\/heisskleber-fuer-die-verpackungsindustrie\/conseguir-un-producto-100-sostenible\/"},"modified":"2024-08-29T11:42:45","modified_gmt":"2024-08-29T11:42:45","slug":"erreichen-eines-100-nachhaltigen-produkts","status":"publish","type":"page","link":"https:\/\/www.meler.cn\/de\/industrien\/heisskleber-fuer-die-verpackungsindustrie\/erreichen-eines-100-nachhaltigen-produkts\/","title":{"rendered":"Erreichen eines 100% nachhaltigen Produkts"},"content":{"rendered":"<p>[vc_row show_menu_content=&#8220;yes&#8220;][vc_column width=&#8220;1\/1&#8243;][text]<\/p>\n<h2 class=\"style-05\">Die Herausforderung<\/h2>\n<h3 class=\"style-01\">Nachhaltigkeit auch bei der Verpackung<\/h3>\n<p>Einen Produktionsprozess umzur\u00fcsten ist nie einfach; aber das war die Herausforderung, die Meler von Bodegas Artazu gestellt wurde. Diese Weinkellerei aus Navarra produziert Bio-Wein und verfolgte das Ziel, einen kompletten Produktionszyklus entsprechend dieser Philosophie einzurichten.<\/p>\n<p><img decoding=\"async\" loading=\"lazy\" class=\"alignnone size-medium wp-image-14577\" src=\"https:\/\/www.meler.cn\/media\/\/packaging-caso-exito-artazu-contenido-01-624x334.png\" alt=\"Die Hand h\u00e4lt ein Mobiltelefon mit der Meler-App\" width=\"624\" height=\"334\" srcset=\"https:\/\/www.meler.cn\/media\/packaging-caso-exito-artazu-contenido-01-624x334.png 624w, https:\/\/www.meler.cn\/media\/packaging-caso-exito-artazu-contenido-01-768x411.png 768w, https:\/\/www.meler.cn\/media\/packaging-caso-exito-artazu-contenido-01.png 841w\" sizes=\"(max-width: 624px) 100vw, 624px\" \/><\/p>\n<h2 class=\"style-05\">Unser Beitrag<\/h2>\n<h3 class=\"style-01\">Die integration eines Versielungssystems<\/h3>\n<p>Als Spezialist f\u00fcr die Anwendung von Fl\u00fcssigkeiten ist Meler Meister darin, sich an die spezifischen Bed\u00fcrfnisse jeder Anlage anzupassen. Um den Siegellack zu schmelzen, wurde eine kundenspezifische Konfiguration des Micron+ 5 Kolbenpumpe realisiert: mit einem speziellen Einlassventil und einem angepassten Filtersystem.<\/p>\n<p>Um eine korrekte Anwendung zu gew\u00e4hrleisten, wurde unser <a href=\"#\">StarBI<\/a> Ausl\u00f6se-Controller eingebaut und Ander Basterra, <a href=\"#\">Techniker des Meler-Teams<\/a> sorgte f\u00fcr die n\u00f6tige Pr\u00e4zision, so dass das Versiegelungssystem perfekt in den Produktionsprozess integriert werden konnte: Abf\u00fcllen, Verkorken, Versiegeln und schlie\u00dflich Etikettieren.<\/p>\n<h2 class=\"style-05\">Das Projekt (Dauer, Ziel, Sektor)<\/h2>\n<h3 class=\"style-01\">Ein schemelzger\u00e4t mit Bluetooth(R) -Technologie<\/h3>\n<p>Das Micron+ von <a href=\"https:\/\/www.bodegasartazu.com\/\" target=\"_blank\" rel=\"noopener\">Bodegas Artazu<\/a> hat \u00fcber den Starbi hinaus als einziges derartiges Ger\u00e4t auf dem Markt au\u00dferdem eine neue Bluetooth\u00ae-Funktionalit\u00e4t installiert. Eduardo Blasco, Chef f\u00fcr \u00d6nologie und Weinbau bei Bodegas y Vi\u00f1edos Artazu sagt dazu: \u201eDiese neue Option der Schmelzanlage ist sehr interessant, weil ich jetzt von \u00fcberall in meiner Anlage schnell auf jeden Alarm reagieren und das Versiegelungssystem fernsteuern kann, w\u00e4hrend ich die Qualit\u00e4t an anderen Stellen der Abf\u00fclllinie im Auge behalte.\u201c<\/p>\n<p>Die \u00dcberwachung der Anlage in Echtzeit ist einer der Betriebsvorteile durch den Einsatz von Bluetooth\u00ae; aber es gibt noch viele weitere, wie z. B. die Verbesserung der Bedienersicherheit, die auch die Interaktion bei der Handhabung der Anlageerh\u00f6ht und unn\u00f6tige Stopps zur Durchf\u00fchrung von \u00c4nderungen vermeidet. Die Vorteile des Einsatzes von <a href=\"#\">Bluetooth\u00ae f\u00fcr Ihr Klebstoff-Auftragssystem sind endlos<\/a>. Sie sich mit dem <a href=\"#\">Schmelzger\u00e4t f\u00fcr Industrie 4.0el<\/a>![\/text][video_youtube video_image=&#8220;14582&#8243; video_url=&#8220;https:\/\/www.youtube.com\/watch?v=As7nOJMkd2o&#8220;][text]<\/p>\n<h2 class=\"style-05\">Erfahrungsbericht<\/h2>\n<p class=\"testimonial\"><strong>Ich kann das Schmelzger\u00e4t von meinem Mobiltelefon aus in meinen R\u00e4umlichkeiten steuern und jederzeit sehr schnell auf m\u00f6gliche Alarme reagieren.<br \/>\n<\/strong>Eduardo Blasco (Leiter der \u00d6nologie von Bodegas Artazu)<\/p>\n<h2 class=\"style-05\">Auswirkungen<\/h2>\n<ul class=\"style-03\">\n<li>\u00d6kologische Umstellung des Flaschenverschlusssystems<\/li>\n<li>Fernsteuerung der wichtigsten Systemparameter<\/li>\n<li>Produktionssystem synchronisiert mit der Palettierungsrate<\/li>\n<\/ul>\n<p>[\/text][\/vc_column][\/vc_row][vc_row row_bg_color=&#8220;bg-04&#8243; row_spacing=&#8220;top-spacing bottom-spacing-0&#8243;][vc_column width=&#8220;1\/1&#8243;][text]<\/p>\n<h2 class=\"txt-center style-01\">Unsere Produkte<\/h2>\n<p>[\/text][vc_tta_tabs][vc_tta_section title=&#8220;APPLIKATOREN&#8220; tab_id=&#8220;1672398287853-7a9cfd48-9ce4&#8243;][ttdirectory_products carousel_columns=&#8220;4&#8243; style=&#8220;1&#8243;][ttdirectory_product_applicators post_applicator=&#8220;26025&#8243;][\/ttdirectory_products][\/vc_tta_section][vc_tta_section title=&#8220;SCHMELZGER\u00c4TE&#8220; tab_id=&#8220;1672398287839-e7ca709f-fefa&#8220;][ttdirectory_products carousel_columns=&#8220;4&#8243; style=&#8220;1&#8243;][ttdirectory_product_melters post_melter=&#8220;23735&#8243;][ttdirectory_product_melters post_melter=&#8220;23781&#8243;][\/ttdirectory_products][\/vc_tta_section][vc_tta_section title=&#8220;SCHL\u00c4UCHE&#8220; tab_id=&#8220;1672749855711-64f1852e-0c1f&#8220;][ttdirectory_products carousel_columns=&#8220;4&#8243; style=&#8220;1&#8243;][ttdirectory_product_hoses post_hoses=&#8220;22508&#8243;][ttdirectory_product_hoses post_hoses=&#8220;22598&#8243;][\/ttdirectory_products][\/vc_tta_section][vc_tta_section title=&#8220;CONTROLLER&#8220; tab_id=&#8220;1672749869938-51dcfe86-8530&#8243;][ttdirectory_products carousel_columns=&#8220;4&#8243; style=&#8220;1&#8243;][ttdirectory_product_controllers post_controller=&#8220;27666&#8243;][\/ttdirectory_products][\/vc_tta_section][vc_tta_section title=&#8220;ZUBEH\u00d6R&#8220; tab_id=&#8220;1672749883495-61945bdc-af2e&#8220;][ttdirectory_products carousel_columns=&#8220;4&#8243; style=&#8220;1&#8243;][ttdirectory_product_accessories post_accessories=&#8220;22699&#8243;][ttdirectory_product_accessories post_accessories=&#8220;23473&#8243;][\/ttdirectory_products][\/vc_tta_section][\/vc_tta_tabs][\/vc_column][\/vc_row]<\/p>\n","protected":false},"excerpt":{"rendered":"<p>[vc_row show_menu_content=&#8220;yes&#8220;][vc_column width=&#8220;1\/1&#8243;][text] Die Herausforderung Nachhaltigkeit auch bei der Verpackung Einen Produktionsprozess umzur\u00fcsten ist nie einfach; aber das war die Herausforderung, die Meler von Bodegas Artazu gestellt wurde. Diese Weinkellerei aus Navarra produziert Bio-Wein und verfolgte das Ziel, einen kompletten Produktionszyklus entsprechend dieser Philosophie einzurichten. Unser Beitrag Die integration eines Versielungssystems Als Spezialist f\u00fcr die [&hellip;]<\/p>\n","protected":false},"author":1,"featured_media":742,"parent":21786,"menu_order":168,"comment_status":"closed","ping_status":"closed","template":"","meta":[],"yoast_head":"<!-- This site is optimized with the Yoast SEO plugin v20.3 - https:\/\/yoast.com\/wordpress\/plugins\/seo\/ -->\n<title>Meler verbessert den Produktionsprozess von Bodegas Artazu - Meler<\/title>\n<meta name=\"description\" content=\"Das Hochgeschwindigkeits-Versiegelungssystem von Meler f\u00fcr eine 100% \u00f6kologische Produktion in Bodegas Artazu.\" \/>\n<meta name=\"robots\" content=\"index, follow, max-snippet:-1, max-image-preview:large, max-video-preview:-1\" \/>\n<link rel=\"canonical\" href=\"https:\/\/www.meler.cn\/de\/industrien\/heisskleber-fuer-die-verpackungsindustrie\/erreichen-eines-100-nachhaltigen-produkts\/\" \/>\n<meta property=\"og:locale\" content=\"de_DE\" \/>\n<meta property=\"og:type\" content=\"article\" \/>\n<meta property=\"og:title\" content=\"Meler verbessert den Produktionsprozess von Bodegas Artazu - Meler\" \/>\n<meta property=\"og:description\" content=\"Das Hochgeschwindigkeits-Versiegelungssystem von Meler f\u00fcr eine 100% \u00f6kologische Produktion in Bodegas Artazu.\" \/>\n<meta property=\"og:url\" content=\"https:\/\/www.meler.cn\/de\/industrien\/heisskleber-fuer-die-verpackungsindustrie\/erreichen-eines-100-nachhaltigen-produkts\/\" \/>\n<meta property=\"og:site_name\" content=\"Meler\" \/>\n<meta property=\"article:modified_time\" content=\"2024-08-29T11:42:45+00:00\" \/>\n<meta property=\"og:image\" content=\"https:\/\/20097.ttandemdigital.com\/media\/header-industrias-construccion-caso-exito-bodega-artazu.png\" \/>\n\t<meta property=\"og:image:width\" content=\"1920\" \/>\n\t<meta property=\"og:image:height\" content=\"552\" \/>\n\t<meta property=\"og:image:type\" content=\"image\/jpeg\" \/>\n<meta name=\"twitter:card\" content=\"summary_large_image\" \/>\n<meta name=\"twitter:label1\" content=\"Gesch\u00e4tzte Lesezeit\" \/>\n\t<meta name=\"twitter:data1\" content=\"3 Minuten\" \/>\n<script type=\"application\/ld+json\" class=\"yoast-schema-graph\">{\"@context\":\"https:\/\/schema.org\",\"@graph\":[{\"@type\":\"WebPage\",\"@id\":\"https:\/\/www.meler.cn\/de\/industrien\/heisskleber-fuer-die-verpackungsindustrie\/erreichen-eines-100-nachhaltigen-produkts\/\",\"url\":\"https:\/\/www.meler.cn\/de\/industrien\/heisskleber-fuer-die-verpackungsindustrie\/erreichen-eines-100-nachhaltigen-produkts\/\",\"name\":\"Meler verbessert den Produktionsprozess von Bodegas Artazu - Meler\",\"isPartOf\":{\"@id\":\"https:\/\/www.meler.cn\/de\/#website\"},\"datePublished\":\"2022-12-30T16:30:08+00:00\",\"dateModified\":\"2024-08-29T11:42:45+00:00\",\"description\":\"Das Hochgeschwindigkeits-Versiegelungssystem von Meler f\u00fcr eine 100% \u00f6kologische Produktion in Bodegas Artazu.\",\"breadcrumb\":{\"@id\":\"https:\/\/www.meler.cn\/de\/industrien\/heisskleber-fuer-die-verpackungsindustrie\/erreichen-eines-100-nachhaltigen-produkts\/#breadcrumb\"},\"inLanguage\":\"de-DE\",\"potentialAction\":[{\"@type\":\"ReadAction\",\"target\":[\"https:\/\/www.meler.cn\/de\/industrien\/heisskleber-fuer-die-verpackungsindustrie\/erreichen-eines-100-nachhaltigen-produkts\/\"]}]},{\"@type\":\"BreadcrumbList\",\"@id\":\"https:\/\/www.meler.cn\/de\/industrien\/heisskleber-fuer-die-verpackungsindustrie\/erreichen-eines-100-nachhaltigen-produkts\/#breadcrumb\",\"itemListElement\":[{\"@type\":\"ListItem\",\"position\":1,\"name\":\"Portada\",\"item\":\"https:\/\/www.meler.cn\/de\/\"},{\"@type\":\"ListItem\",\"position\":2,\"name\":\"Industrien\",\"item\":\"https:\/\/20097.ttandemdigital.com\/de\/industrien\/\"},{\"@type\":\"ListItem\",\"position\":3,\"name\":\"Hei\u00dfkleber f\u00fcr die Verpackungsindustrie\",\"item\":\"https:\/\/20097.ttandemdigital.com\/de\/industrien\/heisskleber-fuer-die-verpackungsindustrie\/\"},{\"@type\":\"ListItem\",\"position\":4,\"name\":\"Erreichen eines 100% nachhaltigen Produkts\"}]},{\"@type\":\"WebSite\",\"@id\":\"https:\/\/www.meler.cn\/de\/#website\",\"url\":\"https:\/\/www.meler.cn\/de\/\",\"name\":\"Meler\",\"description\":\"Just another WordPress site\",\"potentialAction\":[{\"@type\":\"SearchAction\",\"target\":{\"@type\":\"EntryPoint\",\"urlTemplate\":\"https:\/\/www.meler.cn\/de\/?s={search_term_string}\"},\"query-input\":\"required name=search_term_string\"}],\"inLanguage\":\"de-DE\"}]}<\/script>\n<!-- \/ Yoast SEO plugin. -->","yoast_head_json":{"title":"Meler verbessert den Produktionsprozess von Bodegas Artazu - Meler","description":"Das Hochgeschwindigkeits-Versiegelungssystem von Meler f\u00fcr eine 100% \u00f6kologische Produktion in Bodegas Artazu.","robots":{"index":"index","follow":"follow","max-snippet":"max-snippet:-1","max-image-preview":"max-image-preview:large","max-video-preview":"max-video-preview:-1"},"canonical":"https:\/\/www.meler.cn\/de\/industrien\/heisskleber-fuer-die-verpackungsindustrie\/erreichen-eines-100-nachhaltigen-produkts\/","og_locale":"de_DE","og_type":"article","og_title":"Meler verbessert den Produktionsprozess von Bodegas Artazu - Meler","og_description":"Das Hochgeschwindigkeits-Versiegelungssystem von Meler f\u00fcr eine 100% \u00f6kologische Produktion in Bodegas Artazu.","og_url":"https:\/\/www.meler.cn\/de\/industrien\/heisskleber-fuer-die-verpackungsindustrie\/erreichen-eines-100-nachhaltigen-produkts\/","og_site_name":"Meler","article_modified_time":"2024-08-29T11:42:45+00:00","og_image":[{"width":1920,"height":552,"url":"https:\/\/20097.ttandemdigital.com\/media\/header-industrias-construccion-caso-exito-bodega-artazu.png","type":"image\/jpeg"}],"twitter_card":"summary_large_image","twitter_misc":{"Gesch\u00e4tzte Lesezeit":"3 Minuten"},"schema":{"@context":"https:\/\/schema.org","@graph":[{"@type":"WebPage","@id":"https:\/\/www.meler.cn\/de\/industrien\/heisskleber-fuer-die-verpackungsindustrie\/erreichen-eines-100-nachhaltigen-produkts\/","url":"https:\/\/www.meler.cn\/de\/industrien\/heisskleber-fuer-die-verpackungsindustrie\/erreichen-eines-100-nachhaltigen-produkts\/","name":"Meler verbessert den Produktionsprozess von Bodegas Artazu - Meler","isPartOf":{"@id":"https:\/\/www.meler.cn\/de\/#website"},"datePublished":"2022-12-30T16:30:08+00:00","dateModified":"2024-08-29T11:42:45+00:00","description":"Das Hochgeschwindigkeits-Versiegelungssystem von Meler f\u00fcr eine 100% \u00f6kologische Produktion in Bodegas Artazu.","breadcrumb":{"@id":"https:\/\/www.meler.cn\/de\/industrien\/heisskleber-fuer-die-verpackungsindustrie\/erreichen-eines-100-nachhaltigen-produkts\/#breadcrumb"},"inLanguage":"de-DE","potentialAction":[{"@type":"ReadAction","target":["https:\/\/www.meler.cn\/de\/industrien\/heisskleber-fuer-die-verpackungsindustrie\/erreichen-eines-100-nachhaltigen-produkts\/"]}]},{"@type":"BreadcrumbList","@id":"https:\/\/www.meler.cn\/de\/industrien\/heisskleber-fuer-die-verpackungsindustrie\/erreichen-eines-100-nachhaltigen-produkts\/#breadcrumb","itemListElement":[{"@type":"ListItem","position":1,"name":"Portada","item":"https:\/\/www.meler.cn\/de\/"},{"@type":"ListItem","position":2,"name":"Industrien","item":"https:\/\/20097.ttandemdigital.com\/de\/industrien\/"},{"@type":"ListItem","position":3,"name":"Hei\u00dfkleber f\u00fcr die Verpackungsindustrie","item":"https:\/\/20097.ttandemdigital.com\/de\/industrien\/heisskleber-fuer-die-verpackungsindustrie\/"},{"@type":"ListItem","position":4,"name":"Erreichen eines 100% nachhaltigen Produkts"}]},{"@type":"WebSite","@id":"https:\/\/www.meler.cn\/de\/#website","url":"https:\/\/www.meler.cn\/de\/","name":"Meler","description":"Just another WordPress site","potentialAction":[{"@type":"SearchAction","target":{"@type":"EntryPoint","urlTemplate":"https:\/\/www.meler.cn\/de\/?s={search_term_string}"},"query-input":"required name=search_term_string"}],"inLanguage":"de-DE"}]}},"_links":{"self":[{"href":"https:\/\/www.meler.cn\/de\/wp-json\/wp\/v2\/pages\/22804"}],"collection":[{"href":"https:\/\/www.meler.cn\/de\/wp-json\/wp\/v2\/pages"}],"about":[{"href":"https:\/\/www.meler.cn\/de\/wp-json\/wp\/v2\/types\/page"}],"author":[{"embeddable":true,"href":"https:\/\/www.meler.cn\/de\/wp-json\/wp\/v2\/users\/1"}],"replies":[{"embeddable":true,"href":"https:\/\/www.meler.cn\/de\/wp-json\/wp\/v2\/comments?post=22804"}],"version-history":[{"count":7,"href":"https:\/\/www.meler.cn\/de\/wp-json\/wp\/v2\/pages\/22804\/revisions"}],"predecessor-version":[{"id":32755,"href":"https:\/\/www.meler.cn\/de\/wp-json\/wp\/v2\/pages\/22804\/revisions\/32755"}],"up":[{"embeddable":true,"href":"https:\/\/www.meler.cn\/de\/wp-json\/wp\/v2\/pages\/21786"}],"wp:featuredmedia":[{"embeddable":true,"href":"https:\/\/www.meler.cn\/de\/wp-json\/wp\/v2\/media\/742"}],"wp:attachment":[{"href":"https:\/\/www.meler.cn\/de\/wp-json\/wp\/v2\/media?parent=22804"}],"curies":[{"name":"wp","href":"https:\/\/api.w.org\/{rel}","templated":true}]}}