




















{"id":22780,"date":"2023-01-04T09:35:32","date_gmt":"2023-01-04T09:35:32","guid":{"rendered":"https:\/\/www.meler.eu\/industrien\/schmelzkleber-in-der-holzindustrie\/optimizar-el-laminado-de-cantos-con-adhesivos-reactivos\/"},"modified":"2023-03-22T11:38:48","modified_gmt":"2023-03-22T11:38:48","slug":"optimieren-sie-das-laminieren-von-kanten-mit-reaktiven-klebstoffen","status":"publish","type":"page","link":"https:\/\/www.meler.cn\/de\/industrien\/schmelzkleber-in-der-holzindustrie\/optimieren-sie-das-laminieren-von-kanten-mit-reaktiven-klebstoffen\/","title":{"rendered":"Optimieren Sie das Laminieren von Kanten mit reaktiven Klebstoffen"},"content":{"rendered":"<p>[vc_row show_menu_content=&#8220;yes&#8220;][vc_column row_spacing_h=&#8220;left-spacing&#8220; width=&#8220;1\/1&#8243;][single_image image=&#8220;14755&#8243;][text]<\/p>\n<h2 class=\"style-05\">Die Herausforderung<\/h2>\n<h3 class=\"style-01\">Optimieren Sie das Laminieren von Kanten mit Klebstoffen PUR<\/h3>\n<p>JJ Cocinas, ein erfahrener Hersteller von K\u00fcchenm\u00f6beln, beginnt mit einer produktiven Umstellung einer seiner Fertigungslinien f\u00fcr die Laminierung von Kanten und vertraut dabei auf das Team von Meler. [\/text][single_image image=&#8220;14760&#8243; image_spacing=&#8220;top-spacing-med bottom-spacing-0&#8243;][text]<\/p>\n<h2 class=\"style-05\">Unser Beitrag<\/h2>\n<h3 class=\"style-01\">Die Integration eines Kantenanleimsystems mit einem PUR-Auftragsger\u00e4t<\/h3>\n<p>Jetzt wird auf Qualit\u00e4tsm\u00f6bel und Prozessverbesserung gesetzt. Dabei kommt Meler ins Spiel: \u201eDas gro\u00dfe Wissen des technischen Teams von Meler in der Anwendung von Strukturklebstoffen hat zur Verbesserung der Arbeitsvorg\u00e4nge beigetragen.\u201c<\/p>\n<p>Jos\u00e9 Miguel Casado, ein Focke Meler-Techniker, der sich auf den Einsatz von reaktiven Polyurethanen in der Industrie spezialisiert hat, erkl\u00e4rt: \u201eDie heutigen PUR-Klebstoffe verbessern die Produktivit\u00e4t und garantieren die Qualit\u00e4t des Endprodukts auch im Export, stellen unsere Kunden jedoch vor neue Herausforderungen, da ihr Einsatz einen produktiven Wandel impliziert. Um eine Klebstoffvernetzung zu vermeiden, m\u00fcssen die Reinigungs- und Wartungsprozesse ge\u00e4ndert und die Temperaturregelung pr\u00e4ziser gestaltet werden. Deshalb ist unsere technische Arbeit so wichtig\u201c.[\/text][video_youtube video_url=&#8220;https:\/\/www.youtube.com\/watch?v=W20c3Tl8GdY&amp;t=1s&#8220;][text]<\/p>\n<h2 class=\"style-05\">Das Projekt (Dauer, Ziel, Sektor)<\/h2>\n<h3 class=\"style-01\">Ein schemelzger\u00e4t mit Bluetooth(R) -Technologie<\/h3>\n<p>Auch wenn die Anwendungen \u00e4hnlich scheinen, ist jede Installation einzigartig und unsere Kunden haben ihre eigenen Produktionsprozesse entwickelt, was eine pers\u00f6nliche und professionelle Betreuung unerl\u00e4sslich macht.<\/p>\n<p>Jes\u00fas de Abajo, Gesch\u00e4ftsf\u00fchrer von JJ Cocinas, erkl\u00e4rt die Produktionsvorteile, die ihm das Kaschiersystem mit einem <a href=\"#\">Kantenapplikator <\/a> im Vergleich zur Verwendung des bisherigen Rollensystems gebracht hat.<\/p>\n<h2 class=\"style-05\">Erfahrungsbericht<\/h2>\n<p class=\"testimonial\"><strong>&#8222;Wenn Sie ein Projekt starten, um Ihre Produktion zu ver\u00e4ndern, ist es wichtig zu wissen, dass hinter Ihnen ein Unternehmen steht, das Sie unterst\u00fctzt&#8220;.<br \/>\n<\/strong>Jes\u00fas de Abajo (JJCocinas Manager)<\/p>\n<h2 class=\"style-05\">Auswirkungen<\/h2>\n<ul class=\"style-03\">\n<li>H\u00f6here Qualit\u00e4t des Endprodukts<\/li>\n<li>Erh\u00f6hte Produktivit\u00e4<\/li>\n<li>Gesteigerte Wettbewerbsf\u00e4higkeit der Unternehmen<\/li>\n<\/ul>\n<p>[\/text][\/vc_column][\/vc_row][vc_row row_layout=&#8220;full&#8220;][vc_column width=&#8220;1\/1&#8243;][ttdirectory_gallery carousel_columns=&#8220;4&#8243; gallery_type=&#8220;style-01&#8243; gallery_carousel=&#8220;slide&#8220;][single_image image=&#8220;14770&#8243;][single_image image=&#8220;14715&#8243;][single_image image=&#8220;14720&#8243;][single_image image=&#8220;14725&#8243;][single_image image=&#8220;14730&#8243;][single_image image=&#8220;14735&#8243;][single_image image=&#8220;11067&#8243;][single_image image=&#8220;14745&#8243;][\/ttdirectory_gallery][\/vc_column][\/vc_row][vc_row row_bg_color=&#8220;bg-04&#8243; row_spacing=&#8220;top-spacing bottom-spacing-0&#8243;][vc_column width=&#8220;1\/1&#8243;][text]<\/p>\n<h2 class=\"txt-center style-01\">Unsere Produkte<\/h2>\n<p>[\/text][vc_tta_tabs][vc_tta_section title=&#8220;APPLIKATOREN &#8220; tab_id=&#8220;1672398287853-7a9cfd48-9ce4&#8243;][ttdirectory_products carousel_columns=&#8220;4&#8243; style=&#8220;1&#8243;][ttdirectory_product_applicators post_applicator=&#8220;15476&#8243;][ttdirectory_product_applicators post_applicator=&#8220;15435&#8243;][ttdirectory_product_applicators post_applicator=&#8220;15440&#8243;][\/ttdirectory_products][\/vc_tta_section][vc_tta_section title=&#8220;SCHMELZGER\u00c4TE&#8220; tab_id=&#8220;1672398287839-e7ca709f-fefa&#8220;][ttdirectory_products carousel_columns=&#8220;4&#8243; style=&#8220;1&#8243;][ttdirectory_product_melters post_melter=&#8220;12762&#8243;][ttdirectory_product_melters post_melter=&#8220;12255&#8243;][ttdirectory_product_melters post_melter=&#8220;15119&#8243;][\/ttdirectory_products][\/vc_tta_section][vc_tta_section title=&#8220;SCHL\u00c4UCHE&#8220; tab_id=&#8220;1672846711717-70806b95-a42b&#8220;][ttdirectory_products carousel_columns=&#8220;4&#8243; style=&#8220;1&#8243;][ttdirectory_product_hoses post_hoses=&#8220;8068&#8243;][ttdirectory_product_hoses post_hoses=&#8220;8072&#8243;][\/ttdirectory_products][\/vc_tta_section][vc_tta_section title=&#8220;CONTROLLER&#8220; tab_id=&#8220;1672846727459-c551c768-260b&#8220;][ttdirectory_products carousel_columns=&#8220;4&#8243; style=&#8220;1&#8243;][ttdirectory_product_controllers post_controller=&#8220;12297&#8243;][\/ttdirectory_products][\/vc_tta_section][vc_tta_section title=&#8220;ZUBEH\u00d6R&#8220; tab_id=&#8220;1672846743252-7c5f2148-1f6a&#8220;][ttdirectory_products carousel_columns=&#8220;4&#8243; style=&#8220;1&#8243;][ttdirectory_product_accessories post_accessories=&#8220;15246&#8243;][ttdirectory_product_accessories post_accessories=&#8220;15408&#8243;][\/ttdirectory_products][\/vc_tta_section][\/vc_tta_tabs][\/vc_column][\/vc_row]<\/p>\n","protected":false},"excerpt":{"rendered":"<p>[vc_row show_menu_content=&#8220;yes&#8220;][vc_column row_spacing_h=&#8220;left-spacing&#8220; width=&#8220;1\/1&#8243;][single_image image=&#8220;14755&#8243;][text] Die Herausforderung Optimieren Sie das Laminieren von Kanten mit Klebstoffen PUR JJ Cocinas, ein erfahrener Hersteller von K\u00fcchenm\u00f6beln, beginnt mit einer produktiven Umstellung einer seiner Fertigungslinien f\u00fcr die Laminierung von Kanten und vertraut dabei auf das Team von Meler. [\/text][single_image image=&#8220;14760&#8243; image_spacing=&#8220;top-spacing-med bottom-spacing-0&#8243;][text] Unser Beitrag Die Integration eines Kantenanleimsystems mit [&hellip;]<\/p>\n","protected":false},"author":1,"featured_media":22675,"parent":22044,"menu_order":224,"comment_status":"closed","ping_status":"closed","template":"","meta":[],"yoast_head":"<!-- This site is optimized with the Yoast SEO plugin v20.3 - https:\/\/yoast.com\/wordpress\/plugins\/seo\/ -->\n<title>Fallstudie: JJ Cocinas hat seine Produktionsprozesse dank Meler verbessert<\/title>\n<meta name=\"description\" content=\"Meler installiert eine Kantenanleimmaschine in der Produktionslinie von JJ Cocinas, um die Produktionsprozesse zu verbessern.\" \/>\n<meta name=\"robots\" content=\"index, follow, max-snippet:-1, max-image-preview:large, max-video-preview:-1\" \/>\n<link rel=\"canonical\" href=\"https:\/\/www.meler.cn\/de\/industrien\/schmelzkleber-in-der-holzindustrie\/optimieren-sie-das-laminieren-von-kanten-mit-reaktiven-klebstoffen\/\" \/>\n<meta property=\"og:locale\" content=\"de_DE\" \/>\n<meta property=\"og:type\" content=\"article\" \/>\n<meta property=\"og:title\" content=\"Fallstudie: JJ Cocinas hat seine Produktionsprozesse dank Meler verbessert\" \/>\n<meta property=\"og:description\" content=\"Meler installiert eine Kantenanleimmaschine in der Produktionslinie von JJ Cocinas, um die Produktionsprozesse zu verbessern.\" \/>\n<meta property=\"og:url\" content=\"https:\/\/www.meler.cn\/de\/industrien\/schmelzkleber-in-der-holzindustrie\/optimieren-sie-das-laminieren-von-kanten-mit-reaktiven-klebstoffen\/\" \/>\n<meta property=\"og:site_name\" content=\"Meler\" \/>\n<meta property=\"article:modified_time\" content=\"2023-03-22T11:38:48+00:00\" \/>\n<meta property=\"og:image\" content=\"https:\/\/20097.ttandemdigital.com\/media\/header-home-caso-exito-cocinas-jj-meler.png\" \/>\n\t<meta property=\"og:image:width\" content=\"1920\" \/>\n\t<meta property=\"og:image:height\" content=\"780\" \/>\n\t<meta property=\"og:image:type\" content=\"image\/png\" \/>\n<meta name=\"twitter:card\" content=\"summary_large_image\" \/>\n<meta name=\"twitter:label1\" content=\"Gesch\u00e4tzte Lesezeit\" \/>\n\t<meta name=\"twitter:data1\" content=\"2 Minuten\" \/>\n<script type=\"application\/ld+json\" class=\"yoast-schema-graph\">{\"@context\":\"https:\/\/schema.org\",\"@graph\":[{\"@type\":\"WebPage\",\"@id\":\"https:\/\/www.meler.cn\/de\/industrien\/schmelzkleber-in-der-holzindustrie\/optimieren-sie-das-laminieren-von-kanten-mit-reaktiven-klebstoffen\/\",\"url\":\"https:\/\/www.meler.cn\/de\/industrien\/schmelzkleber-in-der-holzindustrie\/optimieren-sie-das-laminieren-von-kanten-mit-reaktiven-klebstoffen\/\",\"name\":\"Fallstudie: JJ Cocinas hat seine Produktionsprozesse dank Meler verbessert\",\"isPartOf\":{\"@id\":\"https:\/\/www.meler.cn\/de\/#website\"},\"datePublished\":\"2023-01-04T09:35:32+00:00\",\"dateModified\":\"2023-03-22T11:38:48+00:00\",\"description\":\"Meler installiert eine Kantenanleimmaschine in der Produktionslinie von JJ Cocinas, um die Produktionsprozesse zu verbessern.\",\"breadcrumb\":{\"@id\":\"https:\/\/www.meler.cn\/de\/industrien\/schmelzkleber-in-der-holzindustrie\/optimieren-sie-das-laminieren-von-kanten-mit-reaktiven-klebstoffen\/#breadcrumb\"},\"inLanguage\":\"de-DE\",\"potentialAction\":[{\"@type\":\"ReadAction\",\"target\":[\"https:\/\/www.meler.cn\/de\/industrien\/schmelzkleber-in-der-holzindustrie\/optimieren-sie-das-laminieren-von-kanten-mit-reaktiven-klebstoffen\/\"]}]},{\"@type\":\"BreadcrumbList\",\"@id\":\"https:\/\/www.meler.cn\/de\/industrien\/schmelzkleber-in-der-holzindustrie\/optimieren-sie-das-laminieren-von-kanten-mit-reaktiven-klebstoffen\/#breadcrumb\",\"itemListElement\":[{\"@type\":\"ListItem\",\"position\":1,\"name\":\"Portada\",\"item\":\"https:\/\/www.meler.cn\/de\/\"},{\"@type\":\"ListItem\",\"position\":2,\"name\":\"Industrien\",\"item\":\"https:\/\/20097.ttandemdigital.com\/de\/industrien\/\"},{\"@type\":\"ListItem\",\"position\":3,\"name\":\"Schmelzkleber in der holzindustrie\",\"item\":\"https:\/\/20097.ttandemdigital.com\/de\/industrien\/schmelzkleber-in-der-holzindustrie\/\"},{\"@type\":\"ListItem\",\"position\":4,\"name\":\"Optimieren Sie das Laminieren von Kanten mit reaktiven Klebstoffen\"}]},{\"@type\":\"WebSite\",\"@id\":\"https:\/\/www.meler.cn\/de\/#website\",\"url\":\"https:\/\/www.meler.cn\/de\/\",\"name\":\"Meler\",\"description\":\"Just another WordPress site\",\"potentialAction\":[{\"@type\":\"SearchAction\",\"target\":{\"@type\":\"EntryPoint\",\"urlTemplate\":\"https:\/\/www.meler.cn\/de\/?s={search_term_string}\"},\"query-input\":\"required name=search_term_string\"}],\"inLanguage\":\"de-DE\"}]}<\/script>\n<!-- \/ Yoast SEO plugin. -->","yoast_head_json":{"title":"Fallstudie: JJ Cocinas hat seine Produktionsprozesse dank Meler verbessert","description":"Meler installiert eine Kantenanleimmaschine in der Produktionslinie von JJ Cocinas, um die Produktionsprozesse zu verbessern.","robots":{"index":"index","follow":"follow","max-snippet":"max-snippet:-1","max-image-preview":"max-image-preview:large","max-video-preview":"max-video-preview:-1"},"canonical":"https:\/\/www.meler.cn\/de\/industrien\/schmelzkleber-in-der-holzindustrie\/optimieren-sie-das-laminieren-von-kanten-mit-reaktiven-klebstoffen\/","og_locale":"de_DE","og_type":"article","og_title":"Fallstudie: JJ Cocinas hat seine Produktionsprozesse dank Meler verbessert","og_description":"Meler installiert eine Kantenanleimmaschine in der Produktionslinie von JJ Cocinas, um die Produktionsprozesse zu verbessern.","og_url":"https:\/\/www.meler.cn\/de\/industrien\/schmelzkleber-in-der-holzindustrie\/optimieren-sie-das-laminieren-von-kanten-mit-reaktiven-klebstoffen\/","og_site_name":"Meler","article_modified_time":"2023-03-22T11:38:48+00:00","og_image":[{"width":1920,"height":780,"url":"https:\/\/20097.ttandemdigital.com\/media\/header-home-caso-exito-cocinas-jj-meler.png","type":"image\/png"}],"twitter_card":"summary_large_image","twitter_misc":{"Gesch\u00e4tzte Lesezeit":"2 Minuten"},"schema":{"@context":"https:\/\/schema.org","@graph":[{"@type":"WebPage","@id":"https:\/\/www.meler.cn\/de\/industrien\/schmelzkleber-in-der-holzindustrie\/optimieren-sie-das-laminieren-von-kanten-mit-reaktiven-klebstoffen\/","url":"https:\/\/www.meler.cn\/de\/industrien\/schmelzkleber-in-der-holzindustrie\/optimieren-sie-das-laminieren-von-kanten-mit-reaktiven-klebstoffen\/","name":"Fallstudie: JJ Cocinas hat seine Produktionsprozesse dank Meler verbessert","isPartOf":{"@id":"https:\/\/www.meler.cn\/de\/#website"},"datePublished":"2023-01-04T09:35:32+00:00","dateModified":"2023-03-22T11:38:48+00:00","description":"Meler installiert eine Kantenanleimmaschine in der Produktionslinie von JJ Cocinas, um die Produktionsprozesse zu verbessern.","breadcrumb":{"@id":"https:\/\/www.meler.cn\/de\/industrien\/schmelzkleber-in-der-holzindustrie\/optimieren-sie-das-laminieren-von-kanten-mit-reaktiven-klebstoffen\/#breadcrumb"},"inLanguage":"de-DE","potentialAction":[{"@type":"ReadAction","target":["https:\/\/www.meler.cn\/de\/industrien\/schmelzkleber-in-der-holzindustrie\/optimieren-sie-das-laminieren-von-kanten-mit-reaktiven-klebstoffen\/"]}]},{"@type":"BreadcrumbList","@id":"https:\/\/www.meler.cn\/de\/industrien\/schmelzkleber-in-der-holzindustrie\/optimieren-sie-das-laminieren-von-kanten-mit-reaktiven-klebstoffen\/#breadcrumb","itemListElement":[{"@type":"ListItem","position":1,"name":"Portada","item":"https:\/\/www.meler.cn\/de\/"},{"@type":"ListItem","position":2,"name":"Industrien","item":"https:\/\/20097.ttandemdigital.com\/de\/industrien\/"},{"@type":"ListItem","position":3,"name":"Schmelzkleber in der holzindustrie","item":"https:\/\/20097.ttandemdigital.com\/de\/industrien\/schmelzkleber-in-der-holzindustrie\/"},{"@type":"ListItem","position":4,"name":"Optimieren Sie das Laminieren von Kanten mit reaktiven Klebstoffen"}]},{"@type":"WebSite","@id":"https:\/\/www.meler.cn\/de\/#website","url":"https:\/\/www.meler.cn\/de\/","name":"Meler","description":"Just another WordPress site","potentialAction":[{"@type":"SearchAction","target":{"@type":"EntryPoint","urlTemplate":"https:\/\/www.meler.cn\/de\/?s={search_term_string}"},"query-input":"required name=search_term_string"}],"inLanguage":"de-DE"}]}},"_links":{"self":[{"href":"https:\/\/www.meler.cn\/de\/wp-json\/wp\/v2\/pages\/22780"}],"collection":[{"href":"https:\/\/www.meler.cn\/de\/wp-json\/wp\/v2\/pages"}],"about":[{"href":"https:\/\/www.meler.cn\/de\/wp-json\/wp\/v2\/types\/page"}],"author":[{"embeddable":true,"href":"https:\/\/www.meler.cn\/de\/wp-json\/wp\/v2\/users\/1"}],"replies":[{"embeddable":true,"href":"https:\/\/www.meler.cn\/de\/wp-json\/wp\/v2\/comments?post=22780"}],"version-history":[{"count":4,"href":"https:\/\/www.meler.cn\/de\/wp-json\/wp\/v2\/pages\/22780\/revisions"}],"predecessor-version":[{"id":27214,"href":"https:\/\/www.meler.cn\/de\/wp-json\/wp\/v2\/pages\/22780\/revisions\/27214"}],"up":[{"embeddable":true,"href":"https:\/\/www.meler.cn\/de\/wp-json\/wp\/v2\/pages\/22044"}],"wp:featuredmedia":[{"embeddable":true,"href":"https:\/\/www.meler.cn\/de\/wp-json\/wp\/v2\/media\/22675"}],"wp:attachment":[{"href":"https:\/\/www.meler.cn\/de\/wp-json\/wp\/v2\/media?parent=22780"}],"curies":[{"name":"wp","href":"https:\/\/api.w.org\/{rel}","templated":true}]}}