




















{"id":22601,"date":"2023-01-04T09:33:55","date_gmt":"2023-01-04T09:33:55","guid":{"rendered":"https:\/\/www.meler.eu\/industrien\/schmelzkleber-fuer-den-bau\/un-proyecto-a-medida-el-cabezal-de-cola-fria\/"},"modified":"2024-08-30T11:41:28","modified_gmt":"2024-08-30T11:41:28","slug":"ein-projekt-nachmass-der-auftragskopf-fur-kaltklebstoff","status":"publish","type":"page","link":"https:\/\/www.meler.cn\/de\/industrien\/schmelzkleber-fuer-den-bau\/ein-projekt-nachmass-der-auftragskopf-fur-kaltklebstoff\/","title":{"rendered":"Ein Projekt nach Mass: der Auftragskopf f\u00fcr Kaltklebstoff"},"content":{"rendered":"<p>[vc_row show_menu_content=&#8220;yes&#8220;][vc_column row_spacing_h=&#8220;left-spacing&#8220; width=&#8220;1\/1&#8243;][single_image image=&#8220;14816&#8243;][text]<\/p>\n<h2 class=\"style-05\">Die Herausforderung<\/h2>\n<h3 class=\"style-01\">Entwicklung einer ma\u00dfgeschneiderten L\u00f6sung<\/h3>\n<p>Wir von Meler k\u00fcmmern uns um die Anforderungen unserer Kunden und passen das Design unserer Produkte entsprechend an. Als Beispiel m\u00f6chten wir eine f\u00fcr einen Kunden entwickelte L\u00f6sung vorstellen, der haupts\u00e4chlich W\u00e4rmed\u00e4mmplatten f\u00fcr den Bausektor herstellt. Die Schwierigkeit bestand in der Entwicklung einer Anwendung, die in der Lage ist, alle Lagen dieser Platten pr\u00e4zise, wirksam und kosteng\u00fcnstig zu verkleben.[\/text][single_image image=&#8220;14821&#8243;][text]<\/p>\n<h2 class=\"style-05\">Unser Beitrag<\/h2>\n<h3 class=\"style-01\">Wie ist der Multimodulare Auftragskopf f\u00fcr Kaltklebtoff von Meler Aufgebaut?<\/h3>\n<p>Der Auftragskopf f\u00fcr Kaltklebstoff besteht aus kompatiblen, linear angeordneten Modulen, die unabh\u00e4ngig voneinander zur Kontrolle des Auftragsgewichts reguliert werden k\u00f6nnen.<\/p>\n<p>Au\u00dferdem verf\u00fcgt der Kopf \u00fcber eine Ventilsteuerung, damit der Kunde die Auftragsbreite einstellen kann, einen Versorgungsluftverteiler f\u00fcr die Ventile und einen weiteren Verteiler f\u00fcr die aus den Modulen austretende Luft. All dies erm\u00f6glicht, dass der Auftragskopf f\u00fcr Kaltklebstoff von Meler Punkte und Raupen mit der h\u00f6chsten Pr\u00e4zision auftr\u00e4gt, ohne die Oberfl\u00e4che oder das Tr\u00e4germaterial zu ber\u00fchren.<\/p>\n<p>Die inaktiven oder f\u00fcr eine bestimmte Anwendung nicht ben\u00f6tigten Module werden in ein Wasserspeisesystem eingetaucht. Dadurch wird ein Austrocknen des Kaltklebstoffs vermieden, wenn er mit Luft in Kontakt kommt, und somit die Verstopfung der Module.<\/p>\n<p>Der Auftragskopf f\u00fcr Kaltklebstoff von Meler verf\u00fcgt \u00fcber vier Klebstoffeing\u00e4nge und ein Wasser-Absperrventil, um die Reinigung zu erleichtern. Dar\u00fcber hinaus ist er mit einem Klebstofftank versehen, der von einem gr\u00f6\u00dferen Tank gespeist wird.<\/p>\n<h2 class=\"style-05\">Das Projekt (Dauer, Ziel, Sektor)<\/h2>\n<h3 class=\"style-01\">Welche Vorteile Bietet der Auftragskopf f\u00fcr Kaltklebstoff von Meler?<\/h3>\n<ul class=\"style-03\">\n<li style=\"list-style-type: none;\">\n<ul class=\"style-03\">\n<li>\u00c4u\u00dferst pr\u00e4ziser Auftrag mit gleichf\u00f6rmiger Verteilung: dank eines gro\u00dfen Verteilerkanals ist der Druck im gesamten Auftragselement gleichf\u00f6rmig, sodass an jeder Stelle immer die gleiche Menge Klebstoff aufgebracht wird.<\/li>\n<li>Flexibler Auftrag, da die Anzahl der Raupen durch Ein- oder Ausschalten der Module \u00fcber die Elektromagnetventile angepasst werden kann. In gleicher Weise erm\u00f6glichen die Module eine Regulierung des Auftragsgewichts. All dies f\u00fchrt dazu, dass sich das Produkt den Kundenbed\u00fcrfnissen anpassen l\u00e4sst.<\/li>\n<li>Gleichzeitiger Auftrag von Hei\u00dfklebstoff, um die Verbindung zweier Teile w\u00e4hrend der Bearbeitungsprozesse und der Aush\u00e4rtephase des Kaltklebstoffs zu bewahren.<\/li>\n<li>Der Klebstofftank zwischen dem Auftragskopf und dem gro\u00dfen Tank ist mit einem F\u00fcllstandsensor ausgestattet.<\/li>\n<\/ul>\n<\/li>\n<\/ul>\n<h2 class=\"style-05\">Auswirkungen<\/h2>\n<ul class=\"style-03\">\n<li>Anpassbar an die Bed\u00fcrfnisse des Benutzers<\/li>\n<li>M\u00f6glichkeit gleichzeitiger Produktionsprozesse<\/li>\n<li>\u2022 Autonome Kontrolle der Anwendungsparameter<\/li>\n<\/ul>\n<p>[\/text][\/vc_column][\/vc_row][vc_row row_bg_color=&#8220;bg-04&#8243; row_spacing=&#8220;top-spacing bottom-spacing-0&#8243;][vc_column width=&#8220;1\/1&#8243;][text]<\/p>\n<h2 class=\"txt-center style-01\">UNSERE PRODUKTE<\/h2>\n<p>[\/text][vc_tta_tabs][vc_tta_section title=&#8220;APPLIKATOREN&#8220; tab_id=&#8220;1672398287839-e7ca709f-fefa&#8220;][ttdirectory_products carousel_columns=&#8220;4&#8243; style=&#8220;1&#8243;][ttdirectory_product_applicators post_applicator=&#8220;26025&#8243;][ttdirectory_product_applicators post_applicator=&#8220;24868&#8243;][\/ttdirectory_products][\/vc_tta_section][vc_tta_section title=&#8220;SCHMELZGER\u00c4TE&#8220; tab_id=&#8220;1672398287853-7a9cfd48-9ce4&#8243;][ttdirectory_products carousel_columns=&#8220;4&#8243; style=&#8220;1&#8243;][ttdirectory_product_melters post_melter=&#8220;26109&#8243;][ttdirectory_product_melters post_melter=&#8220;23781&#8243;][ttdirectory_product_melters post_melter=&#8220;26114&#8243;][\/ttdirectory_products][\/vc_tta_section][vc_tta_section title=&#8220;SCHL\u00c4UCHE&#8220; tab_id=&#8220;1672832642113-99467d1d-819f&#8220;][ttdirectory_products carousel_columns=&#8220;4&#8243; style=&#8220;1&#8243;][ttdirectory_product_hoses post_hoses=&#8220;22593&#8243;][ttdirectory_product_hoses post_hoses=&#8220;22598&#8243;][\/ttdirectory_products][\/vc_tta_section][vc_tta_section title=&#8220;CONTROLLER&#8220; tab_id=&#8220;1672832659791-3921bd7d-b8e8&#8243;][ttdirectory_products carousel_columns=&#8220;4&#8243; style=&#8220;1&#8243;][ttdirectory_product_controllers post_controller=&#8220;27666&#8243;][\/ttdirectory_products][\/vc_tta_section][vc_tta_section title=&#8220;ZUBEH\u00d6R&#8220; tab_id=&#8220;1672832678810-08faf5a4-df78&#8243;][ttdirectory_products carousel_columns=&#8220;4&#8243; style=&#8220;1&#8243;][ttdirectory_product_accessories post_accessories=&#8220;22699&#8243;][ttdirectory_product_accessories post_accessories=&#8220;23711&#8243;][ttdirectory_product_accessories post_accessories=&#8220;23647&#8243;][\/ttdirectory_products][\/vc_tta_section][\/vc_tta_tabs][\/vc_column][\/vc_row]<\/p>\n","protected":false},"excerpt":{"rendered":"<p>[vc_row show_menu_content=&#8220;yes&#8220;][vc_column row_spacing_h=&#8220;left-spacing&#8220; width=&#8220;1\/1&#8243;][single_image image=&#8220;14816&#8243;][text] Die Herausforderung Entwicklung einer ma\u00dfgeschneiderten L\u00f6sung Wir von Meler k\u00fcmmern uns um die Anforderungen unserer Kunden und passen das Design unserer Produkte entsprechend an. Als Beispiel m\u00f6chten wir eine f\u00fcr einen Kunden entwickelte L\u00f6sung vorstellen, der haupts\u00e4chlich W\u00e4rmed\u00e4mmplatten f\u00fcr den Bausektor herstellt. Die Schwierigkeit bestand in der Entwicklung einer Anwendung, [&hellip;]<\/p>\n","protected":false},"author":1,"featured_media":15392,"parent":21947,"menu_order":245,"comment_status":"closed","ping_status":"closed","template":"","meta":[],"yoast_head":"<!-- This site is optimized with the Yoast SEO plugin v20.3 - https:\/\/yoast.com\/wordpress\/plugins\/seo\/ -->\n<title>Ein Projekt nach Mass: der Auftragskopf f\u00fcr Kaltklebstoff - Meler<\/title>\n<meta name=\"robots\" content=\"index, follow, max-snippet:-1, max-image-preview:large, max-video-preview:-1\" \/>\n<link rel=\"canonical\" href=\"https:\/\/www.meler.cn\/de\/industrien\/schmelzkleber-fuer-den-bau\/ein-projekt-nachmass-der-auftragskopf-fur-kaltklebstoff\/\" \/>\n<meta property=\"og:locale\" content=\"de_DE\" \/>\n<meta property=\"og:type\" content=\"article\" \/>\n<meta property=\"og:title\" content=\"Ein Projekt nach Mass: der Auftragskopf f\u00fcr Kaltklebstoff - Meler\" \/>\n<meta property=\"og:description\" content=\"[vc_row show_menu_content=&#8220;yes&#8220;][vc_column row_spacing_h=&#8220;left-spacing&#8220; width=&#8220;1\/1&#8243;][single_image image=&#8220;14816&#8243;][text] Die Herausforderung Entwicklung einer ma\u00dfgeschneiderten L\u00f6sung Wir von Meler k\u00fcmmern uns um die Anforderungen unserer Kunden und passen das Design unserer Produkte entsprechend an. Als Beispiel m\u00f6chten wir eine f\u00fcr einen Kunden entwickelte L\u00f6sung vorstellen, der haupts\u00e4chlich W\u00e4rmed\u00e4mmplatten f\u00fcr den Bausektor herstellt. Die Schwierigkeit bestand in der Entwicklung einer Anwendung, [&hellip;]\" \/>\n<meta property=\"og:url\" content=\"https:\/\/www.meler.cn\/de\/industrien\/schmelzkleber-fuer-den-bau\/ein-projekt-nachmass-der-auftragskopf-fur-kaltklebstoff\/\" \/>\n<meta property=\"og:site_name\" content=\"Meler\" \/>\n<meta property=\"article:modified_time\" content=\"2024-08-30T11:41:28+00:00\" \/>\n<meta property=\"og:image\" content=\"https:\/\/20097.ttandemdigital.com\/media\/header-industrias-construccion-caso-exito-cabezal-cola-fria.png\" \/>\n\t<meta property=\"og:image:width\" content=\"1920\" \/>\n\t<meta property=\"og:image:height\" content=\"780\" \/>\n\t<meta property=\"og:image:type\" content=\"image\/png\" \/>\n<meta name=\"twitter:card\" content=\"summary_large_image\" \/>\n<meta name=\"twitter:label1\" content=\"Gesch\u00e4tzte Lesezeit\" \/>\n\t<meta name=\"twitter:data1\" content=\"3 Minuten\" \/>\n<script type=\"application\/ld+json\" class=\"yoast-schema-graph\">{\"@context\":\"https:\/\/schema.org\",\"@graph\":[{\"@type\":\"WebPage\",\"@id\":\"https:\/\/www.meler.cn\/de\/industrien\/schmelzkleber-fuer-den-bau\/ein-projekt-nachmass-der-auftragskopf-fur-kaltklebstoff\/\",\"url\":\"https:\/\/www.meler.cn\/de\/industrien\/schmelzkleber-fuer-den-bau\/ein-projekt-nachmass-der-auftragskopf-fur-kaltklebstoff\/\",\"name\":\"Ein Projekt nach Mass: der Auftragskopf f\u00fcr Kaltklebstoff - Meler\",\"isPartOf\":{\"@id\":\"https:\/\/www.meler.cn\/de\/#website\"},\"datePublished\":\"2023-01-04T09:33:55+00:00\",\"dateModified\":\"2024-08-30T11:41:28+00:00\",\"breadcrumb\":{\"@id\":\"https:\/\/www.meler.cn\/de\/industrien\/schmelzkleber-fuer-den-bau\/ein-projekt-nachmass-der-auftragskopf-fur-kaltklebstoff\/#breadcrumb\"},\"inLanguage\":\"de-DE\",\"potentialAction\":[{\"@type\":\"ReadAction\",\"target\":[\"https:\/\/www.meler.cn\/de\/industrien\/schmelzkleber-fuer-den-bau\/ein-projekt-nachmass-der-auftragskopf-fur-kaltklebstoff\/\"]}]},{\"@type\":\"BreadcrumbList\",\"@id\":\"https:\/\/www.meler.cn\/de\/industrien\/schmelzkleber-fuer-den-bau\/ein-projekt-nachmass-der-auftragskopf-fur-kaltklebstoff\/#breadcrumb\",\"itemListElement\":[{\"@type\":\"ListItem\",\"position\":1,\"name\":\"Portada\",\"item\":\"https:\/\/www.meler.cn\/de\/\"},{\"@type\":\"ListItem\",\"position\":2,\"name\":\"Industrien\",\"item\":\"https:\/\/20097.ttandemdigital.com\/de\/industrien\/\"},{\"@type\":\"ListItem\",\"position\":3,\"name\":\"Schmelzkleber f\u00fcr den bau\",\"item\":\"https:\/\/20097.ttandemdigital.com\/de\/industrien\/schmelzkleber-fuer-den-bau\/\"},{\"@type\":\"ListItem\",\"position\":4,\"name\":\"Ein Projekt nach Mass: der Auftragskopf f\u00fcr Kaltklebstoff\"}]},{\"@type\":\"WebSite\",\"@id\":\"https:\/\/www.meler.cn\/de\/#website\",\"url\":\"https:\/\/www.meler.cn\/de\/\",\"name\":\"Meler\",\"description\":\"Just another WordPress site\",\"potentialAction\":[{\"@type\":\"SearchAction\",\"target\":{\"@type\":\"EntryPoint\",\"urlTemplate\":\"https:\/\/www.meler.cn\/de\/?s={search_term_string}\"},\"query-input\":\"required name=search_term_string\"}],\"inLanguage\":\"de-DE\"}]}<\/script>\n<!-- \/ Yoast SEO plugin. -->","yoast_head_json":{"title":"Ein Projekt nach Mass: der Auftragskopf f\u00fcr Kaltklebstoff - Meler","robots":{"index":"index","follow":"follow","max-snippet":"max-snippet:-1","max-image-preview":"max-image-preview:large","max-video-preview":"max-video-preview:-1"},"canonical":"https:\/\/www.meler.cn\/de\/industrien\/schmelzkleber-fuer-den-bau\/ein-projekt-nachmass-der-auftragskopf-fur-kaltklebstoff\/","og_locale":"de_DE","og_type":"article","og_title":"Ein Projekt nach Mass: der Auftragskopf f\u00fcr Kaltklebstoff - Meler","og_description":"[vc_row show_menu_content=&#8220;yes&#8220;][vc_column row_spacing_h=&#8220;left-spacing&#8220; width=&#8220;1\/1&#8243;][single_image image=&#8220;14816&#8243;][text] Die Herausforderung Entwicklung einer ma\u00dfgeschneiderten L\u00f6sung Wir von Meler k\u00fcmmern uns um die Anforderungen unserer Kunden und passen das Design unserer Produkte entsprechend an. Als Beispiel m\u00f6chten wir eine f\u00fcr einen Kunden entwickelte L\u00f6sung vorstellen, der haupts\u00e4chlich W\u00e4rmed\u00e4mmplatten f\u00fcr den Bausektor herstellt. Die Schwierigkeit bestand in der Entwicklung einer Anwendung, [&hellip;]","og_url":"https:\/\/www.meler.cn\/de\/industrien\/schmelzkleber-fuer-den-bau\/ein-projekt-nachmass-der-auftragskopf-fur-kaltklebstoff\/","og_site_name":"Meler","article_modified_time":"2024-08-30T11:41:28+00:00","og_image":[{"width":1920,"height":780,"url":"https:\/\/20097.ttandemdigital.com\/media\/header-industrias-construccion-caso-exito-cabezal-cola-fria.png","type":"image\/png"}],"twitter_card":"summary_large_image","twitter_misc":{"Gesch\u00e4tzte Lesezeit":"3 Minuten"},"schema":{"@context":"https:\/\/schema.org","@graph":[{"@type":"WebPage","@id":"https:\/\/www.meler.cn\/de\/industrien\/schmelzkleber-fuer-den-bau\/ein-projekt-nachmass-der-auftragskopf-fur-kaltklebstoff\/","url":"https:\/\/www.meler.cn\/de\/industrien\/schmelzkleber-fuer-den-bau\/ein-projekt-nachmass-der-auftragskopf-fur-kaltklebstoff\/","name":"Ein Projekt nach Mass: der Auftragskopf f\u00fcr Kaltklebstoff - Meler","isPartOf":{"@id":"https:\/\/www.meler.cn\/de\/#website"},"datePublished":"2023-01-04T09:33:55+00:00","dateModified":"2024-08-30T11:41:28+00:00","breadcrumb":{"@id":"https:\/\/www.meler.cn\/de\/industrien\/schmelzkleber-fuer-den-bau\/ein-projekt-nachmass-der-auftragskopf-fur-kaltklebstoff\/#breadcrumb"},"inLanguage":"de-DE","potentialAction":[{"@type":"ReadAction","target":["https:\/\/www.meler.cn\/de\/industrien\/schmelzkleber-fuer-den-bau\/ein-projekt-nachmass-der-auftragskopf-fur-kaltklebstoff\/"]}]},{"@type":"BreadcrumbList","@id":"https:\/\/www.meler.cn\/de\/industrien\/schmelzkleber-fuer-den-bau\/ein-projekt-nachmass-der-auftragskopf-fur-kaltklebstoff\/#breadcrumb","itemListElement":[{"@type":"ListItem","position":1,"name":"Portada","item":"https:\/\/www.meler.cn\/de\/"},{"@type":"ListItem","position":2,"name":"Industrien","item":"https:\/\/20097.ttandemdigital.com\/de\/industrien\/"},{"@type":"ListItem","position":3,"name":"Schmelzkleber f\u00fcr den bau","item":"https:\/\/20097.ttandemdigital.com\/de\/industrien\/schmelzkleber-fuer-den-bau\/"},{"@type":"ListItem","position":4,"name":"Ein Projekt nach Mass: der Auftragskopf f\u00fcr Kaltklebstoff"}]},{"@type":"WebSite","@id":"https:\/\/www.meler.cn\/de\/#website","url":"https:\/\/www.meler.cn\/de\/","name":"Meler","description":"Just another WordPress site","potentialAction":[{"@type":"SearchAction","target":{"@type":"EntryPoint","urlTemplate":"https:\/\/www.meler.cn\/de\/?s={search_term_string}"},"query-input":"required name=search_term_string"}],"inLanguage":"de-DE"}]}},"_links":{"self":[{"href":"https:\/\/www.meler.cn\/de\/wp-json\/wp\/v2\/pages\/22601"}],"collection":[{"href":"https:\/\/www.meler.cn\/de\/wp-json\/wp\/v2\/pages"}],"about":[{"href":"https:\/\/www.meler.cn\/de\/wp-json\/wp\/v2\/types\/page"}],"author":[{"embeddable":true,"href":"https:\/\/www.meler.cn\/de\/wp-json\/wp\/v2\/users\/1"}],"replies":[{"embeddable":true,"href":"https:\/\/www.meler.cn\/de\/wp-json\/wp\/v2\/comments?post=22601"}],"version-history":[{"count":5,"href":"https:\/\/www.meler.cn\/de\/wp-json\/wp\/v2\/pages\/22601\/revisions"}],"predecessor-version":[{"id":32865,"href":"https:\/\/www.meler.cn\/de\/wp-json\/wp\/v2\/pages\/22601\/revisions\/32865"}],"up":[{"embeddable":true,"href":"https:\/\/www.meler.cn\/de\/wp-json\/wp\/v2\/pages\/21947"}],"wp:featuredmedia":[{"embeddable":true,"href":"https:\/\/www.meler.cn\/de\/wp-json\/wp\/v2\/media\/15392"}],"wp:attachment":[{"href":"https:\/\/www.meler.cn\/de\/wp-json\/wp\/v2\/media?parent=22601"}],"curies":[{"name":"wp","href":"https:\/\/api.w.org\/{rel}","templated":true}]}}