




















{"id":22515,"date":"2022-12-29T11:24:08","date_gmt":"2022-12-29T11:24:08","guid":{"rendered":"https:\/\/www.meler.eu\/newsletter\/"},"modified":"2023-03-22T09:36:47","modified_gmt":"2023-03-22T09:36:47","slug":"newsletter","status":"publish","type":"page","link":"https:\/\/www.meler.cn\/de\/newsletter\/","title":{"rendered":"M\u00f6chten Sie unsere neuesten Nachrichten erfahren?\u202f\u202f"},"content":{"rendered":"<p>[vc_row row_spacing=&#8220;spacing-v-0&#8243; row_spacing_h=&#8220;spacing-h-0&#8243; el_class=&#8220;row-no-header&#8220;][vc_column width=&#8220;1\/1&#8243;][vc_row_inner el_class=&#8220;box-container&#8220;][vc_column_inner width=&#8220;1\/2&#8243;][text]<\/p>\n<h1>M\u00f6chten Sie unsere <strong>neuesten Nachrichten erfahren<\/strong>?<\/h1>\n<p>Abonnieren Sie unseren Newsletter, der Sie \u00fcber die neuesten Nachrichten aus der Branche auf dem Laufenden h\u00e4lt. Seien Sie der Erste, der unsere neuesten Entwicklungen erf\u00e4hrt und Zugang zu exklusiven Interviews mit Branchenexperten hat.\u202f [\/text][pardot pardot_url=&#8220;https:\/\/marketing.meler.eu\/l\/945933\/2021-12-22\/9rhkg&#8220;][\/vc_column_inner][vc_column_inner width=&#8220;1\/2&#8243;][\/vc_column_inner][\/vc_row_inner][\/vc_column][\/vc_row]<\/p>\n","protected":false},"excerpt":{"rendered":"<p>[vc_row row_spacing=&#8220;spacing-v-0&#8243; row_spacing_h=&#8220;spacing-h-0&#8243; el_class=&#8220;row-no-header&#8220;][vc_column width=&#8220;1\/1&#8243;][vc_row_inner el_class=&#8220;box-container&#8220;][vc_column_inner width=&#8220;1\/2&#8243;][text] M\u00f6chten Sie unsere neuesten Nachrichten erfahren? Abonnieren Sie unseren Newsletter, der Sie \u00fcber die neuesten Nachrichten aus der Branche auf dem Laufenden h\u00e4lt. Seien Sie der Erste, der unsere neuesten Entwicklungen erf\u00e4hrt und Zugang zu exklusiven Interviews mit Branchenexperten hat.\u202f [\/text][pardot pardot_url=&#8220;https:\/\/marketing.meler.eu\/l\/945933\/2021-12-22\/9rhkg&#8220;][\/vc_column_inner][vc_column_inner width=&#8220;1\/2&#8243;][\/vc_column_inner][\/vc_row_inner][\/vc_column][\/vc_row]<\/p>\n","protected":false},"author":1,"featured_media":14112,"parent":0,"menu_order":258,"comment_status":"closed","ping_status":"closed","template":"template-no-header.php","meta":[],"yoast_head":"<!-- This site is optimized with the Yoast SEO plugin v20.3 - https:\/\/yoast.com\/wordpress\/plugins\/seo\/ -->\n<title>M\u00f6chten Sie unsere neuesten Nachrichten erfahren?\u202f\u202f - Meler<\/title>\n<meta name=\"robots\" content=\"index, follow, max-snippet:-1, max-image-preview:large, max-video-preview:-1\" \/>\n<link rel=\"canonical\" href=\"https:\/\/www.meler.cn\/de\/newsletter\/\" \/>\n<meta property=\"og:locale\" content=\"de_DE\" \/>\n<meta property=\"og:type\" content=\"article\" \/>\n<meta property=\"og:title\" content=\"M\u00f6chten Sie unsere neuesten Nachrichten erfahren?\u202f\u202f - Meler\" \/>\n<meta property=\"og:description\" content=\"[vc_row row_spacing=&#8220;spacing-v-0&#8243; row_spacing_h=&#8220;spacing-h-0&#8243; el_class=&#8220;row-no-header&#8220;][vc_column width=&#8220;1\/1&#8243;][vc_row_inner el_class=&#8220;box-container&#8220;][vc_column_inner width=&#8220;1\/2&#8243;][text] M\u00f6chten Sie unsere neuesten Nachrichten erfahren? Abonnieren Sie unseren Newsletter, der Sie \u00fcber die neuesten Nachrichten aus der Branche auf dem Laufenden h\u00e4lt. Seien Sie der Erste, der unsere neuesten Entwicklungen erf\u00e4hrt und Zugang zu exklusiven Interviews mit Branchenexperten hat.\u202f [\/text][pardot pardot_url=&#8220;https:\/\/marketing.meler.eu\/l\/945933\/2021-12-22\/9rhkg&#8220;][\/vc_column_inner][vc_column_inner width=&#8220;1\/2&#8243;][\/vc_column_inner][\/vc_row_inner][\/vc_column][\/vc_row]\" \/>\n<meta property=\"og:url\" content=\"https:\/\/www.meler.cn\/de\/newsletter\/\" \/>\n<meta property=\"og:site_name\" content=\"Meler\" \/>\n<meta property=\"article:modified_time\" content=\"2023-03-22T09:36:47+00:00\" \/>\n<meta property=\"og:image\" content=\"https:\/\/20097.ttandemdigital.com\/media\/header-contacto-meler.png\" \/>\n\t<meta property=\"og:image:width\" content=\"1920\" \/>\n\t<meta property=\"og:image:height\" content=\"780\" \/>\n\t<meta property=\"og:image:type\" content=\"image\/jpeg\" \/>\n<meta name=\"twitter:card\" content=\"summary_large_image\" \/>\n<meta name=\"twitter:label1\" content=\"Gesch\u00e4tzte Lesezeit\" \/>\n\t<meta name=\"twitter:data1\" content=\"1 Minute\" \/>\n<script type=\"application\/ld+json\" class=\"yoast-schema-graph\">{\"@context\":\"https:\/\/schema.org\",\"@graph\":[{\"@type\":\"WebPage\",\"@id\":\"https:\/\/www.meler.cn\/de\/newsletter\/\",\"url\":\"https:\/\/www.meler.cn\/de\/newsletter\/\",\"name\":\"M\u00f6chten Sie unsere neuesten Nachrichten erfahren?\u202f\u202f - Meler\",\"isPartOf\":{\"@id\":\"https:\/\/www.meler.cn\/de\/#website\"},\"datePublished\":\"2022-12-29T11:24:08+00:00\",\"dateModified\":\"2023-03-22T09:36:47+00:00\",\"breadcrumb\":{\"@id\":\"https:\/\/www.meler.cn\/de\/newsletter\/#breadcrumb\"},\"inLanguage\":\"de-DE\",\"potentialAction\":[{\"@type\":\"ReadAction\",\"target\":[\"https:\/\/www.meler.cn\/de\/newsletter\/\"]}]},{\"@type\":\"BreadcrumbList\",\"@id\":\"https:\/\/www.meler.cn\/de\/newsletter\/#breadcrumb\",\"itemListElement\":[{\"@type\":\"ListItem\",\"position\":1,\"name\":\"Portada\",\"item\":\"https:\/\/www.meler.cn\/de\/\"},{\"@type\":\"ListItem\",\"position\":2,\"name\":\"M\u00f6chten Sie unsere neuesten Nachrichten erfahren?\u202f\u202f\"}]},{\"@type\":\"WebSite\",\"@id\":\"https:\/\/www.meler.cn\/de\/#website\",\"url\":\"https:\/\/www.meler.cn\/de\/\",\"name\":\"Meler\",\"description\":\"Just another WordPress site\",\"potentialAction\":[{\"@type\":\"SearchAction\",\"target\":{\"@type\":\"EntryPoint\",\"urlTemplate\":\"https:\/\/www.meler.cn\/de\/?s={search_term_string}\"},\"query-input\":\"required name=search_term_string\"}],\"inLanguage\":\"de-DE\"}]}<\/script>\n<!-- \/ Yoast SEO plugin. -->","yoast_head_json":{"title":"M\u00f6chten Sie unsere neuesten Nachrichten erfahren?\u202f\u202f - Meler","robots":{"index":"index","follow":"follow","max-snippet":"max-snippet:-1","max-image-preview":"max-image-preview:large","max-video-preview":"max-video-preview:-1"},"canonical":"https:\/\/www.meler.cn\/de\/newsletter\/","og_locale":"de_DE","og_type":"article","og_title":"M\u00f6chten Sie unsere neuesten Nachrichten erfahren?\u202f\u202f - Meler","og_description":"[vc_row row_spacing=&#8220;spacing-v-0&#8243; row_spacing_h=&#8220;spacing-h-0&#8243; el_class=&#8220;row-no-header&#8220;][vc_column width=&#8220;1\/1&#8243;][vc_row_inner el_class=&#8220;box-container&#8220;][vc_column_inner width=&#8220;1\/2&#8243;][text] M\u00f6chten Sie unsere neuesten Nachrichten erfahren? Abonnieren Sie unseren Newsletter, der Sie \u00fcber die neuesten Nachrichten aus der Branche auf dem Laufenden h\u00e4lt. Seien Sie der Erste, der unsere neuesten Entwicklungen erf\u00e4hrt und Zugang zu exklusiven Interviews mit Branchenexperten hat.\u202f [\/text][pardot pardot_url=&#8220;https:\/\/marketing.meler.eu\/l\/945933\/2021-12-22\/9rhkg&#8220;][\/vc_column_inner][vc_column_inner width=&#8220;1\/2&#8243;][\/vc_column_inner][\/vc_row_inner][\/vc_column][\/vc_row]","og_url":"https:\/\/www.meler.cn\/de\/newsletter\/","og_site_name":"Meler","article_modified_time":"2023-03-22T09:36:47+00:00","og_image":[{"width":1920,"height":780,"url":"https:\/\/20097.ttandemdigital.com\/media\/header-contacto-meler.png","type":"image\/jpeg"}],"twitter_card":"summary_large_image","twitter_misc":{"Gesch\u00e4tzte Lesezeit":"1 Minute"},"schema":{"@context":"https:\/\/schema.org","@graph":[{"@type":"WebPage","@id":"https:\/\/www.meler.cn\/de\/newsletter\/","url":"https:\/\/www.meler.cn\/de\/newsletter\/","name":"M\u00f6chten Sie unsere neuesten Nachrichten erfahren?\u202f\u202f - Meler","isPartOf":{"@id":"https:\/\/www.meler.cn\/de\/#website"},"datePublished":"2022-12-29T11:24:08+00:00","dateModified":"2023-03-22T09:36:47+00:00","breadcrumb":{"@id":"https:\/\/www.meler.cn\/de\/newsletter\/#breadcrumb"},"inLanguage":"de-DE","potentialAction":[{"@type":"ReadAction","target":["https:\/\/www.meler.cn\/de\/newsletter\/"]}]},{"@type":"BreadcrumbList","@id":"https:\/\/www.meler.cn\/de\/newsletter\/#breadcrumb","itemListElement":[{"@type":"ListItem","position":1,"name":"Portada","item":"https:\/\/www.meler.cn\/de\/"},{"@type":"ListItem","position":2,"name":"M\u00f6chten Sie unsere neuesten Nachrichten erfahren?\u202f\u202f"}]},{"@type":"WebSite","@id":"https:\/\/www.meler.cn\/de\/#website","url":"https:\/\/www.meler.cn\/de\/","name":"Meler","description":"Just another WordPress site","potentialAction":[{"@type":"SearchAction","target":{"@type":"EntryPoint","urlTemplate":"https:\/\/www.meler.cn\/de\/?s={search_term_string}"},"query-input":"required name=search_term_string"}],"inLanguage":"de-DE"}]}},"_links":{"self":[{"href":"https:\/\/www.meler.cn\/de\/wp-json\/wp\/v2\/pages\/22515"}],"collection":[{"href":"https:\/\/www.meler.cn\/de\/wp-json\/wp\/v2\/pages"}],"about":[{"href":"https:\/\/www.meler.cn\/de\/wp-json\/wp\/v2\/types\/page"}],"author":[{"embeddable":true,"href":"https:\/\/www.meler.cn\/de\/wp-json\/wp\/v2\/users\/1"}],"replies":[{"embeddable":true,"href":"https:\/\/www.meler.cn\/de\/wp-json\/wp\/v2\/comments?post=22515"}],"version-history":[{"count":3,"href":"https:\/\/www.meler.cn\/de\/wp-json\/wp\/v2\/pages\/22515\/revisions"}],"predecessor-version":[{"id":27437,"href":"https:\/\/www.meler.cn\/de\/wp-json\/wp\/v2\/pages\/22515\/revisions\/27437"}],"wp:featuredmedia":[{"embeddable":true,"href":"https:\/\/www.meler.cn\/de\/wp-json\/wp\/v2\/media\/14112"}],"wp:attachment":[{"href":"https:\/\/www.meler.cn\/de\/wp-json\/wp\/v2\/media?parent=22515"}],"curies":[{"name":"wp","href":"https:\/\/api.w.org\/{rel}","templated":true}]}}