




















{"id":22410,"date":"2023-01-04T09:45:28","date_gmt":"2023-01-04T09:45:28","guid":{"rendered":"https:\/\/www.meler.eu\/industrien\/heissschmelzsysteme-fur-tabakverpackungen\/aplicacion-de-sellos-fiscales-con-ikarus-station\/"},"modified":"2023-03-22T11:38:41","modified_gmt":"2023-03-22T11:38:41","slug":"steuerstempel-anwendung-mit-ikarus-station","status":"publish","type":"page","link":"https:\/\/www.meler.cn\/de\/industrien\/heissschmelzsysteme-fur-tabakverpackungen\/steuerstempel-anwendung-mit-ikarus-station\/","title":{"rendered":"Anbringen von Steuermarken mit einer Ikarus Station"},"content":{"rendered":"<p>[vc_row show_menu_content=&#8220;yes&#8220;][vc_column row_spacing_h=&#8220;left-spacing&#8220; width=&#8220;1\/1&#8243;][single_image image=&#8220;17021&#8243;][text]<\/p>\n<h2 class=\"style-05\">Die Herausforderung<\/h2>\n<h3 class=\"style-01\">Schnelle Einhaltung neuer Steuergesetze<\/h3>\n<p>Die Tabakindustrie befindet sich in einem<strong> st\u00e4ndigen Wandel der Vorschriften<\/strong>. F\u00fcr viele Unternehmen, die ihre Produktion anpassen m\u00fcssen, um<strong> neue gesetzliche Auflagen zu erf\u00fcllen<\/strong>, ist es schwierig, schnell genug reagieren zu k\u00f6nnen.<\/p>\n<p><a href=\"https:\/\/www.meler.cn\/de\/servicios\/meler-engineering\/\">Meler Engineering<\/a> hat die<strong> Ikarus Station<\/strong> entwickelt: eine <strong>halbautomatische L\u00f6sung, die ein einfaches Anbringen von Steuermarken garantiert<\/strong>, so dass Sie Ihre Produktion nie unterbrechen m\u00fcssen.<\/p>\n<h2 class=\"style-05\">Unser Beitrag<\/h2>\n<h3 class=\"style-01\">Einfache, schnelle und pr\u00e4zise Anbringung mit der Ikarus Station<\/h3>\n<p>Als Spezialist f\u00fcr das Auftragen von Schmelzklebstoffen im Bereich der Tabakverpackungen <strong>hat Meler die Ikarus Station entwickelt<\/strong>, eine von Grund auf neu konzipierte Station zum Anbringen von Steuermarken auf E-Liquid-Verpackungen.<\/p>\n<p>Eine <strong>einzigartige L\u00f6sung auf dem Markt<\/strong>, die das Auftragen des Klebstoffs erleichtert und die Klebstoffkosten reduziert.<\/p>\n<p>Die Ikarus Station ist ein All-in-One-System , das <strong>viele technologischen Elemente von Meler Engineering vereint<\/strong>, damit alles so funktioniert, wie es soll.<\/p>\n<p>Mit seinem Trigger-Controller erm\u00f6glicht , <a href=\"https:\/\/www.meler.cn\/es\/productos\/controladores\/starbi\/\">StarBi<\/a> ie Programmierung von Kan\u00e4len und Triggern nach Zeit und Entfernung \u00fcber einen 7&#8220;-Touchscreen.<\/p>\n<p>Mit der\u00a0 <a href=\"https:\/\/www.meler.cn\/es\/?post_type=melters&amp;p=15251\">B4<\/a> Fixiereinheit , die sowohl bei manuellen als auch bei automatischen Anwendungen eine schnelle Fixierung garantiert, <strong>l\u00e4sst sich viel Zeit sparen<\/strong>.<\/p>\n<p><a href=\"https:\/\/www.meler.cn\/es\/productos\/mangueras\/arion-essential\/\">Die Ikarus Station wird durch Arion Essential<\/a> und <a href=\"https:\/\/www.meler.cn\/es\/productos\/aplicadores\/raptor-infinity\/\">Raptor Infinity <\/a>erg\u00e4nzt. Arion Essential automatisiert den Prozess, indem es alles in Gang h\u00e4lt. Raptor Infinity garantiert ein <strong>H\u00f6chstma\u00df an Pr\u00e4zision<\/strong> f\u00fcr jeden Prozess.<\/p>\n<p><strong>High-Tech, Vielseitigkeit und Langlebigkeit<\/strong> mit einer halbautomatischen Station, die sicherstellt, dass unsere anspruchsvollsten Kunden alle Marktanforderungen stets leicht erf\u00fcllen k\u00f6nnen.<\/p>\n<h2 class=\"style-05\">Das Projekt<\/h2>\n<h3 class=\"style-01\">Eine von unseren eigenen Kunden ausgezeichnete Station<\/h3>\n<p>Die <strong>Ikarus Station<\/strong> wurde auf einem der wichtigsten Tabakkongresse der Welt vorgestellt: <strong>InterSupply<\/strong>, die gr\u00f6\u00dfte j\u00e4hrliche Fachmesse f\u00fcr Tabakwaren und Raucherzubeh\u00f6r in Dortmund.<\/p>\n<p>Das Ergebnis? Auf einer Messe, auf der sich der Puls der Zufriedenheit unserer Kunden messen l\u00e4sst, <strong>verkaufte<\/strong> und vor Ort reservierte <strong>Ger\u00e4te<\/strong>.<\/p>\n<p>Die Ikarus Station, unsere integrierte L\u00f6sung f\u00fcr <strong>End-of-Line-Prozesse<\/strong>, wird so zu dem Durchbruch, auf den die Tabakindustrie schon lange gewartet hatte.<\/p>\n<p>Eine <strong>auf dem Markt einzigartige Anwendung<\/strong>, die nicht nur die Erwartungen der Kunden erf\u00fcllt, sondern auch alle gesetzlichen \u00c4nderungen, die den Sektor regulieren.[\/text][video_youtube video_image=&#8220;17026&#8243; video_url=&#8220;https:\/\/www.youtube.com\/watch?v=D5laSjddvwY&#8220;][text]<\/p>\n<h2 class=\"style-05\">Eindr\u00fccke<\/h2>\n<ul class=\"style-03\">\n<li>Hightech f\u00fcr alle Anwendungen<\/li>\n<li>Verbessert die Prozessleistung<\/li>\n<li>Steigert die Produktivit\u00e4t durch Vielseitigkeit<\/li>\n<li>Reduziert die Ausgaben f\u00fcr Klebstoff<\/li>\n<li>Erleichtert die Umsetzung<\/li>\n<\/ul>\n<p>[\/text][\/vc_column][\/vc_row][vc_row row_bg_color=&#8220;bg-04&#8243; row_spacing=&#8220;top-spacing bottom-spacing-0&#8243;][vc_column width=&#8220;1\/1&#8243;][text]<\/p>\n<h2 class=\"txt-center style-01\">Unsere Produkte<\/h2>\n<p class=\"txt-center\"><a class=\"button\" href=\"https:\/\/www.meler.cn\/de\/produkte\/\">Produkte ansehen<\/a><\/p>\n<p>[\/text][vc_tta_tabs][vc_tta_section title=&#8220;APPLIKATOREN &#8220; tab_id=&#8220;1672398287853-7a9cfd48-9ce4&#8243;][ttdirectory_products carousel_columns=&#8220;4&#8243; style=&#8220;1&#8243;][ttdirectory_product_applicators post_applicator=&#8220;15404&#8243;][ttdirectory_product_applicators post_applicator=&#8220;15438&#8243;][\/ttdirectory_products][\/vc_tta_section][vc_tta_section title=&#8220;SCHMELZGER\u00c4TE&#8220; tab_id=&#8220;1672398287839-e7ca709f-fefa&#8220;][ttdirectory_products carousel_columns=&#8220;4&#8243; style=&#8220;1&#8243;][ttdirectory_product_melters post_melter=&#8220;12026&#8243;][\/ttdirectory_products][\/vc_tta_section][vc_tta_section title=&#8220;SCHL\u00c4UCHE&#8220; tab_id=&#8220;1672918510236-9251d1b4-ea04&#8243;][ttdirectory_products carousel_columns=&#8220;4&#8243; style=&#8220;1&#8243;][ttdirectory_product_hoses post_hoses=&#8220;8068&#8243;][ttdirectory_product_hoses post_hoses=&#8220;8074&#8243;][\/ttdirectory_products][\/vc_tta_section][vc_tta_section title=&#8220;CONTROLLER&#8220; tab_id=&#8220;1672918535864-a01a5678-4fec&#8220;][ttdirectory_products carousel_columns=&#8220;4&#8243; style=&#8220;1&#8243;][ttdirectory_product_controllers post_controller=&#8220;12297&#8243;][\/ttdirectory_products][\/vc_tta_section][vc_tta_section title=&#8220;ZUBEH\u00d6R&#8220; tab_id=&#8220;1672918552116-aad4cd4f-afb3&#8243;][ttdirectory_products carousel_columns=&#8220;4&#8243; style=&#8220;1&#8243;][ttdirectory_product_accessories post_accessories=&#8220;15246&#8243;][ttdirectory_product_accessories post_accessories=&#8220;15610&#8243;][\/ttdirectory_products][\/vc_tta_section][\/vc_tta_tabs][\/vc_column][\/vc_row]<\/p>\n","protected":false},"excerpt":{"rendered":"<p>[vc_row show_menu_content=&#8220;yes&#8220;][vc_column row_spacing_h=&#8220;left-spacing&#8220; width=&#8220;1\/1&#8243;][single_image image=&#8220;17021&#8243;][text] Die Herausforderung Schnelle Einhaltung neuer Steuergesetze Die Tabakindustrie befindet sich in einem st\u00e4ndigen Wandel der Vorschriften. F\u00fcr viele Unternehmen, die ihre Produktion anpassen m\u00fcssen, um neue gesetzliche Auflagen zu erf\u00fcllen, ist es schwierig, schnell genug reagieren zu k\u00f6nnen. Meler Engineering hat die Ikarus Station entwickelt: eine halbautomatische L\u00f6sung, die ein [&hellip;]<\/p>\n","protected":false},"author":1,"featured_media":17019,"parent":22253,"menu_order":202,"comment_status":"closed","ping_status":"closed","template":"","meta":[],"yoast_head":"<!-- This site is optimized with the Yoast SEO plugin v20.3 - https:\/\/yoast.com\/wordpress\/plugins\/seo\/ -->\n<title>Anbringen von Steuermarken mit einer Ikarus Station - Meler<\/title>\n<meta name=\"description\" content=\"Meler Engineering sviluppa Ikarus Station: una soluzione semiautomatica che garantisce una facile applicazione delle marche da bollo in modo che la vostra azienda non debba mai fermarsi.\" \/>\n<meta name=\"robots\" content=\"index, follow, max-snippet:-1, max-image-preview:large, max-video-preview:-1\" \/>\n<link rel=\"canonical\" href=\"https:\/\/www.meler.cn\/de\/industrien\/heissschmelzsysteme-fur-tabakverpackungen\/steuerstempel-anwendung-mit-ikarus-station\/\" \/>\n<meta property=\"og:locale\" content=\"de_DE\" \/>\n<meta property=\"og:type\" content=\"article\" \/>\n<meta property=\"og:title\" content=\"Anbringen von Steuermarken mit einer Ikarus Station - Meler\" \/>\n<meta property=\"og:description\" content=\"Meler Engineering sviluppa Ikarus Station: una soluzione semiautomatica che garantisce una facile applicazione delle marche da bollo in modo che la vostra azienda non debba mai fermarsi.\" \/>\n<meta property=\"og:url\" content=\"https:\/\/www.meler.cn\/de\/industrien\/heissschmelzsysteme-fur-tabakverpackungen\/steuerstempel-anwendung-mit-ikarus-station\/\" \/>\n<meta property=\"og:site_name\" content=\"Meler\" \/>\n<meta property=\"article:modified_time\" content=\"2023-03-22T11:38:41+00:00\" \/>\n<meta property=\"og:image\" content=\"https:\/\/20097.ttandemdigital.com\/media\/header-industrias-caso-exito-ikaru-meler.png\" \/>\n\t<meta property=\"og:image:width\" content=\"1920\" \/>\n\t<meta property=\"og:image:height\" content=\"780\" \/>\n\t<meta property=\"og:image:type\" content=\"image\/png\" \/>\n<meta name=\"twitter:card\" content=\"summary_large_image\" \/>\n<meta name=\"twitter:label1\" content=\"Gesch\u00e4tzte Lesezeit\" \/>\n\t<meta name=\"twitter:data1\" content=\"2 Minuten\" \/>\n<script type=\"application\/ld+json\" class=\"yoast-schema-graph\">{\"@context\":\"https:\/\/schema.org\",\"@graph\":[{\"@type\":\"WebPage\",\"@id\":\"https:\/\/www.meler.cn\/de\/industrien\/heissschmelzsysteme-fur-tabakverpackungen\/steuerstempel-anwendung-mit-ikarus-station\/\",\"url\":\"https:\/\/www.meler.cn\/de\/industrien\/heissschmelzsysteme-fur-tabakverpackungen\/steuerstempel-anwendung-mit-ikarus-station\/\",\"name\":\"Anbringen von Steuermarken mit einer Ikarus Station - Meler\",\"isPartOf\":{\"@id\":\"https:\/\/www.meler.cn\/de\/#website\"},\"datePublished\":\"2023-01-04T09:45:28+00:00\",\"dateModified\":\"2023-03-22T11:38:41+00:00\",\"description\":\"Meler Engineering sviluppa Ikarus Station: una soluzione semiautomatica che garantisce una facile applicazione delle marche da bollo in modo che la vostra azienda non debba mai fermarsi.\",\"breadcrumb\":{\"@id\":\"https:\/\/www.meler.cn\/de\/industrien\/heissschmelzsysteme-fur-tabakverpackungen\/steuerstempel-anwendung-mit-ikarus-station\/#breadcrumb\"},\"inLanguage\":\"de-DE\",\"potentialAction\":[{\"@type\":\"ReadAction\",\"target\":[\"https:\/\/www.meler.cn\/de\/industrien\/heissschmelzsysteme-fur-tabakverpackungen\/steuerstempel-anwendung-mit-ikarus-station\/\"]}]},{\"@type\":\"BreadcrumbList\",\"@id\":\"https:\/\/www.meler.cn\/de\/industrien\/heissschmelzsysteme-fur-tabakverpackungen\/steuerstempel-anwendung-mit-ikarus-station\/#breadcrumb\",\"itemListElement\":[{\"@type\":\"ListItem\",\"position\":1,\"name\":\"Portada\",\"item\":\"https:\/\/www.meler.cn\/de\/\"},{\"@type\":\"ListItem\",\"position\":2,\"name\":\"Industrien\",\"item\":\"https:\/\/20097.ttandemdigital.com\/de\/industrien\/\"},{\"@type\":\"ListItem\",\"position\":3,\"name\":\"Heissschmelzsysteme f\u00fcr tabakverpackungen\",\"item\":\"https:\/\/20097.ttandemdigital.com\/de\/industrien\/heissschmelzsysteme-fur-tabakverpackungen\/\"},{\"@type\":\"ListItem\",\"position\":4,\"name\":\"Anbringen von Steuermarken mit einer Ikarus Station\"}]},{\"@type\":\"WebSite\",\"@id\":\"https:\/\/www.meler.cn\/de\/#website\",\"url\":\"https:\/\/www.meler.cn\/de\/\",\"name\":\"Meler\",\"description\":\"Just another WordPress site\",\"potentialAction\":[{\"@type\":\"SearchAction\",\"target\":{\"@type\":\"EntryPoint\",\"urlTemplate\":\"https:\/\/www.meler.cn\/de\/?s={search_term_string}\"},\"query-input\":\"required name=search_term_string\"}],\"inLanguage\":\"de-DE\"}]}<\/script>\n<!-- \/ Yoast SEO plugin. -->","yoast_head_json":{"title":"Anbringen von Steuermarken mit einer Ikarus Station - Meler","description":"Meler Engineering sviluppa Ikarus Station: una soluzione semiautomatica che garantisce una facile applicazione delle marche da bollo in modo che la vostra azienda non debba mai fermarsi.","robots":{"index":"index","follow":"follow","max-snippet":"max-snippet:-1","max-image-preview":"max-image-preview:large","max-video-preview":"max-video-preview:-1"},"canonical":"https:\/\/www.meler.cn\/de\/industrien\/heissschmelzsysteme-fur-tabakverpackungen\/steuerstempel-anwendung-mit-ikarus-station\/","og_locale":"de_DE","og_type":"article","og_title":"Anbringen von Steuermarken mit einer Ikarus Station - Meler","og_description":"Meler Engineering sviluppa Ikarus Station: una soluzione semiautomatica che garantisce una facile applicazione delle marche da bollo in modo che la vostra azienda non debba mai fermarsi.","og_url":"https:\/\/www.meler.cn\/de\/industrien\/heissschmelzsysteme-fur-tabakverpackungen\/steuerstempel-anwendung-mit-ikarus-station\/","og_site_name":"Meler","article_modified_time":"2023-03-22T11:38:41+00:00","og_image":[{"width":1920,"height":780,"url":"https:\/\/20097.ttandemdigital.com\/media\/header-industrias-caso-exito-ikaru-meler.png","type":"image\/png"}],"twitter_card":"summary_large_image","twitter_misc":{"Gesch\u00e4tzte Lesezeit":"2 Minuten"},"schema":{"@context":"https:\/\/schema.org","@graph":[{"@type":"WebPage","@id":"https:\/\/www.meler.cn\/de\/industrien\/heissschmelzsysteme-fur-tabakverpackungen\/steuerstempel-anwendung-mit-ikarus-station\/","url":"https:\/\/www.meler.cn\/de\/industrien\/heissschmelzsysteme-fur-tabakverpackungen\/steuerstempel-anwendung-mit-ikarus-station\/","name":"Anbringen von Steuermarken mit einer Ikarus Station - Meler","isPartOf":{"@id":"https:\/\/www.meler.cn\/de\/#website"},"datePublished":"2023-01-04T09:45:28+00:00","dateModified":"2023-03-22T11:38:41+00:00","description":"Meler Engineering sviluppa Ikarus Station: una soluzione semiautomatica che garantisce una facile applicazione delle marche da bollo in modo che la vostra azienda non debba mai fermarsi.","breadcrumb":{"@id":"https:\/\/www.meler.cn\/de\/industrien\/heissschmelzsysteme-fur-tabakverpackungen\/steuerstempel-anwendung-mit-ikarus-station\/#breadcrumb"},"inLanguage":"de-DE","potentialAction":[{"@type":"ReadAction","target":["https:\/\/www.meler.cn\/de\/industrien\/heissschmelzsysteme-fur-tabakverpackungen\/steuerstempel-anwendung-mit-ikarus-station\/"]}]},{"@type":"BreadcrumbList","@id":"https:\/\/www.meler.cn\/de\/industrien\/heissschmelzsysteme-fur-tabakverpackungen\/steuerstempel-anwendung-mit-ikarus-station\/#breadcrumb","itemListElement":[{"@type":"ListItem","position":1,"name":"Portada","item":"https:\/\/www.meler.cn\/de\/"},{"@type":"ListItem","position":2,"name":"Industrien","item":"https:\/\/20097.ttandemdigital.com\/de\/industrien\/"},{"@type":"ListItem","position":3,"name":"Heissschmelzsysteme f\u00fcr tabakverpackungen","item":"https:\/\/20097.ttandemdigital.com\/de\/industrien\/heissschmelzsysteme-fur-tabakverpackungen\/"},{"@type":"ListItem","position":4,"name":"Anbringen von Steuermarken mit einer Ikarus Station"}]},{"@type":"WebSite","@id":"https:\/\/www.meler.cn\/de\/#website","url":"https:\/\/www.meler.cn\/de\/","name":"Meler","description":"Just another WordPress site","potentialAction":[{"@type":"SearchAction","target":{"@type":"EntryPoint","urlTemplate":"https:\/\/www.meler.cn\/de\/?s={search_term_string}"},"query-input":"required name=search_term_string"}],"inLanguage":"de-DE"}]}},"_links":{"self":[{"href":"https:\/\/www.meler.cn\/de\/wp-json\/wp\/v2\/pages\/22410"}],"collection":[{"href":"https:\/\/www.meler.cn\/de\/wp-json\/wp\/v2\/pages"}],"about":[{"href":"https:\/\/www.meler.cn\/de\/wp-json\/wp\/v2\/types\/page"}],"author":[{"embeddable":true,"href":"https:\/\/www.meler.cn\/de\/wp-json\/wp\/v2\/users\/1"}],"replies":[{"embeddable":true,"href":"https:\/\/www.meler.cn\/de\/wp-json\/wp\/v2\/comments?post=22410"}],"version-history":[{"count":6,"href":"https:\/\/www.meler.cn\/de\/wp-json\/wp\/v2\/pages\/22410\/revisions"}],"predecessor-version":[{"id":27213,"href":"https:\/\/www.meler.cn\/de\/wp-json\/wp\/v2\/pages\/22410\/revisions\/27213"}],"up":[{"embeddable":true,"href":"https:\/\/www.meler.cn\/de\/wp-json\/wp\/v2\/pages\/22253"}],"wp:featuredmedia":[{"embeddable":true,"href":"https:\/\/www.meler.cn\/de\/wp-json\/wp\/v2\/media\/17019"}],"wp:attachment":[{"href":"https:\/\/www.meler.cn\/de\/wp-json\/wp\/v2\/media?parent=22410"}],"curies":[{"name":"wp","href":"https:\/\/api.w.org\/{rel}","templated":true}]}}