




















{"id":22253,"date":"2022-11-30T15:40:33","date_gmt":"2022-11-30T15:40:33","guid":{"rendered":"https:\/\/www.meler.eu\/industrien\/sistemas-hot-melt-para-el-embalaje-del-tabaco\/"},"modified":"2025-01-29T12:12:45","modified_gmt":"2025-01-29T12:12:45","slug":"heissschmelzsysteme-fur-tabakverpackungen","status":"publish","type":"page","link":"https:\/\/www.meler.cn\/de\/industrien\/heissschmelzsysteme-fur-tabakverpackungen\/","title":{"rendered":"Heissschmelzsysteme f\u00fcr tabakverpackungen"},"content":{"rendered":"<p>[vc_row bg_image_position=&#8220;0 100%&#8220; row_spacing=&#8220;top-spacing-med bottom-spacing-0&#8243; row_vertical_align=&#8220;valign-middle&#8220; el_class=&#8220;reverse-column-mobile&#8220;][vc_column row_spacing_h=&#8220;left-spacing&#8220; width=&#8220;1\/1&#8243;][text]<\/p>\n<p class=\"txt-center style-01 summary\">Was braucht die<br \/>\nTabakverpackungsindustrie heute?<\/p>\n<h2 class=\"style-01 txt-width txt-center\"><strong>Welche L\u00f6sungen bietet Meler? <\/strong><\/h2>\n<p>[\/text][\/vc_column][\/vc_row][vc_row row_spacing=&#8220;spacing-v-none&#8220;][vc_column width=&#8220;1\/1&#8243;][ttdirectory_definition_list_container][ttdirectory_definition_list_item term=&#8220;Energie-Effizienz&#8220; definition=&#8220;Komplettes Sortiment mit Schwerpunkt auf Reaktivit\u00e4t und vollst\u00e4ndiger Kontrolle der Qualit\u00e4tssicherung zur Reduzierung von Produktionsunterbrechungen&#8220;][ttdirectory_definition_list_item term=&#8220;Spezifische Ausr\u00fcstung&#8220; definition=&#8220;Spezielle Optionen zur Erf\u00fcllung von Industriestandards (Keramiktanks, Sicherheit usw.)&#8220;][ttdirectory_definition_list_item term=&#8220;Hochgeschwindigkeits-Hotmelt-Anwendung&#8220; definition=&#8220;Die Meler-Systeme sind hocheffizient und verbrauchen bis zu 60 % weniger Energie und 50 % weniger Luft als die Konkurrenz&#8220;][ttdirectory_definition_list_item term=&#8220;Pr\u00e4zision und Kontrolle der R\u00fcckverfolgbarkeit&#8220; definition=&#8220;Hochproduktive Systeme mit zuverl\u00e4ssigen und langlebigen Komponenten&#8220;][ttdirectory_definition_list_item term=&#8220;Geringere Wartungskosten&#8220; definition=&#8220;Meler ist ein benutzerorientiertes Unternehmen, das mit der Easy-Clean-Technologie arbeitet und das System Total Access anbietet&#8220;][\/ttdirectory_definition_list_container][\/vc_column][\/vc_row][vc_row row_layout=&#8220;full&#8220; el_class=&#8220;bg-line-left&#8220;][vc_column width=&#8220;1\/1&#8243;][vc_row_inner row_layout=&#8220;full&#8220;][vc_column_inner][ttdirectory_pages carousel_columns=&#8220;Infinito&#8220;][item]<\/p>\n<h2 class=\"style-02\">ANWENDUNGEN<\/h2>\n<p>[\/item][pageModule page_item=&#8220;18360&#8243;][pageModule page_item=&#8220;18356&#8243;][pageModule page_item=&#8220;18352&#8243;][\/ttdirectory_pages][\/vc_column_inner][\/vc_row_inner][\/vc_column][\/vc_row][vc_row bg_image_position=&#8220;0 100%&#8220; row_bg_color=&#8220;bg-03&#8243; row_spacing=&#8220;top-spacing bottom-spacing&#8220; el_class=&#8220;remove-bg-mobile&#8220;][vc_column width=&#8220;1\/1&#8243;][vc_row_inner row_spacing=&#8220;spacing-v-0&#8243;][vc_column_inner el_class=&#8220;sticky-content&#8220; width=&#8220;1\/2&#8243;][text]<\/p>\n<p class=\"summary txt-width\">KOMPLETTE SYSTEME F\u00dcR IHRE ARBEITSWEISE<\/p>\n<p><a class=\"button\" href=\"https:\/\/www.meler.cn\/de\/kontakt\/\">Stellen Sie uns Ihre Fragen<\/a>[\/text][\/vc_column_inner][vc_column_inner width=&#8220;1\/2&#8243; equal_height=&#8220;equalBox&#8220;][text]<\/p>\n<ol class=\"style-01\">\n<li><strong>ANWENDUNG <\/strong>\n<ul class=\"style-01 style-03\">\n<li>Hochgeschwindigkeits-Punkt- oder Raupenapplikatoren<\/li>\n<li>R\u00fcckverfolgbarkeit: Dosierungsberichte und Verbrauchskontrolle<\/li>\n<li>Kompaktes Design f\u00fcr beengte R\u00e4ume<\/li>\n<\/ul>\n<\/li>\n<li><strong><strong>FUSION<br \/>\n<\/strong><\/strong><\/p>\n<ul class=\"style-01 style-03\">\n<li>An die Gesundheitsvorschriften des Sektors angepasste Schmelzger\u00e4te<\/li>\n<li>Minimaler Energieverbraucho<\/li>\n<li>100 % integrierbare Systeme<\/li>\n<\/ul>\n<\/li>\n<li><strong><strong>TRANSPORT<br \/>\n<\/strong><\/strong><\/p>\n<ul class=\"style-01 style-03\">\n<li>Maximale Klebstoffpflege<\/li>\n<li>11 verschiedene Schlauchmodelle<\/li>\n<li>Geringer Wartungsbedarf<\/li>\n<li>Spezifische L\u00f6sungen f\u00fcr beengte R\u00e4ume<\/li>\n<\/ul>\n<\/li>\n<\/ol>\n<p>[\/text][\/vc_column_inner][\/vc_row_inner][\/vc_column][\/vc_row][vc_row row_layout=&#8220;full&#8220; row_spacing=&#8220;spacing-v-none&#8220;][vc_column width=&#8220;1\/1&#8243;][CtaModule cta_item=&#8220;21588&#8243;][\/vc_column][\/vc_row][vc_row row_spacing=&#8220;top-spacing-med bottom-spacing-med&#8220;][vc_column width=&#8220;1\/1&#8243;][text]<\/p>\n<h2 class=\"txt-center style-01\">UNSERE PRODUKTE<\/h2>\n<p>[\/text][vc_tta_tabs][vc_tta_section title=&#8220;SCHMELZGER\u00c4TE&#8220; tab_id=&#8220;1672398287839-e7ca709f-fefa&#8220;][ttdirectory_products carousel_columns=&#8220;4&#8243; style=&#8220;1&#8243;][ttdirectory_product_melters post_melter=&#8220;23735&#8243;][ttdirectory_product_melters post_melter=&#8220;27540&#8243;][ttdirectory_product_melters post_melter=&#8220;23980&#8243;][ttdirectory_product_melters post_melter=&#8220;27439&#8243;][\/ttdirectory_products][\/vc_tta_section][vc_tta_section title=&#8220;APPLIKATOREN&#8220; tab_id=&#8220;1672845475989-ea970bea-c5c6&#8243;][ttdirectory_products carousel_columns=&#8220;4&#8243; style=&#8220;1&#8243;][ttdirectory_product_applicators post_applicator=&#8220;24868&#8243;][ttdirectory_product_applicators post_applicator=&#8220;26025&#8243;][ttdirectory_product_applicators post_applicator=&#8220;24872&#8243;][ttdirectory_product_applicators post_applicator=&#8220;24811&#8243;][ttdirectory_product_applicators post_applicator=&#8220;24835&#8243;][ttdirectory_product_applicators post_applicator=&#8220;26039&#8243;][ttdirectory_product_applicators post_applicator=&#8220;26362&#8243;][\/ttdirectory_products][\/vc_tta_section][\/vc_tta_tabs][\/vc_column][\/vc_row][vc_row row_layout=&#8220;full&#8220; row_spacing=&#8220;spacing-v-none&#8220;][vc_column width=&#8220;1\/1&#8243;][CtaModule cta_item=&#8220;21648&#8243;][\/vc_column][\/vc_row][vc_row row_layout=&#8220;full&#8220; row_spacing=&#8220;spacing-v-none&#8220;][vc_column width=&#8220;1\/1&#8243;][CtaModule cta_item=&#8220;30386&#8243;][\/vc_column][\/vc_row]<\/p>\n","protected":false},"excerpt":{"rendered":"<p>Wir reagieren zuverl\u00e4ssig auf die W\u00fcnsche des Tabaksektors <\/p>\n","protected":false},"author":2,"featured_media":17940,"parent":21835,"menu_order":193,"comment_status":"closed","ping_status":"closed","template":"","meta":[],"yoast_head":"<!-- This site is optimized with the Yoast SEO plugin v20.3 - https:\/\/yoast.com\/wordpress\/plugins\/seo\/ -->\n<title>Klebstoffl\u00f6sungen f\u00fcr die Tabakindustrie - Meler<\/title>\n<meta name=\"description\" content=\"Spezialisiert auf die Anwendung von Hei\u00dfleim in der Tabakindustrie. Entdecken Sie unsere L\u00f6sungen f\u00fcr Verpackungsmaschinen f\u00fcr Tabakwaren.\" \/>\n<meta name=\"robots\" content=\"index, follow, max-snippet:-1, max-image-preview:large, max-video-preview:-1\" \/>\n<link rel=\"canonical\" href=\"https:\/\/www.meler.cn\/de\/industrien\/heissschmelzsysteme-fur-tabakverpackungen\/\" \/>\n<meta property=\"og:locale\" content=\"de_DE\" \/>\n<meta property=\"og:type\" content=\"article\" \/>\n<meta property=\"og:title\" content=\"Klebstoffl\u00f6sungen f\u00fcr die Tabakindustrie - Meler\" \/>\n<meta property=\"og:description\" content=\"Spezialisiert auf die Anwendung von Hei\u00dfleim in der Tabakindustrie. Entdecken Sie unsere L\u00f6sungen f\u00fcr Verpackungsmaschinen f\u00fcr Tabakwaren.\" \/>\n<meta property=\"og:url\" content=\"https:\/\/www.meler.cn\/de\/industrien\/heissschmelzsysteme-fur-tabakverpackungen\/\" \/>\n<meta property=\"og:site_name\" content=\"Meler\" \/>\n<meta property=\"article:modified_time\" content=\"2025-01-29T12:12:45+00:00\" \/>\n<meta property=\"og:image\" content=\"https:\/\/20097.ttandemdigital.com\/media\/header-industrias-packaging-tabaco-meler.png\" \/>\n\t<meta property=\"og:image:width\" content=\"1920\" \/>\n\t<meta property=\"og:image:height\" content=\"780\" \/>\n\t<meta property=\"og:image:type\" content=\"image\/png\" \/>\n<meta name=\"twitter:card\" content=\"summary_large_image\" \/>\n<meta name=\"twitter:label1\" content=\"Gesch\u00e4tzte Lesezeit\" \/>\n\t<meta name=\"twitter:data1\" content=\"1 Minute\" \/>\n<script type=\"application\/ld+json\" class=\"yoast-schema-graph\">{\"@context\":\"https:\/\/schema.org\",\"@graph\":[{\"@type\":\"WebPage\",\"@id\":\"https:\/\/www.meler.cn\/de\/industrien\/heissschmelzsysteme-fur-tabakverpackungen\/\",\"url\":\"https:\/\/www.meler.cn\/de\/industrien\/heissschmelzsysteme-fur-tabakverpackungen\/\",\"name\":\"Klebstoffl\u00f6sungen f\u00fcr die Tabakindustrie - Meler\",\"isPartOf\":{\"@id\":\"https:\/\/www.meler.cn\/de\/#website\"},\"datePublished\":\"2022-11-30T15:40:33+00:00\",\"dateModified\":\"2025-01-29T12:12:45+00:00\",\"description\":\"Spezialisiert auf die Anwendung von Hei\u00dfleim in der Tabakindustrie. Entdecken Sie unsere L\u00f6sungen f\u00fcr Verpackungsmaschinen f\u00fcr Tabakwaren.\",\"breadcrumb\":{\"@id\":\"https:\/\/www.meler.cn\/de\/industrien\/heissschmelzsysteme-fur-tabakverpackungen\/#breadcrumb\"},\"inLanguage\":\"de-DE\",\"potentialAction\":[{\"@type\":\"ReadAction\",\"target\":[\"https:\/\/www.meler.cn\/de\/industrien\/heissschmelzsysteme-fur-tabakverpackungen\/\"]}]},{\"@type\":\"BreadcrumbList\",\"@id\":\"https:\/\/www.meler.cn\/de\/industrien\/heissschmelzsysteme-fur-tabakverpackungen\/#breadcrumb\",\"itemListElement\":[{\"@type\":\"ListItem\",\"position\":1,\"name\":\"Portada\",\"item\":\"https:\/\/www.meler.cn\/de\/\"},{\"@type\":\"ListItem\",\"position\":2,\"name\":\"Industrien\",\"item\":\"https:\/\/20097.ttandemdigital.com\/de\/industrien\/\"},{\"@type\":\"ListItem\",\"position\":3,\"name\":\"Heissschmelzsysteme f\u00fcr tabakverpackungen\"}]},{\"@type\":\"WebSite\",\"@id\":\"https:\/\/www.meler.cn\/de\/#website\",\"url\":\"https:\/\/www.meler.cn\/de\/\",\"name\":\"Meler\",\"description\":\"Just another WordPress site\",\"potentialAction\":[{\"@type\":\"SearchAction\",\"target\":{\"@type\":\"EntryPoint\",\"urlTemplate\":\"https:\/\/www.meler.cn\/de\/?s={search_term_string}\"},\"query-input\":\"required name=search_term_string\"}],\"inLanguage\":\"de-DE\"}]}<\/script>\n<!-- \/ Yoast SEO plugin. -->","yoast_head_json":{"title":"Klebstoffl\u00f6sungen f\u00fcr die Tabakindustrie - Meler","description":"Spezialisiert auf die Anwendung von Hei\u00dfleim in der Tabakindustrie. Entdecken Sie unsere L\u00f6sungen f\u00fcr Verpackungsmaschinen f\u00fcr Tabakwaren.","robots":{"index":"index","follow":"follow","max-snippet":"max-snippet:-1","max-image-preview":"max-image-preview:large","max-video-preview":"max-video-preview:-1"},"canonical":"https:\/\/www.meler.cn\/de\/industrien\/heissschmelzsysteme-fur-tabakverpackungen\/","og_locale":"de_DE","og_type":"article","og_title":"Klebstoffl\u00f6sungen f\u00fcr die Tabakindustrie - Meler","og_description":"Spezialisiert auf die Anwendung von Hei\u00dfleim in der Tabakindustrie. Entdecken Sie unsere L\u00f6sungen f\u00fcr Verpackungsmaschinen f\u00fcr Tabakwaren.","og_url":"https:\/\/www.meler.cn\/de\/industrien\/heissschmelzsysteme-fur-tabakverpackungen\/","og_site_name":"Meler","article_modified_time":"2025-01-29T12:12:45+00:00","og_image":[{"width":1920,"height":780,"url":"https:\/\/20097.ttandemdigital.com\/media\/header-industrias-packaging-tabaco-meler.png","type":"image\/png"}],"twitter_card":"summary_large_image","twitter_misc":{"Gesch\u00e4tzte Lesezeit":"1 Minute"},"schema":{"@context":"https:\/\/schema.org","@graph":[{"@type":"WebPage","@id":"https:\/\/www.meler.cn\/de\/industrien\/heissschmelzsysteme-fur-tabakverpackungen\/","url":"https:\/\/www.meler.cn\/de\/industrien\/heissschmelzsysteme-fur-tabakverpackungen\/","name":"Klebstoffl\u00f6sungen f\u00fcr die Tabakindustrie - Meler","isPartOf":{"@id":"https:\/\/www.meler.cn\/de\/#website"},"datePublished":"2022-11-30T15:40:33+00:00","dateModified":"2025-01-29T12:12:45+00:00","description":"Spezialisiert auf die Anwendung von Hei\u00dfleim in der Tabakindustrie. Entdecken Sie unsere L\u00f6sungen f\u00fcr Verpackungsmaschinen f\u00fcr Tabakwaren.","breadcrumb":{"@id":"https:\/\/www.meler.cn\/de\/industrien\/heissschmelzsysteme-fur-tabakverpackungen\/#breadcrumb"},"inLanguage":"de-DE","potentialAction":[{"@type":"ReadAction","target":["https:\/\/www.meler.cn\/de\/industrien\/heissschmelzsysteme-fur-tabakverpackungen\/"]}]},{"@type":"BreadcrumbList","@id":"https:\/\/www.meler.cn\/de\/industrien\/heissschmelzsysteme-fur-tabakverpackungen\/#breadcrumb","itemListElement":[{"@type":"ListItem","position":1,"name":"Portada","item":"https:\/\/www.meler.cn\/de\/"},{"@type":"ListItem","position":2,"name":"Industrien","item":"https:\/\/20097.ttandemdigital.com\/de\/industrien\/"},{"@type":"ListItem","position":3,"name":"Heissschmelzsysteme f\u00fcr tabakverpackungen"}]},{"@type":"WebSite","@id":"https:\/\/www.meler.cn\/de\/#website","url":"https:\/\/www.meler.cn\/de\/","name":"Meler","description":"Just another WordPress site","potentialAction":[{"@type":"SearchAction","target":{"@type":"EntryPoint","urlTemplate":"https:\/\/www.meler.cn\/de\/?s={search_term_string}"},"query-input":"required name=search_term_string"}],"inLanguage":"de-DE"}]}},"_links":{"self":[{"href":"https:\/\/www.meler.cn\/de\/wp-json\/wp\/v2\/pages\/22253"}],"collection":[{"href":"https:\/\/www.meler.cn\/de\/wp-json\/wp\/v2\/pages"}],"about":[{"href":"https:\/\/www.meler.cn\/de\/wp-json\/wp\/v2\/types\/page"}],"author":[{"embeddable":true,"href":"https:\/\/www.meler.cn\/de\/wp-json\/wp\/v2\/users\/2"}],"replies":[{"embeddable":true,"href":"https:\/\/www.meler.cn\/de\/wp-json\/wp\/v2\/comments?post=22253"}],"version-history":[{"count":13,"href":"https:\/\/www.meler.cn\/de\/wp-json\/wp\/v2\/pages\/22253\/revisions"}],"predecessor-version":[{"id":35051,"href":"https:\/\/www.meler.cn\/de\/wp-json\/wp\/v2\/pages\/22253\/revisions\/35051"}],"up":[{"embeddable":true,"href":"https:\/\/www.meler.cn\/de\/wp-json\/wp\/v2\/pages\/21835"}],"wp:featuredmedia":[{"embeddable":true,"href":"https:\/\/www.meler.cn\/de\/wp-json\/wp\/v2\/media\/17940"}],"wp:attachment":[{"href":"https:\/\/www.meler.cn\/de\/wp-json\/wp\/v2\/media?parent=22253"}],"curies":[{"name":"wp","href":"https:\/\/api.w.org\/{rel}","templated":true}]}}