




















{"id":22204,"date":"2022-12-01T08:26:45","date_gmt":"2022-12-01T08:26:45","guid":{"rendered":"https:\/\/www.meler.eu\/industrien\/sistemas-hot-melt-para-productos-non-woven\/"},"modified":"2024-06-19T16:12:18","modified_gmt":"2024-06-19T16:12:18","slug":"schmelzklebstoffsysteme-fur-vliesstoffprodukte","status":"publish","type":"page","link":"https:\/\/www.meler.cn\/de\/industrien\/schmelzklebstoffsysteme-fur-vliesstoffprodukte\/","title":{"rendered":"Schmelzklebstoffsysteme f\u00fcr vliesstoffprodukte"},"content":{"rendered":"<p>[vc_row bg_image_position=&#8220;0 100%&#8220; row_spacing=&#8220;top-spacing-med bottom-spacing-0&#8243; row_vertical_align=&#8220;valign-middle&#8220; el_class=&#8220;reverse-column-mobile&#8220;][vc_column row_spacing_h=&#8220;left-spacing&#8220; width=&#8220;1\/1&#8243;][text]<\/p>\n<p class=\"txt-center style-01 summary\">Was braucht die Vlie\u00dfstoff-Industrie heute?<\/p>\n<h2 class=\"style-01 txt-width txt-center\"><strong>Welche L\u00f6sungen bietet Meler? <\/strong><\/h2>\n<p>[\/text][\/vc_column][\/vc_row][vc_row row_spacing=&#8220;spacing-v-none&#8220;][vc_column width=&#8220;1\/1&#8243;][ttdirectory_definition_list_container][ttdirectory_definition_list_item term=&#8220;L\u00f6sungen f\u00fcr alle Prozessarten&#8220; definition=&#8220;Manuelle oder automatische Systeme, die an die Arbeit des Bedieners angepasst sind&#8220;][ttdirectory_definition_list_item term=&#8220;Ma\u00dfgeschneidertes Design&#8220; definition=&#8220;Hotmelt-Spezialwissen im Dienste Ihres Unternehmens&#8220;][ttdirectory_definition_list_item term=&#8220;Energie-Effizienz&#8220; definition=&#8220;Die Meler-Systeme sind hocheffizient und verbrauchen bis zu 60 % weniger Energie und 50 % weniger Luft als die Konkurrenz&#8220;][ttdirectory_definition_list_item term=&#8220;Dauerhaftigkeit&#8220; definition=&#8220;Komponenten mit langer Lebensdauer&#8220;][ttdirectory_definition_list_item term=&#8220;Geringere Wartungskosten&#8220; definition=&#8220;Meler ist ein benutzerorientiertes Unternehmen, das mit der Easy-Clean-Technologie arbeitet und das System Total Access anbietet&#8220;][\/ttdirectory_definition_list_container][\/vc_column][\/vc_row][vc_row row_layout=&#8220;full&#8220; el_class=&#8220;bg-line-left&#8220;][vc_column width=&#8220;1\/1&#8243;][vc_row_inner row_layout=&#8220;full&#8220;][vc_column_inner][ttdirectory_pages carousel_columns=&#8220;Infinito&#8220;][item]<\/p>\n<h2 class=\"style-02\">ANWENDUNGEN<\/h2>\n<p>[\/item][pageModule page_item=&#8220;18476&#8243;][pageModule page_item=&#8220;18613&#8243;][pageModule page_item=&#8220;18480&#8243;][pageModule page_item=&#8220;18641&#8243;][\/ttdirectory_pages][\/vc_column_inner][\/vc_row_inner][\/vc_column][\/vc_row][vc_row bg_image_position=&#8220;0 100%&#8220; row_bg_color=&#8220;bg-03&#8243; row_spacing=&#8220;top-spacing bottom-spacing&#8220; el_class=&#8220;remove-bg-mobile&#8220;][vc_column width=&#8220;1\/1&#8243;][vc_row_inner row_spacing=&#8220;spacing-v-0&#8243;][vc_column_inner el_class=&#8220;sticky-content&#8220; width=&#8220;1\/2&#8243;][text]<\/p>\n<p class=\"summary txt-width\">KOMPLETTE SYSTEME F\u00dcR IHRE ARBEITSWEISE<\/p>\n<p><a class=\"button\" href=\"https:\/\/www.meler.cn\/de\/kontakt\/\">Stellen Sie uns Ihre Fragen<\/a>[\/text][\/vc_column_inner][vc_column_inner width=&#8220;1\/2&#8243; equal_height=&#8220;equalBox&#8220;][text]<\/p>\n<ol class=\"style-01\">\n<li><strong>ANWENDUNG <\/strong>\n<ul class=\"style-01 style-03\">\n<li>Applikatoren f\u00fcr Spiralauftrag, K\u00f6pfe und Multimodule<\/li>\n<li>Ergonomische Applikatoren f\u00fcr manuelle Prozesse (Raptor Handy &#8211; Red Dot Design Award 2022)<\/li>\n<li>Pr\u00e4zisionsapplikatoren und -module<\/li>\n<\/ul>\n<\/li>\n<li><strong><strong>FUSION<br \/>\n<\/strong><\/strong><\/p>\n<ul class=\"style-01 style-03\">\n<li>Schmelzger\u00e4te f\u00fcr hohen Klebstoffeinsatz<\/li>\n<li>Minimaler Energieverbrauch<\/li>\n<li>Ausr\u00fcstung f\u00fcr branchenspezifischen Klebstoffauftrag<\/li>\n<\/ul>\n<\/li>\n<li><strong><strong>TRANSPORT<br \/>\n<\/strong><\/strong><\/p>\n<ul class=\"style-01 style-03\">\n<li>Maximale Klebstoffpflege<\/li>\n<li>11 Modelle<\/li>\n<li>Geringer Wartungsbedarf<\/li>\n<\/ul>\n<\/li>\n<\/ol>\n<p>[\/text][\/vc_column_inner][\/vc_row_inner][\/vc_column][\/vc_row][vc_row row_layout=&#8220;full&#8220; row_spacing=&#8220;spacing-v-none&#8220;][vc_column width=&#8220;1\/1&#8243;][CtaModule cta_item=&#8220;21592&#8243;][\/vc_column][\/vc_row][vc_row row_spacing=&#8220;top-spacing-med bottom-spacing-med&#8220;][vc_column width=&#8220;1\/1&#8243;][text]<\/p>\n<h2 class=\"txt-center style-01\">UNSERE PRODUKTE<\/h2>\n<p>[\/text][vc_tta_tabs][vc_tta_section title=&#8220;SCHMELZGER\u00c4TE&#8220; tab_id=&#8220;1672398287839-e7ca709f-fefa&#8220;][ttdirectory_products carousel_columns=&#8220;4&#8243; style=&#8220;1&#8243;][ttdirectory_product_melters post_melter=&#8220;23735&#8243;][ttdirectory_product_melters post_melter=&#8220;24554&#8243;][ttdirectory_product_melters post_melter=&#8220;26644&#8243;][ttdirectory_product_melters post_melter=&#8220;26686&#8243;][\/ttdirectory_products][\/vc_tta_section][vc_tta_section title=&#8220;APPLIKATOREN&#8220; tab_id=&#8220;1672845475989-ea970bea-c5c6&#8243;][ttdirectory_products carousel_columns=&#8220;4&#8243; style=&#8220;1&#8243;][ttdirectory_product_applicators post_applicator=&#8220;24868&#8243;][ttdirectory_product_applicators post_applicator=&#8220;26039&#8243;][ttdirectory_product_applicators post_applicator=&#8220;26025&#8243;][ttdirectory_product_applicators post_applicator=&#8220;24872&#8243;][ttdirectory_product_applicators post_applicator=&#8220;24835&#8243;][ttdirectory_product_applicators post_applicator=&#8220;24832&#8243;][\/ttdirectory_products][\/vc_tta_section][\/vc_tta_tabs][\/vc_column][\/vc_row][vc_row row_layout=&#8220;full&#8220; row_spacing=&#8220;spacing-v-none&#8220;][vc_column width=&#8220;1\/1&#8243;][CtaModule cta_item=&#8220;21648&#8243;][\/vc_column][\/vc_row][vc_row row_layout=&#8220;full&#8220; row_spacing=&#8220;spacing-v-none&#8220;][vc_column width=&#8220;1\/1&#8243;][CtaModule cta_item=&#8220;30386&#8243;][\/vc_column][\/vc_row]<\/p>\n","protected":false},"excerpt":{"rendered":"<p>30 Jahre Anwendung von Klebstoffen f\u00fcr die Herstellung von Hygiene-, Medizin-, Einweg- und anderen medizinischen Produkten. <\/p>\n","protected":false},"author":2,"featured_media":16331,"parent":21835,"menu_order":235,"comment_status":"closed","ping_status":"closed","template":"","meta":[],"yoast_head":"<!-- This site is optimized with the Yoast SEO plugin v20.3 - https:\/\/yoast.com\/wordpress\/plugins\/seo\/ -->\n<title>L\u00f6sungen f\u00fcr die Anwendung von Klebstoffen f\u00fcr Non Woven Produkte - Meler<\/title>\n<meta name=\"description\" content=\"Focke Meler Schmelzklebstoff-Auftragssysteme f\u00fcr Einwegprodukte: Windeln, Sanit\u00e4r- und Hygieneprodukte und Haushaltsprodukte.\" \/>\n<meta name=\"robots\" content=\"index, follow, max-snippet:-1, max-image-preview:large, max-video-preview:-1\" \/>\n<link rel=\"canonical\" href=\"https:\/\/www.meler.cn\/de\/industrien\/schmelzklebstoffsysteme-fur-vliesstoffprodukte\/\" \/>\n<meta property=\"og:locale\" content=\"de_DE\" \/>\n<meta property=\"og:type\" content=\"article\" \/>\n<meta property=\"og:title\" content=\"L\u00f6sungen f\u00fcr die Anwendung von Klebstoffen f\u00fcr Non Woven Produkte - Meler\" \/>\n<meta property=\"og:description\" content=\"Focke Meler Schmelzklebstoff-Auftragssysteme f\u00fcr Einwegprodukte: Windeln, Sanit\u00e4r- und Hygieneprodukte und Haushaltsprodukte.\" \/>\n<meta property=\"og:url\" content=\"https:\/\/www.meler.cn\/de\/industrien\/schmelzklebstoffsysteme-fur-vliesstoffprodukte\/\" \/>\n<meta property=\"og:site_name\" content=\"Meler\" \/>\n<meta property=\"article:modified_time\" content=\"2024-06-19T16:12:18+00:00\" \/>\n<meta property=\"og:image\" content=\"https:\/\/20097.ttandemdigital.com\/media\/header-industrias-no-woven-meler.png\" \/>\n\t<meta property=\"og:image:width\" content=\"1920\" \/>\n\t<meta property=\"og:image:height\" content=\"780\" \/>\n\t<meta property=\"og:image:type\" content=\"image\/png\" \/>\n<meta name=\"twitter:card\" content=\"summary_large_image\" \/>\n<meta name=\"twitter:label1\" content=\"Gesch\u00e4tzte Lesezeit\" \/>\n\t<meta name=\"twitter:data1\" content=\"2 Minuten\" \/>\n<script type=\"application\/ld+json\" class=\"yoast-schema-graph\">{\"@context\":\"https:\/\/schema.org\",\"@graph\":[{\"@type\":\"WebPage\",\"@id\":\"https:\/\/www.meler.cn\/de\/industrien\/schmelzklebstoffsysteme-fur-vliesstoffprodukte\/\",\"url\":\"https:\/\/www.meler.cn\/de\/industrien\/schmelzklebstoffsysteme-fur-vliesstoffprodukte\/\",\"name\":\"L\u00f6sungen f\u00fcr die Anwendung von Klebstoffen f\u00fcr Non Woven Produkte - Meler\",\"isPartOf\":{\"@id\":\"https:\/\/www.meler.cn\/de\/#website\"},\"datePublished\":\"2022-12-01T08:26:45+00:00\",\"dateModified\":\"2024-06-19T16:12:18+00:00\",\"description\":\"Focke Meler Schmelzklebstoff-Auftragssysteme f\u00fcr Einwegprodukte: Windeln, Sanit\u00e4r- und Hygieneprodukte und Haushaltsprodukte.\",\"breadcrumb\":{\"@id\":\"https:\/\/www.meler.cn\/de\/industrien\/schmelzklebstoffsysteme-fur-vliesstoffprodukte\/#breadcrumb\"},\"inLanguage\":\"de-DE\",\"potentialAction\":[{\"@type\":\"ReadAction\",\"target\":[\"https:\/\/www.meler.cn\/de\/industrien\/schmelzklebstoffsysteme-fur-vliesstoffprodukte\/\"]}]},{\"@type\":\"BreadcrumbList\",\"@id\":\"https:\/\/www.meler.cn\/de\/industrien\/schmelzklebstoffsysteme-fur-vliesstoffprodukte\/#breadcrumb\",\"itemListElement\":[{\"@type\":\"ListItem\",\"position\":1,\"name\":\"Portada\",\"item\":\"https:\/\/www.meler.cn\/de\/\"},{\"@type\":\"ListItem\",\"position\":2,\"name\":\"Industrien\",\"item\":\"https:\/\/20097.ttandemdigital.com\/de\/industrien\/\"},{\"@type\":\"ListItem\",\"position\":3,\"name\":\"Schmelzklebstoffsysteme f\u00fcr vliesstoffprodukte\"}]},{\"@type\":\"WebSite\",\"@id\":\"https:\/\/www.meler.cn\/de\/#website\",\"url\":\"https:\/\/www.meler.cn\/de\/\",\"name\":\"Meler\",\"description\":\"Just another WordPress site\",\"potentialAction\":[{\"@type\":\"SearchAction\",\"target\":{\"@type\":\"EntryPoint\",\"urlTemplate\":\"https:\/\/www.meler.cn\/de\/?s={search_term_string}\"},\"query-input\":\"required name=search_term_string\"}],\"inLanguage\":\"de-DE\"}]}<\/script>\n<!-- \/ Yoast SEO plugin. -->","yoast_head_json":{"title":"L\u00f6sungen f\u00fcr die Anwendung von Klebstoffen f\u00fcr Non Woven Produkte - Meler","description":"Focke Meler Schmelzklebstoff-Auftragssysteme f\u00fcr Einwegprodukte: Windeln, Sanit\u00e4r- und Hygieneprodukte und Haushaltsprodukte.","robots":{"index":"index","follow":"follow","max-snippet":"max-snippet:-1","max-image-preview":"max-image-preview:large","max-video-preview":"max-video-preview:-1"},"canonical":"https:\/\/www.meler.cn\/de\/industrien\/schmelzklebstoffsysteme-fur-vliesstoffprodukte\/","og_locale":"de_DE","og_type":"article","og_title":"L\u00f6sungen f\u00fcr die Anwendung von Klebstoffen f\u00fcr Non Woven Produkte - Meler","og_description":"Focke Meler Schmelzklebstoff-Auftragssysteme f\u00fcr Einwegprodukte: Windeln, Sanit\u00e4r- und Hygieneprodukte und Haushaltsprodukte.","og_url":"https:\/\/www.meler.cn\/de\/industrien\/schmelzklebstoffsysteme-fur-vliesstoffprodukte\/","og_site_name":"Meler","article_modified_time":"2024-06-19T16:12:18+00:00","og_image":[{"width":1920,"height":780,"url":"https:\/\/20097.ttandemdigital.com\/media\/header-industrias-no-woven-meler.png","type":"image\/png"}],"twitter_card":"summary_large_image","twitter_misc":{"Gesch\u00e4tzte Lesezeit":"2 Minuten"},"schema":{"@context":"https:\/\/schema.org","@graph":[{"@type":"WebPage","@id":"https:\/\/www.meler.cn\/de\/industrien\/schmelzklebstoffsysteme-fur-vliesstoffprodukte\/","url":"https:\/\/www.meler.cn\/de\/industrien\/schmelzklebstoffsysteme-fur-vliesstoffprodukte\/","name":"L\u00f6sungen f\u00fcr die Anwendung von Klebstoffen f\u00fcr Non Woven Produkte - Meler","isPartOf":{"@id":"https:\/\/www.meler.cn\/de\/#website"},"datePublished":"2022-12-01T08:26:45+00:00","dateModified":"2024-06-19T16:12:18+00:00","description":"Focke Meler Schmelzklebstoff-Auftragssysteme f\u00fcr Einwegprodukte: Windeln, Sanit\u00e4r- und Hygieneprodukte und Haushaltsprodukte.","breadcrumb":{"@id":"https:\/\/www.meler.cn\/de\/industrien\/schmelzklebstoffsysteme-fur-vliesstoffprodukte\/#breadcrumb"},"inLanguage":"de-DE","potentialAction":[{"@type":"ReadAction","target":["https:\/\/www.meler.cn\/de\/industrien\/schmelzklebstoffsysteme-fur-vliesstoffprodukte\/"]}]},{"@type":"BreadcrumbList","@id":"https:\/\/www.meler.cn\/de\/industrien\/schmelzklebstoffsysteme-fur-vliesstoffprodukte\/#breadcrumb","itemListElement":[{"@type":"ListItem","position":1,"name":"Portada","item":"https:\/\/www.meler.cn\/de\/"},{"@type":"ListItem","position":2,"name":"Industrien","item":"https:\/\/20097.ttandemdigital.com\/de\/industrien\/"},{"@type":"ListItem","position":3,"name":"Schmelzklebstoffsysteme f\u00fcr vliesstoffprodukte"}]},{"@type":"WebSite","@id":"https:\/\/www.meler.cn\/de\/#website","url":"https:\/\/www.meler.cn\/de\/","name":"Meler","description":"Just another WordPress site","potentialAction":[{"@type":"SearchAction","target":{"@type":"EntryPoint","urlTemplate":"https:\/\/www.meler.cn\/de\/?s={search_term_string}"},"query-input":"required name=search_term_string"}],"inLanguage":"de-DE"}]}},"_links":{"self":[{"href":"https:\/\/www.meler.cn\/de\/wp-json\/wp\/v2\/pages\/22204"}],"collection":[{"href":"https:\/\/www.meler.cn\/de\/wp-json\/wp\/v2\/pages"}],"about":[{"href":"https:\/\/www.meler.cn\/de\/wp-json\/wp\/v2\/types\/page"}],"author":[{"embeddable":true,"href":"https:\/\/www.meler.cn\/de\/wp-json\/wp\/v2\/users\/2"}],"replies":[{"embeddable":true,"href":"https:\/\/www.meler.cn\/de\/wp-json\/wp\/v2\/comments?post=22204"}],"version-history":[{"count":14,"href":"https:\/\/www.meler.cn\/de\/wp-json\/wp\/v2\/pages\/22204\/revisions"}],"predecessor-version":[{"id":30969,"href":"https:\/\/www.meler.cn\/de\/wp-json\/wp\/v2\/pages\/22204\/revisions\/30969"}],"up":[{"embeddable":true,"href":"https:\/\/www.meler.cn\/de\/wp-json\/wp\/v2\/pages\/21835"}],"wp:featuredmedia":[{"embeddable":true,"href":"https:\/\/www.meler.cn\/de\/wp-json\/wp\/v2\/media\/16331"}],"wp:attachment":[{"href":"https:\/\/www.meler.cn\/de\/wp-json\/wp\/v2\/media?parent=22204"}],"curies":[{"name":"wp","href":"https:\/\/api.w.org\/{rel}","templated":true}]}}