




















{"id":22009,"date":"2022-12-01T08:24:51","date_gmt":"2022-12-01T08:24:51","guid":{"rendered":"https:\/\/www.meler.eu\/industrien\/aplicacion-de-hot-melt-para-el-interior-del-vehiculo\/"},"modified":"2025-01-20T15:31:04","modified_gmt":"2025-01-20T15:31:04","slug":"hotmelt-anwendung-fuer-fahrzeuginnenraeume","status":"publish","type":"page","link":"https:\/\/www.meler.cn\/de\/industrien\/hotmelt-anwendung-fuer-fahrzeuginnenraeume\/","title":{"rendered":"Hotmelt-anwendung f\u00fcr fahrzeuginnenr\u00e4ume"},"content":{"rendered":"<p>[vc_row bg_image_position=&#8220;0 100%&#8220; row_spacing=&#8220;top-spacing-med bottom-spacing-0&#8243; row_vertical_align=&#8220;valign-middle&#8220; el_class=&#8220;reverse-column-mobile&#8220;][vc_column row_spacing_h=&#8220;left-spacing&#8220; width=&#8220;1\/1&#8243;][text]<\/p>\n<p class=\"txt-center style-01 summary\">Was braucht die Automobilbranche heute?<\/p>\n<h2 class=\"style-01 txt-width txt-center\"><strong>Welche L\u00f6sungen bietet Meler?\u202f <\/strong><\/h2>\n<p>[\/text][\/vc_column][\/vc_row][vc_row row_spacing=&#8220;spacing-v-none&#8220;][vc_column width=&#8220;1\/1&#8243;][ttdirectory_definition_list_container][ttdirectory_definition_list_item term=&#8220;Energie-Effizienz&#8220; definition=&#8220;Die Schmelzger\u00e4te von Meler bieten die h\u00f6chste Energieeffizienz auf dem Markt&#8220;][ttdirectory_definition_list_item term=&#8220;R\u00fcckverfolgbarkeit&#8220; definition=&#8220;Automatische Verbrauchsmeldung&#8220;][ttdirectory_definition_list_item term=&#8220;Industrie 4.0&#8243; definition=&#8220;Automatisierte Kontroll- und Dosiersysteme&#8220;][ttdirectory_definition_list_item term=&#8220;Minimierung von Produktionsunterbrechungen&#8220; definition=&#8220;Entwicklung von L\u00f6sungen mit den Technologien Easy-clean und Total Access&#8220;][ttdirectory_definition_list_item term=&#8220;Hohe Produktivit\u00e4t&#8220; definition=&#8220;Produktionszyklen mit bis zu 40 m\/min&#8220;][\/ttdirectory_definition_list_container][\/vc_column][\/vc_row][vc_row row_layout=&#8220;full&#8220; el_class=&#8220;bg-line-left&#8220;][vc_column width=&#8220;1\/1&#8243;][vc_row_inner row_layout=&#8220;full&#8220;][vc_column_inner][ttdirectory_pages carousel_columns=&#8220;Infinito&#8220;][item]<\/p>\n<h2 class=\"style-02\">Anwendungen<\/h2>\n<p>[\/item][pageModule page_item=&#8220;18444&#8243;][pageModule page_item=&#8220;18424&#8243;][pageModule page_item=&#8220;18649&#8243;][pageModule page_item=&#8220;18541&#8243;][pageModule page_item=&#8220;18585&#8243;][pageModule page_item=&#8220;18392&#8243;][\/ttdirectory_pages][\/vc_column_inner][\/vc_row_inner][\/vc_column][\/vc_row][vc_row bg_image_position=&#8220;0 100%&#8220; row_bg_color=&#8220;bg-03&#8243; row_spacing=&#8220;top-spacing bottom-spacing&#8220; el_class=&#8220;remove-bg-mobile&#8220;][vc_column width=&#8220;1\/1&#8243;][vc_row_inner row_spacing=&#8220;spacing-v-0&#8243;][vc_column_inner el_class=&#8220;sticky-content&#8220; width=&#8220;1\/2&#8243;][text]<\/p>\n<p class=\"summary\">Komplette systeme zur optimierung jeglicher produktionslinie<\/p>\n<p><a class=\"button\" href=\"https:\/\/www.meler.cn\/de\/kontakt\/\">Stellen Sie uns Ihre Fragen<\/a>[\/text][\/vc_column_inner][vc_column_inner width=&#8220;1\/2&#8243; equal_height=&#8220;equalBox&#8220;][text]<\/p>\n<ol class=\"style-01\">\n<li><strong>ANWENDUNG <\/strong>\n<ul class=\"style-01 style-03\">\n<li>Fachwissen mit PUR- und EVA-Klebstoffen<\/li>\n<li>An Robotersysteme angepasste L\u00f6sungen<\/li>\n<li>Smart verbundene Applikatoren<\/li>\n<\/ul>\n<\/li>\n<li><strong><strong>FUSION<br \/>\n<\/strong><\/strong><\/p>\n<ul class=\"style-01 style-03\">\n<li>Ein Schmelzger\u00e4t f\u00fcr jeden Produktionsbedarf<\/li>\n<li>Minimaler Energieverbrauch<\/li>\n<li>Ausr\u00fcstung f\u00fcr FOAM-Anwendung<\/li>\n<\/ul>\n<\/li>\n<li><strong><strong>TRANSPORT<br \/>\n<\/strong><\/strong><\/p>\n<ul class=\"style-01 style-03\">\n<li>Maximale Klebstoffpflege<\/li>\n<li>11 verschiedene Schlauchmodelle<\/li>\n<li>Geringer Wartungsbedarf<\/li>\n<li>L\u00f6sungen f\u00fcr robotergest\u00fctzte Fertigungslinien<\/li>\n<\/ul>\n<\/li>\n<\/ol>\n<p>[\/text][\/vc_column_inner][\/vc_row_inner][\/vc_column][\/vc_row][vc_row row_spacing=&#8220;top-spacing-med bottom-spacing-med&#8220;][vc_column width=&#8220;1\/1&#8243;][text]<\/p>\n<h2 class=\"txt-center style-01\">Unsere produkte<\/h2>\n<p>[\/text][vc_tta_tabs][vc_tta_section title=&#8220;Sonderprojekte&#8220; tab_id=&#8220;1737386981462-4b7a9724-662a&#8220;][ttdirectory_products carousel_columns=&#8220;4&#8243; style=&#8220;2&#8243;][ttdirectory_products carousel_columns=&#8220;4&#8243; style=&#8220;2&#8243;][ttdirectory_product_special_projects post_special_projects=&#8220;26157&#8243;][ttdirectory_product_special_projects post_special_projects=&#8220;24036&#8243;][\/ttdirectory_products][\/ttdirectory_products][\/vc_tta_section][vc_tta_section title=&#8220;SCHMELZGER\u00c4TE&#8220; tab_id=&#8220;1672398287839-e7ca709f-fefa&#8220;][ttdirectory_products carousel_columns=&#8220;4&#8243; style=&#8220;1&#8243;][ttdirectory_product_melters post_melter=&#8220;26013&#8243;][ttdirectory_product_melters post_melter=&#8220;25229&#8243;][ttdirectory_product_melters post_melter=&#8220;26109&#8243;][ttdirectory_product_melters post_melter=&#8220;27417&#8243;][ttdirectory_product_melters post_melter=&#8220;26137&#8243;][ttdirectory_product_melters post_melter=&#8220;26104&#8243;][ttdirectory_product_melters post_melter=&#8220;24554&#8243;][ttdirectory_product_melters post_melter=&#8220;24651&#8243;][ttdirectory_product_melters post_melter=&#8220;26420&#8243;][ttdirectory_product_melters post_melter=&#8220;26119&#8243;][ttdirectory_product_melters post_melter=&#8220;26644&#8243;][ttdirectory_product_melters post_melter=&#8220;26686&#8243;][ttdirectory_product_melters post_melter=&#8220;27263&#8243;][ttdirectory_product_melters post_melter=&#8220;24855&#8243;][\/ttdirectory_products][\/vc_tta_section][vc_tta_section title=&#8220;APPLIKATOREN&#8220; tab_id=&#8220;1672839351108-60ab99fd-63fb&#8220;][ttdirectory_products carousel_columns=&#8220;4&#8243; style=&#8220;2&#8243;][ttdirectory_product_applicators post_applicator=&#8220;24811&#8243;][ttdirectory_product_applicators post_applicator=&#8220;24835&#8243;][\/ttdirectory_products][\/vc_tta_section][\/vc_tta_tabs][\/vc_column][\/vc_row][vc_row row_layout=&#8220;full&#8220; row_spacing=&#8220;spacing-v-none&#8220;][vc_column width=&#8220;1\/1&#8243;][CtaModule cta_item=&#8220;21648&#8243;][\/vc_column][\/vc_row][vc_row row_layout=&#8220;full&#8220; row_spacing=&#8220;spacing-v-none&#8220;][vc_column width=&#8220;1\/1&#8243;][CtaModule cta_item=&#8220;30386&#8243;][\/vc_column][\/vc_row]<\/p>\n","protected":false},"excerpt":{"rendered":"<p>Weltweit f\u00fchrend bei Hei\u00dfleimsystemen f\u00fcr Dachhimmel <\/p>\n","protected":false},"author":2,"featured_media":14656,"parent":21835,"menu_order":207,"comment_status":"closed","ping_status":"closed","template":"","meta":[],"yoast_head":"<!-- This site is optimized with the Yoast SEO plugin v20.3 - https:\/\/yoast.com\/wordpress\/plugins\/seo\/ -->\n<title>Klebstoffauftragssysteme in der Automobilindustrie - Meler<\/title>\n<meta name=\"description\" content=\"Wir verwenden Klebstoffe f\u00fcr die Fahrzeugmontage und die Herstellung von Bauteilen, Polsterm\u00f6beln, Innenausstattungen und Isolierungen.\" \/>\n<meta name=\"robots\" content=\"index, follow, max-snippet:-1, max-image-preview:large, max-video-preview:-1\" \/>\n<link rel=\"canonical\" href=\"https:\/\/www.meler.cn\/de\/industrien\/hotmelt-anwendung-fuer-fahrzeuginnenraeume\/\" \/>\n<meta property=\"og:locale\" content=\"de_DE\" \/>\n<meta property=\"og:type\" content=\"article\" \/>\n<meta property=\"og:title\" content=\"Klebstoffauftragssysteme in der Automobilindustrie - Meler\" \/>\n<meta property=\"og:description\" content=\"Wir verwenden Klebstoffe f\u00fcr die Fahrzeugmontage und die Herstellung von Bauteilen, Polsterm\u00f6beln, Innenausstattungen und Isolierungen.\" \/>\n<meta property=\"og:url\" content=\"https:\/\/www.meler.cn\/de\/industrien\/hotmelt-anwendung-fuer-fahrzeuginnenraeume\/\" \/>\n<meta property=\"og:site_name\" content=\"Meler\" \/>\n<meta property=\"article:modified_time\" content=\"2025-01-20T15:31:04+00:00\" \/>\n<meta property=\"og:image\" content=\"https:\/\/20097.ttandemdigital.com\/media\/header-industrias-automovil-meler.png\" \/>\n\t<meta property=\"og:image:width\" content=\"1920\" \/>\n\t<meta property=\"og:image:height\" content=\"780\" \/>\n\t<meta property=\"og:image:type\" content=\"image\/png\" \/>\n<meta name=\"twitter:card\" content=\"summary_large_image\" \/>\n<meta name=\"twitter:label1\" content=\"Gesch\u00e4tzte Lesezeit\" \/>\n\t<meta name=\"twitter:data1\" content=\"2 Minuten\" \/>\n<script type=\"application\/ld+json\" class=\"yoast-schema-graph\">{\"@context\":\"https:\/\/schema.org\",\"@graph\":[{\"@type\":\"WebPage\",\"@id\":\"https:\/\/www.meler.cn\/de\/industrien\/hotmelt-anwendung-fuer-fahrzeuginnenraeume\/\",\"url\":\"https:\/\/www.meler.cn\/de\/industrien\/hotmelt-anwendung-fuer-fahrzeuginnenraeume\/\",\"name\":\"Klebstoffauftragssysteme in der Automobilindustrie - Meler\",\"isPartOf\":{\"@id\":\"https:\/\/www.meler.cn\/de\/#website\"},\"datePublished\":\"2022-12-01T08:24:51+00:00\",\"dateModified\":\"2025-01-20T15:31:04+00:00\",\"description\":\"Wir verwenden Klebstoffe f\u00fcr die Fahrzeugmontage und die Herstellung von Bauteilen, Polsterm\u00f6beln, Innenausstattungen und Isolierungen.\",\"breadcrumb\":{\"@id\":\"https:\/\/www.meler.cn\/de\/industrien\/hotmelt-anwendung-fuer-fahrzeuginnenraeume\/#breadcrumb\"},\"inLanguage\":\"de-DE\",\"potentialAction\":[{\"@type\":\"ReadAction\",\"target\":[\"https:\/\/www.meler.cn\/de\/industrien\/hotmelt-anwendung-fuer-fahrzeuginnenraeume\/\"]}]},{\"@type\":\"BreadcrumbList\",\"@id\":\"https:\/\/www.meler.cn\/de\/industrien\/hotmelt-anwendung-fuer-fahrzeuginnenraeume\/#breadcrumb\",\"itemListElement\":[{\"@type\":\"ListItem\",\"position\":1,\"name\":\"Portada\",\"item\":\"https:\/\/www.meler.cn\/de\/\"},{\"@type\":\"ListItem\",\"position\":2,\"name\":\"Industrien\",\"item\":\"https:\/\/20097.ttandemdigital.com\/de\/industrien\/\"},{\"@type\":\"ListItem\",\"position\":3,\"name\":\"Hotmelt-anwendung f\u00fcr fahrzeuginnenr\u00e4ume\"}]},{\"@type\":\"WebSite\",\"@id\":\"https:\/\/www.meler.cn\/de\/#website\",\"url\":\"https:\/\/www.meler.cn\/de\/\",\"name\":\"Meler\",\"description\":\"Just another WordPress site\",\"potentialAction\":[{\"@type\":\"SearchAction\",\"target\":{\"@type\":\"EntryPoint\",\"urlTemplate\":\"https:\/\/www.meler.cn\/de\/?s={search_term_string}\"},\"query-input\":\"required name=search_term_string\"}],\"inLanguage\":\"de-DE\"}]}<\/script>\n<!-- \/ Yoast SEO plugin. -->","yoast_head_json":{"title":"Klebstoffauftragssysteme in der Automobilindustrie - Meler","description":"Wir verwenden Klebstoffe f\u00fcr die Fahrzeugmontage und die Herstellung von Bauteilen, Polsterm\u00f6beln, Innenausstattungen und Isolierungen.","robots":{"index":"index","follow":"follow","max-snippet":"max-snippet:-1","max-image-preview":"max-image-preview:large","max-video-preview":"max-video-preview:-1"},"canonical":"https:\/\/www.meler.cn\/de\/industrien\/hotmelt-anwendung-fuer-fahrzeuginnenraeume\/","og_locale":"de_DE","og_type":"article","og_title":"Klebstoffauftragssysteme in der Automobilindustrie - Meler","og_description":"Wir verwenden Klebstoffe f\u00fcr die Fahrzeugmontage und die Herstellung von Bauteilen, Polsterm\u00f6beln, Innenausstattungen und Isolierungen.","og_url":"https:\/\/www.meler.cn\/de\/industrien\/hotmelt-anwendung-fuer-fahrzeuginnenraeume\/","og_site_name":"Meler","article_modified_time":"2025-01-20T15:31:04+00:00","og_image":[{"width":1920,"height":780,"url":"https:\/\/20097.ttandemdigital.com\/media\/header-industrias-automovil-meler.png","type":"image\/png"}],"twitter_card":"summary_large_image","twitter_misc":{"Gesch\u00e4tzte Lesezeit":"2 Minuten"},"schema":{"@context":"https:\/\/schema.org","@graph":[{"@type":"WebPage","@id":"https:\/\/www.meler.cn\/de\/industrien\/hotmelt-anwendung-fuer-fahrzeuginnenraeume\/","url":"https:\/\/www.meler.cn\/de\/industrien\/hotmelt-anwendung-fuer-fahrzeuginnenraeume\/","name":"Klebstoffauftragssysteme in der Automobilindustrie - Meler","isPartOf":{"@id":"https:\/\/www.meler.cn\/de\/#website"},"datePublished":"2022-12-01T08:24:51+00:00","dateModified":"2025-01-20T15:31:04+00:00","description":"Wir verwenden Klebstoffe f\u00fcr die Fahrzeugmontage und die Herstellung von Bauteilen, Polsterm\u00f6beln, Innenausstattungen und Isolierungen.","breadcrumb":{"@id":"https:\/\/www.meler.cn\/de\/industrien\/hotmelt-anwendung-fuer-fahrzeuginnenraeume\/#breadcrumb"},"inLanguage":"de-DE","potentialAction":[{"@type":"ReadAction","target":["https:\/\/www.meler.cn\/de\/industrien\/hotmelt-anwendung-fuer-fahrzeuginnenraeume\/"]}]},{"@type":"BreadcrumbList","@id":"https:\/\/www.meler.cn\/de\/industrien\/hotmelt-anwendung-fuer-fahrzeuginnenraeume\/#breadcrumb","itemListElement":[{"@type":"ListItem","position":1,"name":"Portada","item":"https:\/\/www.meler.cn\/de\/"},{"@type":"ListItem","position":2,"name":"Industrien","item":"https:\/\/20097.ttandemdigital.com\/de\/industrien\/"},{"@type":"ListItem","position":3,"name":"Hotmelt-anwendung f\u00fcr fahrzeuginnenr\u00e4ume"}]},{"@type":"WebSite","@id":"https:\/\/www.meler.cn\/de\/#website","url":"https:\/\/www.meler.cn\/de\/","name":"Meler","description":"Just another WordPress site","potentialAction":[{"@type":"SearchAction","target":{"@type":"EntryPoint","urlTemplate":"https:\/\/www.meler.cn\/de\/?s={search_term_string}"},"query-input":"required name=search_term_string"}],"inLanguage":"de-DE"}]}},"_links":{"self":[{"href":"https:\/\/www.meler.cn\/de\/wp-json\/wp\/v2\/pages\/22009"}],"collection":[{"href":"https:\/\/www.meler.cn\/de\/wp-json\/wp\/v2\/pages"}],"about":[{"href":"https:\/\/www.meler.cn\/de\/wp-json\/wp\/v2\/types\/page"}],"author":[{"embeddable":true,"href":"https:\/\/www.meler.cn\/de\/wp-json\/wp\/v2\/users\/2"}],"replies":[{"embeddable":true,"href":"https:\/\/www.meler.cn\/de\/wp-json\/wp\/v2\/comments?post=22009"}],"version-history":[{"count":18,"href":"https:\/\/www.meler.cn\/de\/wp-json\/wp\/v2\/pages\/22009\/revisions"}],"predecessor-version":[{"id":34315,"href":"https:\/\/www.meler.cn\/de\/wp-json\/wp\/v2\/pages\/22009\/revisions\/34315"}],"up":[{"embeddable":true,"href":"https:\/\/www.meler.cn\/de\/wp-json\/wp\/v2\/pages\/21835"}],"wp:featuredmedia":[{"embeddable":true,"href":"https:\/\/www.meler.cn\/de\/wp-json\/wp\/v2\/media\/14656"}],"wp:attachment":[{"href":"https:\/\/www.meler.cn\/de\/wp-json\/wp\/v2\/media?parent=22009"}],"curies":[{"name":"wp","href":"https:\/\/api.w.org\/{rel}","templated":true}]}}