




















{"id":21786,"date":"2022-11-30T15:37:35","date_gmt":"2022-11-30T15:37:35","guid":{"rendered":"https:\/\/www.meler.eu\/hot-melt-for-the-packaging-industry\/"},"modified":"2025-01-29T10:07:00","modified_gmt":"2025-01-29T10:07:00","slug":"heisskleber-fuer-die-verpackungsindustrie","status":"publish","type":"page","link":"https:\/\/www.meler.cn\/de\/industrien\/heisskleber-fuer-die-verpackungsindustrie\/","title":{"rendered":"Hei\u00dfkleber f\u00fcr die Verpackungsindustrie"},"content":{"rendered":"<p>[vc_row bg_image_position=&#8220;0 100%&#8220; row_spacing=&#8220;top-spacing-med bottom-spacing-0&#8243; row_vertical_align=&#8220;valign-middle&#8220; el_class=&#8220;reverse-column-mobile&#8220;][vc_column row_spacing_h=&#8220;left-spacing&#8220; width=&#8220;1\/1&#8243;][text]<\/p>\n<p class=\"txt-center style-01 summary\">Welche Bed\u00fcrfnisse hat die Verpackungsindustrie heute?<\/p>\n<h2 class=\"style-01 txt-width txt-center\"><strong>Welche L\u00f6sungen bietet meler<\/strong><\/h2>\n<p>[\/text][\/vc_column][\/vc_row][vc_row row_spacing=&#8220;spacing-v-none&#8220;][vc_column width=&#8220;1\/1&#8243;][ttdirectory_definition_list_container][ttdirectory_definition_list_item term=&#8220;Energie-Effizienz&#8220; definition=&#8220;Die Schmelzger\u00e4te von Meler bieten die h\u00f6chste Energieeffizienz auf dem Markt&#8220;][ttdirectory_definition_list_item term=&#8220;Nachhaltigkeit&#8220; definition=&#8220;Ma\u00dfgeschneiderte L\u00f6sungen, die Ihren \u00f6kologischen Fu\u00dfabdruck verringern&#8220;][ttdirectory_definition_list_item term=&#8220;Industrie 4.0&#8243; definition=&#8220;Verbundene und 100 % integrierbare Klebstoffauftragssysteme&#8220;][ttdirectory_definition_list_item term=&#8220;Hohe Produktivit\u00e4t&#8220; definition=&#8220;Automatisierte oder manuelle Systeme&#8220;][ttdirectory_definition_list_item term=&#8220;Schnelle und einfache Wartung&#8220; definition=&#8220;Meler ist ein benutzerorientiertes Unternehmen, das mit der Easy-Clean-Technologie arbeitet und das System Total Access anbietet&#8220;][ttdirectory_definition_list_item term=&#8220;Nachhaltigkeitsorientierte Innovation&#8220; definition=&#8220;Erforschung und Erprobung neuer Produktionsverfahren&#8220;][\/ttdirectory_definition_list_container][\/vc_column][\/vc_row][vc_row row_layout=&#8220;full&#8220; row_spacing=&#8220;bottom-spacing top-spacing-0&#8243; el_class=&#8220;bg-line-left&#8220;][vc_column width=&#8220;1\/1&#8243;][vc_row_inner row_layout=&#8220;full&#8220;][vc_column_inner][ttdirectory_pages carousel_columns=&#8220;Infinito&#8220;][item]<\/p>\n<h2 class=\"style-02\">ANWENDUNGEN<\/h2>\n<p>[\/item][pageModule page_item=&#8220;18368&#8243;][pageModule page_item=&#8220;18484&#8243;][pageModule page_item=&#8220;18416&#8243;][pageModule page_item=&#8220;18456&#8243;][pageModule page_item=&#8220;18448&#8243;][pageModule page_item=&#8220;18452&#8243;][pageModule page_item=&#8220;18605&#8243;][\/ttdirectory_pages][\/vc_column_inner][\/vc_row_inner][\/vc_column][\/vc_row][vc_row bg_image_position=&#8220;0 100%&#8220; row_bg_color=&#8220;bg-03&#8243; row_spacing=&#8220;top-spacing bottom-spacing&#8220; el_class=&#8220;remove-bg-mobile&#8220;][vc_column width=&#8220;1\/1&#8243;][vc_row_inner row_spacing=&#8220;spacing-v-none&#8220;][vc_column_inner el_class=&#8220;sticky-content&#8220; width=&#8220;1\/2&#8243; equal_height=&#8220;equalBox&#8220;][text]<\/p>\n<p class=\"summary txt-width\">KOMPLETTSYSTEME ZUR OPTIMIERUNG<\/p>\n<p>Von Produktionsprozessen in der Karton-, Verpackungs- und Etikettierindustrie.<\/p>\n<p><a class=\"button\" href=\"https:\/\/www.meler.cn\/de\/kontakt\/\">Stellen Sie uns Ihre Fragen<\/a>[\/text][\/vc_column_inner][vc_column_inner width=&#8220;1\/2&#8243; equal_height=&#8220;equalBox&#8220;][text]<\/p>\n<ol class=\"style-01\">\n<li><strong>AUFBRINGUNG<\/strong>\n<ul class=\"style-01 style-03\">\n<li>Breite Auswahl: Raupen, gepunktet, spiralf\u00f6rmig, hohlraumfrei&#8230; .<\/li>\n<li>Reduzierter Klebstoffverbrauch<\/li>\n<li>Pr\u00e4zision, sauberer Schnitt und Wiederholbarkeit<\/li>\n<li>Lange Lebensdauer<\/li>\n<\/ul>\n<\/li>\n<li><strong><strong>FUSION<br \/>\n<\/strong><\/strong><\/p>\n<ul class=\"style-01 style-03\">\n<li>Ein Schmelzger\u00e4t f\u00fcr jeden Produktionsbedarf (5L, 10L, 35L, usw.)<\/li>\n<li>Minimaler Energieverbrauch<\/li>\n<li>Flexibilit\u00e4t und mehrere Systemoptionen<\/li>\n<li>Vollst\u00e4ndige Integration in die Hauptmaschine \u00fcber industrielle Kommunikation, Bluetooth\u00ae oder WLAN<\/li>\n<\/ul>\n<\/li>\n<li><strong><strong>TRANSPORT<br \/>\n<\/strong><\/strong><\/p>\n<ul class=\"style-01 style-03\">\n<li>Maximale Klebstoffpflege<\/li>\n<li>11 verschiedene Schlauchmodelle<\/li>\n<li>Geringe Wartung<\/li>\n<li>Hohe Marktkompatibilit\u00e4t<\/li>\n<\/ul>\n<\/li>\n<\/ol>\n<p>[\/text][\/vc_column_inner][\/vc_row_inner][\/vc_column][\/vc_row][vc_row row_layout=&#8220;full&#8220; row_spacing=&#8220;spacing-v-none&#8220;][vc_column width=&#8220;1\/1&#8243;][CtaModule cta_item=&#8220;21608&#8243;][\/vc_column][\/vc_row][vc_row row_spacing=&#8220;top-spacing-med bottom-spacing-med&#8220;][vc_column width=&#8220;1\/1&#8243;][text]<\/p>\n<h2 class=\"txt-center style-01\">UNSERE PRODUKTE<\/h2>\n<p>[\/text][vc_tta_tabs active_section=&#8220;1&#8243; css_animation=&#8220;fadeIn&#8220;][vc_tta_section title=&#8220;SCHMELZGER\u00c4TE&#8220; tab_id=&#8220;1672398287839-e7ca709f-fefa&#8220;][ttdirectory_products carousel_columns=&#8220;4&#8243; style=&#8220;1&#8243;][ttdirectory_product_melters post_melter=&#8220;23735&#8243;][ttdirectory_product_melters post_melter=&#8220;23980&#8243;][ttdirectory_product_melters post_melter=&#8220;23781&#8243;][ttdirectory_product_melters post_melter=&#8220;26013&#8243;][ttdirectory_product_melters post_melter=&#8220;27540&#8243;][ttdirectory_product_melters post_melter=&#8220;26109&#8243;][ttdirectory_product_melters post_melter=&#8220;27417&#8243;][ttdirectory_product_melters post_melter=&#8220;26137&#8243;][ttdirectory_product_melters post_melter=&#8220;26104&#8243;][ttdirectory_product_melters post_melter=&#8220;22697&#8243;][ttdirectory_product_melters post_melter=&#8220;26644&#8243;][ttdirectory_product_melters post_melter=&#8220;26686&#8243;][\/ttdirectory_products][\/vc_tta_section][vc_tta_section title=&#8220;APPLIKATOREN&#8220; tab_id=&#8220;1674034207276-35183d6e-aad9&#8243;][ttdirectory_products carousel_columns=&#8220;4&#8243; style=&#8220;1&#8243;][ttdirectory_product_applicators post_applicator=&#8220;24811&#8243;][ttdirectory_product_applicators post_applicator=&#8220;24872&#8243;][ttdirectory_product_applicators post_applicator=&#8220;24868&#8243;][ttdirectory_product_applicators post_applicator=&#8220;26025&#8243;][ttdirectory_product_applicators post_applicator=&#8220;26362&#8243;][ttdirectory_product_applicators post_applicator=&#8220;24832&#8243;][ttdirectory_product_applicators post_applicator=&#8220;26039&#8243;][ttdirectory_product_applicators post_applicator=&#8220;26207&#8243;][\/ttdirectory_products][\/vc_tta_section][\/vc_tta_tabs][\/vc_column][\/vc_row][vc_row row_layout=&#8220;full&#8220; row_spacing=&#8220;spacing-v-none&#8220;][vc_column width=&#8220;1\/1&#8243;][CtaModule cta_item=&#8220;21648&#8243;][\/vc_column][\/vc_row][vc_row row_layout=&#8220;full&#8220; row_spacing=&#8220;spacing-v-none&#8220;][vc_column width=&#8220;1\/1&#8243;][CtaModule cta_item=&#8220;30386&#8243;][\/vc_column][\/vc_row]<\/p>\n","protected":false},"excerpt":{"rendered":"<p>Gemeinsam gestalten wir die Verpackung der Zukunft\u202f <\/p>\n","protected":false},"author":2,"featured_media":14169,"parent":21835,"menu_order":164,"comment_status":"closed","ping_status":"closed","template":"","meta":[],"yoast_head":"<!-- This site is optimized with the Yoast SEO plugin v20.3 - https:\/\/yoast.com\/wordpress\/plugins\/seo\/ -->\n<title>Komplette Systeme f\u00fcr Hei\u00dfleimanwendungen in der Verpackung - Meler<\/title>\n<meta name=\"description\" content=\"Entwicklung von kompletten Klebstoffauftragsl\u00f6sungen f\u00fcr die Karton-, Verpackungs- und Etikettenindustrie.\" \/>\n<meta name=\"robots\" content=\"index, follow, max-snippet:-1, max-image-preview:large, max-video-preview:-1\" \/>\n<link rel=\"canonical\" href=\"https:\/\/www.meler.cn\/de\/industrien\/heisskleber-fuer-die-verpackungsindustrie\/\" \/>\n<meta property=\"og:locale\" content=\"de_DE\" \/>\n<meta property=\"og:type\" content=\"article\" \/>\n<meta property=\"og:title\" content=\"Komplette Systeme f\u00fcr Hei\u00dfleimanwendungen in der Verpackung - Meler\" \/>\n<meta property=\"og:description\" content=\"Entwicklung von kompletten Klebstoffauftragsl\u00f6sungen f\u00fcr die Karton-, Verpackungs- und Etikettenindustrie.\" \/>\n<meta property=\"og:url\" content=\"https:\/\/www.meler.cn\/de\/industrien\/heisskleber-fuer-die-verpackungsindustrie\/\" \/>\n<meta property=\"og:site_name\" content=\"Meler\" \/>\n<meta property=\"article:modified_time\" content=\"2025-01-29T10:07:00+00:00\" \/>\n<meta property=\"og:image\" content=\"https:\/\/20097.ttandemdigital.com\/media\/header-industrias-embalaje-etiquetado-meler.png\" \/>\n\t<meta property=\"og:image:width\" content=\"1920\" \/>\n\t<meta property=\"og:image:height\" content=\"780\" \/>\n\t<meta property=\"og:image:type\" content=\"image\/png\" \/>\n<meta name=\"twitter:card\" content=\"summary_large_image\" \/>\n<meta name=\"twitter:label1\" content=\"Gesch\u00e4tzte Lesezeit\" \/>\n\t<meta name=\"twitter:data1\" content=\"2 Minuten\" \/>\n<script type=\"application\/ld+json\" class=\"yoast-schema-graph\">{\"@context\":\"https:\/\/schema.org\",\"@graph\":[{\"@type\":\"WebPage\",\"@id\":\"https:\/\/www.meler.cn\/de\/industrien\/heisskleber-fuer-die-verpackungsindustrie\/\",\"url\":\"https:\/\/www.meler.cn\/de\/industrien\/heisskleber-fuer-die-verpackungsindustrie\/\",\"name\":\"Komplette Systeme f\u00fcr Hei\u00dfleimanwendungen in der Verpackung - Meler\",\"isPartOf\":{\"@id\":\"https:\/\/www.meler.cn\/de\/#website\"},\"datePublished\":\"2022-11-30T15:37:35+00:00\",\"dateModified\":\"2025-01-29T10:07:00+00:00\",\"description\":\"Entwicklung von kompletten Klebstoffauftragsl\u00f6sungen f\u00fcr die Karton-, Verpackungs- und Etikettenindustrie.\",\"breadcrumb\":{\"@id\":\"https:\/\/www.meler.cn\/de\/industrien\/heisskleber-fuer-die-verpackungsindustrie\/#breadcrumb\"},\"inLanguage\":\"de-DE\",\"potentialAction\":[{\"@type\":\"ReadAction\",\"target\":[\"https:\/\/www.meler.cn\/de\/industrien\/heisskleber-fuer-die-verpackungsindustrie\/\"]}]},{\"@type\":\"BreadcrumbList\",\"@id\":\"https:\/\/www.meler.cn\/de\/industrien\/heisskleber-fuer-die-verpackungsindustrie\/#breadcrumb\",\"itemListElement\":[{\"@type\":\"ListItem\",\"position\":1,\"name\":\"Portada\",\"item\":\"https:\/\/www.meler.cn\/de\/\"},{\"@type\":\"ListItem\",\"position\":2,\"name\":\"Industrien\",\"item\":\"https:\/\/20097.ttandemdigital.com\/de\/industrien\/\"},{\"@type\":\"ListItem\",\"position\":3,\"name\":\"Hei\u00dfkleber f\u00fcr die Verpackungsindustrie\"}]},{\"@type\":\"WebSite\",\"@id\":\"https:\/\/www.meler.cn\/de\/#website\",\"url\":\"https:\/\/www.meler.cn\/de\/\",\"name\":\"Meler\",\"description\":\"Just another WordPress site\",\"potentialAction\":[{\"@type\":\"SearchAction\",\"target\":{\"@type\":\"EntryPoint\",\"urlTemplate\":\"https:\/\/www.meler.cn\/de\/?s={search_term_string}\"},\"query-input\":\"required name=search_term_string\"}],\"inLanguage\":\"de-DE\"}]}<\/script>\n<!-- \/ Yoast SEO plugin. -->","yoast_head_json":{"title":"Komplette Systeme f\u00fcr Hei\u00dfleimanwendungen in der Verpackung - Meler","description":"Entwicklung von kompletten Klebstoffauftragsl\u00f6sungen f\u00fcr die Karton-, Verpackungs- und Etikettenindustrie.","robots":{"index":"index","follow":"follow","max-snippet":"max-snippet:-1","max-image-preview":"max-image-preview:large","max-video-preview":"max-video-preview:-1"},"canonical":"https:\/\/www.meler.cn\/de\/industrien\/heisskleber-fuer-die-verpackungsindustrie\/","og_locale":"de_DE","og_type":"article","og_title":"Komplette Systeme f\u00fcr Hei\u00dfleimanwendungen in der Verpackung - Meler","og_description":"Entwicklung von kompletten Klebstoffauftragsl\u00f6sungen f\u00fcr die Karton-, Verpackungs- und Etikettenindustrie.","og_url":"https:\/\/www.meler.cn\/de\/industrien\/heisskleber-fuer-die-verpackungsindustrie\/","og_site_name":"Meler","article_modified_time":"2025-01-29T10:07:00+00:00","og_image":[{"width":1920,"height":780,"url":"https:\/\/20097.ttandemdigital.com\/media\/header-industrias-embalaje-etiquetado-meler.png","type":"image\/png"}],"twitter_card":"summary_large_image","twitter_misc":{"Gesch\u00e4tzte Lesezeit":"2 Minuten"},"schema":{"@context":"https:\/\/schema.org","@graph":[{"@type":"WebPage","@id":"https:\/\/www.meler.cn\/de\/industrien\/heisskleber-fuer-die-verpackungsindustrie\/","url":"https:\/\/www.meler.cn\/de\/industrien\/heisskleber-fuer-die-verpackungsindustrie\/","name":"Komplette Systeme f\u00fcr Hei\u00dfleimanwendungen in der Verpackung - Meler","isPartOf":{"@id":"https:\/\/www.meler.cn\/de\/#website"},"datePublished":"2022-11-30T15:37:35+00:00","dateModified":"2025-01-29T10:07:00+00:00","description":"Entwicklung von kompletten Klebstoffauftragsl\u00f6sungen f\u00fcr die Karton-, Verpackungs- und Etikettenindustrie.","breadcrumb":{"@id":"https:\/\/www.meler.cn\/de\/industrien\/heisskleber-fuer-die-verpackungsindustrie\/#breadcrumb"},"inLanguage":"de-DE","potentialAction":[{"@type":"ReadAction","target":["https:\/\/www.meler.cn\/de\/industrien\/heisskleber-fuer-die-verpackungsindustrie\/"]}]},{"@type":"BreadcrumbList","@id":"https:\/\/www.meler.cn\/de\/industrien\/heisskleber-fuer-die-verpackungsindustrie\/#breadcrumb","itemListElement":[{"@type":"ListItem","position":1,"name":"Portada","item":"https:\/\/www.meler.cn\/de\/"},{"@type":"ListItem","position":2,"name":"Industrien","item":"https:\/\/20097.ttandemdigital.com\/de\/industrien\/"},{"@type":"ListItem","position":3,"name":"Hei\u00dfkleber f\u00fcr die Verpackungsindustrie"}]},{"@type":"WebSite","@id":"https:\/\/www.meler.cn\/de\/#website","url":"https:\/\/www.meler.cn\/de\/","name":"Meler","description":"Just another WordPress site","potentialAction":[{"@type":"SearchAction","target":{"@type":"EntryPoint","urlTemplate":"https:\/\/www.meler.cn\/de\/?s={search_term_string}"},"query-input":"required name=search_term_string"}],"inLanguage":"de-DE"}]}},"_links":{"self":[{"href":"https:\/\/www.meler.cn\/de\/wp-json\/wp\/v2\/pages\/21786"}],"collection":[{"href":"https:\/\/www.meler.cn\/de\/wp-json\/wp\/v2\/pages"}],"about":[{"href":"https:\/\/www.meler.cn\/de\/wp-json\/wp\/v2\/types\/page"}],"author":[{"embeddable":true,"href":"https:\/\/www.meler.cn\/de\/wp-json\/wp\/v2\/users\/2"}],"replies":[{"embeddable":true,"href":"https:\/\/www.meler.cn\/de\/wp-json\/wp\/v2\/comments?post=21786"}],"version-history":[{"count":27,"href":"https:\/\/www.meler.cn\/de\/wp-json\/wp\/v2\/pages\/21786\/revisions"}],"predecessor-version":[{"id":35016,"href":"https:\/\/www.meler.cn\/de\/wp-json\/wp\/v2\/pages\/21786\/revisions\/35016"}],"up":[{"embeddable":true,"href":"https:\/\/www.meler.cn\/de\/wp-json\/wp\/v2\/pages\/21835"}],"wp:featuredmedia":[{"embeddable":true,"href":"https:\/\/www.meler.cn\/de\/wp-json\/wp\/v2\/media\/14169"}],"wp:attachment":[{"href":"https:\/\/www.meler.cn\/de\/wp-json\/wp\/v2\/media?parent=21786"}],"curies":[{"name":"wp","href":"https:\/\/api.w.org\/{rel}","templated":true}]}}