




















{"id":21563,"date":"2022-11-18T16:23:09","date_gmt":"2022-11-18T16:23:09","guid":{"rendered":"https:\/\/www.meler.eu\/meler-lab\/"},"modified":"2025-01-29T15:14:18","modified_gmt":"2025-01-29T15:14:18","slug":"meler-lab","status":"publish","type":"page","link":"https:\/\/www.meler.cn\/de\/dienstleistungen\/meler-lab\/","title":{"rendered":"Meler Lab"},"content":{"rendered":"<p>[vc_row bg_image_position=&#8220;0 100%&#8220; row_vertical_align=&#8220;valign-middle&#8220; el_class=&#8220;reverse-column-mobile&#8220;][vc_column row_spacing_h=&#8220;left-spacing&#8220; width=&#8220;1\/1&#8243;][text]<\/p>\n<h2 class=\"txt-center style-01 txt-width\"><strong>In unserem Labor entwickeln wir die L\u00f6sung, die Ihr<br \/>\nUnternehmen braucht<\/strong><\/h2>\n<p>[\/text][\/vc_column][\/vc_row][vc_row row_vertical_align=&#8220;valign-middle&#8220; el_class=&#8220;reverse-column-mobile&#8220;][vc_column width=&#8220;1\/2&#8243;][single_image image=&#8220;16463&#8243;][\/vc_column][vc_column row_spacing_h=&#8220;left-spacing&#8220; width=&#8220;1\/2&#8243;][text]<\/p>\n<p class=\"summary\">Unser Ziel ist es, die Effizienz und Qualit\u00e4t Ihrer Klebeprozesse zu steigern und zu verbessern<\/p>\n<p>[\/text][see_details label=&#8220;ABER WIE MACHEN WIR DAS?&#8220; label_closed=&#8220;OCULTAR&#8220;]\u201e<strong>Gluing what matters<\/strong>\u201c bedeutet, dass wir daf\u00fcr sorgen, zu verbinden, was f\u00fcr Sie am wichtigsten ist. Wir stellen unser \u201e<strong>Gluing Knowledge<\/strong>\u201c und unsere \u201e<strong>Gluing Technology<\/strong>\u201c in den Dienst Ihres Projekts, um gemeinsam das \u201e<strong>Gluing Tomorrow<\/strong>\u201czu bauen![\/see_details][\/vc_column][\/vc_row][vc_row bg_image_position=&#8220;50% 0&#8243; row_spacing=&#8220;top-spacing bottom-spacing-0&#8243;][vc_column width=&#8220;1\/1&#8243;][text]<\/p>\n<h2 class=\"txt-center style-01\"><strong>I+D+i<\/strong><\/h2>\n<p class=\"txt-center txt-width txt-featured-01\">Um dem Kunden einen echten Mehrwert zu bieten, machen wir Forschung zu unserer DNA.<\/p>\n<p>[\/text][\/vc_column][\/vc_row][vc_row row_slide=&#8220;yes&#8220; el_class=&#8220;bg-line&#8220;][vc_column width=&#8220;1\/1&#8243;][vc_row_inner el_class=&#8220;reverse-column-mobile&#8220;][vc_column_inner width=&#8220;1\/2&#8243;][text]<\/p>\n<h2 class=\"style-02\">Meler Laborger\u00e4te<\/h2>\n<ul class=\"style-03\">\n<li><strong>Robotisierte <\/strong>Zelle<\/li>\n<li><strong>Zwei Wickelmaschinen<\/strong>: eine f\u00fcr K\u00f6pfe bis 600 mm und eine weitere bis 2000 mm.<\/li>\n<li><strong>Walzrolle<\/strong><\/li>\n<li><strong>Pr\u00fcfstand<\/strong><\/li>\n<li>Alle Arten von Schmelzger\u00e4ten, Schl\u00e4uchen und Applikatoren f\u00fcr alle m\u00f6glichen Anwendungen mit der Meler-Technologie (besonderes Augenmerk auf SDA FLOW und RTFC).<\/li>\n<li>Spezielle Systeme f\u00fcr die <strong>FOAM-Anwendung<\/strong><strong>\u00a0<\/strong><\/li>\n<\/ul>\n<p>[\/text][\/vc_column_inner][vc_column_inner width=&#8220;1\/2&#8243; row_spacing_h=&#8220;left-spacing&#8220;][single_image image=&#8220;28066&#8243;][\/vc_column_inner][\/vc_row_inner][vc_row_inner el_class=&#8220;reverse-column-mobile&#8220;][vc_column_inner width=&#8220;1\/2&#8243; row_spacing_h=&#8220;spacing-h-0&#8243;][text]<\/p>\n<h2 class=\"style-02\">Arten von tests<\/h2>\n<ul class=\"style-03\">\n<li style=\"list-style-type: none;\">\n<ul class=\"style-03\">\n<li>Anwendungen mit allen Arten von <strong>Hei\u00dfschmelzklebstoffen<\/strong> und Kaltleim.<\/li>\n<li><strong>Auftragsarten:<\/strong> Raupenauftrag, Tupfenauftrag, kontinuierliche oder intermittierende Laminierung, Spr\u00fchauftrag, usw.<\/li>\n<li>Klebstoffauftrag mit <strong>Roboter.<\/strong>.<\/li>\n<li><strong>Prototyping<\/strong> und Testinstallationen.<\/li>\n<\/ul>\n<\/li>\n<\/ul>\n<p>[\/text][\/vc_column_inner][vc_column_inner width=&#8220;1\/2&#8243; row_spacing_h=&#8220;left-spacing&#8220;][single_image image=&#8220;28233&#8243;][\/vc_column_inner][\/vc_row_inner][vc_row_inner el_class=&#8220;reverse-column-mobile&#8220;][vc_column_inner width=&#8220;1\/2&#8243; row_spacing_h=&#8220;spacing-h-0&#8243;][text]<\/p>\n<h2 class=\"style-02\">Simulationen<br \/>\nnach<br \/>\nIndustriezweigen<\/h2>\n<ul class=\"style-03\">\n<li><strong>Wei\u00dfe Ware:<\/strong> Aufbringen von Schaumdichtungen, flexibles Kleben zwischen Materialien usw.<\/li>\n<li><strong>Automobilindustrie:<\/strong> Messung und R\u00fcckverfolgbarkeit von Klebeprozessen bei Automobilteilen.<\/li>\n<li><strong>Verpackung:<\/strong> Haltbarkeitstests, neue Dichtungen he.<\/li>\n<\/ul>\n<p>[\/text][\/vc_column_inner][vc_column_inner width=&#8220;1\/2&#8243; row_spacing_h=&#8220;left-spacing&#8220;][single_image image=&#8220;28217&#8243;][\/vc_column_inner][\/vc_row_inner][vc_row_inner el_class=&#8220;reverse-column-mobile&#8220;][vc_column_inner width=&#8220;1\/2&#8243; row_spacing_h=&#8220;spacing-h-0&#8243;][text]<\/p>\n<h2 class=\"style-02\">Sicherheit und<br \/>\nVertraulichkeit<\/h2>\n<p>Unser Labor ist der Ort, an dem dank der Zusammenarbeit zwischen Ihren Ingenieuren und unseren Fachleuten die Magie entsteht.<\/p>\n<p>Eine Magie, die wir mit Ihnen teilen, indem wir den gesamten <strong>Prozess dokumentieren<\/strong>, aber immer unter <strong>Wahrung der Vertraulichkeit<\/strong>, die Ihr Unternehmen ben\u00f6tigt.[\/text][\/vc_column_inner][vc_column_inner width=&#8220;1\/2&#8243; row_spacing_h=&#8220;left-spacing&#8220;][single_image image=&#8220;28072&#8243;][\/vc_column_inner][\/vc_row_inner][\/vc_column][\/vc_row][vc_row row_bg_color=&#8220;bg-03&#8243; el_class=&#8220;remove-bg-mobile&#8220;][vc_column width=&#8220;1\/1&#8243;][vc_row_inner row_spacing=&#8220;top-spacing bottom-spacing&#8220;][vc_column_inner el_class=&#8220;sticky-content&#8220; width=&#8220;1\/2&#8243;][text]<\/p>\n<p class=\"summary txt-width\"><strong>Alle Magie<\/strong> hat etwas mit Wissenschaft zu tun<\/p>\n<p>[\/text][\/vc_column_inner][vc_column_inner width=&#8220;1\/2&#8243;][text]<\/p>\n<ol class=\"style-01\">\n<li><strong>GLUING KNOWLEDGE<\/strong><br \/>\nWenn Sie nicht weiter wissen und fachkundige L\u00f6sungen brauchen, um Ihr Ziel zu erreichen, verlassen Sie sich auf die Magie von Meler. Schildern Sie uns Ihr Projekt und wir werden all unser Wissen einsetzen, um das richtige Klebesystem f\u00fcr Sie zu finden und aufzubauen.<\/li>\n<li><strong>GLUING TECHNOLOGY<\/strong><br \/>\nWenn Sie herumversuchen und es Zeit wird, das etwas Magisches geschieht&#8230; k\u00f6nnen Sie auf die Wissenschaft Melers z\u00e4hlen. In unserem Labor f\u00fchren wir mit modernsten Ger\u00e4ten und unter den echten Arbeitsbedingungen die notwendigen Tests f\u00fcr Ihr Projekt durch.<\/li>\n<li><strong>GLUING TOMORROW<\/strong><br \/>\nWenn Sie etwas aufbauen, wenn Sie Produkte der Zukunft herstellen&#8230; z\u00e4hlen Sie auf die Technologie Melers.<br \/>\nWir dokumentieren jeden Aspekt des Arbeitsprozesses und halten Sie komplett auf dem Laufenden, so dass Sie mit Zuversicht \u00fcber Ihren n\u00e4chsten Schritt entscheiden k\u00f6nnen.<\/li>\n<\/ol>\n<p>[\/text][\/vc_column_inner][\/vc_row_inner][\/vc_column][\/vc_row][vc_row bg_image_position=&#8220;50% 0&#8243; row_spacing=&#8220;top-spacing bottom-spacing-0&#8243; row_vertical_align=&#8220;valign-middle&#8220;][vc_column width=&#8220;1\/1&#8243;][text]<\/p>\n<h2 class=\"txt-center style-0\">Feldversuche im Meler-Labor<\/h2>\n<p class=\"txt-center txt-width txt-featured-01\">So arbeiten unsere Teams&#8230;<br \/>\nIm Meler Lab testen wir, bis alles so funktioniert, wie es soll, um Ihnen maximale Qualit\u00e4t zu bieten.<\/p>\n<p>[\/text][\/vc_column][\/vc_row][vc_row bg_image_position=&#8220;50% 0&#8243; row_spacing=&#8220;top-spacing-med bottom-spacing-0&#8243; row_vertical_align=&#8220;valign-middle&#8220;][vc_column width=&#8220;1\/1&#8243;][video_youtube video_image=&#8220;16448&#8243; video_url=&#8220;https:\/\/www.youtube.com\/watch?v=Yr12gu2OOFw&#8220;][\/vc_column][\/vc_row][vc_row row_layout=&#8220;full&#8220; bg_image_position=&#8220;50% 0&#8243; row_spacing=&#8220;top-spacing-med bottom-spacing-0&#8243; row_spacing_h=&#8220;spacing-h-0&#8243;][vc_column width=&#8220;1\/1&#8243;][CtaModule cta_item=&#8220;21624&#8243;][\/vc_column][\/vc_row]<\/p>\n","protected":false},"excerpt":{"rendered":"<p>[vc_row bg_image_position=&#8220;0 100%&#8220; row_vertical_align=&#8220;valign-middle&#8220; el_class=&#8220;reverse-column-mobile&#8220;][vc_column row_spacing_h=&#8220;left-spacing&#8220; width=&#8220;1\/1&#8243;][text] In unserem Labor entwickeln wir die L\u00f6sung, die Ihr Unternehmen braucht [\/text][\/vc_column][\/vc_row][vc_row row_vertical_align=&#8220;valign-middle&#8220; el_class=&#8220;reverse-column-mobile&#8220;][vc_column width=&#8220;1\/2&#8243;][single_image image=&#8220;16463&#8243;][\/vc_column][vc_column row_spacing_h=&#8220;left-spacing&#8220; width=&#8220;1\/2&#8243;][text] Unser Ziel ist es, die Effizienz und Qualit\u00e4t Ihrer Klebeprozesse zu steigern und zu verbessern [\/text][see_details label=&#8220;ABER WIE MACHEN WIR DAS?&#8220; label_closed=&#8220;OCULTAR&#8220;]\u201eGluing what matters\u201c bedeutet, dass wir daf\u00fcr sorgen, zu [&hellip;]<\/p>\n","protected":false},"author":1,"featured_media":16446,"parent":26017,"menu_order":52,"comment_status":"closed","ping_status":"closed","template":"","meta":[],"yoast_head":"<!-- This site is optimized with the Yoast SEO plugin v20.3 - https:\/\/yoast.com\/wordpress\/plugins\/seo\/ -->\n<title>Meler Lab - Meler<\/title>\n<meta name=\"description\" content=\"In unserem Labor entwickeln wir die L\u00f6sung, die Ihr Unternehmen braucht. Unser Ziel ist es, die Effizienz und Qualit\u00e4t Ihrer Klebeprozesse zu steigern und zu verbessern.\" \/>\n<meta name=\"robots\" content=\"index, follow, max-snippet:-1, max-image-preview:large, max-video-preview:-1\" \/>\n<link rel=\"canonical\" href=\"https:\/\/www.meler.cn\/de\/dienstleistungen\/meler-lab\/\" \/>\n<meta property=\"og:locale\" content=\"de_DE\" \/>\n<meta property=\"og:type\" content=\"article\" \/>\n<meta property=\"og:title\" content=\"Meler Lab - Meler\" \/>\n<meta property=\"og:description\" content=\"In unserem Labor entwickeln wir die L\u00f6sung, die Ihr Unternehmen braucht. Unser Ziel ist es, die Effizienz und Qualit\u00e4t Ihrer Klebeprozesse zu steigern und zu verbessern.\" \/>\n<meta property=\"og:url\" content=\"https:\/\/www.meler.cn\/de\/dienstleistungen\/meler-lab\/\" \/>\n<meta property=\"og:site_name\" content=\"Meler\" \/>\n<meta property=\"article:modified_time\" content=\"2025-01-29T15:14:18+00:00\" \/>\n<meta property=\"og:image\" content=\"https:\/\/20097.ttandemdigital.com\/media\/header-servicios-meler-lab-meler.png\" \/>\n\t<meta property=\"og:image:width\" content=\"1920\" \/>\n\t<meta property=\"og:image:height\" content=\"780\" \/>\n\t<meta property=\"og:image:type\" content=\"image\/png\" \/>\n<meta name=\"twitter:card\" content=\"summary_large_image\" \/>\n<meta name=\"twitter:label1\" content=\"Gesch\u00e4tzte Lesezeit\" \/>\n\t<meta name=\"twitter:data1\" content=\"3 Minuten\" \/>\n<script type=\"application\/ld+json\" class=\"yoast-schema-graph\">{\"@context\":\"https:\/\/schema.org\",\"@graph\":[{\"@type\":\"WebPage\",\"@id\":\"https:\/\/www.meler.cn\/de\/dienstleistungen\/meler-lab\/\",\"url\":\"https:\/\/www.meler.cn\/de\/dienstleistungen\/meler-lab\/\",\"name\":\"Meler Lab - Meler\",\"isPartOf\":{\"@id\":\"https:\/\/www.meler.cn\/de\/#website\"},\"datePublished\":\"2022-11-18T16:23:09+00:00\",\"dateModified\":\"2025-01-29T15:14:18+00:00\",\"description\":\"In unserem Labor entwickeln wir die L\u00f6sung, die Ihr Unternehmen braucht. Unser Ziel ist es, die Effizienz und Qualit\u00e4t Ihrer Klebeprozesse zu steigern und zu verbessern.\",\"breadcrumb\":{\"@id\":\"https:\/\/www.meler.cn\/de\/dienstleistungen\/meler-lab\/#breadcrumb\"},\"inLanguage\":\"de-DE\",\"potentialAction\":[{\"@type\":\"ReadAction\",\"target\":[\"https:\/\/www.meler.cn\/de\/dienstleistungen\/meler-lab\/\"]}]},{\"@type\":\"BreadcrumbList\",\"@id\":\"https:\/\/www.meler.cn\/de\/dienstleistungen\/meler-lab\/#breadcrumb\",\"itemListElement\":[{\"@type\":\"ListItem\",\"position\":1,\"name\":\"Portada\",\"item\":\"https:\/\/www.meler.cn\/de\/\"},{\"@type\":\"ListItem\",\"position\":2,\"name\":\"Dienstleistungen\",\"item\":\"https:\/\/20097.ttandemdigital.com\/de\/dienstleistungen\/\"},{\"@type\":\"ListItem\",\"position\":3,\"name\":\"Meler Lab\"}]},{\"@type\":\"WebSite\",\"@id\":\"https:\/\/www.meler.cn\/de\/#website\",\"url\":\"https:\/\/www.meler.cn\/de\/\",\"name\":\"Meler\",\"description\":\"Just another WordPress site\",\"potentialAction\":[{\"@type\":\"SearchAction\",\"target\":{\"@type\":\"EntryPoint\",\"urlTemplate\":\"https:\/\/www.meler.cn\/de\/?s={search_term_string}\"},\"query-input\":\"required name=search_term_string\"}],\"inLanguage\":\"de-DE\"}]}<\/script>\n<!-- \/ Yoast SEO plugin. -->","yoast_head_json":{"title":"Meler Lab - Meler","description":"In unserem Labor entwickeln wir die L\u00f6sung, die Ihr Unternehmen braucht. Unser Ziel ist es, die Effizienz und Qualit\u00e4t Ihrer Klebeprozesse zu steigern und zu verbessern.","robots":{"index":"index","follow":"follow","max-snippet":"max-snippet:-1","max-image-preview":"max-image-preview:large","max-video-preview":"max-video-preview:-1"},"canonical":"https:\/\/www.meler.cn\/de\/dienstleistungen\/meler-lab\/","og_locale":"de_DE","og_type":"article","og_title":"Meler Lab - Meler","og_description":"In unserem Labor entwickeln wir die L\u00f6sung, die Ihr Unternehmen braucht. Unser Ziel ist es, die Effizienz und Qualit\u00e4t Ihrer Klebeprozesse zu steigern und zu verbessern.","og_url":"https:\/\/www.meler.cn\/de\/dienstleistungen\/meler-lab\/","og_site_name":"Meler","article_modified_time":"2025-01-29T15:14:18+00:00","og_image":[{"width":1920,"height":780,"url":"https:\/\/20097.ttandemdigital.com\/media\/header-servicios-meler-lab-meler.png","type":"image\/png"}],"twitter_card":"summary_large_image","twitter_misc":{"Gesch\u00e4tzte Lesezeit":"3 Minuten"},"schema":{"@context":"https:\/\/schema.org","@graph":[{"@type":"WebPage","@id":"https:\/\/www.meler.cn\/de\/dienstleistungen\/meler-lab\/","url":"https:\/\/www.meler.cn\/de\/dienstleistungen\/meler-lab\/","name":"Meler Lab - Meler","isPartOf":{"@id":"https:\/\/www.meler.cn\/de\/#website"},"datePublished":"2022-11-18T16:23:09+00:00","dateModified":"2025-01-29T15:14:18+00:00","description":"In unserem Labor entwickeln wir die L\u00f6sung, die Ihr Unternehmen braucht. Unser Ziel ist es, die Effizienz und Qualit\u00e4t Ihrer Klebeprozesse zu steigern und zu verbessern.","breadcrumb":{"@id":"https:\/\/www.meler.cn\/de\/dienstleistungen\/meler-lab\/#breadcrumb"},"inLanguage":"de-DE","potentialAction":[{"@type":"ReadAction","target":["https:\/\/www.meler.cn\/de\/dienstleistungen\/meler-lab\/"]}]},{"@type":"BreadcrumbList","@id":"https:\/\/www.meler.cn\/de\/dienstleistungen\/meler-lab\/#breadcrumb","itemListElement":[{"@type":"ListItem","position":1,"name":"Portada","item":"https:\/\/www.meler.cn\/de\/"},{"@type":"ListItem","position":2,"name":"Dienstleistungen","item":"https:\/\/20097.ttandemdigital.com\/de\/dienstleistungen\/"},{"@type":"ListItem","position":3,"name":"Meler Lab"}]},{"@type":"WebSite","@id":"https:\/\/www.meler.cn\/de\/#website","url":"https:\/\/www.meler.cn\/de\/","name":"Meler","description":"Just another WordPress site","potentialAction":[{"@type":"SearchAction","target":{"@type":"EntryPoint","urlTemplate":"https:\/\/www.meler.cn\/de\/?s={search_term_string}"},"query-input":"required name=search_term_string"}],"inLanguage":"de-DE"}]}},"_links":{"self":[{"href":"https:\/\/www.meler.cn\/de\/wp-json\/wp\/v2\/pages\/21563"}],"collection":[{"href":"https:\/\/www.meler.cn\/de\/wp-json\/wp\/v2\/pages"}],"about":[{"href":"https:\/\/www.meler.cn\/de\/wp-json\/wp\/v2\/types\/page"}],"author":[{"embeddable":true,"href":"https:\/\/www.meler.cn\/de\/wp-json\/wp\/v2\/users\/1"}],"replies":[{"embeddable":true,"href":"https:\/\/www.meler.cn\/de\/wp-json\/wp\/v2\/comments?post=21563"}],"version-history":[{"count":20,"href":"https:\/\/www.meler.cn\/de\/wp-json\/wp\/v2\/pages\/21563\/revisions"}],"predecessor-version":[{"id":28161,"href":"https:\/\/www.meler.cn\/de\/wp-json\/wp\/v2\/pages\/21563\/revisions\/28161"}],"up":[{"embeddable":true,"href":"https:\/\/www.meler.cn\/de\/wp-json\/wp\/v2\/pages\/26017"}],"wp:featuredmedia":[{"embeddable":true,"href":"https:\/\/www.meler.cn\/de\/wp-json\/wp\/v2\/media\/16446"}],"wp:attachment":[{"href":"https:\/\/www.meler.cn\/de\/wp-json\/wp\/v2\/media?parent=21563"}],"curies":[{"name":"wp","href":"https:\/\/api.w.org\/{rel}","templated":true}]}}