




















{"id":18310,"date":"2022-11-25T11:15:01","date_gmt":"2022-11-25T11:15:01","guid":{"rendered":"https:\/\/www.meler.eu\/nuestra-historia\/"},"modified":"2025-01-29T09:27:51","modified_gmt":"2025-01-29T09:27:51","slug":"unsere-geschichte","status":"publish","type":"page","link":"https:\/\/www.meler.cn\/de\/meler\/unsere-geschichte\/","title":{"rendered":"AUF IN DIE ZUKUNFT SEIT 1985"},"content":{"rendered":"<p>[vc_row bg_image_position=&#8220;0 100%&#8220; row_vertical_align=&#8220;valign-middle&#8220; el_class=&#8220;reverse-column-mobile&#8220;][vc_column row_spacing_h=&#8220;left-spacing&#8220; width=&#8220;1\/1&#8243;][text]<\/p>\n<h2 class=\"style-01 txt-width txt-center\"><strong>WIR SIND MELER, YOUR GLUING<br \/>\nSOLUTIONS PARTNER<\/strong><\/h2>\n<p>[\/text][\/vc_column][\/vc_row][vc_row row_vertical_align=&#8220;valign-middle&#8220;][vc_column row_spacing_h=&#8220;right-spacing&#8220; width=&#8220;1\/2&#8243;][text]<\/p>\n<h2 class=\"summary txt-width style-03 style-0\"><strong>1985<\/strong><br \/>\nWir begannen unsere T\u00e4tigkeit als Spezialist f\u00fcr die Anwendung von Kleb- und Dichtstoffen<\/h2>\n<p>[\/text][text]<\/p>\n<p class=\"txt-width\">Mit mehr als 40 Jahren Erfahrung als Spezialist f\u00fcr die Entwicklung und Verbesserung von Klebeprozessen sorgen wir daf\u00fcr, dass unser Talent, unsere Erfahrung und unser Wissen Ihre Produktionsprozesse vorantreiben.<\/p>\n<p>[\/text][\/vc_column][vc_column width=&#8220;1\/2&#8243;][single_image image=&#8220;14290&#8243; image_spacing=&#8220;spacing-v-0&#8243;][\/vc_column][\/vc_row][vc_row row_vertical_align=&#8220;valign-middle&#8220; el_class=&#8220;reverse-column-mobile&#8220;][vc_column width=&#8220;1\/2&#8243;][single_image image=&#8220;14296&#8243; image_spacing=&#8220;spacing-v-0&#8243;][\/vc_column][vc_column row_spacing_h=&#8220;left-spacing&#8220; width=&#8220;1\/2&#8243;][text]<\/p>\n<h2 class=\"summary style-0 style-03\">Wir sind Your gluing solutions partner<\/h2>\n<p>[\/text][text]Wir arbeiten mit Ihnen bei der Entwicklung und Herstellung von Produkten und kompletten ma\u00dfgeschneiderten Anlagen zusammen. Wir verbessern Ihre Produktionsprozesse, indem wir die Anwendung von Klebstoffen durch die Handhabung, das Laden, das Schmelzen, den Transport und die Anwendung von Klebstoffen implementieren.[\/text][\/vc_column][\/vc_row][vc_row row_vertical_align=&#8220;valign-middle&#8220;][vc_column row_spacing_h=&#8220;right-spacing&#8220; width=&#8220;1\/2&#8243;][text]<\/p>\n<h2 class=\"summary style-0 style-03\">Wir verbinden die wichtigen Dinge, damit alles funktioniert<\/h2>\n<p>[\/text][text]Wir sind immer an Ihrer Seite und beraten Sie bei der Konzeption, Entwicklung und Schulung Ihrer Ger\u00e4te f\u00fcr Qualit\u00e4tsklebstoffanwendungen.[\/text][\/vc_column][vc_column width=&#8220;1\/2&#8243;][single_image image=&#8220;14301&#8243; image_spacing=&#8220;spacing-v-0&#8243;][\/vc_column][\/vc_row][vc_row bg_image_position=&#8220;0 100%&#8220; row_vertical_align=&#8220;valign-middle&#8220; el_class=&#8220;reverse-column-mobile&#8220;][vc_column row_spacing_h=&#8220;left-spacing&#8220; width=&#8220;1\/1&#8243;][text]<\/p>\n<h2 class=\"style-01 txt-width txt-center\"><strong>Wir verbessern die Klebeprozesse,<br \/>\nwo immer Sie sind<\/strong><\/h2>\n<p>[\/text][\/vc_column][\/vc_row][vc_row][vc_column width=&#8220;1\/1&#8243;][video_youtube video_image=&#8220;34933&#8243; video_url=&#8220;https:\/\/www.youtube.com\/watch?v=I5Q1K726X74&amp;t=7s&#8220;][\/vc_column][\/vc_row][vc_row row_layout=&#8220;full&#8220; bg_image_position=&#8220;50% 0&#8243;][vc_column width=&#8220;1\/1&#8243;][CtaModule cta_item=&#8220;21675&#8243;][\/vc_column][\/vc_row][vc_row row_slide=&#8220;yes&#8220; el_class=&#8220;bg-line&#8220;][vc_column width=&#8220;1\/1&#8243;][vc_row_inner][vc_column_inner width=&#8220;3\/4&#8243; row_spacing_h=&#8220;spacing-h-0&#8243;][single_image image=&#8220;13132&#8243;][\/vc_column_inner][vc_column_inner width=&#8220;1\/4&#8243; row_spacing_h=&#8220;left-spacing&#8220;][text]<\/p>\n<h2 class=\"style-02\">Gluing talent<\/h2>\n<p>Bei Meler ist unser gr\u00f6\u00dftes Kapital das Talent unserer Mitarbeiter. Ein Team, das seine Kunden bei der Suche nach der richtigen L\u00f6sung begleitet und die Effizienz und Qualit\u00e4t der Klebstoffprozesse verbessert.<\/p>\n<p>Entdecken Sie, wie wir das machen:<\/p>\n<ul class=\"style-02\">\n<li><a href=\"https:\/\/www.meler.cn\/de\/servicios\/meler-support\/\">Meler Support<\/a><\/li>\n<li><a href=\"https:\/\/www.meler.cn\/de\/servicios\/meler-lab\/\">Meler LAB<\/a><\/li>\n<li><a href=\"https:\/\/www.meler.cn\/de\/servicios\/meler-engineering\/\">Meler ENGINEERING<\/a><\/li>\n<li><a href=\"https:\/\/www.meler.cn\/de\/servicios\/meler-academy\/\">Meler ACADEMY<\/a><\/li>\n<\/ul>\n<p>[\/text][\/vc_column_inner][\/vc_row_inner][vc_row_inner][vc_column_inner width=&#8220;3\/4&#8243;][single_image image=&#8220;13137&#8243;][\/vc_column_inner][vc_column_inner width=&#8220;1\/4&#8243; row_spacing_h=&#8220;left-spacing&#8220;][text]<\/p>\n<h2 class=\"style-02\">Gluing tech<\/h2>\n<p>Die Kombination von Technologie und Erfahrung bei Meler f\u00fchrt zu einem spezialisierten Know-how, das die Klebstoffauftragsprozesse effizient vereinfacht. Wir finden die ideale L\u00f6sung f\u00fcr jede Phase Ihres Schmelz-, Transport- und Klebstoffauftragsprozesses mit der modernsten Technologie auf dem Markt.<\/p>\n<p>Lernen Sie unsere Spezialmarken kennen:<\/p>\n<ul class=\"style-02\">\n<li><a href=\"https:\/\/www.meler.cn\/de\/produckte\/spezialisten-marke\/micron\/\">Micron by Meler<\/a><\/li>\n<li><a href=\"https:\/\/www.meler.cn\/de\/produckte\/spezialisten-marke\/arion\/\">Arion by Meler<\/a><\/li>\n<li><a href=\"https:\/\/www.meler.cn\/de\/produckte\/spezialisten-marke\/raptor\/\">Raptor by Meler<\/a><\/li>\n<\/ul>\n<p>[\/text][\/vc_column_inner][\/vc_row_inner][\/vc_column][\/vc_row][vc_row row_layout=&#8220;full&#8220; bg_image_position=&#8220;50% 0&#8243; row_spacing=&#8220;top-spacing-med bottom-spacing-0&#8243;][vc_column width=&#8220;1\/1&#8243;][CtaModule cta_item=&#8220;21659&#8243;][\/vc_column][\/vc_row]<\/p>\n","protected":false},"excerpt":{"rendered":"<p>[vc_row bg_image_position=&#8220;0 100%&#8220; row_vertical_align=&#8220;valign-middle&#8220; el_class=&#8220;reverse-column-mobile&#8220;][vc_column row_spacing_h=&#8220;left-spacing&#8220; width=&#8220;1\/1&#8243;][text] WIR SIND MELER, YOUR GLUING SOLUTIONS PARTNER [\/text][\/vc_column][\/vc_row][vc_row row_vertical_align=&#8220;valign-middle&#8220;][vc_column row_spacing_h=&#8220;right-spacing&#8220; width=&#8220;1\/2&#8243;][text] 1985 Wir begannen unsere T\u00e4tigkeit als Spezialist f\u00fcr die Anwendung von Kleb- und Dichtstoffen [\/text][text] Mit mehr als 40 Jahren Erfahrung als Spezialist f\u00fcr die Entwicklung und Verbesserung von Klebeprozessen sorgen wir daf\u00fcr, dass unser Talent, unsere [&hellip;]<\/p>\n","protected":false},"author":2,"featured_media":13187,"parent":26021,"menu_order":111,"comment_status":"closed","ping_status":"closed","template":"","meta":[],"yoast_head":"<!-- This site is optimized with the Yoast SEO plugin v20.3 - https:\/\/yoast.com\/wordpress\/plugins\/seo\/ -->\n<title>Erfahren Sie mehr \u00fcber unsere Geschichte und Erfahrung seit mehr als 40 Jahren - Meler<\/title>\n<meta name=\"description\" content=\"M\u00e1s de 30 a\u00f1os de expetiencia desarrollando y fabricando sistemas para la aplicaci\u00f3n de adhesivos y sellantes.Mehr als 40 Jahre Erfahrung in der Entwicklung und Herstellung von Systemen f\u00fcr den Auftrag von Kleb- und Dichtstoffen.\" \/>\n<meta name=\"robots\" content=\"index, follow, max-snippet:-1, max-image-preview:large, max-video-preview:-1\" \/>\n<link rel=\"canonical\" href=\"https:\/\/www.meler.cn\/de\/meler\/unsere-geschichte\/\" \/>\n<meta property=\"og:locale\" content=\"de_DE\" \/>\n<meta property=\"og:type\" content=\"article\" \/>\n<meta property=\"og:title\" content=\"Erfahren Sie mehr \u00fcber unsere Geschichte und Erfahrung seit mehr als 40 Jahren - Meler\" \/>\n<meta property=\"og:description\" content=\"M\u00e1s de 30 a\u00f1os de expetiencia desarrollando y fabricando sistemas para la aplicaci\u00f3n de adhesivos y sellantes.Mehr als 40 Jahre Erfahrung in der Entwicklung und Herstellung von Systemen f\u00fcr den Auftrag von Kleb- und Dichtstoffen.\" \/>\n<meta property=\"og:url\" content=\"https:\/\/www.meler.cn\/de\/meler\/unsere-geschichte\/\" \/>\n<meta property=\"og:site_name\" content=\"Meler\" \/>\n<meta property=\"article:modified_time\" content=\"2025-01-29T09:27:51+00:00\" \/>\n<meta property=\"og:image\" content=\"https:\/\/20097.ttandemdigital.com\/media\/header-nuestra-historia-meler-3.png\" \/>\n\t<meta property=\"og:image:width\" content=\"1920\" \/>\n\t<meta property=\"og:image:height\" content=\"780\" \/>\n\t<meta property=\"og:image:type\" content=\"image\/png\" \/>\n<meta name=\"twitter:card\" content=\"summary_large_image\" \/>\n<meta name=\"twitter:label1\" content=\"Gesch\u00e4tzte Lesezeit\" \/>\n\t<meta name=\"twitter:data1\" content=\"2 Minuten\" \/>\n<script type=\"application\/ld+json\" class=\"yoast-schema-graph\">{\"@context\":\"https:\/\/schema.org\",\"@graph\":[{\"@type\":\"WebPage\",\"@id\":\"https:\/\/www.meler.cn\/de\/meler\/unsere-geschichte\/\",\"url\":\"https:\/\/www.meler.cn\/de\/meler\/unsere-geschichte\/\",\"name\":\"Erfahren Sie mehr \u00fcber unsere Geschichte und Erfahrung seit mehr als 40 Jahren - Meler\",\"isPartOf\":{\"@id\":\"https:\/\/www.meler.cn\/de\/#website\"},\"datePublished\":\"2022-11-25T11:15:01+00:00\",\"dateModified\":\"2025-01-29T09:27:51+00:00\",\"description\":\"M\u00e1s de 30 a\u00f1os de expetiencia desarrollando y fabricando sistemas para la aplicaci\u00f3n de adhesivos y sellantes.Mehr als 40 Jahre Erfahrung in der Entwicklung und Herstellung von Systemen f\u00fcr den Auftrag von Kleb- und Dichtstoffen.\",\"breadcrumb\":{\"@id\":\"https:\/\/www.meler.cn\/de\/meler\/unsere-geschichte\/#breadcrumb\"},\"inLanguage\":\"de-DE\",\"potentialAction\":[{\"@type\":\"ReadAction\",\"target\":[\"https:\/\/www.meler.cn\/de\/meler\/unsere-geschichte\/\"]}]},{\"@type\":\"BreadcrumbList\",\"@id\":\"https:\/\/www.meler.cn\/de\/meler\/unsere-geschichte\/#breadcrumb\",\"itemListElement\":[{\"@type\":\"ListItem\",\"position\":1,\"name\":\"Portada\",\"item\":\"https:\/\/www.meler.cn\/de\/\"},{\"@type\":\"ListItem\",\"position\":2,\"name\":\"Meler\",\"item\":\"https:\/\/20097.ttandemdigital.com\/de\/meler\/\"},{\"@type\":\"ListItem\",\"position\":3,\"name\":\"AUF IN DIE ZUKUNFT SEIT 1985\"}]},{\"@type\":\"WebSite\",\"@id\":\"https:\/\/www.meler.cn\/de\/#website\",\"url\":\"https:\/\/www.meler.cn\/de\/\",\"name\":\"Meler\",\"description\":\"Just another WordPress site\",\"potentialAction\":[{\"@type\":\"SearchAction\",\"target\":{\"@type\":\"EntryPoint\",\"urlTemplate\":\"https:\/\/www.meler.cn\/de\/?s={search_term_string}\"},\"query-input\":\"required name=search_term_string\"}],\"inLanguage\":\"de-DE\"}]}<\/script>\n<!-- \/ Yoast SEO plugin. -->","yoast_head_json":{"title":"Erfahren Sie mehr \u00fcber unsere Geschichte und Erfahrung seit mehr als 40 Jahren - Meler","description":"M\u00e1s de 30 a\u00f1os de expetiencia desarrollando y fabricando sistemas para la aplicaci\u00f3n de adhesivos y sellantes.Mehr als 40 Jahre Erfahrung in der Entwicklung und Herstellung von Systemen f\u00fcr den Auftrag von Kleb- und Dichtstoffen.","robots":{"index":"index","follow":"follow","max-snippet":"max-snippet:-1","max-image-preview":"max-image-preview:large","max-video-preview":"max-video-preview:-1"},"canonical":"https:\/\/www.meler.cn\/de\/meler\/unsere-geschichte\/","og_locale":"de_DE","og_type":"article","og_title":"Erfahren Sie mehr \u00fcber unsere Geschichte und Erfahrung seit mehr als 40 Jahren - Meler","og_description":"M\u00e1s de 30 a\u00f1os de expetiencia desarrollando y fabricando sistemas para la aplicaci\u00f3n de adhesivos y sellantes.Mehr als 40 Jahre Erfahrung in der Entwicklung und Herstellung von Systemen f\u00fcr den Auftrag von Kleb- und Dichtstoffen.","og_url":"https:\/\/www.meler.cn\/de\/meler\/unsere-geschichte\/","og_site_name":"Meler","article_modified_time":"2025-01-29T09:27:51+00:00","og_image":[{"width":1920,"height":780,"url":"https:\/\/20097.ttandemdigital.com\/media\/header-nuestra-historia-meler-3.png","type":"image\/png"}],"twitter_card":"summary_large_image","twitter_misc":{"Gesch\u00e4tzte Lesezeit":"2 Minuten"},"schema":{"@context":"https:\/\/schema.org","@graph":[{"@type":"WebPage","@id":"https:\/\/www.meler.cn\/de\/meler\/unsere-geschichte\/","url":"https:\/\/www.meler.cn\/de\/meler\/unsere-geschichte\/","name":"Erfahren Sie mehr \u00fcber unsere Geschichte und Erfahrung seit mehr als 40 Jahren - Meler","isPartOf":{"@id":"https:\/\/www.meler.cn\/de\/#website"},"datePublished":"2022-11-25T11:15:01+00:00","dateModified":"2025-01-29T09:27:51+00:00","description":"M\u00e1s de 30 a\u00f1os de expetiencia desarrollando y fabricando sistemas para la aplicaci\u00f3n de adhesivos y sellantes.Mehr als 40 Jahre Erfahrung in der Entwicklung und Herstellung von Systemen f\u00fcr den Auftrag von Kleb- und Dichtstoffen.","breadcrumb":{"@id":"https:\/\/www.meler.cn\/de\/meler\/unsere-geschichte\/#breadcrumb"},"inLanguage":"de-DE","potentialAction":[{"@type":"ReadAction","target":["https:\/\/www.meler.cn\/de\/meler\/unsere-geschichte\/"]}]},{"@type":"BreadcrumbList","@id":"https:\/\/www.meler.cn\/de\/meler\/unsere-geschichte\/#breadcrumb","itemListElement":[{"@type":"ListItem","position":1,"name":"Portada","item":"https:\/\/www.meler.cn\/de\/"},{"@type":"ListItem","position":2,"name":"Meler","item":"https:\/\/20097.ttandemdigital.com\/de\/meler\/"},{"@type":"ListItem","position":3,"name":"AUF IN DIE ZUKUNFT SEIT 1985"}]},{"@type":"WebSite","@id":"https:\/\/www.meler.cn\/de\/#website","url":"https:\/\/www.meler.cn\/de\/","name":"Meler","description":"Just another WordPress site","potentialAction":[{"@type":"SearchAction","target":{"@type":"EntryPoint","urlTemplate":"https:\/\/www.meler.cn\/de\/?s={search_term_string}"},"query-input":"required name=search_term_string"}],"inLanguage":"de-DE"}]}},"_links":{"self":[{"href":"https:\/\/www.meler.cn\/de\/wp-json\/wp\/v2\/pages\/18310"}],"collection":[{"href":"https:\/\/www.meler.cn\/de\/wp-json\/wp\/v2\/pages"}],"about":[{"href":"https:\/\/www.meler.cn\/de\/wp-json\/wp\/v2\/types\/page"}],"author":[{"embeddable":true,"href":"https:\/\/www.meler.cn\/de\/wp-json\/wp\/v2\/users\/2"}],"replies":[{"embeddable":true,"href":"https:\/\/www.meler.cn\/de\/wp-json\/wp\/v2\/comments?post=18310"}],"version-history":[{"count":23,"href":"https:\/\/www.meler.cn\/de\/wp-json\/wp\/v2\/pages\/18310\/revisions"}],"predecessor-version":[{"id":35002,"href":"https:\/\/www.meler.cn\/de\/wp-json\/wp\/v2\/pages\/18310\/revisions\/35002"}],"up":[{"embeddable":true,"href":"https:\/\/www.meler.cn\/de\/wp-json\/wp\/v2\/pages\/26021"}],"wp:featuredmedia":[{"embeddable":true,"href":"https:\/\/www.meler.cn\/de\/wp-json\/wp\/v2\/media\/13187"}],"wp:attachment":[{"href":"https:\/\/www.meler.cn\/de\/wp-json\/wp\/v2\/media?parent=18310"}],"curies":[{"name":"wp","href":"https:\/\/api.w.org\/{rel}","templated":true}]}}